{"id":491,"date":"2025-01-17T10:36:50","date_gmt":"2025-01-17T13:36:50","guid":{"rendered":"https:\/\/projetoslayerup.com.br\/clearaligner\/?page_id=491"},"modified":"2025-01-21T15:18:25","modified_gmt":"2025-01-21T18:18:25","slug":"produtos","status":"publish","type":"page","link":"https:\/\/projetoslayerup.com.br\/clearaligner\/produtos\/","title":{"rendered":"Produtos"},"content":{"rendered":"","protected":false},"excerpt":{"rendered":"","protected":false},"author":1,"featured_media":0,"parent":0,"menu_order":0,"comment_status":"closed","ping_status":"closed","template":"pages\/page-produtos-resultados.php","meta":{"_acf_changed":false,"inline_featured_image":false,"footnotes":""},"class_list":["post-491","page","type-page","status-publish","hentry"],"acf":[],"yoast_head":"<!-- This site is optimized with the Yoast SEO plugin v27.2 - https:\/\/yoast.com\/product\/yoast-seo-wordpress\/ -->\n<title>CA\u00ae Clear Aligner | Alinhadores e outros produtos ortod\u00f4nticos<\/title>\n<meta name=\"description\" content=\"Conhe\u00e7a a linha de produtos ortod\u00f4nticos CA\u00ae Clear Aligner, incluindo alinhadores invis\u00edveis, placas de conten\u00e7\u00e3o e attachments.\" \/>\n<meta name=\"robots\" content=\"noindex, follow, max-snippet:-1, max-image-preview:large, max-video-preview:-1\" \/>\n<meta property=\"og:locale\" content=\"pt_BR\" \/>\n<meta property=\"og:type\" content=\"article\" \/>\n<meta property=\"og:title\" content=\"CA\u00ae Clear Aligner | Alinhadores e outros produtos ortod\u00f4nticos\" \/>\n<meta property=\"og:description\" content=\"Conhe\u00e7a a linha de produtos ortod\u00f4nticos CA\u00ae Clear Aligner, incluindo alinhadores invis\u00edveis, placas de conten\u00e7\u00e3o e attachments.\" \/>\n<meta property=\"og:url\" content=\"https:\/\/projetoslayerup.com.br\/clearaligner\/produtos\/\" \/>\n<meta property=\"og:site_name\" content=\"CA\u00ae Clear Aligner\" \/>\n<meta property=\"article:modified_time\" content=\"2025-01-21T18:18:25+00:00\" \/>\n<meta property=\"og:image\" content=\"https:\/\/projetoslayerup.com.br\/clearaligner\/wp-content\/uploads\/2025\/01\/HEADER3.png\" \/>\n\t<meta property=\"og:image:width\" content=\"1156\" \/>\n\t<meta property=\"og:image:height\" content=\"481\" \/>\n\t<meta property=\"og:image:type\" content=\"image\/png\" \/>\n<meta name=\"twitter:card\" content=\"summary_large_image\" \/>\n<script type=\"application\/ld+json\" class=\"yoast-schema-graph\">{\"@context\":\"https:\/\/schema.org\",\"@graph\":[{\"@type\":\"WebPage\",\"@id\":\"https:\/\/projetoslayerup.com.br\/clearaligner\/produtos\/\",\"url\":\"https:\/\/projetoslayerup.com.br\/clearaligner\/produtos\/\",\"name\":\"CA\u00ae Clear Aligner | Alinhadores e outros produtos ortod\u00f4nticos\",\"isPartOf\":{\"@id\":\"https:\/\/projetoslayerup.com.br\/clearaligner\/#website\"},\"datePublished\":\"2025-01-17T13:36:50+00:00\",\"dateModified\":\"2025-01-21T18:18:25+00:00\",\"description\":\"Conhe\u00e7a a linha de produtos ortod\u00f4nticos CA\u00ae Clear Aligner, incluindo alinhadores invis\u00edveis, placas de conten\u00e7\u00e3o e attachments.\",\"breadcrumb\":{\"@id\":\"https:\/\/projetoslayerup.com.br\/clearaligner\/produtos\/#breadcrumb\"},\"inLanguage\":\"pt-BR\",\"potentialAction\":[{\"@type\":\"ReadAction\",\"target\":[\"https:\/\/projetoslayerup.com.br\/clearaligner\/produtos\/\"]}]},{\"@type\":\"BreadcrumbList\",\"@id\":\"https:\/\/projetoslayerup.com.br\/clearaligner\/produtos\/#breadcrumb\",\"itemListElement\":[{\"@type\":\"ListItem\",\"position\":1,\"name\":\"In\u00edcio\",\"item\":\"https:\/\/projetoslayerup.com.br\/clearaligner\/\"},{\"@type\":\"ListItem\",\"position\":2,\"name\":\"Produtos\"}]},{\"@type\":\"WebSite\",\"@id\":\"https:\/\/projetoslayerup.com.br\/clearaligner\/#website\",\"url\":\"https:\/\/projetoslayerup.com.br\/clearaligner\/\",\"name\":\"CA\u00ae Clear Aligner\",\"description\":\"Alinhadores invis\u00edveis de alta tecnologia\",\"publisher\":{\"@id\":\"https:\/\/projetoslayerup.com.br\/clearaligner\/#organization\"},\"alternateName\":\"CA\u00ae Clear Aligner | Alinhadores invis\u00edveis de alta tecnologia\",\"potentialAction\":[{\"@type\":\"SearchAction\",\"target\":{\"@type\":\"EntryPoint\",\"urlTemplate\":\"https:\/\/projetoslayerup.com.br\/clearaligner\/?s={search_term_string}\"},\"query-input\":{\"@type\":\"PropertyValueSpecification\",\"valueRequired\":true,\"valueName\":\"search_term_string\"}}],\"inLanguage\":\"pt-BR\"},{\"@type\":\"Organization\",\"@id\":\"https:\/\/projetoslayerup.com.br\/clearaligner\/#organization\",\"name\":\"CA\u00ae Clear Aligner | Alinhadores invis\u00edveis de alta tecnologia\",\"alternateName\":\"CA\u00ae Clear Aligner | Alinhadores invis\u00edveis de alta tecnologia\",\"url\":\"https:\/\/projetoslayerup.com.br\/clearaligner\/\",\"logo\":{\"@type\":\"ImageObject\",\"inLanguage\":\"pt-BR\",\"@id\":\"https:\/\/projetoslayerup.com.br\/clearaligner\/#\/schema\/logo\/image\/\",\"url\":\"https:\/\/projetoslayerup.com.br\/clearaligner\/wp-content\/uploads\/2024\/12\/cropped-Logo_v1.png\",\"contentUrl\":\"https:\/\/projetoslayerup.com.br\/clearaligner\/wp-content\/uploads\/2024\/12\/cropped-Logo_v1.png\",\"width\":512,\"height\":512,\"caption\":\"CA\u00ae Clear Aligner | Alinhadores invis\u00edveis de alta tecnologia\"},\"image\":{\"@id\":\"https:\/\/projetoslayerup.com.br\/clearaligner\/#\/schema\/logo\/image\/\"}}]}<\/script>\n<!-- \/ Yoast SEO plugin. -->","yoast_head_json":{"title":"CA\u00ae Clear Aligner | Alinhadores e outros produtos ortod\u00f4nticos","description":"Conhe\u00e7a a linha de produtos ortod\u00f4nticos CA\u00ae Clear Aligner, incluindo alinhadores invis\u00edveis, placas de conten\u00e7\u00e3o e attachments.","robots":{"index":"noindex","follow":"follow","max-snippet":"max-snippet:-1","max-image-preview":"max-image-preview:large","max-video-preview":"max-video-preview:-1"},"og_locale":"pt_BR","og_type":"article","og_title":"CA\u00ae Clear Aligner | Alinhadores e outros produtos ortod\u00f4nticos","og_description":"Conhe\u00e7a a linha de produtos ortod\u00f4nticos CA\u00ae Clear Aligner, incluindo alinhadores invis\u00edveis, placas de conten\u00e7\u00e3o e attachments.","og_url":"https:\/\/projetoslayerup.com.br\/clearaligner\/produtos\/","og_site_name":"CA\u00ae Clear Aligner","article_modified_time":"2025-01-21T18:18:25+00:00","og_image":[{"width":1156,"height":481,"url":"https:\/\/projetoslayerup.com.br\/clearaligner\/wp-content\/uploads\/2025\/01\/HEADER3.png","type":"image\/png"}],"twitter_card":"summary_large_image","schema":{"@context":"https:\/\/schema.org","@graph":[{"@type":"WebPage","@id":"https:\/\/projetoslayerup.com.br\/clearaligner\/produtos\/","url":"https:\/\/projetoslayerup.com.br\/clearaligner\/produtos\/","name":"CA\u00ae Clear Aligner | Alinhadores e outros produtos ortod\u00f4nticos","isPartOf":{"@id":"https:\/\/projetoslayerup.com.br\/clearaligner\/#website"},"datePublished":"2025-01-17T13:36:50+00:00","dateModified":"2025-01-21T18:18:25+00:00","description":"Conhe\u00e7a a linha de produtos ortod\u00f4nticos CA\u00ae Clear Aligner, incluindo alinhadores invis\u00edveis, placas de conten\u00e7\u00e3o e attachments.","breadcrumb":{"@id":"https:\/\/projetoslayerup.com.br\/clearaligner\/produtos\/#breadcrumb"},"inLanguage":"pt-BR","potentialAction":[{"@type":"ReadAction","target":["https:\/\/projetoslayerup.com.br\/clearaligner\/produtos\/"]}]},{"@type":"BreadcrumbList","@id":"https:\/\/projetoslayerup.com.br\/clearaligner\/produtos\/#breadcrumb","itemListElement":[{"@type":"ListItem","position":1,"name":"In\u00edcio","item":"https:\/\/projetoslayerup.com.br\/clearaligner\/"},{"@type":"ListItem","position":2,"name":"Produtos"}]},{"@type":"WebSite","@id":"https:\/\/projetoslayerup.com.br\/clearaligner\/#website","url":"https:\/\/projetoslayerup.com.br\/clearaligner\/","name":"CA\u00ae Clear Aligner","description":"Alinhadores invis\u00edveis de alta tecnologia","publisher":{"@id":"https:\/\/projetoslayerup.com.br\/clearaligner\/#organization"},"alternateName":"CA\u00ae Clear Aligner | Alinhadores invis\u00edveis de alta tecnologia","potentialAction":[{"@type":"SearchAction","target":{"@type":"EntryPoint","urlTemplate":"https:\/\/projetoslayerup.com.br\/clearaligner\/?s={search_term_string}"},"query-input":{"@type":"PropertyValueSpecification","valueRequired":true,"valueName":"search_term_string"}}],"inLanguage":"pt-BR"},{"@type":"Organization","@id":"https:\/\/projetoslayerup.com.br\/clearaligner\/#organization","name":"CA\u00ae Clear Aligner | Alinhadores invis\u00edveis de alta tecnologia","alternateName":"CA\u00ae Clear Aligner | Alinhadores invis\u00edveis de alta tecnologia","url":"https:\/\/projetoslayerup.com.br\/clearaligner\/","logo":{"@type":"ImageObject","inLanguage":"pt-BR","@id":"https:\/\/projetoslayerup.com.br\/clearaligner\/#\/schema\/logo\/image\/","url":"https:\/\/projetoslayerup.com.br\/clearaligner\/wp-content\/uploads\/2024\/12\/cropped-Logo_v1.png","contentUrl":"https:\/\/projetoslayerup.com.br\/clearaligner\/wp-content\/uploads\/2024\/12\/cropped-Logo_v1.png","width":512,"height":512,"caption":"CA\u00ae Clear Aligner | Alinhadores invis\u00edveis de alta tecnologia"},"image":{"@id":"https:\/\/projetoslayerup.com.br\/clearaligner\/#\/schema\/logo\/image\/"}}]}},"_links":{"self":[{"href":"https:\/\/projetoslayerup.com.br\/clearaligner\/wp-json\/wp\/v2\/pages\/491","targetHints":{"allow":["GET"]}}],"collection":[{"href":"https:\/\/projetoslayerup.com.br\/clearaligner\/wp-json\/wp\/v2\/pages"}],"about":[{"href":"https:\/\/projetoslayerup.com.br\/clearaligner\/wp-json\/wp\/v2\/types\/page"}],"author":[{"embeddable":true,"href":"https:\/\/projetoslayerup.com.br\/clearaligner\/wp-json\/wp\/v2\/users\/1"}],"replies":[{"embeddable":true,"href":"https:\/\/projetoslayerup.com.br\/clearaligner\/wp-json\/wp\/v2\/comments?post=491"}],"version-history":[{"count":21,"href":"https:\/\/projetoslayerup.com.br\/clearaligner\/wp-json\/wp\/v2\/pages\/491\/revisions"}],"predecessor-version":[{"id":764,"href":"https:\/\/projetoslayerup.com.br\/clearaligner\/wp-json\/wp\/v2\/pages\/491\/revisions\/764"}],"wp:attachment":[{"href":"https:\/\/projetoslayerup.com.br\/clearaligner\/wp-json\/wp\/v2\/media?parent=491"}],"curies":[{"name":"wp","href":"https:\/\/api.w.org\/{rel}","templated":true}]}}