{"id":268,"date":"2025-12-05T09:13:47","date_gmt":"2025-12-05T12:13:47","guid":{"rendered":"https:\/\/projetoslayerup.com.br\/comunix\/?page_id=268"},"modified":"2026-01-21T11:24:16","modified_gmt":"2026-01-21T14:24:16","slug":"beneficios-e-solucoes","status":"publish","type":"page","link":"https:\/\/projetoslayerup.com.br\/comunix\/beneficios-e-solucoes\/","title":{"rendered":"Benef\u00edcios e Solu\u00e7\u00f5es"},"content":{"rendered":"","protected":false},"excerpt":{"rendered":"","protected":false},"author":1,"featured_media":0,"parent":0,"menu_order":0,"comment_status":"closed","ping_status":"closed","template":"pages\/page-solucoes.php","meta":{"_acf_changed":false,"inline_featured_image":false,"footnotes":""},"class_list":["post-268","page","type-page","status-publish","hentry"],"acf":[],"yoast_head":"<!-- This site is optimized with the Yoast SEO plugin v27.3 - https:\/\/yoast.com\/product\/yoast-seo-wordpress\/ -->\n<title>Solu\u00e7\u00f5es para RH em gest\u00e3o de benef\u00edcios | Comunix<\/title>\n<meta name=\"description\" content=\"Conte com as melhores solu\u00e7\u00f5es para RH focadas em uma gest\u00e3o de benef\u00edcios eficiente e pr\u00e1tica. Saiba mais!\" \/>\n<meta name=\"robots\" content=\"noindex, follow, max-snippet:-1, max-image-preview:large, max-video-preview:-1\" \/>\n<meta property=\"og:locale\" content=\"pt_BR\" \/>\n<meta property=\"og:type\" content=\"article\" \/>\n<meta property=\"og:title\" content=\"Solu\u00e7\u00f5es para RH em gest\u00e3o de benef\u00edcios | Comunix\" \/>\n<meta property=\"og:description\" content=\"Conte com as melhores solu\u00e7\u00f5es para RH focadas em uma gest\u00e3o de benef\u00edcios eficiente e pr\u00e1tica. Saiba mais!\" \/>\n<meta property=\"og:url\" content=\"https:\/\/projetoslayerup.com.br\/comunix\/beneficios-e-solucoes\/\" \/>\n<meta property=\"og:site_name\" content=\"Comunix\" \/>\n<meta property=\"article:modified_time\" content=\"2026-01-21T14:24:16+00:00\" \/>\n<meta name=\"twitter:card\" content=\"summary_large_image\" \/>\n<script type=\"application\/ld+json\" class=\"yoast-schema-graph\">{\"@context\":\"https:\\\/\\\/schema.org\",\"@graph\":[{\"@type\":\"WebPage\",\"@id\":\"https:\\\/\\\/projetoslayerup.com.br\\\/comunix\\\/beneficios-e-solucoes\\\/\",\"url\":\"https:\\\/\\\/projetoslayerup.com.br\\\/comunix\\\/beneficios-e-solucoes\\\/\",\"name\":\"Solu\u00e7\u00f5es para RH em gest\u00e3o de benef\u00edcios | Comunix\",\"isPartOf\":{\"@id\":\"https:\\\/\\\/projetoslayerup.com.br\\\/comunix\\\/#website\"},\"datePublished\":\"2025-12-05T12:13:47+00:00\",\"dateModified\":\"2026-01-21T14:24:16+00:00\",\"description\":\"Conte com as melhores solu\u00e7\u00f5es para RH focadas em uma gest\u00e3o de benef\u00edcios eficiente e pr\u00e1tica. Saiba mais!\",\"breadcrumb\":{\"@id\":\"https:\\\/\\\/projetoslayerup.com.br\\\/comunix\\\/beneficios-e-solucoes\\\/#breadcrumb\"},\"inLanguage\":\"pt-BR\",\"potentialAction\":[{\"@type\":\"ReadAction\",\"target\":[\"https:\\\/\\\/projetoslayerup.com.br\\\/comunix\\\/beneficios-e-solucoes\\\/\"]}]},{\"@type\":\"BreadcrumbList\",\"@id\":\"https:\\\/\\\/projetoslayerup.com.br\\\/comunix\\\/beneficios-e-solucoes\\\/#breadcrumb\",\"itemListElement\":[{\"@type\":\"ListItem\",\"position\":1,\"name\":\"In\u00edcio\",\"item\":\"https:\\\/\\\/projetoslayerup.com.br\\\/comunix\\\/\"},{\"@type\":\"ListItem\",\"position\":2,\"name\":\"Benef\u00edcios e Solu\u00e7\u00f5es\"}]},{\"@type\":\"WebSite\",\"@id\":\"https:\\\/\\\/projetoslayerup.com.br\\\/comunix\\\/#website\",\"url\":\"https:\\\/\\\/projetoslayerup.com.br\\\/comunix\\\/\",\"name\":\"Comunix\",\"description\":\"\",\"publisher\":{\"@id\":\"https:\\\/\\\/projetoslayerup.com.br\\\/comunix\\\/#organization\"},\"potentialAction\":[{\"@type\":\"SearchAction\",\"target\":{\"@type\":\"EntryPoint\",\"urlTemplate\":\"https:\\\/\\\/projetoslayerup.com.br\\\/comunix\\\/?s={search_term_string}\"},\"query-input\":{\"@type\":\"PropertyValueSpecification\",\"valueRequired\":true,\"valueName\":\"search_term_string\"}}],\"inLanguage\":\"pt-BR\"},{\"@type\":\"Organization\",\"@id\":\"https:\\\/\\\/projetoslayerup.com.br\\\/comunix\\\/#organization\",\"name\":\"Comunix\",\"url\":\"https:\\\/\\\/projetoslayerup.com.br\\\/comunix\\\/\",\"logo\":{\"@type\":\"ImageObject\",\"inLanguage\":\"pt-BR\",\"@id\":\"https:\\\/\\\/projetoslayerup.com.br\\\/comunix\\\/#\\\/schema\\\/logo\\\/image\\\/\",\"url\":\"https:\\\/\\\/projetoslayerup.com.br\\\/comunix\\\/wp-content\\\/uploads\\\/2025\\\/11\\\/logo-comunix.png\",\"contentUrl\":\"https:\\\/\\\/projetoslayerup.com.br\\\/comunix\\\/wp-content\\\/uploads\\\/2025\\\/11\\\/logo-comunix.png\",\"width\":120,\"height\":31,\"caption\":\"Comunix\"},\"image\":{\"@id\":\"https:\\\/\\\/projetoslayerup.com.br\\\/comunix\\\/#\\\/schema\\\/logo\\\/image\\\/\"}}]}<\/script>\n<!-- \/ Yoast SEO plugin. -->","yoast_head_json":{"title":"Solu\u00e7\u00f5es para RH em gest\u00e3o de benef\u00edcios | Comunix","description":"Conte com as melhores solu\u00e7\u00f5es para RH focadas em uma gest\u00e3o de benef\u00edcios eficiente e pr\u00e1tica. Saiba mais!","robots":{"index":"noindex","follow":"follow","max-snippet":"max-snippet:-1","max-image-preview":"max-image-preview:large","max-video-preview":"max-video-preview:-1"},"og_locale":"pt_BR","og_type":"article","og_title":"Solu\u00e7\u00f5es para RH em gest\u00e3o de benef\u00edcios | Comunix","og_description":"Conte com as melhores solu\u00e7\u00f5es para RH focadas em uma gest\u00e3o de benef\u00edcios eficiente e pr\u00e1tica. Saiba mais!","og_url":"https:\/\/projetoslayerup.com.br\/comunix\/beneficios-e-solucoes\/","og_site_name":"Comunix","article_modified_time":"2026-01-21T14:24:16+00:00","twitter_card":"summary_large_image","schema":{"@context":"https:\/\/schema.org","@graph":[{"@type":"WebPage","@id":"https:\/\/projetoslayerup.com.br\/comunix\/beneficios-e-solucoes\/","url":"https:\/\/projetoslayerup.com.br\/comunix\/beneficios-e-solucoes\/","name":"Solu\u00e7\u00f5es para RH em gest\u00e3o de benef\u00edcios | Comunix","isPartOf":{"@id":"https:\/\/projetoslayerup.com.br\/comunix\/#website"},"datePublished":"2025-12-05T12:13:47+00:00","dateModified":"2026-01-21T14:24:16+00:00","description":"Conte com as melhores solu\u00e7\u00f5es para RH focadas em uma gest\u00e3o de benef\u00edcios eficiente e pr\u00e1tica. Saiba mais!","breadcrumb":{"@id":"https:\/\/projetoslayerup.com.br\/comunix\/beneficios-e-solucoes\/#breadcrumb"},"inLanguage":"pt-BR","potentialAction":[{"@type":"ReadAction","target":["https:\/\/projetoslayerup.com.br\/comunix\/beneficios-e-solucoes\/"]}]},{"@type":"BreadcrumbList","@id":"https:\/\/projetoslayerup.com.br\/comunix\/beneficios-e-solucoes\/#breadcrumb","itemListElement":[{"@type":"ListItem","position":1,"name":"In\u00edcio","item":"https:\/\/projetoslayerup.com.br\/comunix\/"},{"@type":"ListItem","position":2,"name":"Benef\u00edcios e Solu\u00e7\u00f5es"}]},{"@type":"WebSite","@id":"https:\/\/projetoslayerup.com.br\/comunix\/#website","url":"https:\/\/projetoslayerup.com.br\/comunix\/","name":"Comunix","description":"","publisher":{"@id":"https:\/\/projetoslayerup.com.br\/comunix\/#organization"},"potentialAction":[{"@type":"SearchAction","target":{"@type":"EntryPoint","urlTemplate":"https:\/\/projetoslayerup.com.br\/comunix\/?s={search_term_string}"},"query-input":{"@type":"PropertyValueSpecification","valueRequired":true,"valueName":"search_term_string"}}],"inLanguage":"pt-BR"},{"@type":"Organization","@id":"https:\/\/projetoslayerup.com.br\/comunix\/#organization","name":"Comunix","url":"https:\/\/projetoslayerup.com.br\/comunix\/","logo":{"@type":"ImageObject","inLanguage":"pt-BR","@id":"https:\/\/projetoslayerup.com.br\/comunix\/#\/schema\/logo\/image\/","url":"https:\/\/projetoslayerup.com.br\/comunix\/wp-content\/uploads\/2025\/11\/logo-comunix.png","contentUrl":"https:\/\/projetoslayerup.com.br\/comunix\/wp-content\/uploads\/2025\/11\/logo-comunix.png","width":120,"height":31,"caption":"Comunix"},"image":{"@id":"https:\/\/projetoslayerup.com.br\/comunix\/#\/schema\/logo\/image\/"}}]}},"_links":{"self":[{"href":"https:\/\/projetoslayerup.com.br\/comunix\/wp-json\/wp\/v2\/pages\/268","targetHints":{"allow":["GET"]}}],"collection":[{"href":"https:\/\/projetoslayerup.com.br\/comunix\/wp-json\/wp\/v2\/pages"}],"about":[{"href":"https:\/\/projetoslayerup.com.br\/comunix\/wp-json\/wp\/v2\/types\/page"}],"author":[{"embeddable":true,"href":"https:\/\/projetoslayerup.com.br\/comunix\/wp-json\/wp\/v2\/users\/1"}],"replies":[{"embeddable":true,"href":"https:\/\/projetoslayerup.com.br\/comunix\/wp-json\/wp\/v2\/comments?post=268"}],"version-history":[{"count":20,"href":"https:\/\/projetoslayerup.com.br\/comunix\/wp-json\/wp\/v2\/pages\/268\/revisions"}],"predecessor-version":[{"id":519,"href":"https:\/\/projetoslayerup.com.br\/comunix\/wp-json\/wp\/v2\/pages\/268\/revisions\/519"}],"wp:attachment":[{"href":"https:\/\/projetoslayerup.com.br\/comunix\/wp-json\/wp\/v2\/media?parent=268"}],"curies":[{"name":"wp","href":"https:\/\/api.w.org\/{rel}","templated":true}]}}