{"id":34,"date":"2025-10-14T15:57:37","date_gmt":"2025-10-14T18:57:37","guid":{"rendered":"https:\/\/projetoslayerup.com.br\/get-in\/?page_id=34"},"modified":"2025-12-22T12:05:44","modified_gmt":"2025-12-22T15:05:44","slug":"planos-e-precos","status":"publish","type":"page","link":"https:\/\/projetoslayerup.com.br\/get-in\/planos-e-precos\/","title":{"rendered":"Planos e pre\u00e7os"},"content":{"rendered":"","protected":false},"excerpt":{"rendered":"","protected":false},"author":1,"featured_media":0,"parent":0,"menu_order":0,"comment_status":"closed","ping_status":"closed","template":"pages\/page-planos.php","meta":{"_acf_changed":false,"inline_featured_image":false,"footnotes":""},"class_list":["post-34","page","type-page","status-publish","hentry"],"acf":[],"yoast_head":"<!-- This site is optimized with the Yoast SEO plugin v27.2 - https:\/\/yoast.com\/product\/yoast-seo-wordpress\/ -->\n<title>Planos Get In | Comece a transformar sua opera\u00e7\u00e3o aqui<\/title>\n<meta name=\"description\" content=\"Conhe\u00e7a os Planos Get In e descubra a melhor op\u00e7\u00e3o para seu restaurante. Compare benef\u00edcios, valores e transforme a experi\u00eancia dos clientes.\" \/>\n<meta name=\"robots\" content=\"noindex, follow, max-snippet:-1, max-image-preview:large, max-video-preview:-1\" \/>\n<meta property=\"og:locale\" content=\"pt_BR\" \/>\n<meta property=\"og:type\" content=\"article\" \/>\n<meta property=\"og:title\" content=\"Planos Get In | Comece a transformar sua opera\u00e7\u00e3o aqui\" \/>\n<meta property=\"og:description\" content=\"Conhe\u00e7a os Planos Get In e descubra a melhor op\u00e7\u00e3o para seu restaurante. Compare benef\u00edcios, valores e transforme a experi\u00eancia dos clientes.\" \/>\n<meta property=\"og:url\" content=\"https:\/\/projetoslayerup.com.br\/get-in\/planos-e-precos\/\" \/>\n<meta property=\"og:site_name\" content=\"Get In\" \/>\n<meta property=\"article:publisher\" content=\"https:\/\/www.facebook.com\/GetInApp\" \/>\n<meta property=\"article:modified_time\" content=\"2025-12-22T15:05:44+00:00\" \/>\n<meta name=\"twitter:card\" content=\"summary_large_image\" \/>\n<script type=\"application\/ld+json\" class=\"yoast-schema-graph\">{\"@context\":\"https:\/\/schema.org\",\"@graph\":[{\"@type\":\"WebPage\",\"@id\":\"https:\/\/projetoslayerup.com.br\/get-in\/planos-e-precos\/\",\"url\":\"https:\/\/projetoslayerup.com.br\/get-in\/planos-e-precos\/\",\"name\":\"Planos Get In | Comece a transformar sua opera\u00e7\u00e3o aqui\",\"isPartOf\":{\"@id\":\"https:\/\/projetoslayerup.com.br\/get-in\/#website\"},\"datePublished\":\"2025-10-14T18:57:37+00:00\",\"dateModified\":\"2025-12-22T15:05:44+00:00\",\"description\":\"Conhe\u00e7a os Planos Get In e descubra a melhor op\u00e7\u00e3o para seu restaurante. Compare benef\u00edcios, valores e transforme a experi\u00eancia dos clientes.\",\"breadcrumb\":{\"@id\":\"https:\/\/projetoslayerup.com.br\/get-in\/planos-e-precos\/#breadcrumb\"},\"inLanguage\":\"pt-BR\",\"potentialAction\":[{\"@type\":\"ReadAction\",\"target\":[\"https:\/\/projetoslayerup.com.br\/get-in\/planos-e-precos\/\"]}]},{\"@type\":\"BreadcrumbList\",\"@id\":\"https:\/\/projetoslayerup.com.br\/get-in\/planos-e-precos\/#breadcrumb\",\"itemListElement\":[{\"@type\":\"ListItem\",\"position\":1,\"name\":\"In\u00edcio\",\"item\":\"https:\/\/projetoslayerup.com.br\/get-in\/\"},{\"@type\":\"ListItem\",\"position\":2,\"name\":\"Planos e pre\u00e7os\"}]},{\"@type\":\"WebSite\",\"@id\":\"https:\/\/projetoslayerup.com.br\/get-in\/#website\",\"url\":\"https:\/\/projetoslayerup.com.br\/get-in\/\",\"name\":\"Get In para Restaurantes\",\"description\":\"\",\"publisher\":{\"@id\":\"https:\/\/projetoslayerup.com.br\/get-in\/#organization\"},\"potentialAction\":[{\"@type\":\"SearchAction\",\"target\":{\"@type\":\"EntryPoint\",\"urlTemplate\":\"https:\/\/projetoslayerup.com.br\/get-in\/?s={search_term_string}\"},\"query-input\":{\"@type\":\"PropertyValueSpecification\",\"valueRequired\":true,\"valueName\":\"search_term_string\"}}],\"inLanguage\":\"pt-BR\"},{\"@type\":\"Organization\",\"@id\":\"https:\/\/projetoslayerup.com.br\/get-in\/#organization\",\"name\":\"Get In App\",\"url\":\"https:\/\/projetoslayerup.com.br\/get-in\/\",\"logo\":{\"@type\":\"ImageObject\",\"inLanguage\":\"pt-BR\",\"@id\":\"https:\/\/projetoslayerup.com.br\/get-in\/#\/schema\/logo\/image\/\",\"url\":\"https:\/\/projetoslayerup.com.br\/get-in\/wp-content\/uploads\/2025\/10\/logo-header-home-1.png\",\"contentUrl\":\"https:\/\/projetoslayerup.com.br\/get-in\/wp-content\/uploads\/2025\/10\/logo-header-home-1.png\",\"width\":81,\"height\":29,\"caption\":\"Get In App\"},\"image\":{\"@id\":\"https:\/\/projetoslayerup.com.br\/get-in\/#\/schema\/logo\/image\/\"},\"sameAs\":[\"https:\/\/www.facebook.com\/GetInApp\",\"https:\/\/www.instagram.com\/getinoficial\/\",\"https:\/\/www.linkedin.com\/company\/get-in-app\",\"https:\/\/www.youtube.com\/@getinoficial\"]}]}<\/script>\n<!-- \/ Yoast SEO plugin. -->","yoast_head_json":{"title":"Planos Get In | Comece a transformar sua opera\u00e7\u00e3o aqui","description":"Conhe\u00e7a os Planos Get In e descubra a melhor op\u00e7\u00e3o para seu restaurante. Compare benef\u00edcios, valores e transforme a experi\u00eancia dos clientes.","robots":{"index":"noindex","follow":"follow","max-snippet":"max-snippet:-1","max-image-preview":"max-image-preview:large","max-video-preview":"max-video-preview:-1"},"og_locale":"pt_BR","og_type":"article","og_title":"Planos Get In | Comece a transformar sua opera\u00e7\u00e3o aqui","og_description":"Conhe\u00e7a os Planos Get In e descubra a melhor op\u00e7\u00e3o para seu restaurante. Compare benef\u00edcios, valores e transforme a experi\u00eancia dos clientes.","og_url":"https:\/\/projetoslayerup.com.br\/get-in\/planos-e-precos\/","og_site_name":"Get In","article_publisher":"https:\/\/www.facebook.com\/GetInApp","article_modified_time":"2025-12-22T15:05:44+00:00","twitter_card":"summary_large_image","schema":{"@context":"https:\/\/schema.org","@graph":[{"@type":"WebPage","@id":"https:\/\/projetoslayerup.com.br\/get-in\/planos-e-precos\/","url":"https:\/\/projetoslayerup.com.br\/get-in\/planos-e-precos\/","name":"Planos Get In | Comece a transformar sua opera\u00e7\u00e3o aqui","isPartOf":{"@id":"https:\/\/projetoslayerup.com.br\/get-in\/#website"},"datePublished":"2025-10-14T18:57:37+00:00","dateModified":"2025-12-22T15:05:44+00:00","description":"Conhe\u00e7a os Planos Get In e descubra a melhor op\u00e7\u00e3o para seu restaurante. Compare benef\u00edcios, valores e transforme a experi\u00eancia dos clientes.","breadcrumb":{"@id":"https:\/\/projetoslayerup.com.br\/get-in\/planos-e-precos\/#breadcrumb"},"inLanguage":"pt-BR","potentialAction":[{"@type":"ReadAction","target":["https:\/\/projetoslayerup.com.br\/get-in\/planos-e-precos\/"]}]},{"@type":"BreadcrumbList","@id":"https:\/\/projetoslayerup.com.br\/get-in\/planos-e-precos\/#breadcrumb","itemListElement":[{"@type":"ListItem","position":1,"name":"In\u00edcio","item":"https:\/\/projetoslayerup.com.br\/get-in\/"},{"@type":"ListItem","position":2,"name":"Planos e pre\u00e7os"}]},{"@type":"WebSite","@id":"https:\/\/projetoslayerup.com.br\/get-in\/#website","url":"https:\/\/projetoslayerup.com.br\/get-in\/","name":"Get In para Restaurantes","description":"","publisher":{"@id":"https:\/\/projetoslayerup.com.br\/get-in\/#organization"},"potentialAction":[{"@type":"SearchAction","target":{"@type":"EntryPoint","urlTemplate":"https:\/\/projetoslayerup.com.br\/get-in\/?s={search_term_string}"},"query-input":{"@type":"PropertyValueSpecification","valueRequired":true,"valueName":"search_term_string"}}],"inLanguage":"pt-BR"},{"@type":"Organization","@id":"https:\/\/projetoslayerup.com.br\/get-in\/#organization","name":"Get In App","url":"https:\/\/projetoslayerup.com.br\/get-in\/","logo":{"@type":"ImageObject","inLanguage":"pt-BR","@id":"https:\/\/projetoslayerup.com.br\/get-in\/#\/schema\/logo\/image\/","url":"https:\/\/projetoslayerup.com.br\/get-in\/wp-content\/uploads\/2025\/10\/logo-header-home-1.png","contentUrl":"https:\/\/projetoslayerup.com.br\/get-in\/wp-content\/uploads\/2025\/10\/logo-header-home-1.png","width":81,"height":29,"caption":"Get In App"},"image":{"@id":"https:\/\/projetoslayerup.com.br\/get-in\/#\/schema\/logo\/image\/"},"sameAs":["https:\/\/www.facebook.com\/GetInApp","https:\/\/www.instagram.com\/getinoficial\/","https:\/\/www.linkedin.com\/company\/get-in-app","https:\/\/www.youtube.com\/@getinoficial"]}]}},"_links":{"self":[{"href":"https:\/\/projetoslayerup.com.br\/get-in\/wp-json\/wp\/v2\/pages\/34","targetHints":{"allow":["GET"]}}],"collection":[{"href":"https:\/\/projetoslayerup.com.br\/get-in\/wp-json\/wp\/v2\/pages"}],"about":[{"href":"https:\/\/projetoslayerup.com.br\/get-in\/wp-json\/wp\/v2\/types\/page"}],"author":[{"embeddable":true,"href":"https:\/\/projetoslayerup.com.br\/get-in\/wp-json\/wp\/v2\/users\/1"}],"replies":[{"embeddable":true,"href":"https:\/\/projetoslayerup.com.br\/get-in\/wp-json\/wp\/v2\/comments?post=34"}],"version-history":[{"count":24,"href":"https:\/\/projetoslayerup.com.br\/get-in\/wp-json\/wp\/v2\/pages\/34\/revisions"}],"predecessor-version":[{"id":7129,"href":"https:\/\/projetoslayerup.com.br\/get-in\/wp-json\/wp\/v2\/pages\/34\/revisions\/7129"}],"wp:attachment":[{"href":"https:\/\/projetoslayerup.com.br\/get-in\/wp-json\/wp\/v2\/media?parent=34"}],"curies":[{"name":"wp","href":"https:\/\/api.w.org\/{rel}","templated":true}]}}