{"id":36,"date":"2025-10-14T15:57:56","date_gmt":"2025-10-14T18:57:56","guid":{"rendered":"https:\/\/projetoslayerup.com.br\/get-in\/?page_id=36"},"modified":"2025-12-03T17:37:46","modified_gmt":"2025-12-03T20:37:46","slug":"por-que-o-get-in","status":"publish","type":"page","link":"https:\/\/projetoslayerup.com.br\/get-in\/por-que-o-get-in\/","title":{"rendered":"Por que o Get In?"},"content":{"rendered":"","protected":false},"excerpt":{"rendered":"","protected":false},"author":1,"featured_media":0,"parent":0,"menu_order":0,"comment_status":"closed","ping_status":"closed","template":"pages\/page-porque.php","meta":{"_acf_changed":false,"inline_featured_image":false,"footnotes":""},"class_list":["post-36","page","type-page","status-publish","hentry"],"acf":[],"yoast_head":"<!-- This site is optimized with the Yoast SEO plugin v27.2 - https:\/\/yoast.com\/product\/yoast-seo-wordpress\/ -->\n<title>Por que o Get In? - Get In Benef\u00edcios do Get In para bares e restaurantes<\/title>\n<meta name=\"description\" content=\"Descubra os benef\u00edcios do Get In: mais reservas, menos filas e intelig\u00eancia de dados para otimizar seu restaurante e aumentar os lucros.\" \/>\n<meta name=\"robots\" content=\"noindex, follow, max-snippet:-1, max-image-preview:large, max-video-preview:-1\" \/>\n<meta property=\"og:locale\" content=\"pt_BR\" \/>\n<meta property=\"og:type\" content=\"article\" \/>\n<meta property=\"og:title\" content=\"Por que o Get In? - Get In Benef\u00edcios do Get In para bares e restaurantes\" \/>\n<meta property=\"og:description\" content=\"Descubra os benef\u00edcios do Get In: mais reservas, menos filas e intelig\u00eancia de dados para otimizar seu restaurante e aumentar os lucros.\" \/>\n<meta property=\"og:url\" content=\"https:\/\/projetoslayerup.com.br\/get-in\/por-que-o-get-in\/\" \/>\n<meta property=\"og:site_name\" content=\"Get In\" \/>\n<meta property=\"article:publisher\" content=\"https:\/\/www.facebook.com\/GetInApp\" \/>\n<meta property=\"article:modified_time\" content=\"2025-12-03T20:37:46+00:00\" \/>\n<meta name=\"twitter:card\" content=\"summary_large_image\" \/>\n<script type=\"application\/ld+json\" class=\"yoast-schema-graph\">{\"@context\":\"https:\/\/schema.org\",\"@graph\":[{\"@type\":\"WebPage\",\"@id\":\"https:\/\/projetoslayerup.com.br\/get-in\/por-que-o-get-in\/\",\"url\":\"https:\/\/projetoslayerup.com.br\/get-in\/por-que-o-get-in\/\",\"name\":\"Por que o Get In? - Get In Benef\u00edcios do Get In para bares e restaurantes\",\"isPartOf\":{\"@id\":\"https:\/\/projetoslayerup.com.br\/get-in\/#website\"},\"datePublished\":\"2025-10-14T18:57:56+00:00\",\"dateModified\":\"2025-12-03T20:37:46+00:00\",\"description\":\"Descubra os benef\u00edcios do Get In: mais reservas, menos filas e intelig\u00eancia de dados para otimizar seu restaurante e aumentar os lucros.\",\"breadcrumb\":{\"@id\":\"https:\/\/projetoslayerup.com.br\/get-in\/por-que-o-get-in\/#breadcrumb\"},\"inLanguage\":\"pt-BR\",\"potentialAction\":[{\"@type\":\"ReadAction\",\"target\":[\"https:\/\/projetoslayerup.com.br\/get-in\/por-que-o-get-in\/\"]}]},{\"@type\":\"BreadcrumbList\",\"@id\":\"https:\/\/projetoslayerup.com.br\/get-in\/por-que-o-get-in\/#breadcrumb\",\"itemListElement\":[{\"@type\":\"ListItem\",\"position\":1,\"name\":\"In\u00edcio\",\"item\":\"https:\/\/projetoslayerup.com.br\/get-in\/\"},{\"@type\":\"ListItem\",\"position\":2,\"name\":\"Por que o Get In?\"}]},{\"@type\":\"WebSite\",\"@id\":\"https:\/\/projetoslayerup.com.br\/get-in\/#website\",\"url\":\"https:\/\/projetoslayerup.com.br\/get-in\/\",\"name\":\"Get In para Restaurantes\",\"description\":\"\",\"publisher\":{\"@id\":\"https:\/\/projetoslayerup.com.br\/get-in\/#organization\"},\"potentialAction\":[{\"@type\":\"SearchAction\",\"target\":{\"@type\":\"EntryPoint\",\"urlTemplate\":\"https:\/\/projetoslayerup.com.br\/get-in\/?s={search_term_string}\"},\"query-input\":{\"@type\":\"PropertyValueSpecification\",\"valueRequired\":true,\"valueName\":\"search_term_string\"}}],\"inLanguage\":\"pt-BR\"},{\"@type\":\"Organization\",\"@id\":\"https:\/\/projetoslayerup.com.br\/get-in\/#organization\",\"name\":\"Get In App\",\"url\":\"https:\/\/projetoslayerup.com.br\/get-in\/\",\"logo\":{\"@type\":\"ImageObject\",\"inLanguage\":\"pt-BR\",\"@id\":\"https:\/\/projetoslayerup.com.br\/get-in\/#\/schema\/logo\/image\/\",\"url\":\"https:\/\/projetoslayerup.com.br\/get-in\/wp-content\/uploads\/2025\/10\/logo-header-home-1.png\",\"contentUrl\":\"https:\/\/projetoslayerup.com.br\/get-in\/wp-content\/uploads\/2025\/10\/logo-header-home-1.png\",\"width\":81,\"height\":29,\"caption\":\"Get In App\"},\"image\":{\"@id\":\"https:\/\/projetoslayerup.com.br\/get-in\/#\/schema\/logo\/image\/\"},\"sameAs\":[\"https:\/\/www.facebook.com\/GetInApp\",\"https:\/\/www.instagram.com\/getinoficial\/\",\"https:\/\/www.linkedin.com\/company\/get-in-app\",\"https:\/\/www.youtube.com\/@getinoficial\"]}]}<\/script>\n<!-- \/ Yoast SEO plugin. -->","yoast_head_json":{"title":"Por que o Get In? - Get In Benef\u00edcios do Get In para bares e restaurantes","description":"Descubra os benef\u00edcios do Get In: mais reservas, menos filas e intelig\u00eancia de dados para otimizar seu restaurante e aumentar os lucros.","robots":{"index":"noindex","follow":"follow","max-snippet":"max-snippet:-1","max-image-preview":"max-image-preview:large","max-video-preview":"max-video-preview:-1"},"og_locale":"pt_BR","og_type":"article","og_title":"Por que o Get In? - Get In Benef\u00edcios do Get In para bares e restaurantes","og_description":"Descubra os benef\u00edcios do Get In: mais reservas, menos filas e intelig\u00eancia de dados para otimizar seu restaurante e aumentar os lucros.","og_url":"https:\/\/projetoslayerup.com.br\/get-in\/por-que-o-get-in\/","og_site_name":"Get In","article_publisher":"https:\/\/www.facebook.com\/GetInApp","article_modified_time":"2025-12-03T20:37:46+00:00","twitter_card":"summary_large_image","schema":{"@context":"https:\/\/schema.org","@graph":[{"@type":"WebPage","@id":"https:\/\/projetoslayerup.com.br\/get-in\/por-que-o-get-in\/","url":"https:\/\/projetoslayerup.com.br\/get-in\/por-que-o-get-in\/","name":"Por que o Get In? - Get In Benef\u00edcios do Get In para bares e restaurantes","isPartOf":{"@id":"https:\/\/projetoslayerup.com.br\/get-in\/#website"},"datePublished":"2025-10-14T18:57:56+00:00","dateModified":"2025-12-03T20:37:46+00:00","description":"Descubra os benef\u00edcios do Get In: mais reservas, menos filas e intelig\u00eancia de dados para otimizar seu restaurante e aumentar os lucros.","breadcrumb":{"@id":"https:\/\/projetoslayerup.com.br\/get-in\/por-que-o-get-in\/#breadcrumb"},"inLanguage":"pt-BR","potentialAction":[{"@type":"ReadAction","target":["https:\/\/projetoslayerup.com.br\/get-in\/por-que-o-get-in\/"]}]},{"@type":"BreadcrumbList","@id":"https:\/\/projetoslayerup.com.br\/get-in\/por-que-o-get-in\/#breadcrumb","itemListElement":[{"@type":"ListItem","position":1,"name":"In\u00edcio","item":"https:\/\/projetoslayerup.com.br\/get-in\/"},{"@type":"ListItem","position":2,"name":"Por que o Get In?"}]},{"@type":"WebSite","@id":"https:\/\/projetoslayerup.com.br\/get-in\/#website","url":"https:\/\/projetoslayerup.com.br\/get-in\/","name":"Get In para Restaurantes","description":"","publisher":{"@id":"https:\/\/projetoslayerup.com.br\/get-in\/#organization"},"potentialAction":[{"@type":"SearchAction","target":{"@type":"EntryPoint","urlTemplate":"https:\/\/projetoslayerup.com.br\/get-in\/?s={search_term_string}"},"query-input":{"@type":"PropertyValueSpecification","valueRequired":true,"valueName":"search_term_string"}}],"inLanguage":"pt-BR"},{"@type":"Organization","@id":"https:\/\/projetoslayerup.com.br\/get-in\/#organization","name":"Get In App","url":"https:\/\/projetoslayerup.com.br\/get-in\/","logo":{"@type":"ImageObject","inLanguage":"pt-BR","@id":"https:\/\/projetoslayerup.com.br\/get-in\/#\/schema\/logo\/image\/","url":"https:\/\/projetoslayerup.com.br\/get-in\/wp-content\/uploads\/2025\/10\/logo-header-home-1.png","contentUrl":"https:\/\/projetoslayerup.com.br\/get-in\/wp-content\/uploads\/2025\/10\/logo-header-home-1.png","width":81,"height":29,"caption":"Get In App"},"image":{"@id":"https:\/\/projetoslayerup.com.br\/get-in\/#\/schema\/logo\/image\/"},"sameAs":["https:\/\/www.facebook.com\/GetInApp","https:\/\/www.instagram.com\/getinoficial\/","https:\/\/www.linkedin.com\/company\/get-in-app","https:\/\/www.youtube.com\/@getinoficial"]}]}},"_links":{"self":[{"href":"https:\/\/projetoslayerup.com.br\/get-in\/wp-json\/wp\/v2\/pages\/36","targetHints":{"allow":["GET"]}}],"collection":[{"href":"https:\/\/projetoslayerup.com.br\/get-in\/wp-json\/wp\/v2\/pages"}],"about":[{"href":"https:\/\/projetoslayerup.com.br\/get-in\/wp-json\/wp\/v2\/types\/page"}],"author":[{"embeddable":true,"href":"https:\/\/projetoslayerup.com.br\/get-in\/wp-json\/wp\/v2\/users\/1"}],"replies":[{"embeddable":true,"href":"https:\/\/projetoslayerup.com.br\/get-in\/wp-json\/wp\/v2\/comments?post=36"}],"version-history":[{"count":13,"href":"https:\/\/projetoslayerup.com.br\/get-in\/wp-json\/wp\/v2\/pages\/36\/revisions"}],"predecessor-version":[{"id":1007,"href":"https:\/\/projetoslayerup.com.br\/get-in\/wp-json\/wp\/v2\/pages\/36\/revisions\/1007"}],"wp:attachment":[{"href":"https:\/\/projetoslayerup.com.br\/get-in\/wp-json\/wp\/v2\/media?parent=36"}],"curies":[{"name":"wp","href":"https:\/\/api.w.org\/{rel}","templated":true}]}}