{"id":38,"date":"2025-10-14T15:58:11","date_gmt":"2025-10-14T18:58:11","guid":{"rendered":"https:\/\/projetoslayerup.com.br\/get-in\/?page_id=38"},"modified":"2025-12-19T16:58:59","modified_gmt":"2025-12-19T19:58:59","slug":"sobre-nos","status":"publish","type":"page","link":"https:\/\/projetoslayerup.com.br\/get-in\/sobre-nos\/","title":{"rendered":"Sobre n\u00f3s"},"content":{"rendered":"","protected":false},"excerpt":{"rendered":"","protected":false},"author":1,"featured_media":0,"parent":0,"menu_order":0,"comment_status":"closed","ping_status":"closed","template":"pages\/page-sobre.php","meta":{"_acf_changed":false,"inline_featured_image":false,"footnotes":""},"class_list":["post-38","page","type-page","status-publish","hentry"],"acf":[],"yoast_head":"<!-- This site is optimized with the Yoast SEO plugin v27.2 - https:\/\/yoast.com\/product\/yoast-seo-wordpress\/ -->\n<title>Sobre n\u00f3s - Get In - Prazer, somos o Get In | Conhe\u00e7a a nossa hist\u00f3ria<\/title>\n<meta name=\"description\" content=\"Descubra a hist\u00f3ria do Get In, plataforma que j\u00e1 ajudou mais de 3 mil restaurantes a crescer com intelig\u00eancia de dados e gest\u00e3o eficiente.\" \/>\n<meta name=\"robots\" content=\"noindex, follow, max-snippet:-1, max-image-preview:large, max-video-preview:-1\" \/>\n<meta property=\"og:locale\" content=\"pt_BR\" \/>\n<meta property=\"og:type\" content=\"article\" \/>\n<meta property=\"og:title\" content=\"Sobre n\u00f3s - Get In - Prazer, somos o Get In | Conhe\u00e7a a nossa hist\u00f3ria\" \/>\n<meta property=\"og:description\" content=\"Descubra a hist\u00f3ria do Get In, plataforma que j\u00e1 ajudou mais de 3 mil restaurantes a crescer com intelig\u00eancia de dados e gest\u00e3o eficiente.\" \/>\n<meta property=\"og:url\" content=\"https:\/\/projetoslayerup.com.br\/get-in\/sobre-nos\/\" \/>\n<meta property=\"og:site_name\" content=\"Get In\" \/>\n<meta property=\"article:publisher\" content=\"https:\/\/www.facebook.com\/GetInApp\" \/>\n<meta property=\"article:modified_time\" content=\"2025-12-19T19:58:59+00:00\" \/>\n<meta name=\"twitter:card\" content=\"summary_large_image\" \/>\n<script type=\"application\/ld+json\" class=\"yoast-schema-graph\">{\"@context\":\"https:\/\/schema.org\",\"@graph\":[{\"@type\":\"WebPage\",\"@id\":\"https:\/\/projetoslayerup.com.br\/get-in\/sobre-nos\/\",\"url\":\"https:\/\/projetoslayerup.com.br\/get-in\/sobre-nos\/\",\"name\":\"Sobre n\u00f3s - Get In - Prazer, somos o Get In | Conhe\u00e7a a nossa hist\u00f3ria\",\"isPartOf\":{\"@id\":\"https:\/\/projetoslayerup.com.br\/get-in\/#website\"},\"datePublished\":\"2025-10-14T18:58:11+00:00\",\"dateModified\":\"2025-12-19T19:58:59+00:00\",\"description\":\"Descubra a hist\u00f3ria do Get In, plataforma que j\u00e1 ajudou mais de 3 mil restaurantes a crescer com intelig\u00eancia de dados e gest\u00e3o eficiente.\",\"breadcrumb\":{\"@id\":\"https:\/\/projetoslayerup.com.br\/get-in\/sobre-nos\/#breadcrumb\"},\"inLanguage\":\"pt-BR\",\"potentialAction\":[{\"@type\":\"ReadAction\",\"target\":[\"https:\/\/projetoslayerup.com.br\/get-in\/sobre-nos\/\"]}]},{\"@type\":\"BreadcrumbList\",\"@id\":\"https:\/\/projetoslayerup.com.br\/get-in\/sobre-nos\/#breadcrumb\",\"itemListElement\":[{\"@type\":\"ListItem\",\"position\":1,\"name\":\"In\u00edcio\",\"item\":\"https:\/\/projetoslayerup.com.br\/get-in\/\"},{\"@type\":\"ListItem\",\"position\":2,\"name\":\"Sobre n\u00f3s\"}]},{\"@type\":\"WebSite\",\"@id\":\"https:\/\/projetoslayerup.com.br\/get-in\/#website\",\"url\":\"https:\/\/projetoslayerup.com.br\/get-in\/\",\"name\":\"Get In para Restaurantes\",\"description\":\"\",\"publisher\":{\"@id\":\"https:\/\/projetoslayerup.com.br\/get-in\/#organization\"},\"potentialAction\":[{\"@type\":\"SearchAction\",\"target\":{\"@type\":\"EntryPoint\",\"urlTemplate\":\"https:\/\/projetoslayerup.com.br\/get-in\/?s={search_term_string}\"},\"query-input\":{\"@type\":\"PropertyValueSpecification\",\"valueRequired\":true,\"valueName\":\"search_term_string\"}}],\"inLanguage\":\"pt-BR\"},{\"@type\":\"Organization\",\"@id\":\"https:\/\/projetoslayerup.com.br\/get-in\/#organization\",\"name\":\"Get In App\",\"url\":\"https:\/\/projetoslayerup.com.br\/get-in\/\",\"logo\":{\"@type\":\"ImageObject\",\"inLanguage\":\"pt-BR\",\"@id\":\"https:\/\/projetoslayerup.com.br\/get-in\/#\/schema\/logo\/image\/\",\"url\":\"https:\/\/projetoslayerup.com.br\/get-in\/wp-content\/uploads\/2025\/10\/logo-header-home-1.png\",\"contentUrl\":\"https:\/\/projetoslayerup.com.br\/get-in\/wp-content\/uploads\/2025\/10\/logo-header-home-1.png\",\"width\":81,\"height\":29,\"caption\":\"Get In App\"},\"image\":{\"@id\":\"https:\/\/projetoslayerup.com.br\/get-in\/#\/schema\/logo\/image\/\"},\"sameAs\":[\"https:\/\/www.facebook.com\/GetInApp\",\"https:\/\/www.instagram.com\/getinoficial\/\",\"https:\/\/www.linkedin.com\/company\/get-in-app\",\"https:\/\/www.youtube.com\/@getinoficial\"]}]}<\/script>\n<!-- \/ Yoast SEO plugin. -->","yoast_head_json":{"title":"Sobre n\u00f3s - Get In - Prazer, somos o Get In | Conhe\u00e7a a nossa hist\u00f3ria","description":"Descubra a hist\u00f3ria do Get In, plataforma que j\u00e1 ajudou mais de 3 mil restaurantes a crescer com intelig\u00eancia de dados e gest\u00e3o eficiente.","robots":{"index":"noindex","follow":"follow","max-snippet":"max-snippet:-1","max-image-preview":"max-image-preview:large","max-video-preview":"max-video-preview:-1"},"og_locale":"pt_BR","og_type":"article","og_title":"Sobre n\u00f3s - Get In - Prazer, somos o Get In | Conhe\u00e7a a nossa hist\u00f3ria","og_description":"Descubra a hist\u00f3ria do Get In, plataforma que j\u00e1 ajudou mais de 3 mil restaurantes a crescer com intelig\u00eancia de dados e gest\u00e3o eficiente.","og_url":"https:\/\/projetoslayerup.com.br\/get-in\/sobre-nos\/","og_site_name":"Get In","article_publisher":"https:\/\/www.facebook.com\/GetInApp","article_modified_time":"2025-12-19T19:58:59+00:00","twitter_card":"summary_large_image","schema":{"@context":"https:\/\/schema.org","@graph":[{"@type":"WebPage","@id":"https:\/\/projetoslayerup.com.br\/get-in\/sobre-nos\/","url":"https:\/\/projetoslayerup.com.br\/get-in\/sobre-nos\/","name":"Sobre n\u00f3s - Get In - Prazer, somos o Get In | Conhe\u00e7a a nossa hist\u00f3ria","isPartOf":{"@id":"https:\/\/projetoslayerup.com.br\/get-in\/#website"},"datePublished":"2025-10-14T18:58:11+00:00","dateModified":"2025-12-19T19:58:59+00:00","description":"Descubra a hist\u00f3ria do Get In, plataforma que j\u00e1 ajudou mais de 3 mil restaurantes a crescer com intelig\u00eancia de dados e gest\u00e3o eficiente.","breadcrumb":{"@id":"https:\/\/projetoslayerup.com.br\/get-in\/sobre-nos\/#breadcrumb"},"inLanguage":"pt-BR","potentialAction":[{"@type":"ReadAction","target":["https:\/\/projetoslayerup.com.br\/get-in\/sobre-nos\/"]}]},{"@type":"BreadcrumbList","@id":"https:\/\/projetoslayerup.com.br\/get-in\/sobre-nos\/#breadcrumb","itemListElement":[{"@type":"ListItem","position":1,"name":"In\u00edcio","item":"https:\/\/projetoslayerup.com.br\/get-in\/"},{"@type":"ListItem","position":2,"name":"Sobre n\u00f3s"}]},{"@type":"WebSite","@id":"https:\/\/projetoslayerup.com.br\/get-in\/#website","url":"https:\/\/projetoslayerup.com.br\/get-in\/","name":"Get In para Restaurantes","description":"","publisher":{"@id":"https:\/\/projetoslayerup.com.br\/get-in\/#organization"},"potentialAction":[{"@type":"SearchAction","target":{"@type":"EntryPoint","urlTemplate":"https:\/\/projetoslayerup.com.br\/get-in\/?s={search_term_string}"},"query-input":{"@type":"PropertyValueSpecification","valueRequired":true,"valueName":"search_term_string"}}],"inLanguage":"pt-BR"},{"@type":"Organization","@id":"https:\/\/projetoslayerup.com.br\/get-in\/#organization","name":"Get In App","url":"https:\/\/projetoslayerup.com.br\/get-in\/","logo":{"@type":"ImageObject","inLanguage":"pt-BR","@id":"https:\/\/projetoslayerup.com.br\/get-in\/#\/schema\/logo\/image\/","url":"https:\/\/projetoslayerup.com.br\/get-in\/wp-content\/uploads\/2025\/10\/logo-header-home-1.png","contentUrl":"https:\/\/projetoslayerup.com.br\/get-in\/wp-content\/uploads\/2025\/10\/logo-header-home-1.png","width":81,"height":29,"caption":"Get In App"},"image":{"@id":"https:\/\/projetoslayerup.com.br\/get-in\/#\/schema\/logo\/image\/"},"sameAs":["https:\/\/www.facebook.com\/GetInApp","https:\/\/www.instagram.com\/getinoficial\/","https:\/\/www.linkedin.com\/company\/get-in-app","https:\/\/www.youtube.com\/@getinoficial"]}]}},"_links":{"self":[{"href":"https:\/\/projetoslayerup.com.br\/get-in\/wp-json\/wp\/v2\/pages\/38","targetHints":{"allow":["GET"]}}],"collection":[{"href":"https:\/\/projetoslayerup.com.br\/get-in\/wp-json\/wp\/v2\/pages"}],"about":[{"href":"https:\/\/projetoslayerup.com.br\/get-in\/wp-json\/wp\/v2\/types\/page"}],"author":[{"embeddable":true,"href":"https:\/\/projetoslayerup.com.br\/get-in\/wp-json\/wp\/v2\/users\/1"}],"replies":[{"embeddable":true,"href":"https:\/\/projetoslayerup.com.br\/get-in\/wp-json\/wp\/v2\/comments?post=38"}],"version-history":[{"count":13,"href":"https:\/\/projetoslayerup.com.br\/get-in\/wp-json\/wp\/v2\/pages\/38\/revisions"}],"predecessor-version":[{"id":7121,"href":"https:\/\/projetoslayerup.com.br\/get-in\/wp-json\/wp\/v2\/pages\/38\/revisions\/7121"}],"wp:attachment":[{"href":"https:\/\/projetoslayerup.com.br\/get-in\/wp-json\/wp\/v2\/media?parent=38"}],"curies":[{"name":"wp","href":"https:\/\/api.w.org\/{rel}","templated":true}]}}