{"id":625,"date":"2025-02-12T08:37:43","date_gmt":"2025-02-12T11:37:43","guid":{"rendered":"https:\/\/projetoslayerup.com.br\/ifood-move-2025\/?page_id=625"},"modified":"2025-04-04T15:30:29","modified_gmt":"2025-04-04T18:30:29","slug":"duvidas-ifood-move-2025","status":"publish","type":"page","link":"https:\/\/projetoslayerup.com.br\/ifood-move-2025\/duvidas-ifood-move-2025\/","title":{"rendered":"FAQ"},"content":{"rendered":"","protected":false},"excerpt":{"rendered":"","protected":false},"author":1,"featured_media":0,"parent":0,"menu_order":0,"comment_status":"closed","ping_status":"closed","template":"pages\/page-faq.php","meta":{"_acf_changed":false,"inline_featured_image":false,"footnotes":""},"class_list":["post-625","page","type-page","status-publish","hentry"],"acf":[],"yoast_head":"<!-- This site is optimized with the Yoast SEO plugin v27.2 - https:\/\/yoast.com\/product\/yoast-seo-wordpress\/ -->\n<title>D\u00favidas iFood Move 2025: veja as perguntas frequentes<\/title>\n<meta name=\"description\" content=\"Veja as respostas para as d\u00favidas mais frequentes do iFood Move 2025, o maior evento para restaurantes da Am\u00e9rica Latina!\" \/>\n<meta name=\"robots\" content=\"noindex, follow, max-snippet:-1, max-image-preview:large, max-video-preview:-1\" \/>\n<meta property=\"og:locale\" content=\"pt_BR\" \/>\n<meta property=\"og:type\" content=\"article\" \/>\n<meta property=\"og:title\" content=\"D\u00favidas iFood Move 2025: veja as perguntas frequentes\" \/>\n<meta property=\"og:description\" content=\"Veja as respostas para as d\u00favidas mais frequentes do iFood Move 2025, o maior evento para restaurantes da Am\u00e9rica Latina!\" \/>\n<meta property=\"og:url\" content=\"https:\/\/projetoslayerup.com.br\/ifood-move-2025\/duvidas-ifood-move-2025\/\" \/>\n<meta property=\"og:site_name\" content=\"iFood Move 2026\" \/>\n<meta property=\"article:modified_time\" content=\"2025-04-04T18:30:29+00:00\" \/>\n<meta property=\"og:image\" content=\"https:\/\/projetoslayerup.com.br\/ifood-move-2025\/wp-content\/uploads\/2024\/12\/container-imagem.png\" \/>\n\t<meta property=\"og:image:width\" content=\"761\" \/>\n\t<meta property=\"og:image:height\" content=\"524\" \/>\n\t<meta property=\"og:image:type\" content=\"image\/png\" \/>\n<meta name=\"twitter:card\" content=\"summary_large_image\" \/>\n<meta name=\"twitter:site\" content=\"@iFood\" \/>\n<script type=\"application\/ld+json\" class=\"yoast-schema-graph\">{\"@context\":\"https:\/\/schema.org\",\"@graph\":[{\"@type\":\"WebPage\",\"@id\":\"https:\/\/projetoslayerup.com.br\/ifood-move-2025\/duvidas-ifood-move-2025\/\",\"url\":\"https:\/\/projetoslayerup.com.br\/ifood-move-2025\/duvidas-ifood-move-2025\/\",\"name\":\"D\u00favidas iFood Move 2025: veja as perguntas frequentes\",\"isPartOf\":{\"@id\":\"https:\/\/projetoslayerup.com.br\/ifood-move-2025\/#website\"},\"datePublished\":\"2025-02-12T11:37:43+00:00\",\"dateModified\":\"2025-04-04T18:30:29+00:00\",\"description\":\"Veja as respostas para as d\u00favidas mais frequentes do iFood Move 2025, o maior evento para restaurantes da Am\u00e9rica Latina!\",\"breadcrumb\":{\"@id\":\"https:\/\/projetoslayerup.com.br\/ifood-move-2025\/duvidas-ifood-move-2025\/#breadcrumb\"},\"inLanguage\":\"pt-BR\",\"potentialAction\":[{\"@type\":\"ReadAction\",\"target\":[\"https:\/\/projetoslayerup.com.br\/ifood-move-2025\/duvidas-ifood-move-2025\/\"]}]},{\"@type\":\"BreadcrumbList\",\"@id\":\"https:\/\/projetoslayerup.com.br\/ifood-move-2025\/duvidas-ifood-move-2025\/#breadcrumb\",\"itemListElement\":[{\"@type\":\"ListItem\",\"position\":1,\"name\":\"In\u00edcio\",\"item\":\"https:\/\/projetoslayerup.com.br\/ifood-move-2025\/\"},{\"@type\":\"ListItem\",\"position\":2,\"name\":\"FAQ\"}]},{\"@type\":\"WebSite\",\"@id\":\"https:\/\/projetoslayerup.com.br\/ifood-move-2025\/#website\",\"url\":\"https:\/\/projetoslayerup.com.br\/ifood-move-2025\/\",\"name\":\"iFood Move 2025 | O Maior Evento Para Restaurantes da Am\u00e9rica Latina.\",\"description\":\"O Maior Evento Para Restaurantes da Am\u00e9rica Latina.\",\"publisher\":{\"@id\":\"https:\/\/projetoslayerup.com.br\/ifood-move-2025\/#organization\"},\"alternateName\":\"iFood Move 2025 | O Maior Evento Para Restaurantes da Am\u00e9rica Latina.\",\"potentialAction\":[{\"@type\":\"SearchAction\",\"target\":{\"@type\":\"EntryPoint\",\"urlTemplate\":\"https:\/\/projetoslayerup.com.br\/ifood-move-2025\/?s={search_term_string}\"},\"query-input\":{\"@type\":\"PropertyValueSpecification\",\"valueRequired\":true,\"valueName\":\"search_term_string\"}}],\"inLanguage\":\"pt-BR\"},{\"@type\":\"Organization\",\"@id\":\"https:\/\/projetoslayerup.com.br\/ifood-move-2025\/#organization\",\"name\":\"iFood Move 2025 | O Maior Evento Para Restaurantes da Am\u00e9rica Latina.\",\"alternateName\":\"iFood Move 2025 | O Maior Evento Para Restaurantes da Am\u00e9rica Latina.\",\"url\":\"https:\/\/projetoslayerup.com.br\/ifood-move-2025\/\",\"logo\":{\"@type\":\"ImageObject\",\"inLanguage\":\"pt-BR\",\"@id\":\"https:\/\/projetoslayerup.com.br\/ifood-move-2025\/#\/schema\/logo\/image\/\",\"url\":\"https:\/\/projetoslayerup.com.br\/ifood-move-2025\/wp-content\/uploads\/2024\/12\/logos-ifood-move-1.png\",\"contentUrl\":\"https:\/\/projetoslayerup.com.br\/ifood-move-2025\/wp-content\/uploads\/2024\/12\/logos-ifood-move-1.png\",\"width\":224,\"height\":26,\"caption\":\"iFood Move 2025 | O Maior Evento Para Restaurantes da Am\u00e9rica Latina.\"},\"image\":{\"@id\":\"https:\/\/projetoslayerup.com.br\/ifood-move-2025\/#\/schema\/logo\/image\/\"},\"sameAs\":[\"https:\/\/x.com\/iFood\",\"https:\/\/www.youtube.com\/c\/iFoodparaParceiros\",\"https:\/\/www.facebook.com\/iFood\",\"https:\/\/www.instagram.com\/ifoodmove\/\"]}]}<\/script>\n<!-- \/ Yoast SEO plugin. -->","yoast_head_json":{"title":"D\u00favidas iFood Move 2025: veja as perguntas frequentes","description":"Veja as respostas para as d\u00favidas mais frequentes do iFood Move 2025, o maior evento para restaurantes da Am\u00e9rica Latina!","robots":{"index":"noindex","follow":"follow","max-snippet":"max-snippet:-1","max-image-preview":"max-image-preview:large","max-video-preview":"max-video-preview:-1"},"og_locale":"pt_BR","og_type":"article","og_title":"D\u00favidas iFood Move 2025: veja as perguntas frequentes","og_description":"Veja as respostas para as d\u00favidas mais frequentes do iFood Move 2025, o maior evento para restaurantes da Am\u00e9rica Latina!","og_url":"https:\/\/projetoslayerup.com.br\/ifood-move-2025\/duvidas-ifood-move-2025\/","og_site_name":"iFood Move 2026","article_modified_time":"2025-04-04T18:30:29+00:00","og_image":[{"width":761,"height":524,"url":"https:\/\/projetoslayerup.com.br\/ifood-move-2025\/wp-content\/uploads\/2024\/12\/container-imagem.png","type":"image\/png"}],"twitter_card":"summary_large_image","twitter_site":"@iFood","schema":{"@context":"https:\/\/schema.org","@graph":[{"@type":"WebPage","@id":"https:\/\/projetoslayerup.com.br\/ifood-move-2025\/duvidas-ifood-move-2025\/","url":"https:\/\/projetoslayerup.com.br\/ifood-move-2025\/duvidas-ifood-move-2025\/","name":"D\u00favidas iFood Move 2025: veja as perguntas frequentes","isPartOf":{"@id":"https:\/\/projetoslayerup.com.br\/ifood-move-2025\/#website"},"datePublished":"2025-02-12T11:37:43+00:00","dateModified":"2025-04-04T18:30:29+00:00","description":"Veja as respostas para as d\u00favidas mais frequentes do iFood Move 2025, o maior evento para restaurantes da Am\u00e9rica Latina!","breadcrumb":{"@id":"https:\/\/projetoslayerup.com.br\/ifood-move-2025\/duvidas-ifood-move-2025\/#breadcrumb"},"inLanguage":"pt-BR","potentialAction":[{"@type":"ReadAction","target":["https:\/\/projetoslayerup.com.br\/ifood-move-2025\/duvidas-ifood-move-2025\/"]}]},{"@type":"BreadcrumbList","@id":"https:\/\/projetoslayerup.com.br\/ifood-move-2025\/duvidas-ifood-move-2025\/#breadcrumb","itemListElement":[{"@type":"ListItem","position":1,"name":"In\u00edcio","item":"https:\/\/projetoslayerup.com.br\/ifood-move-2025\/"},{"@type":"ListItem","position":2,"name":"FAQ"}]},{"@type":"WebSite","@id":"https:\/\/projetoslayerup.com.br\/ifood-move-2025\/#website","url":"https:\/\/projetoslayerup.com.br\/ifood-move-2025\/","name":"iFood Move 2025 | O Maior Evento Para Restaurantes da Am\u00e9rica Latina.","description":"O Maior Evento Para Restaurantes da Am\u00e9rica Latina.","publisher":{"@id":"https:\/\/projetoslayerup.com.br\/ifood-move-2025\/#organization"},"alternateName":"iFood Move 2025 | O Maior Evento Para Restaurantes da Am\u00e9rica Latina.","potentialAction":[{"@type":"SearchAction","target":{"@type":"EntryPoint","urlTemplate":"https:\/\/projetoslayerup.com.br\/ifood-move-2025\/?s={search_term_string}"},"query-input":{"@type":"PropertyValueSpecification","valueRequired":true,"valueName":"search_term_string"}}],"inLanguage":"pt-BR"},{"@type":"Organization","@id":"https:\/\/projetoslayerup.com.br\/ifood-move-2025\/#organization","name":"iFood Move 2025 | O Maior Evento Para Restaurantes da Am\u00e9rica Latina.","alternateName":"iFood Move 2025 | O Maior Evento Para Restaurantes da Am\u00e9rica Latina.","url":"https:\/\/projetoslayerup.com.br\/ifood-move-2025\/","logo":{"@type":"ImageObject","inLanguage":"pt-BR","@id":"https:\/\/projetoslayerup.com.br\/ifood-move-2025\/#\/schema\/logo\/image\/","url":"https:\/\/projetoslayerup.com.br\/ifood-move-2025\/wp-content\/uploads\/2024\/12\/logos-ifood-move-1.png","contentUrl":"https:\/\/projetoslayerup.com.br\/ifood-move-2025\/wp-content\/uploads\/2024\/12\/logos-ifood-move-1.png","width":224,"height":26,"caption":"iFood Move 2025 | O Maior Evento Para Restaurantes da Am\u00e9rica Latina."},"image":{"@id":"https:\/\/projetoslayerup.com.br\/ifood-move-2025\/#\/schema\/logo\/image\/"},"sameAs":["https:\/\/x.com\/iFood","https:\/\/www.youtube.com\/c\/iFoodparaParceiros","https:\/\/www.facebook.com\/iFood","https:\/\/www.instagram.com\/ifoodmove\/"]}]}},"_links":{"self":[{"href":"https:\/\/projetoslayerup.com.br\/ifood-move-2025\/wp-json\/wp\/v2\/pages\/625","targetHints":{"allow":["GET"]}}],"collection":[{"href":"https:\/\/projetoslayerup.com.br\/ifood-move-2025\/wp-json\/wp\/v2\/pages"}],"about":[{"href":"https:\/\/projetoslayerup.com.br\/ifood-move-2025\/wp-json\/wp\/v2\/types\/page"}],"author":[{"embeddable":true,"href":"https:\/\/projetoslayerup.com.br\/ifood-move-2025\/wp-json\/wp\/v2\/users\/1"}],"replies":[{"embeddable":true,"href":"https:\/\/projetoslayerup.com.br\/ifood-move-2025\/wp-json\/wp\/v2\/comments?post=625"}],"version-history":[{"count":33,"href":"https:\/\/projetoslayerup.com.br\/ifood-move-2025\/wp-json\/wp\/v2\/pages\/625\/revisions"}],"predecessor-version":[{"id":1314,"href":"https:\/\/projetoslayerup.com.br\/ifood-move-2025\/wp-json\/wp\/v2\/pages\/625\/revisions\/1314"}],"wp:attachment":[{"href":"https:\/\/projetoslayerup.com.br\/ifood-move-2025\/wp-json\/wp\/v2\/media?parent=625"}],"curies":[{"name":"wp","href":"https:\/\/api.w.org\/{rel}","templated":true}]}}