{"id":30,"date":"2026-04-15T11:30:32","date_gmt":"2026-04-15T14:30:32","guid":{"rendered":"https:\/\/projetoslayerup.com.br\/klinger\/?page_id=30"},"modified":"2026-04-22T14:01:20","modified_gmt":"2026-04-22T17:01:20","slug":"klinger-brasil","status":"publish","type":"page","link":"https:\/\/projetoslayerup.com.br\/klinger\/empresa\/klinger-brasil\/","title":{"rendered":"Klinger Brasil"},"content":{"rendered":"\n<div class=\"wp-block-columns is-layout-flex wp-container-core-columns-is-layout-9d6595d7 wp-block-columns-is-layout-flex\">\n<div class=\"wp-block-column is-layout-flow wp-block-column-is-layout-flow\" style=\"flex-basis:70%\">\n<p class=\"has-text-color has-link-color wp-elements-9da1025c48b071ffed276812522b21be\" style=\"color:#003a68\">\u2028H\u00e1 mais de 50 anos, a KLINGER Brazil contribui com a seguran\u00e7a dos processos industriais no pa\u00eds, oferecendo sistemas de veda\u00e7\u00e3o,\u2028controle e monitoramento de fluidos.<\/p>\n\n\n\n<p>A KLINGER Brazil, seguindo a tradi\u00e7\u00e3o do Grupo KLINGER, foi estabelecida em 1968 com a miss\u00e3o de aprimorar a seguran\u00e7a nos\u2028processos industriais nacionais. Especializada em sistemas de veda\u00e7\u00e3o, controle e monitoramento de fluidos, oferecemos solu\u00e7\u00f5es\u2028abrangentes para diversas necessidades.<\/p>\n\n\n\n<p>Em nosso portf\u00f3lio, destacam-se as solu\u00e7\u00f5es para veda\u00e7\u00e3o de fluidos, incluindo papel\u00f5es hidr\u00e1ulicos, laminados de grafite, PTFE,\u2028juntas met\u00e1licas e semimet\u00e1licas, protetores de flange e gaxetas. Al\u00e9m disso, oferecemos uma variedade de produtos para controle\u2028e monitoramento de fluidos, como v\u00e1lvulas, purgadores, filtros Y, eliminadores de ar, separadores de umidade, visores de n\u00edvel,\u2028manifolds, solu\u00e7\u00f5es para o manejo de cloro, entre outros.<\/p>\n\n\n\n<p>Atualmente, contamos com uma f\u00e1brica dedicada \u00e0 veda\u00e7\u00e3o e outra ao controle e monitoramento de fluidos, a fim de atender \u00e0s\u2028demandas do mercado nacional e internacional.<\/p>\n\n\n\n<p>Al\u00e9m disso, a KLINGER Brazil conta com parcerias que complementam a excel\u00eancia de nossos produtos. A empresa \u00e9 distribuidora\u2028exclusiva da linha de veda\u00e7\u00f5es industriais da W.L Gore, com as solu\u00e7\u00f5es de veda\u00e7\u00e3o em PTFE.<\/p>\n\n\n\n<p>Esses anos de experi\u00eancia no mercado nacional, todas as parcerias desenvolvidas e a for\u00e7a do Grupo KLINGER atrelada \u00e0 qualidade\u2028de seus produtos permitem a ofertar sempre a melhor solu\u00e7\u00e3o t\u00e9cnica, contribuindo para a seguran\u00e7a e excel\u00eancia dos processos\u2028industriais no pa\u00eds.<\/p>\n\n\n\n<p>A KLINGER Brazil est\u00e1 comprometida em atender \u00e0s necessidades dos clientes e aos requisitos estatut\u00e1rios e regulamentares\u2028aplic\u00e1veis, buscando constantemente:<\/p>\n\n\n\n<ul class=\"wp-block-list\">\n<li>A satisfa\u00e7\u00e3o do cliente;<\/li>\n\n\n\n<li>A melhoria cont\u00ednua dos seus produtos e processos, tornando-os cada vez mais eficazes, eficientes e aderentes \u00e0s necessidades\u2028e expectativas das partes interessadas;<\/li>\n\n\n\n<li>A capacita\u00e7\u00e3o e conscientiza\u00e7\u00e3o dos seus colaboradores quanto a esses objetivos;<\/li>\n\n\n\n<li>O atendimento aos requisitos aplic\u00e1veis destas partes interessadas (Clientes, Empresa, Fornecedores e Comunidade).<\/li>\n<\/ul>\n\n\n\n<div style=\"height:30px\" aria-hidden=\"true\" class=\"wp-block-spacer\"><\/div>\n\n\n\n<h3 class=\"wp-block-heading\">1968 &#8211; 1972 \u2028<\/h3>\n\n\n\n<p>>> 1968 &#8211; Fundada a KLINGER Brazil;\u2028<br>>> 1972 &#8211; Abertura da f\u00e1brica em V\u00e1rzea Paulista para produ\u00e7\u00e3o de v\u00e1lvula globo.<strong>\u2028<\/strong>\u2028<\/p>\n\n\n\n<h3 class=\"wp-block-heading\">1973 &#8211; 1990<\/h3>\n\n\n\n<p>>> 1977 &#8211; Inicia a produ\u00e7\u00e3o de materiais de veda\u00e7\u00e3o (papel\u00e3o hidr\u00e1ulico);<br>>> 1990 &#8211; Inicia a produ\u00e7\u00e3o de materiais de veda\u00e7\u00e3o isentos de amianto (KLINGERSIL).\u2028\u2028<\/p>\n\n\n\n<h3 class=\"wp-block-heading\">1991 &#8211; 2001 \u2028<\/h3>\n\n\n\n<p>>> 1996 &#8211; Aumento da capacidade produtiva de papel\u00e3o hidr\u00e1ulico;<br>>> 2001 &#8211; Lan\u00e7amento da v\u00e1lvula de pist\u00e3o automatizada (controle\/ on-off).\u2028\u2028<\/p>\n\n\n\n<h3 class=\"wp-block-heading\">2002 &#8211; 2017 \u2028<\/h3>\n\n\n\n<p>>> 2016 &#8211; KLINGER Brazil agrega ao Grupo a empresa Drako, e os produtos para solu\u00e7\u00f5es em\u2028linhas de vapor, \u00e1gua e ar comprimido passam a fazer parte do portf\u00f3lio;<br>>> 2017 &#8211; In\u00edcio da produ\u00e7\u00e3o das gaxetas GFO e distribui\u00e7\u00e3o de produtos GORE.\u2028\u2028<\/p>\n\n\n\n<h3 class=\"wp-block-heading\">2018 &#8211; 2021 \u2028<\/h3>\n\n\n\n<p>>> 2020 &#8211; KLINGER Brazil agrega ao Grupo a empresa Parva, e os produtos para solu\u00e7\u00f5es em linhas de\u2028cloro e am\u00f4nia passam a fazer parte do portf\u00f3lio;\u2028<br>>> 2021 &#8211; Inaugura\u00e7\u00e3o da filial em Cama\u00e7ari, Bahia;\u2028<br>>> 2021 &#8211; Constru\u00e7\u00e3o de um galp\u00e3o maior para a fabrica\u00e7\u00e3o dos produtos para controle de fluidos.\u2028\u2028<\/p>\n\n\n\n<h3 class=\"wp-block-heading\">2022 &#8211; HOJE \u2028<\/h3>\n\n\n\n<p>>> 2023 &#8211; Expans\u00e3o da \u00e1rea de estocagem de mat\u00e9ria-prima para veda\u00e7\u00e3o e nova \u00e1rea para produ\u00e7\u00e3o de\u2028juntas e gaxetas;\u2028>> Buscamos a melhoria cont\u00ednua nos processos e produtos, evoluindo sempre.<\/p>\n\n\n\n<h3 class=\"wp-block-heading\">CERTIFICADO ISO 9001:2015<\/h3>\n\n\n\n<p class=\"download\"><a href=\"https:\/\/rklinger.com.br\/wp-content\/uploads\/2024\/07\/Certificate-BR042105-PORTUGUES.pdf\">Certificado ISO 9001:2015 \u2013 Portugu\u00eas<\/a><\/p>\n\n\n\n<p class=\"download\"><a href=\"https:\/\/rklinger.com.br\/wp-content\/uploads\/2024\/07\/Certificate-BR042105-INGLES.pdf\">Certificado ISO 9001:2015 \u2013 Ingl\u00eas<\/a><\/p>\n<\/div>\n\n\n\n<div class=\"wp-block-column is-layout-flow wp-block-column-is-layout-flow\" style=\"flex-basis:30%\">\n<div class=\"wp-block-columns is-layout-flex wp-container-core-columns-is-layout-9d6595d7 wp-block-columns-is-layout-flex\">\n<div class=\"wp-block-column bloco is-layout-flow wp-block-column-is-layout-flow\">\n<figure class=\"wp-block-image size-full\"><img loading=\"lazy\" decoding=\"async\" width=\"285\" height=\"159\" src=\"https:\/\/projetoslayerup.com.br\/klinger\/wp-content\/uploads\/2026\/04\/KLINGER_Produkt_Folder_dummy.jpg.png\" alt=\"\" class=\"wp-image-211\"\/><\/figure>\n\n\n\n<h3 class=\"wp-block-heading\">Brochura Corporativa<\/h3>\n\n\n\n<p>Descubra os nossos produtos, servi\u00e7os, bem como fat os e n\u00fameros do Grupo KLINGER.<\/p>\n\n\n\n<p><a href=\"#\">Download Brochure<\/a><\/p>\n<\/div>\n<\/div>\n<\/div>\n<\/div>\n","protected":false},"excerpt":{"rendered":"<p>\u2028H\u00e1 mais de 50 anos, a KLINGER Brazil contribui com a seguran\u00e7a dos processos industriais no pa\u00eds, oferecendo sistemas de veda\u00e7\u00e3o,\u2028controle e monitoramento de fluidos. A KLINGER Brazil, seguindo a tradi\u00e7\u00e3o do Grupo KLINGER, foi estabelecida em 1968 com a miss\u00e3o de aprimorar a seguran\u00e7a nos\u2028processos industriais nacionais. Especializada em sistemas de veda\u00e7\u00e3o, controle e [&hellip;]<\/p>\n","protected":false},"author":1,"featured_media":213,"parent":32,"menu_order":0,"comment_status":"closed","ping_status":"closed","template":"","meta":{"_acf_changed":false,"footnotes":""},"class_list":["post-30","page","type-page","status-publish","has-post-thumbnail","hentry"],"acf":[],"_links":{"self":[{"href":"https:\/\/projetoslayerup.com.br\/klinger\/wp-json\/wp\/v2\/pages\/30","targetHints":{"allow":["GET"]}}],"collection":[{"href":"https:\/\/projetoslayerup.com.br\/klinger\/wp-json\/wp\/v2\/pages"}],"about":[{"href":"https:\/\/projetoslayerup.com.br\/klinger\/wp-json\/wp\/v2\/types\/page"}],"author":[{"embeddable":true,"href":"https:\/\/projetoslayerup.com.br\/klinger\/wp-json\/wp\/v2\/users\/1"}],"replies":[{"embeddable":true,"href":"https:\/\/projetoslayerup.com.br\/klinger\/wp-json\/wp\/v2\/comments?post=30"}],"version-history":[{"count":9,"href":"https:\/\/projetoslayerup.com.br\/klinger\/wp-json\/wp\/v2\/pages\/30\/revisions"}],"predecessor-version":[{"id":222,"href":"https:\/\/projetoslayerup.com.br\/klinger\/wp-json\/wp\/v2\/pages\/30\/revisions\/222"}],"up":[{"embeddable":true,"href":"https:\/\/projetoslayerup.com.br\/klinger\/wp-json\/wp\/v2\/pages\/32"}],"wp:featuredmedia":[{"embeddable":true,"href":"https:\/\/projetoslayerup.com.br\/klinger\/wp-json\/wp\/v2\/media\/213"}],"wp:attachment":[{"href":"https:\/\/projetoslayerup.com.br\/klinger\/wp-json\/wp\/v2\/media?parent=30"}],"curies":[{"name":"wp","href":"https:\/\/api.w.org\/{rel}","templated":true}]}}