{"id":32,"date":"2026-04-15T11:30:45","date_gmt":"2026-04-15T14:30:45","guid":{"rendered":"https:\/\/projetoslayerup.com.br\/klinger\/?page_id=32"},"modified":"2026-04-22T09:28:27","modified_gmt":"2026-04-22T12:28:27","slug":"empresa","status":"publish","type":"page","link":"https:\/\/projetoslayerup.com.br\/klinger\/empresa\/","title":{"rendered":"Empresa"},"content":{"rendered":"\n<p>O Grupo KLINGER \u00e9 uma rede global de 45 unidades de fabrica\u00e7\u00e3o, vendas e servi\u00e7os. Oferecemos uma vasta gama de solu\u00e7\u00f5es de veda\u00e7\u00e3o industrial de alto desempenho, controle monitoramento de fluidos para praticamente todos os setores da ind\u00fastria. Nossas atividades v\u00e3o desde pesquisa e desenvolvimento, aplica\u00e7\u00e3o de produtos, fabrica\u00e7\u00e3o e fornecimento, at\u00e9 monitoramento de unidades, manuten\u00e7\u00e3o no local e reforma de veda\u00e7\u00f5es. Um conhecimento profundo da planta industrial e dos processos usados por nossos clientes em todo o mundo nos permite resolver seus problemas de vazamento com os melhores sistemas de valor \u2013 projetados para minimizar o custo total de propriedade. Conhe\u00e7a mais sobre o grupo!<\/p>\n","protected":false},"excerpt":{"rendered":"<p>O Grupo KLINGER \u00e9 uma rede global de 45 unidades de fabrica\u00e7\u00e3o, vendas e servi\u00e7os. Oferecemos uma vasta gama de solu\u00e7\u00f5es de veda\u00e7\u00e3o industrial de alto desempenho, controle monitoramento de fluidos para praticamente todos os setores da ind\u00fastria. Nossas atividades v\u00e3o desde pesquisa e desenvolvimento, aplica\u00e7\u00e3o de produtos, fabrica\u00e7\u00e3o e fornecimento, at\u00e9 monitoramento de unidades, [&hellip;]<\/p>\n","protected":false},"author":1,"featured_media":192,"parent":0,"menu_order":0,"comment_status":"closed","ping_status":"closed","template":"","meta":{"_acf_changed":false,"footnotes":""},"class_list":["post-32","page","type-page","status-publish","has-post-thumbnail","hentry"],"acf":[],"_links":{"self":[{"href":"https:\/\/projetoslayerup.com.br\/klinger\/wp-json\/wp\/v2\/pages\/32","targetHints":{"allow":["GET"]}}],"collection":[{"href":"https:\/\/projetoslayerup.com.br\/klinger\/wp-json\/wp\/v2\/pages"}],"about":[{"href":"https:\/\/projetoslayerup.com.br\/klinger\/wp-json\/wp\/v2\/types\/page"}],"author":[{"embeddable":true,"href":"https:\/\/projetoslayerup.com.br\/klinger\/wp-json\/wp\/v2\/users\/1"}],"replies":[{"embeddable":true,"href":"https:\/\/projetoslayerup.com.br\/klinger\/wp-json\/wp\/v2\/comments?post=32"}],"version-history":[{"count":9,"href":"https:\/\/projetoslayerup.com.br\/klinger\/wp-json\/wp\/v2\/pages\/32\/revisions"}],"predecessor-version":[{"id":209,"href":"https:\/\/projetoslayerup.com.br\/klinger\/wp-json\/wp\/v2\/pages\/32\/revisions\/209"}],"wp:featuredmedia":[{"embeddable":true,"href":"https:\/\/projetoslayerup.com.br\/klinger\/wp-json\/wp\/v2\/media\/192"}],"wp:attachment":[{"href":"https:\/\/projetoslayerup.com.br\/klinger\/wp-json\/wp\/v2\/media?parent=32"}],"curies":[{"name":"wp","href":"https:\/\/api.w.org\/{rel}","templated":true}]}}