{"id":36,"date":"2026-04-15T11:31:30","date_gmt":"2026-04-15T14:31:30","guid":{"rendered":"https:\/\/projetoslayerup.com.br\/klinger\/?page_id=36"},"modified":"2026-04-22T15:51:27","modified_gmt":"2026-04-22T18:51:27","slug":"grupo-klinger","status":"publish","type":"page","link":"https:\/\/projetoslayerup.com.br\/klinger\/empresa\/grupo-klinger\/","title":{"rendered":"Grupo Klinger"},"content":{"rendered":"\n<p>Trabalhar pela seguran\u00e7a da veda\u00e7\u00e3o industrial em todo o planeta \u00e9 a voca\u00e7\u00e3o das empresas do grupo KLINGER, uma das maiores especialistas mundiais em sistemas de veda\u00e7\u00e3o, controle e monitoramento de fluidos.<br><br>A empresa familiar, fundada em 1886, hoje se apresenta como um grupo de empresas independentes, mas globalmente alinhadas. Presente em mais de 60 pa\u00edses, o grupo possui 18 f\u00e1bricas e exporta para 80 pa\u00edses em todo o mundo.<br><br>Hoje o Grupo KLINGER est\u00e1 estabelecido como principal fabricante e fornecedor mundial de equipamentos para veda\u00e7\u00e3o industrial, como tamb\u00e9m controle e monitoramento de fluidos. Nossos clientes s\u00e3o empresas l\u00edderes de mercado, pertencentes \u00e0 ind\u00fastria de transforma\u00e7\u00e3o, infraestrutura, automotiva, mar\u00edtima, \u00f3leo e g\u00e1s, ind\u00fastria qu\u00edmica, papel e celulose, setor de energia, alimentos e bebidas e ind\u00fastria farmac\u00eautica.<br><br>A KLINGER oferece a mais alta qualidade certificada e que tamb\u00e9m cumpre os padr\u00f5es internacionais \u2014 como as v\u00e1lvulas de pist\u00e3o, que seguem as normas americanas ASME B16.34 e europeia DIN, e os papel\u00f5es hidr\u00e1ulicos, que recebe a certifica\u00e7\u00e3o ASTM F 104. Nosso know-how, que se estende por mais de 140 anos, nos permite estar totalmente comprometidos com o fornecimento n\u00e3o apenas de produtos, mas tamb\u00e9m de solu\u00e7\u00f5es de veda\u00e7\u00e3o, controle e monitoramento.<\/p>\n\n\n\n<div style=\"height:40px\" aria-hidden=\"true\" class=\"wp-block-spacer\"><\/div>\n\n\n\n<div class=\"wp-block-columns is-layout-flex wp-container-core-columns-is-layout-9d6595d7 wp-block-columns-is-layout-flex\">\n<div class=\"wp-block-column bloco sem-espaco is-layout-flow wp-block-column-is-layout-flow\" style=\"flex-basis:50%\">\n<p class=\"texto-icone\">1886 \u2013 1928<\/p>\n\n\n\n<div class=\"wp-block-columns is-layout-flex wp-container-core-columns-is-layout-9d6595d7 wp-block-columns-is-layout-flex\">\n<div class=\"wp-block-column is-layout-flow wp-block-column-is-layout-flow\">\n<figure class=\"wp-block-image size-full\"><img loading=\"lazy\" decoding=\"async\" width=\"590\" height=\"394\" src=\"https:\/\/projetoslayerup.com.br\/klinger\/wp-content\/uploads\/2026\/04\/Figure-5.png\" alt=\"\" class=\"wp-image-229\" srcset=\"https:\/\/projetoslayerup.com.br\/klinger\/wp-content\/uploads\/2026\/04\/Figure-5.png 590w, https:\/\/projetoslayerup.com.br\/klinger\/wp-content\/uploads\/2026\/04\/Figure-5-300x200.png 300w\" sizes=\"auto, (max-width: 590px) 100vw, 590px\" \/><\/figure>\n\n\n\n<ul class=\"wp-block-list\">\n<li>1886 O jovem engenheiro Richard Klinger abre uma pequena oficina em Vienna;<\/li>\n\n\n\n<li>1890 Inven\u00e7\u00e3o do visor de n\u00edvel refletivo;<\/li>\n\n\n\n<li>1893 In\u00edcio da f\u00e1brica em Gumpoldskirchen (sul de Vienna);<\/li>\n\n\n\n<li>Cria\u00e7\u00e3o do Klingerit\u00ae, o revolucion\u00e1rio material de junta de fibra comprimida calandrada.<\/li>\n\n\n\n<li>1922: A KLINGER fabrica a primeira v\u00e1lvula com sistema de veda\u00e7\u00e3o industrial el\u00e1stico e substitu\u00edvel para altas temperaturas. Com a v\u00e1lvula de pist\u00e3o KLINGER, a v\u00e1lvula industrial padr\u00e3o foi inventada.<\/li>\n<\/ul>\n<\/div>\n<\/div>\n<\/div>\n\n\n\n<div class=\"wp-block-column bloco sem-espaco is-layout-flow wp-block-column-is-layout-flow\" style=\"flex-basis:50%\">\n<p class=\"texto-icone\">1928 \u2013 1957<\/p>\n\n\n\n<div class=\"wp-block-columns is-layout-flex wp-container-core-columns-is-layout-9d6595d7 wp-block-columns-is-layout-flex\">\n<div class=\"wp-block-column is-layout-flow wp-block-column-is-layout-flow\">\n<figure class=\"wp-block-image size-full\"><img loading=\"lazy\" decoding=\"async\" width=\"590\" height=\"394\" src=\"https:\/\/projetoslayerup.com.br\/klinger\/wp-content\/uploads\/2026\/04\/KLINGER-History_1886-1928.webp.png\" alt=\"\" class=\"wp-image-234\" srcset=\"https:\/\/projetoslayerup.com.br\/klinger\/wp-content\/uploads\/2026\/04\/KLINGER-History_1886-1928.webp.png 590w, https:\/\/projetoslayerup.com.br\/klinger\/wp-content\/uploads\/2026\/04\/KLINGER-History_1886-1928.webp-300x200.png 300w\" sizes=\"auto, (max-width: 590px) 100vw, 590px\" \/><\/figure>\n\n\n\n<ul class=\"wp-block-list\">\n<li><strong>Karl Klinger<\/strong> assume o neg\u00f3cio;<\/li>\n\n\n\n<li>1924-1931: Desenvolvimento do segmento de veda\u00e7\u00e3o industrial;<\/li>\n\n\n\n<li>1928: O desenvolvimento de veda\u00e7\u00f5es para motores de combust\u00e3o, abre um novo segmento de mercado \u2013 a produ\u00e7\u00e3o de pastilhas de freio.<\/li>\n\n\n\n<li>Com o in\u00edcio da Segunda Guerra Mundial, as f\u00e1bricas KLINGER s\u00e3o obrigadas a mudar para a produ\u00e7\u00e3o de armamentos. Em 1945, todas as m\u00e1quinas transport\u00e1veis foram desmontadas pelas tropas russas. Em 1947, a produ\u00e7\u00e3o regular \u00e9 retomada.<\/li>\n<\/ul>\n<\/div>\n<\/div>\n<\/div>\n<\/div>\n\n\n\n<div style=\"height:30px\" aria-hidden=\"true\" class=\"wp-block-spacer\"><\/div>\n\n\n\n<div class=\"wp-block-columns is-layout-flex wp-container-core-columns-is-layout-9d6595d7 wp-block-columns-is-layout-flex\">\n<div class=\"wp-block-column bloco sem-espaco is-layout-flow wp-block-column-is-layout-flow\" style=\"flex-basis:50%\">\n<p class=\"texto-icone\">1957 \u2013 1984<\/p>\n\n\n\n<div class=\"wp-block-columns is-layout-flex wp-container-core-columns-is-layout-9d6595d7 wp-block-columns-is-layout-flex\">\n<div class=\"wp-block-column is-layout-flow wp-block-column-is-layout-flow\">\n<figure class=\"wp-block-image size-large\"><img loading=\"lazy\" decoding=\"async\" width=\"1024\" height=\"683\" src=\"https:\/\/projetoslayerup.com.br\/klinger\/wp-content\/uploads\/2026\/04\/image-3-1024x683.png\" alt=\"\" class=\"wp-image-240\" srcset=\"https:\/\/projetoslayerup.com.br\/klinger\/wp-content\/uploads\/2026\/04\/image-3-1024x683.png 1024w, https:\/\/projetoslayerup.com.br\/klinger\/wp-content\/uploads\/2026\/04\/image-3-300x200.png 300w, https:\/\/projetoslayerup.com.br\/klinger\/wp-content\/uploads\/2026\/04\/image-3-768x512.png 768w, https:\/\/projetoslayerup.com.br\/klinger\/wp-content\/uploads\/2026\/04\/image-3.png 1180w\" sizes=\"auto, (max-width: 1024px) 100vw, 1024px\" \/><\/figure>\n\n\n\n<ul class=\"wp-block-list\">\n<li><strong>Hubert Klinger-Lohr <\/strong>torna-se o novo diretor administrativo do Grupo;<\/li>\n\n\n\n<li>Expans\u00e3o das f\u00e1bricas e constru\u00e7\u00e3o de uma rede de distribui\u00e7\u00e3o europeia com servi\u00e7o 24 horas por dia, 7 dias por semana.<\/li>\n\n\n\n<li>Desenvolvimento de materiais de veda\u00e7\u00e3o industrial de PTFE e introdu\u00e7\u00e3o do KLINGERsil\u00ae, o primeiro material de juntas sem amianto do mundo;<\/li>\n\n\n\n<li>Produ\u00e7\u00e3o de grandes v\u00e1lvulas de esfera em escala industrial \u2013 KLINGER.<\/li>\n<\/ul>\n<\/div>\n<\/div>\n<\/div>\n\n\n\n<div class=\"wp-block-column bloco sem-espaco is-layout-flow wp-block-column-is-layout-flow\" style=\"flex-basis:50%\">\n<p class=\"texto-icone\">1984 \u2013 2010<\/p>\n\n\n\n<div class=\"wp-block-columns is-layout-flex wp-container-core-columns-is-layout-9d6595d7 wp-block-columns-is-layout-flex\">\n<div class=\"wp-block-column is-layout-flow wp-block-column-is-layout-flow\">\n<figure class=\"wp-block-image size-large\"><img loading=\"lazy\" decoding=\"async\" width=\"1024\" height=\"683\" src=\"https:\/\/projetoslayerup.com.br\/klinger\/wp-content\/uploads\/2026\/04\/image-4-1024x683.png\" alt=\"\" class=\"wp-image-241\" srcset=\"https:\/\/projetoslayerup.com.br\/klinger\/wp-content\/uploads\/2026\/04\/image-4-1024x683.png 1024w, https:\/\/projetoslayerup.com.br\/klinger\/wp-content\/uploads\/2026\/04\/image-4-300x200.png 300w, https:\/\/projetoslayerup.com.br\/klinger\/wp-content\/uploads\/2026\/04\/image-4-768x512.png 768w, https:\/\/projetoslayerup.com.br\/klinger\/wp-content\/uploads\/2026\/04\/image-4.png 1180w\" sizes=\"auto, (max-width: 1024px) 100vw, 1024px\" \/><\/figure>\n\n\n\n<ul class=\"wp-block-list\">\n<li><strong>Thomas Klinger-Lohr<\/strong> \u00e9 a quarta gera\u00e7\u00e3o a liderar a empresa.<\/li>\n\n\n\n<li>1992: KLINGER Holding \u00e9 estabelecida como a empresa-m\u00e3e do crescente Grupo KLINGER.<\/li>\n\n\n\n<li>Fus\u00e3o do segmento automotivo com a l\u00edder do mercado alem\u00e3o Elring;<\/li>\n\n\n\n<li>Introdu\u00e7\u00e3o de um material de veda\u00e7\u00e3o industrial revolucion\u00e1rio para alta temperatura: KLINGER Quantum;<\/li>\n\n\n\n<li>Abertura de novas subsidi\u00e1rias na R\u00fassia, Tail\u00e2ndia e China.<\/li>\n<\/ul>\n<\/div>\n<\/div>\n<\/div>\n<\/div>\n\n\n\n<div style=\"height:30px\" aria-hidden=\"true\" class=\"wp-block-spacer\"><\/div>\n\n\n\n<div class=\"wp-block-columns is-layout-flex wp-container-core-columns-is-layout-9d6595d7 wp-block-columns-is-layout-flex\">\n<div class=\"wp-block-column bloco sem-espaco is-layout-flow wp-block-column-is-layout-flow\" style=\"flex-basis:50%\">\n<p class=\"texto-icone\">2010 &#8211; HOJE<\/p>\n\n\n\n<div class=\"wp-block-columns is-layout-flex wp-container-core-columns-is-layout-9d6595d7 wp-block-columns-is-layout-flex\">\n<div class=\"wp-block-column is-layout-flow wp-block-column-is-layout-flow\">\n<figure class=\"wp-block-image size-large\"><img loading=\"lazy\" decoding=\"async\" width=\"1024\" height=\"683\" src=\"https:\/\/projetoslayerup.com.br\/klinger\/wp-content\/uploads\/2026\/04\/image-5-1024x683.png\" alt=\"\" class=\"wp-image-245\" srcset=\"https:\/\/projetoslayerup.com.br\/klinger\/wp-content\/uploads\/2026\/04\/image-5-1024x683.png 1024w, https:\/\/projetoslayerup.com.br\/klinger\/wp-content\/uploads\/2026\/04\/image-5-300x200.png 300w, https:\/\/projetoslayerup.com.br\/klinger\/wp-content\/uploads\/2026\/04\/image-5-768x512.png 768w, https:\/\/projetoslayerup.com.br\/klinger\/wp-content\/uploads\/2026\/04\/image-5.png 1180w\" sizes=\"auto, (max-width: 1024px) 100vw, 1024px\" \/><\/figure>\n\n\n\n<ul class=\"wp-block-list\">\n<li>2010-2015: Heinz Scharl lidera a empresa como CEO;<\/li>\n\n\n\n<li>Aquisi\u00e7\u00f5es estrat\u00e9gicas no segmentos-alvo. Foco em servi\u00e7os e crescimento org\u00e2nico fora da Europa;<\/li>\n\n\n\n<li>2015 \u2013 2017: O Conselho de Administra\u00e7\u00e3o do Grupo KLINGER, composto por Daniel Schibli (CEO) e Peter M\u00fcller (CFO), assume a gest\u00e3o do Grupo KLINGER;<\/li>\n\n\n\n<li>Em 2018, Christoph Klinger-Lohr se junta ao Conselho de Administra\u00e7\u00e3o do Grupo KLINGER como CEO;<\/li>\n\n\n\n<li>No momento em que a empresa comemora seu 135\u00ba anivers\u00e1rio em 2021, o Grupo KLINGER \u00e9 composto por 45 entidades em mais de 60 pa\u00edses em todo o mundo.<\/li>\n<\/ul>\n<\/div>\n<\/div>\n<\/div>\n<\/div>\n","protected":false},"excerpt":{"rendered":"<p>Trabalhar pela seguran\u00e7a da veda\u00e7\u00e3o industrial em todo o planeta \u00e9 a voca\u00e7\u00e3o das empresas do grupo KLINGER, uma das maiores especialistas mundiais em sistemas de veda\u00e7\u00e3o, controle e monitoramento de fluidos. A empresa familiar, fundada em 1886, hoje se apresenta como um grupo de empresas independentes, mas globalmente alinhadas. Presente em mais de 60 [&hellip;]<\/p>\n","protected":false},"author":1,"featured_media":224,"parent":32,"menu_order":0,"comment_status":"closed","ping_status":"closed","template":"","meta":{"_acf_changed":false,"footnotes":""},"class_list":["post-36","page","type-page","status-publish","has-post-thumbnail","hentry"],"acf":[],"_links":{"self":[{"href":"https:\/\/projetoslayerup.com.br\/klinger\/wp-json\/wp\/v2\/pages\/36","targetHints":{"allow":["GET"]}}],"collection":[{"href":"https:\/\/projetoslayerup.com.br\/klinger\/wp-json\/wp\/v2\/pages"}],"about":[{"href":"https:\/\/projetoslayerup.com.br\/klinger\/wp-json\/wp\/v2\/types\/page"}],"author":[{"embeddable":true,"href":"https:\/\/projetoslayerup.com.br\/klinger\/wp-json\/wp\/v2\/users\/1"}],"replies":[{"embeddable":true,"href":"https:\/\/projetoslayerup.com.br\/klinger\/wp-json\/wp\/v2\/comments?post=36"}],"version-history":[{"count":17,"href":"https:\/\/projetoslayerup.com.br\/klinger\/wp-json\/wp\/v2\/pages\/36\/revisions"}],"predecessor-version":[{"id":250,"href":"https:\/\/projetoslayerup.com.br\/klinger\/wp-json\/wp\/v2\/pages\/36\/revisions\/250"}],"up":[{"embeddable":true,"href":"https:\/\/projetoslayerup.com.br\/klinger\/wp-json\/wp\/v2\/pages\/32"}],"wp:featuredmedia":[{"embeddable":true,"href":"https:\/\/projetoslayerup.com.br\/klinger\/wp-json\/wp\/v2\/media\/224"}],"wp:attachment":[{"href":"https:\/\/projetoslayerup.com.br\/klinger\/wp-json\/wp\/v2\/media?parent=36"}],"curies":[{"name":"wp","href":"https:\/\/api.w.org\/{rel}","templated":true}]}}