{"id":38,"date":"2026-04-15T11:31:56","date_gmt":"2026-04-15T14:31:56","guid":{"rendered":"https:\/\/projetoslayerup.com.br\/klinger\/?page_id=38"},"modified":"2026-04-22T16:11:24","modified_gmt":"2026-04-22T19:11:24","slug":"missao-visao-e-valores","status":"publish","type":"page","link":"https:\/\/projetoslayerup.com.br\/klinger\/empresa\/missao-visao-e-valores\/","title":{"rendered":"Miss\u00e3o, vis\u00e3o e valores"},"content":{"rendered":"\n<div class=\"wp-block-columns is-layout-flex wp-container-core-columns-is-layout-9d6595d7 wp-block-columns-is-layout-flex\">\n<div class=\"wp-block-column is-layout-flow wp-block-column-is-layout-flow\" style=\"flex-basis:66.66%\">\n<h2 class=\"wp-block-heading\">VIS\u00c3O<\/h2>\n\n\n\n<p>As demandas das ind\u00fastrias est\u00e3o em constante mudan\u00e7a e para acompanhar esses avan\u00e7os,\u2028queremos atender o mercado n\u00e3o apenas com produtos individuais, mas tamb\u00e9m com solu\u00e7\u00f5es\u2028completas. Com selos de qualidades em&nbsp;<a href=\"https:\/\/rklinger.com.br\/produtos\/\" target=\"_blank\" rel=\"noreferrer noopener\">juntas, v\u00e1lvulas e produtos t\u00e9cnicos industriais<\/a>, somos\u2028considerados pioneiros em diversos setores.<\/p>\n\n\n\n<p>Tamb\u00e9m somos movidos por essa ambi\u00e7\u00e3o na era digital. Em um mercado din\u00e2mico, as empresas\u2028do Grupo KLINGER ao redor do mundo, garantem que nossos clientes cumpram suas pr\u00f3prias\u2028promessas de qualidade em todos os momentos. Esse entendimento, aliado a um forte senso de\u2028responsabilidade pelas gera\u00e7\u00f5es futuras, nos tornam \u00fanicos.<\/p>\n\n\n\n<div style=\"height:50px\" aria-hidden=\"true\" class=\"wp-block-spacer\"><\/div>\n\n\n\n<h2 class=\"wp-block-heading\">MISS\u00c3O<\/h2>\n\n\n\n<p>A KLINGER \u00e9 uma empresa familiar est\u00e1vel e independente. N\u00f3s nos vemos como empreendedores,\u2028solucionadores de problemas e l\u00edderes em tecnologia em nosso setor.<br>Com empresas operando de forma soberana e uma cultura de desempenho motivadora, somos um\u2028parceiro confi\u00e1vel para nossos clientes em todo o mundo, pois podemos garantir solu\u00e7\u00f5es,&nbsp;seguran\u00e7a&nbsp;e\u2028servi\u00e7o, tendo sempre em considera\u00e7\u00e3o os aspectos ambientais.<br><br><strong>Mantemos tudo fluindo \u2013 sem interrup\u00e7\u00e3o.<\/strong><\/p>\n\n\n\n<div style=\"height:50px\" aria-hidden=\"true\" class=\"wp-block-spacer\"><\/div>\n\n\n\n<h2 class=\"wp-block-heading\">VALORES<\/h2>\n\n\n\n<p>Por 130 anos, temos nos esfor\u00e7ado para sermos os melhores.\u2028Como empregador, nos esfor\u00e7amos para oferecer um ambiente de trabalho agrad\u00e1vel todos os dias. \u2028Em troca, cada membro da tripula\u00e7\u00e3o KLINGER \u00e9:<\/p>\n\n\n\n<div class=\"wp-block-columns is-layout-flex wp-container-core-columns-is-layout-9d6595d7 wp-block-columns-is-layout-flex\">\n<div class=\"wp-block-column is-layout-flow wp-block-column-is-layout-flow\">\n<p class=\"has-text-align-center\"><strong>RESPONS\u00c1VEL<\/strong><\/p>\n\n\n\n<figure class=\"wp-block-image size-full is-resized\"><img loading=\"lazy\" decoding=\"async\" width=\"300\" height=\"300\" src=\"https:\/\/projetoslayerup.com.br\/klinger\/wp-content\/uploads\/2026\/04\/image-8.png\" alt=\"\" class=\"wp-image-254\" style=\"object-fit:cover;width:150px;height:150px\" srcset=\"https:\/\/projetoslayerup.com.br\/klinger\/wp-content\/uploads\/2026\/04\/image-8.png 300w, https:\/\/projetoslayerup.com.br\/klinger\/wp-content\/uploads\/2026\/04\/image-8-150x150.png 150w\" sizes=\"auto, (max-width: 300px) 100vw, 300px\" \/><\/figure>\n<\/div>\n\n\n\n<div class=\"wp-block-column is-layout-flow wp-block-column-is-layout-flow\">\n<p class=\"has-text-align-center\"><strong>EMPREENDEDOR<\/strong><\/p>\n\n\n\n<figure class=\"wp-block-image size-full is-resized\"><img loading=\"lazy\" decoding=\"async\" width=\"300\" height=\"300\" src=\"https:\/\/projetoslayerup.com.br\/klinger\/wp-content\/uploads\/2026\/04\/image-9.png\" alt=\"\" class=\"wp-image-255\" style=\"object-fit:cover;width:150px;height:150px\" srcset=\"https:\/\/projetoslayerup.com.br\/klinger\/wp-content\/uploads\/2026\/04\/image-9.png 300w, https:\/\/projetoslayerup.com.br\/klinger\/wp-content\/uploads\/2026\/04\/image-9-150x150.png 150w\" sizes=\"auto, (max-width: 300px) 100vw, 300px\" \/><\/figure>\n<\/div>\n\n\n\n<div class=\"wp-block-column is-layout-flow wp-block-column-is-layout-flow\">\n<p class=\"has-text-align-center\"><strong>AMBICIOSO<\/strong><\/p>\n\n\n\n<figure class=\"wp-block-image size-full is-resized\"><img loading=\"lazy\" decoding=\"async\" width=\"300\" height=\"300\" src=\"https:\/\/projetoslayerup.com.br\/klinger\/wp-content\/uploads\/2026\/04\/image-10.png\" alt=\"\" class=\"wp-image-256\" style=\"object-fit:cover;width:150px;height:150px\" srcset=\"https:\/\/projetoslayerup.com.br\/klinger\/wp-content\/uploads\/2026\/04\/image-10.png 300w, https:\/\/projetoslayerup.com.br\/klinger\/wp-content\/uploads\/2026\/04\/image-10-150x150.png 150w\" sizes=\"auto, (max-width: 300px) 100vw, 300px\" \/><\/figure>\n<\/div>\n<\/div>\n<\/div>\n\n\n\n<div class=\"wp-block-column is-layout-flow wp-block-column-is-layout-flow\" style=\"flex-basis:33.33%\">\n<figure class=\"wp-block-image size-full\"><img loading=\"lazy\" decoding=\"async\" width=\"379\" height=\"379\" src=\"https:\/\/projetoslayerup.com.br\/klinger\/wp-content\/uploads\/2026\/04\/image-11.png\" alt=\"\" class=\"wp-image-264\" srcset=\"https:\/\/projetoslayerup.com.br\/klinger\/wp-content\/uploads\/2026\/04\/image-11.png 379w, https:\/\/projetoslayerup.com.br\/klinger\/wp-content\/uploads\/2026\/04\/image-11-300x300.png 300w, https:\/\/projetoslayerup.com.br\/klinger\/wp-content\/uploads\/2026\/04\/image-11-150x150.png 150w\" sizes=\"auto, (max-width: 379px) 100vw, 379px\" \/><\/figure>\n<\/div>\n<\/div>\n","protected":false},"excerpt":{"rendered":"<p>VIS\u00c3O As demandas das ind\u00fastrias est\u00e3o em constante mudan\u00e7a e para acompanhar esses avan\u00e7os,\u2028queremos atender o mercado n\u00e3o apenas com produtos individuais, mas tamb\u00e9m com solu\u00e7\u00f5es\u2028completas. Com selos de qualidades em&nbsp;juntas, v\u00e1lvulas e produtos t\u00e9cnicos industriais, somos\u2028considerados pioneiros em diversos setores. Tamb\u00e9m somos movidos por essa ambi\u00e7\u00e3o na era digital. Em um mercado din\u00e2mico, as [&hellip;]<\/p>\n","protected":false},"author":1,"featured_media":258,"parent":32,"menu_order":0,"comment_status":"closed","ping_status":"closed","template":"","meta":{"_acf_changed":false,"footnotes":""},"class_list":["post-38","page","type-page","status-publish","has-post-thumbnail","hentry"],"acf":[],"_links":{"self":[{"href":"https:\/\/projetoslayerup.com.br\/klinger\/wp-json\/wp\/v2\/pages\/38","targetHints":{"allow":["GET"]}}],"collection":[{"href":"https:\/\/projetoslayerup.com.br\/klinger\/wp-json\/wp\/v2\/pages"}],"about":[{"href":"https:\/\/projetoslayerup.com.br\/klinger\/wp-json\/wp\/v2\/types\/page"}],"author":[{"embeddable":true,"href":"https:\/\/projetoslayerup.com.br\/klinger\/wp-json\/wp\/v2\/users\/1"}],"replies":[{"embeddable":true,"href":"https:\/\/projetoslayerup.com.br\/klinger\/wp-json\/wp\/v2\/comments?post=38"}],"version-history":[{"count":8,"href":"https:\/\/projetoslayerup.com.br\/klinger\/wp-json\/wp\/v2\/pages\/38\/revisions"}],"predecessor-version":[{"id":266,"href":"https:\/\/projetoslayerup.com.br\/klinger\/wp-json\/wp\/v2\/pages\/38\/revisions\/266"}],"up":[{"embeddable":true,"href":"https:\/\/projetoslayerup.com.br\/klinger\/wp-json\/wp\/v2\/pages\/32"}],"wp:featuredmedia":[{"embeddable":true,"href":"https:\/\/projetoslayerup.com.br\/klinger\/wp-json\/wp\/v2\/media\/258"}],"wp:attachment":[{"href":"https:\/\/projetoslayerup.com.br\/klinger\/wp-json\/wp\/v2\/media?parent=38"}],"curies":[{"name":"wp","href":"https:\/\/api.w.org\/{rel}","templated":true}]}}