{"id":40,"date":"2026-04-15T11:32:10","date_gmt":"2026-04-15T14:32:10","guid":{"rendered":"https:\/\/projetoslayerup.com.br\/klinger\/?page_id=40"},"modified":"2026-04-23T09:48:19","modified_gmt":"2026-04-23T12:48:19","slug":"industrias","status":"publish","type":"page","link":"https:\/\/projetoslayerup.com.br\/klinger\/industrias\/","title":{"rendered":"Ind\u00fastrias"},"content":{"rendered":"\n<p>Desde sua funda\u00e7\u00e3o, a KLINGER concentra seus esfor\u00e7os para garantir a\u00a0<a href=\"https:\/\/rklinger.com.br\/seguranca-industrial-o-futuro-da-vedacao-exige-eficiencia\/\" target=\"_blank\" rel=\"noreferrer noopener\">seguran\u00e7a do processo industrial<\/a>. Seja fluido ou gasoso, nosso trabalho \u00e9 garantir que o meio permane\u00e7a\u2028onde se destina nos mais diversos setores da ind\u00fastria.<\/p>\n\n\n\n<p>Comprometidos com esta abordagem, nossas solu\u00e7\u00f5es de tecnologia de seguran\u00e7a de f\u00e1brica \u2013\u00a0<a href=\"https:\/\/rklinger.com.br\/produtos\/\" target=\"_blank\" rel=\"noreferrer noopener\">juntas, v\u00e1lvulas, visores de n\u00edvel, purgadores e etc<\/a>\u00a0\u2013 garantem uma opera\u00e7\u00e3o\u2028confi\u00e1vel e segura, sem\u00a0vazamentos e consequentes danos materiais.<\/p>\n\n\n\n<p>Nossos produtos inovadores s\u00e3o adaptados para atender aos requisitos espec\u00edficos dos seguintes segmentos industriais:<\/p>\n","protected":false},"excerpt":{"rendered":"<p>Desde sua funda\u00e7\u00e3o, a KLINGER concentra seus esfor\u00e7os para garantir a\u00a0seguran\u00e7a do processo industrial. Seja fluido ou gasoso, nosso trabalho \u00e9 garantir que o meio permane\u00e7a\u2028onde se destina nos mais diversos setores da ind\u00fastria. Comprometidos com esta abordagem, nossas solu\u00e7\u00f5es de tecnologia de seguran\u00e7a de f\u00e1brica \u2013\u00a0juntas, v\u00e1lvulas, visores de n\u00edvel, purgadores e etc\u00a0\u2013 garantem [&hellip;]<\/p>\n","protected":false},"author":1,"featured_media":269,"parent":0,"menu_order":0,"comment_status":"closed","ping_status":"closed","template":"","meta":{"_acf_changed":false,"footnotes":""},"class_list":["post-40","page","type-page","status-publish","has-post-thumbnail","hentry"],"acf":[],"_links":{"self":[{"href":"https:\/\/projetoslayerup.com.br\/klinger\/wp-json\/wp\/v2\/pages\/40","targetHints":{"allow":["GET"]}}],"collection":[{"href":"https:\/\/projetoslayerup.com.br\/klinger\/wp-json\/wp\/v2\/pages"}],"about":[{"href":"https:\/\/projetoslayerup.com.br\/klinger\/wp-json\/wp\/v2\/types\/page"}],"author":[{"embeddable":true,"href":"https:\/\/projetoslayerup.com.br\/klinger\/wp-json\/wp\/v2\/users\/1"}],"replies":[{"embeddable":true,"href":"https:\/\/projetoslayerup.com.br\/klinger\/wp-json\/wp\/v2\/comments?post=40"}],"version-history":[{"count":2,"href":"https:\/\/projetoslayerup.com.br\/klinger\/wp-json\/wp\/v2\/pages\/40\/revisions"}],"predecessor-version":[{"id":268,"href":"https:\/\/projetoslayerup.com.br\/klinger\/wp-json\/wp\/v2\/pages\/40\/revisions\/268"}],"wp:featuredmedia":[{"embeddable":true,"href":"https:\/\/projetoslayerup.com.br\/klinger\/wp-json\/wp\/v2\/media\/269"}],"wp:attachment":[{"href":"https:\/\/projetoslayerup.com.br\/klinger\/wp-json\/wp\/v2\/media?parent=40"}],"curies":[{"name":"wp","href":"https:\/\/api.w.org\/{rel}","templated":true}]}}