{"id":45,"date":"2026-04-15T11:33:42","date_gmt":"2026-04-15T14:33:42","guid":{"rendered":"https:\/\/projetoslayerup.com.br\/klinger\/?page_id=45"},"modified":"2026-04-24T10:57:36","modified_gmt":"2026-04-24T13:57:36","slug":"software-klinger-expert","status":"publish","type":"page","link":"https:\/\/projetoslayerup.com.br\/klinger\/servicos\/software-klinger-expert\/","title":{"rendered":"Software Klinger Expert"},"content":{"rendered":"\n<div class=\"wp-block-columns is-layout-flex wp-container-core-columns-is-layout-9d6595d7 wp-block-columns-is-layout-flex\">\n<div class=\"wp-block-column is-layout-flow wp-block-column-is-layout-flow\" style=\"flex-basis:66.66%\">\n<p>A KLINGER utilizou de sua experi\u00eancia e conhecimento e desenvolveu o KLINGER Expert \u2013 um software vers\u00e1til de c\u00e1lculo e sele\u00e7\u00e3o de juntas de veda\u00e7\u00e3o, projetado principalmente para eliminar erros na sele\u00e7\u00e3o do tipo papel\u00e3o hidr\u00e1ulico e aplica\u00e7\u00e3o de torque.<br><br>O programa foi desenvolvido na \u00c1ustria com o objetivo de especificar qual o produto \u00e9 o mais adequado para cada aplica\u00e7\u00e3o, considerando dados do equipamento (flange e conjunto de aperto), condi\u00e7\u00f5es de opera\u00e7\u00e3o (fluido, temperatura e press\u00e3o) e a intera\u00e7\u00e3o dos diversos modelos nas condi\u00e7\u00f5es adotadas.<br><br>O software faz a busca segundo as informa\u00e7\u00f5es predeterminadas pelo usu\u00e1rio para cada uma das vari\u00e1veis e traz como resultado o papel\u00e3o hidr\u00e1ulico mais adequado, ou mesmo uma lista de alternativas.<br><br>Al\u00e9m disso, \u00e9 poss\u00edvel avaliar a necessidade de altera\u00e7\u00e3o do material do parafuso, torque ou condi\u00e7\u00f5es de opera\u00e7\u00e3o. Trazendo de forma visual e num\u00e9rica o total entendimento do dimensionamento da junta de veda\u00e7\u00e3o durante a instala\u00e7\u00e3o e a opera\u00e7\u00e3o.<br><br>Dessa forma, \u00e9 poss\u00edvel escolher dentre as juntas de veda\u00e7\u00e3o, o material mais indicado para cada necessidade de forma bastante precisa.<br><br>O link para baixar o software se encontra no fim da p\u00e1gina.<\/p>\n\n\n\n<div style=\"height:30px\" aria-hidden=\"true\" class=\"wp-block-spacer\"><\/div>\n\n\n\n<h2 class=\"wp-block-heading\">Fun\u00e7\u00f5es oferecidas por KLINGER EXPERT<\/h2>\n\n\n\n<ul class=\"wp-block-list\">\n<li>Identifica\u00e7\u00e3o do melhor material de junta para aplica\u00e7\u00f5es espec\u00edficas;<\/li>\n\n\n\n<li>Verifica\u00e7\u00f5es de adequa\u00e7\u00e3o qu\u00edmica e de temperatura;<\/li>\n\n\n\n<li>C\u00e1lculo dos requisitos de torque dos parafusos;<\/li>\n\n\n\n<li>Ilustra\u00e7\u00e3o gr\u00e1fica da dispers\u00e3o dos v\u00e1rios m\u00e9todos de fixa\u00e7\u00e3o;<\/li>\n\n\n\n<li>Sele\u00e7\u00e3o de aprova\u00e7\u00f5es e certificados de produtos necess\u00e1rios.<\/li>\n<\/ul>\n\n\n\n<p class=\"has-text-align-center\"><a href=\"https:\/\/ked.klinger.co.at\/kd\/index_en.xhtml\" target=\"_blank\" rel=\"noreferrer noopener\" class=\"btn-main btn-dark\">Download KLINGER Expert<\/a><\/p>\n\n\n\n<p class=\"has-text-align-center\"><a href=\"https:\/\/rklinger.com.br\/klinger-expert\/\" data-type=\"link\" data-id=\"https:\/\/rklinger.com.br\/klinger-expert\/\" target=\"_blank\" rel=\"noreferrer noopener\" class=\"btn-main btn-dark\">Entenda como funciona o KLINGER Expert<\/a><\/p>\n<\/div>\n\n\n\n<div class=\"wp-block-column is-layout-flow wp-block-column-is-layout-flow\" style=\"flex-basis:33.33%\">\n<figure class=\"wp-block-image size-full\"><img loading=\"lazy\" decoding=\"async\" width=\"860\" height=\"573\" src=\"https:\/\/projetoslayerup.com.br\/klinger\/wp-content\/uploads\/2026\/04\/image-12.png\" alt=\"\" class=\"wp-image-6200\" srcset=\"https:\/\/projetoslayerup.com.br\/klinger\/wp-content\/uploads\/2026\/04\/image-12.png 860w, https:\/\/projetoslayerup.com.br\/klinger\/wp-content\/uploads\/2026\/04\/image-12-300x200.png 300w, https:\/\/projetoslayerup.com.br\/klinger\/wp-content\/uploads\/2026\/04\/image-12-768x512.png 768w\" sizes=\"auto, (max-width: 860px) 100vw, 860px\" \/><\/figure>\n<\/div>\n<\/div>\n","protected":false},"excerpt":{"rendered":"<p>A KLINGER utilizou de sua experi\u00eancia e conhecimento e desenvolveu o KLINGER Expert \u2013 um software vers\u00e1til de c\u00e1lculo e sele\u00e7\u00e3o de juntas de veda\u00e7\u00e3o, projetado principalmente para eliminar erros na sele\u00e7\u00e3o do tipo papel\u00e3o hidr\u00e1ulico e aplica\u00e7\u00e3o de torque. O programa foi desenvolvido na \u00c1ustria com o objetivo de especificar qual o produto \u00e9 [&hellip;]<\/p>\n","protected":false},"author":1,"featured_media":0,"parent":43,"menu_order":0,"comment_status":"closed","ping_status":"closed","template":"","meta":{"_acf_changed":false,"footnotes":""},"class_list":["post-45","page","type-page","status-publish","hentry"],"acf":[],"_links":{"self":[{"href":"https:\/\/projetoslayerup.com.br\/klinger\/wp-json\/wp\/v2\/pages\/45","targetHints":{"allow":["GET"]}}],"collection":[{"href":"https:\/\/projetoslayerup.com.br\/klinger\/wp-json\/wp\/v2\/pages"}],"about":[{"href":"https:\/\/projetoslayerup.com.br\/klinger\/wp-json\/wp\/v2\/types\/page"}],"author":[{"embeddable":true,"href":"https:\/\/projetoslayerup.com.br\/klinger\/wp-json\/wp\/v2\/users\/1"}],"replies":[{"embeddable":true,"href":"https:\/\/projetoslayerup.com.br\/klinger\/wp-json\/wp\/v2\/comments?post=45"}],"version-history":[{"count":4,"href":"https:\/\/projetoslayerup.com.br\/klinger\/wp-json\/wp\/v2\/pages\/45\/revisions"}],"predecessor-version":[{"id":6205,"href":"https:\/\/projetoslayerup.com.br\/klinger\/wp-json\/wp\/v2\/pages\/45\/revisions\/6205"}],"up":[{"embeddable":true,"href":"https:\/\/projetoslayerup.com.br\/klinger\/wp-json\/wp\/v2\/pages\/43"}],"wp:attachment":[{"href":"https:\/\/projetoslayerup.com.br\/klinger\/wp-json\/wp\/v2\/media?parent=45"}],"curies":[{"name":"wp","href":"https:\/\/api.w.org\/{rel}","templated":true}]}}