{"id":49,"date":"2026-04-15T11:34:06","date_gmt":"2026-04-15T14:34:06","guid":{"rendered":"https:\/\/projetoslayerup.com.br\/klinger\/?page_id=49"},"modified":"2026-04-23T17:04:30","modified_gmt":"2026-04-23T20:04:30","slug":"contato","status":"publish","type":"page","link":"https:\/\/projetoslayerup.com.br\/klinger\/contato\/","title":{"rendered":"Contato"},"content":{"rendered":"\n<div class=\"wp-block-columns is-layout-flex wp-container-core-columns-is-layout-9d6595d7 wp-block-columns-is-layout-flex\">\n<div class=\"wp-block-column is-layout-flow wp-block-column-is-layout-flow\" style=\"flex-basis:50%\">\n<p>KLINGER BRAZIL &#8211; Unidade V\u00e1rzea Paulista\/ SP<br>Av. Duque de Caxias, 2001 \u2013 Jd. Promeca<br>V\u00e1rzea Paulista \/ SP \u2013 Brasil \u2013 13223-025<br><br>Tel.: +55 (11) 4596-9514<br>E-mail: vendas@klinger.com.br<\/p>\n\n\n\n<p>KLINGER BRAZIL \u2013 Unidade Cama\u00e7ari \/ BA<br>Av. Jorge Amado, S\/N \u2013 Jardim Limoeiro<br>Cama\u00e7ari \/ BA \u2013 Brasil \u2013 42800-605<br><br>Tel.: +55 (71) 3644-1100<br>E-mail: dailtom@klinger.com.br<\/p>\n\n\n\n<div style=\"height:29px\" aria-hidden=\"true\" class=\"wp-block-spacer\"><\/div>\n\n\n\n<p><strong>TRABALHE CONOSCO<\/strong><\/p>\n\n\n\n<p>Fa\u00e7a parte do nosso time!<br>Envie seu curr\u00edculo para o e-mail abaixo e fa\u00e7a parte de nosso banco de talentos!<br>Voc\u00ea ser\u00e1 informado em caso de surgimento de vagas!<br><br>E-mail: curriculum@klinger.com.br<\/p>\n<\/div>\n\n\n\n<div class=\"wp-block-column is-layout-flow wp-block-column-is-layout-flow\" style=\"flex-basis:50%\">\n<iframe src=\"https:\/\/www.google.com\/maps\/embed?pb=!1m14!1m8!1m3!1d7333.927975124418!2d-46.812818!3d-23.207983!3m2!1i1024!2i768!4f13.1!3m3!1m2!1s0x94cedf426496aa7f%3A0x20dbeca1fbb18391!2sAv.%20Duque%20de%20Caxias%2C%202001%20-%20Jardim%20Promeca%2C%20V%C3%A1rzea%20Paulista%20-%20SP%2C%2013223-025!5e0!3m2!1spt-BR!2sbr!4v1776953285739!5m2!1spt-BR!2sbr\" width=\"100%\" height=\"450\" style=\"border:0;\" allowfullscreen=\"\" loading=\"lazy\" referrerpolicy=\"no-referrer-when-downgrade\"><\/iframe>\n<\/div>\n<\/div>\n\n\n\n<div style=\"height:39px\" aria-hidden=\"true\" class=\"wp-block-spacer\"><\/div>\n\n\n\n<h2 class=\"wp-block-heading\">Formul\u00e1rio de contato<\/h2>\n\n\n\n<div class=\"wp-block-contact-form-7-contact-form-selector\">\n<div class=\"wpcf7 no-js\" id=\"wpcf7-f283-o1\" lang=\"pt-BR\" dir=\"ltr\" data-wpcf7-id=\"283\">\n<div class=\"screen-reader-response\"><p role=\"status\" aria-live=\"polite\" aria-atomic=\"true\"><\/p> <ul><\/ul><\/div>\n<form action=\"\/klinger\/wp-json\/wp\/v2\/pages\/49#wpcf7-f283-o1\" method=\"post\" class=\"wpcf7-form init\" aria-label=\"Formul\u00e1rios de contato\" novalidate=\"novalidate\" data-status=\"init\">\n<fieldset class=\"hidden-fields-container\"><input type=\"hidden\" name=\"_wpcf7\" value=\"283\" \/><input type=\"hidden\" name=\"_wpcf7_version\" value=\"6.1.5\" \/><input type=\"hidden\" name=\"_wpcf7_locale\" value=\"pt_BR\" \/><input type=\"hidden\" name=\"_wpcf7_unit_tag\" value=\"wpcf7-f283-o1\" \/><input type=\"hidden\" name=\"_wpcf7_container_post\" value=\"0\" \/><input type=\"hidden\" name=\"_wpcf7_posted_data_hash\" value=\"\" \/>\n<\/fieldset>\n<p><label> <span class=\"wpcf7-form-control-wrap\" data-name=\"your-name\"><input size=\"40\" maxlength=\"400\" class=\"wpcf7-form-control wpcf7-text wpcf7-validates-as-required\" autocomplete=\"name\" aria-required=\"true\" aria-invalid=\"false\" placeholder=\"Insira seu nome completo*\" value=\"\" type=\"text\" name=\"your-name\" \/><\/span> <\/label>\n<\/p>\n<div class=\"flex\">\n\t<p><label><span class=\"wpcf7-form-control-wrap\" data-name=\"your-email\"><input size=\"40\" maxlength=\"400\" class=\"wpcf7-form-control wpcf7-email wpcf7-validates-as-required wpcf7-text wpcf7-validates-as-email\" autocomplete=\"email\" aria-required=\"true\" aria-invalid=\"false\" placeholder=\"E-mail para contato*\" value=\"\" type=\"email\" name=\"your-email\" \/><\/span> <\/label><label><span class=\"wpcf7-form-control-wrap\" data-name=\"tel-922\"><input size=\"40\" maxlength=\"400\" class=\"wpcf7-form-control wpcf7-tel wpcf7-validates-as-required wpcf7-text wpcf7-validates-as-tel\" aria-required=\"true\" aria-invalid=\"false\" placeholder=\"Telefone para contato*\" value=\"\" type=\"tel\" name=\"tel-922\" \/><\/span><\/label>\n\t<\/p>\n<\/div>\n<div class=\"flex\">\n\t<p><label><span class=\"wpcf7-form-control-wrap\" data-name=\"select-461\"><select class=\"wpcf7-form-control wpcf7-select wpcf7-validates-as-required\" aria-required=\"true\" aria-invalid=\"false\" name=\"select-461\"><option value=\"\">Pa\u00eds<\/option><option value=\"Argentina\">Argentina<\/option><option value=\"Belize\">Belize<\/option><option value=\"Bol\u00edvia\">Bol\u00edvia<\/option><option value=\"Brasil\">Brasil<\/option><option value=\"Chile\">Chile<\/option><option value=\"Col\u00f4mbia\">Col\u00f4mbia<\/option><option value=\"Costa Rica\">Costa Rica<\/option><option value=\"Cuba\">Cuba<\/option><option value=\"Dom\u00ednica\">Dom\u00ednica<\/option><option value=\"El Salvador\">El Salvador<\/option><option value=\"Equador\">Equador<\/option><option value=\"Granada\">Granada<\/option><option value=\"Guatemala\">Guatemala<\/option><option value=\"Guiana\">Guiana<\/option><option value=\"Haiti\">Haiti<\/option><option value=\"Honduras\">Honduras<\/option><option value=\"Jamaica\">Jamaica<\/option><option value=\"M\u00e9xico\">M\u00e9xico<\/option><option value=\"Nicar\u00e1gua\">Nicar\u00e1gua<\/option><option value=\"Panam\u00e1\">Panam\u00e1<\/option><option value=\"Paraguai\">Paraguai<\/option><option value=\"Peru\">Peru<\/option><option value=\"Rep\u00fablica Dominicana\">Rep\u00fablica Dominicana<\/option><option value=\"Santa L\u00facia\">Santa L\u00facia<\/option><option value=\"S\u00e3o Crist\u00f3v\u00e3o e Nevis\">S\u00e3o Crist\u00f3v\u00e3o e Nevis<\/option><option value=\"S\u00e3o Vicente e Granadinas\">S\u00e3o Vicente e Granadinas<\/option><option value=\"Suriname\">Suriname<\/option><option value=\"Trinidad e Tobago\">Trinidad e Tobago<\/option><option value=\"Uruguai\">Uruguai<\/option><option value=\"Venezuela\">Venezuela<\/option><option value=\"Outro\">Outro<\/option><\/select><\/span> <\/label><label><span class=\"wpcf7-form-control-wrap\" data-name=\"text-532\"><input size=\"40\" maxlength=\"400\" class=\"wpcf7-form-control wpcf7-text wpcf7-validates-as-required\" aria-required=\"true\" aria-invalid=\"false\" placeholder=\"Cidade\" value=\"\" type=\"text\" name=\"text-532\" \/><\/span><\/label>\n\t<\/p>\n<\/div>\n<p><label><span class=\"wpcf7-form-control-wrap\" data-name=\"textarea-747\"><input size=\"40\" maxlength=\"400\" class=\"wpcf7-form-control wpcf7-text wpcf7-validates-as-required\" aria-required=\"true\" aria-invalid=\"false\" placeholder=\"Nome da empresa*\" value=\"\" type=\"text\" name=\"textarea-747\" \/><\/span><\/label>\n<\/p>\n<p><label><span class=\"wpcf7-form-control-wrap\" data-name=\"select-271\"><select class=\"wpcf7-form-control wpcf7-select wpcf7-validates-as-required\" aria-required=\"true\" aria-invalid=\"false\" name=\"select-271\"><option value=\"\">Qual o cargo?<\/option><option value=\"Gerente\">Gerente<\/option><option value=\"Supervisor\">Supervisor<\/option><option value=\"Coordenador\">Coordenador<\/option><option value=\"Analista de compras\">Analista de compras<\/option><option value=\"Engenheiro\">Engenheiro<\/option><option value=\"Oper\u00e1rio\">Oper\u00e1rio<\/option><option value=\"Outro\">Outro<\/option><\/select><\/span><\/label>\n<\/p>\n<p><label><span class=\"wpcf7-form-control-wrap\" data-name=\"select-929\"><select class=\"wpcf7-form-control wpcf7-select wpcf7-validates-as-required\" aria-required=\"true\" aria-invalid=\"false\" name=\"select-929\"><option value=\"\">Qual o segmento?<\/option><option value=\"Manufatura\">Manufatura<\/option><option value=\"Saneamento\">Saneamento<\/option><option value=\"Automotiva\">Automotiva<\/option><option value=\"Marinha\">Marinha<\/option><option value=\"\u00d3leo e G\u00e1s\">\u00d3leo e G\u00e1s<\/option><option value=\"Qu\u00edmica\">Qu\u00edmica<\/option><option value=\"Papel e Celulose\">Papel e Celulose<\/option><option value=\"Energia\">Energia<\/option><option value=\"Aliment\u00edcia\">Aliment\u00edcia<\/option><option value=\"Farmac\u00eautica\">Farmac\u00eautica<\/option><option value=\"Minera\u00e7\u00e3o\">Minera\u00e7\u00e3o<\/option><option value=\"Metal\u00fargica\">Metal\u00fargica<\/option><option value=\"Outro\">Outro<\/option><\/select><\/span><\/label>\n<\/p>\n<p><label> <span class=\"wpcf7-form-control-wrap\" data-name=\"your-message\"><textarea cols=\"40\" rows=\"10\" maxlength=\"2000\" class=\"wpcf7-form-control wpcf7-textarea\" aria-invalid=\"false\" placeholder=\"Insira sua mensagem...\" name=\"your-message\"><\/textarea><\/span> <\/label>\n<\/p>\n<p><input class=\"wpcf7-form-control wpcf7-submit has-spinner\" type=\"submit\" value=\"Enviar mensagem\" \/>\n<\/p><div class=\"wpcf7-response-output\" aria-hidden=\"true\"><\/div>\n<\/form>\n<\/div>\n<\/div>\n","protected":false},"excerpt":{"rendered":"<p>KLINGER BRAZIL &#8211; Unidade V\u00e1rzea Paulista\/ SPAv. Duque de Caxias, 2001 \u2013 Jd. PromecaV\u00e1rzea Paulista \/ SP \u2013 Brasil \u2013 13223-025 Tel.: +55 (11) 4596-9514E-mail: vendas@klinger.com.br KLINGER BRAZIL \u2013 Unidade Cama\u00e7ari \/ BAAv. Jorge Amado, S\/N \u2013 Jardim LimoeiroCama\u00e7ari \/ BA \u2013 Brasil \u2013 42800-605 Tel.: +55 (71) 3644-1100E-mail: dailtom@klinger.com.br TRABALHE CONOSCO Fa\u00e7a parte do [&hellip;]<\/p>\n","protected":false},"author":1,"featured_media":274,"parent":0,"menu_order":0,"comment_status":"closed","ping_status":"closed","template":"","meta":{"_acf_changed":false,"footnotes":""},"class_list":["post-49","page","type-page","status-publish","has-post-thumbnail","hentry"],"acf":[],"_links":{"self":[{"href":"https:\/\/projetoslayerup.com.br\/klinger\/wp-json\/wp\/v2\/pages\/49","targetHints":{"allow":["GET"]}}],"collection":[{"href":"https:\/\/projetoslayerup.com.br\/klinger\/wp-json\/wp\/v2\/pages"}],"about":[{"href":"https:\/\/projetoslayerup.com.br\/klinger\/wp-json\/wp\/v2\/types\/page"}],"author":[{"embeddable":true,"href":"https:\/\/projetoslayerup.com.br\/klinger\/wp-json\/wp\/v2\/users\/1"}],"replies":[{"embeddable":true,"href":"https:\/\/projetoslayerup.com.br\/klinger\/wp-json\/wp\/v2\/comments?post=49"}],"version-history":[{"count":13,"href":"https:\/\/projetoslayerup.com.br\/klinger\/wp-json\/wp\/v2\/pages\/49\/revisions"}],"predecessor-version":[{"id":288,"href":"https:\/\/projetoslayerup.com.br\/klinger\/wp-json\/wp\/v2\/pages\/49\/revisions\/288"}],"wp:featuredmedia":[{"embeddable":true,"href":"https:\/\/projetoslayerup.com.br\/klinger\/wp-json\/wp\/v2\/media\/274"}],"wp:attachment":[{"href":"https:\/\/projetoslayerup.com.br\/klinger\/wp-json\/wp\/v2\/media?parent=49"}],"curies":[{"name":"wp","href":"https:\/\/api.w.org\/{rel}","templated":true}]}}