{"id":15,"date":"2025-03-24T11:18:45","date_gmt":"2025-03-24T14:18:45","guid":{"rendered":"https:\/\/projetoslayerup.com.br\/mc-bauchemie-bd\/?page_id=15"},"modified":"2025-06-26T11:36:40","modified_gmt":"2025-06-26T14:36:40","slug":"programa-mestre-construtor","status":"publish","type":"page","link":"https:\/\/projetoslayerup.com.br\/mc-bauchemie-bd\/programa-mestre-construtor\/","title":{"rendered":"Programa Mestre Construtor"},"content":{"rendered":"","protected":false},"excerpt":{"rendered":"","protected":false},"author":1,"featured_media":0,"parent":0,"menu_order":0,"comment_status":"closed","ping_status":"closed","template":"pages\/page-pmc.php","meta":{"_acf_changed":false,"inline_featured_image":false,"footnotes":""},"class_list":["post-15","page","type-page","status-publish","hentry"],"acf":[],"yoast_head":"<!-- This site is optimized with the Yoast SEO plugin v27.2 - https:\/\/yoast.com\/product\/yoast-seo-wordpress\/ -->\n<title>Mestre Construtor | MC-Bauchemie<\/title>\n<meta name=\"description\" content=\"Conhe\u00e7a Mestre Construtor: o programa de capacita\u00e7\u00e3o e relacionamento da MC-Bauchemie, criado especialmente para os profissionais da obra.\" \/>\n<meta name=\"robots\" content=\"index, follow, max-snippet:-1, max-image-preview:large, max-video-preview:-1\" \/>\n<link rel=\"canonical\" href=\"https:\/\/projetoslayerup.com.br\/mc-bauchemie-bd\/programa-mestre-construtor\/\" \/>\n<meta property=\"og:locale\" content=\"pt_BR\" \/>\n<meta property=\"og:type\" content=\"article\" \/>\n<meta property=\"og:title\" content=\"Mestre Construtor | MC-Bauchemie\" \/>\n<meta property=\"og:description\" content=\"Conhe\u00e7a Mestre Construtor: o programa de capacita\u00e7\u00e3o e relacionamento da MC-Bauchemie, criado especialmente para os profissionais da obra.\" \/>\n<meta property=\"og:url\" content=\"https:\/\/projetoslayerup.com.br\/mc-bauchemie-bd\/programa-mestre-construtor\/\" \/>\n<meta property=\"og:site_name\" content=\"Mc Bauchemie | Construir \u00e9 Cuidar\" \/>\n<meta property=\"article:modified_time\" content=\"2025-06-26T14:36:40+00:00\" \/>\n<meta property=\"og:image\" content=\"https:\/\/projetoslayerup.com.br\/mc-bauchemie-bd\/wp-content\/uploads\/2025\/03\/bg-banner-home.jpg\" \/>\n\t<meta property=\"og:image:width\" content=\"1920\" \/>\n\t<meta property=\"og:image:height\" content=\"835\" \/>\n\t<meta property=\"og:image:type\" content=\"image\/jpeg\" \/>\n<meta name=\"twitter:card\" content=\"summary_large_image\" \/>\n<script type=\"application\/ld+json\" class=\"yoast-schema-graph\">{\"@context\":\"https:\/\/schema.org\",\"@graph\":[{\"@type\":\"WebPage\",\"@id\":\"https:\/\/projetoslayerup.com.br\/mc-bauchemie-bd\/programa-mestre-construtor\/\",\"url\":\"https:\/\/projetoslayerup.com.br\/mc-bauchemie-bd\/programa-mestre-construtor\/\",\"name\":\"Mestre Construtor | MC-Bauchemie\",\"isPartOf\":{\"@id\":\"https:\/\/projetoslayerup.com.br\/mc-bauchemie-bd\/#website\"},\"datePublished\":\"2025-03-24T14:18:45+00:00\",\"dateModified\":\"2025-06-26T14:36:40+00:00\",\"description\":\"Conhe\u00e7a Mestre Construtor: o programa de capacita\u00e7\u00e3o e relacionamento da MC-Bauchemie, criado especialmente para os profissionais da obra.\",\"breadcrumb\":{\"@id\":\"https:\/\/projetoslayerup.com.br\/mc-bauchemie-bd\/programa-mestre-construtor\/#breadcrumb\"},\"inLanguage\":\"pt-BR\",\"potentialAction\":[{\"@type\":\"ReadAction\",\"target\":[\"https:\/\/projetoslayerup.com.br\/mc-bauchemie-bd\/programa-mestre-construtor\/\"]}]},{\"@type\":\"BreadcrumbList\",\"@id\":\"https:\/\/projetoslayerup.com.br\/mc-bauchemie-bd\/programa-mestre-construtor\/#breadcrumb\",\"itemListElement\":[{\"@type\":\"ListItem\",\"position\":1,\"name\":\"In\u00edcio\",\"item\":\"https:\/\/projetoslayerup.com.br\/mc-bauchemie-bd\/\"},{\"@type\":\"ListItem\",\"position\":2,\"name\":\"Programa Mestre Construtor\"}]},{\"@type\":\"WebSite\",\"@id\":\"https:\/\/projetoslayerup.com.br\/mc-bauchemie-bd\/#website\",\"url\":\"https:\/\/projetoslayerup.com.br\/mc-bauchemie-bd\/\",\"name\":\"MC Bauchemie | Construir \u00e9 Cuidar\",\"description\":\"Solu\u00e7\u00f5es para Constru\u00e7\u00e3o e Reforma\",\"alternateName\":\"MC Bauchemie | Solu\u00e7\u00f5es para Constru\u00e7\u00e3o e Reforma\",\"potentialAction\":[{\"@type\":\"SearchAction\",\"target\":{\"@type\":\"EntryPoint\",\"urlTemplate\":\"https:\/\/projetoslayerup.com.br\/mc-bauchemie-bd\/?s={search_term_string}\"},\"query-input\":{\"@type\":\"PropertyValueSpecification\",\"valueRequired\":true,\"valueName\":\"search_term_string\"}}],\"inLanguage\":\"pt-BR\"}]}<\/script>\n<!-- \/ Yoast SEO plugin. -->","yoast_head_json":{"title":"Mestre Construtor | MC-Bauchemie","description":"Conhe\u00e7a Mestre Construtor: o programa de capacita\u00e7\u00e3o e relacionamento da MC-Bauchemie, criado especialmente para os profissionais da obra.","robots":{"index":"index","follow":"follow","max-snippet":"max-snippet:-1","max-image-preview":"max-image-preview:large","max-video-preview":"max-video-preview:-1"},"canonical":"https:\/\/projetoslayerup.com.br\/mc-bauchemie-bd\/programa-mestre-construtor\/","og_locale":"pt_BR","og_type":"article","og_title":"Mestre Construtor | MC-Bauchemie","og_description":"Conhe\u00e7a Mestre Construtor: o programa de capacita\u00e7\u00e3o e relacionamento da MC-Bauchemie, criado especialmente para os profissionais da obra.","og_url":"https:\/\/projetoslayerup.com.br\/mc-bauchemie-bd\/programa-mestre-construtor\/","og_site_name":"Mc Bauchemie | Construir \u00e9 Cuidar","article_modified_time":"2025-06-26T14:36:40+00:00","og_image":[{"width":1920,"height":835,"url":"https:\/\/projetoslayerup.com.br\/mc-bauchemie-bd\/wp-content\/uploads\/2025\/03\/bg-banner-home.jpg","type":"image\/jpeg"}],"twitter_card":"summary_large_image","schema":{"@context":"https:\/\/schema.org","@graph":[{"@type":"WebPage","@id":"https:\/\/projetoslayerup.com.br\/mc-bauchemie-bd\/programa-mestre-construtor\/","url":"https:\/\/projetoslayerup.com.br\/mc-bauchemie-bd\/programa-mestre-construtor\/","name":"Mestre Construtor | MC-Bauchemie","isPartOf":{"@id":"https:\/\/projetoslayerup.com.br\/mc-bauchemie-bd\/#website"},"datePublished":"2025-03-24T14:18:45+00:00","dateModified":"2025-06-26T14:36:40+00:00","description":"Conhe\u00e7a Mestre Construtor: o programa de capacita\u00e7\u00e3o e relacionamento da MC-Bauchemie, criado especialmente para os profissionais da obra.","breadcrumb":{"@id":"https:\/\/projetoslayerup.com.br\/mc-bauchemie-bd\/programa-mestre-construtor\/#breadcrumb"},"inLanguage":"pt-BR","potentialAction":[{"@type":"ReadAction","target":["https:\/\/projetoslayerup.com.br\/mc-bauchemie-bd\/programa-mestre-construtor\/"]}]},{"@type":"BreadcrumbList","@id":"https:\/\/projetoslayerup.com.br\/mc-bauchemie-bd\/programa-mestre-construtor\/#breadcrumb","itemListElement":[{"@type":"ListItem","position":1,"name":"In\u00edcio","item":"https:\/\/projetoslayerup.com.br\/mc-bauchemie-bd\/"},{"@type":"ListItem","position":2,"name":"Programa Mestre Construtor"}]},{"@type":"WebSite","@id":"https:\/\/projetoslayerup.com.br\/mc-bauchemie-bd\/#website","url":"https:\/\/projetoslayerup.com.br\/mc-bauchemie-bd\/","name":"MC Bauchemie | Construir \u00e9 Cuidar","description":"Solu\u00e7\u00f5es para Constru\u00e7\u00e3o e Reforma","alternateName":"MC Bauchemie | Solu\u00e7\u00f5es para Constru\u00e7\u00e3o e Reforma","potentialAction":[{"@type":"SearchAction","target":{"@type":"EntryPoint","urlTemplate":"https:\/\/projetoslayerup.com.br\/mc-bauchemie-bd\/?s={search_term_string}"},"query-input":{"@type":"PropertyValueSpecification","valueRequired":true,"valueName":"search_term_string"}}],"inLanguage":"pt-BR"}]}},"_links":{"self":[{"href":"https:\/\/projetoslayerup.com.br\/mc-bauchemie-bd\/wp-json\/wp\/v2\/pages\/15","targetHints":{"allow":["GET"]}}],"collection":[{"href":"https:\/\/projetoslayerup.com.br\/mc-bauchemie-bd\/wp-json\/wp\/v2\/pages"}],"about":[{"href":"https:\/\/projetoslayerup.com.br\/mc-bauchemie-bd\/wp-json\/wp\/v2\/types\/page"}],"author":[{"embeddable":true,"href":"https:\/\/projetoslayerup.com.br\/mc-bauchemie-bd\/wp-json\/wp\/v2\/users\/1"}],"replies":[{"embeddable":true,"href":"https:\/\/projetoslayerup.com.br\/mc-bauchemie-bd\/wp-json\/wp\/v2\/comments?post=15"}],"version-history":[{"count":24,"href":"https:\/\/projetoslayerup.com.br\/mc-bauchemie-bd\/wp-json\/wp\/v2\/pages\/15\/revisions"}],"predecessor-version":[{"id":909,"href":"https:\/\/projetoslayerup.com.br\/mc-bauchemie-bd\/wp-json\/wp\/v2\/pages\/15\/revisions\/909"}],"wp:attachment":[{"href":"https:\/\/projetoslayerup.com.br\/mc-bauchemie-bd\/wp-json\/wp\/v2\/media?parent=15"}],"curies":[{"name":"wp","href":"https:\/\/api.w.org\/{rel}","templated":true}]}}