{"id":7,"date":"2025-03-24T11:18:12","date_gmt":"2025-03-24T14:18:12","guid":{"rendered":"https:\/\/projetoslayerup.com.br\/mc-bauchemie-bd\/?page_id=7"},"modified":"2025-06-25T16:38:51","modified_gmt":"2025-06-25T19:38:51","slug":"home","status":"publish","type":"page","link":"https:\/\/projetoslayerup.com.br\/mc-bauchemie-bd\/","title":{"rendered":"Home"},"content":{"rendered":"","protected":false},"excerpt":{"rendered":"","protected":false},"author":1,"featured_media":0,"parent":0,"menu_order":0,"comment_status":"closed","ping_status":"closed","template":"pages\/page-home.php","meta":{"_acf_changed":false,"inline_featured_image":false,"footnotes":""},"class_list":["post-7","page","type-page","status-publish","hentry"],"acf":[],"yoast_head":"<!-- This site is optimized with the Yoast SEO plugin v27.2 - https:\/\/yoast.com\/product\/yoast-seo-wordpress\/ -->\n<title>Constru\u00e7\u00e3o e reforma com o melhor da tecnologia alem\u00e3<\/title>\n<meta name=\"description\" content=\"Quando o assunto \u00e9 constru\u00e7\u00e3o e reforma, voc\u00ea pode contar com a MC-Bauchemie. Solu\u00e7\u00f5es com tecnologia alem\u00e3, suporte t\u00e9cnico e muito mais.\" \/>\n<meta name=\"robots\" content=\"index, follow, max-snippet:-1, max-image-preview:large, max-video-preview:-1\" \/>\n<link rel=\"canonical\" href=\"https:\/\/projetoslayerup.com.br\/mc-bauchemie-bd\/\" \/>\n<meta property=\"og:locale\" content=\"pt_BR\" \/>\n<meta property=\"og:type\" content=\"article\" \/>\n<meta property=\"og:title\" content=\"Constru\u00e7\u00e3o e reforma com o melhor da tecnologia alem\u00e3\" \/>\n<meta property=\"og:description\" content=\"Quando o assunto \u00e9 constru\u00e7\u00e3o e reforma, voc\u00ea pode contar com a MC-Bauchemie. Solu\u00e7\u00f5es com tecnologia alem\u00e3, suporte t\u00e9cnico e muito mais.\" \/>\n<meta property=\"og:url\" content=\"https:\/\/projetoslayerup.com.br\/mc-bauchemie-bd\/\" \/>\n<meta property=\"og:site_name\" content=\"Mc Bauchemie | Construir \u00e9 Cuidar\" \/>\n<meta property=\"article:modified_time\" content=\"2025-06-25T19:38:51+00:00\" \/>\n<meta property=\"og:image\" content=\"https:\/\/projetoslayerup.com.br\/mc-bauchemie-bd\/wp-content\/uploads\/2025\/03\/bg-banner-home.jpg\" \/>\n\t<meta property=\"og:image:width\" content=\"1920\" \/>\n\t<meta property=\"og:image:height\" content=\"835\" \/>\n\t<meta property=\"og:image:type\" content=\"image\/jpeg\" \/>\n<meta name=\"twitter:card\" content=\"summary_large_image\" \/>\n<script type=\"application\/ld+json\" class=\"yoast-schema-graph\">{\"@context\":\"https:\/\/schema.org\",\"@graph\":[{\"@type\":\"WebPage\",\"@id\":\"https:\/\/projetoslayerup.com.br\/mc-bauchemie-bd\/\",\"url\":\"https:\/\/projetoslayerup.com.br\/mc-bauchemie-bd\/\",\"name\":\"Constru\u00e7\u00e3o e reforma com o melhor da tecnologia alem\u00e3\",\"isPartOf\":{\"@id\":\"https:\/\/projetoslayerup.com.br\/mc-bauchemie-bd\/#website\"},\"datePublished\":\"2025-03-24T14:18:12+00:00\",\"dateModified\":\"2025-06-25T19:38:51+00:00\",\"description\":\"Quando o assunto \u00e9 constru\u00e7\u00e3o e reforma, voc\u00ea pode contar com a MC-Bauchemie. Solu\u00e7\u00f5es com tecnologia alem\u00e3, suporte t\u00e9cnico e muito mais.\",\"breadcrumb\":{\"@id\":\"https:\/\/projetoslayerup.com.br\/mc-bauchemie-bd\/#breadcrumb\"},\"inLanguage\":\"pt-BR\",\"potentialAction\":[{\"@type\":\"ReadAction\",\"target\":[\"https:\/\/projetoslayerup.com.br\/mc-bauchemie-bd\/\"]}]},{\"@type\":\"BreadcrumbList\",\"@id\":\"https:\/\/projetoslayerup.com.br\/mc-bauchemie-bd\/#breadcrumb\",\"itemListElement\":[{\"@type\":\"ListItem\",\"position\":1,\"name\":\"In\u00edcio\",\"item\":\"https:\/\/projetoslayerup.com.br\/mc-bauchemie-bd\/\"},{\"@type\":\"ListItem\",\"position\":2,\"name\":\"Home\"}]},{\"@type\":\"WebSite\",\"@id\":\"https:\/\/projetoslayerup.com.br\/mc-bauchemie-bd\/#website\",\"url\":\"https:\/\/projetoslayerup.com.br\/mc-bauchemie-bd\/\",\"name\":\"MC Bauchemie | Construir \u00e9 Cuidar\",\"description\":\"Solu\u00e7\u00f5es para Constru\u00e7\u00e3o e Reforma\",\"alternateName\":\"MC Bauchemie | Solu\u00e7\u00f5es para Constru\u00e7\u00e3o e Reforma\",\"potentialAction\":[{\"@type\":\"SearchAction\",\"target\":{\"@type\":\"EntryPoint\",\"urlTemplate\":\"https:\/\/projetoslayerup.com.br\/mc-bauchemie-bd\/?s={search_term_string}\"},\"query-input\":{\"@type\":\"PropertyValueSpecification\",\"valueRequired\":true,\"valueName\":\"search_term_string\"}}],\"inLanguage\":\"pt-BR\"}]}<\/script>\n<!-- \/ Yoast SEO plugin. -->","yoast_head_json":{"title":"Constru\u00e7\u00e3o e reforma com o melhor da tecnologia alem\u00e3","description":"Quando o assunto \u00e9 constru\u00e7\u00e3o e reforma, voc\u00ea pode contar com a MC-Bauchemie. Solu\u00e7\u00f5es com tecnologia alem\u00e3, suporte t\u00e9cnico e muito mais.","robots":{"index":"index","follow":"follow","max-snippet":"max-snippet:-1","max-image-preview":"max-image-preview:large","max-video-preview":"max-video-preview:-1"},"canonical":"https:\/\/projetoslayerup.com.br\/mc-bauchemie-bd\/","og_locale":"pt_BR","og_type":"article","og_title":"Constru\u00e7\u00e3o e reforma com o melhor da tecnologia alem\u00e3","og_description":"Quando o assunto \u00e9 constru\u00e7\u00e3o e reforma, voc\u00ea pode contar com a MC-Bauchemie. Solu\u00e7\u00f5es com tecnologia alem\u00e3, suporte t\u00e9cnico e muito mais.","og_url":"https:\/\/projetoslayerup.com.br\/mc-bauchemie-bd\/","og_site_name":"Mc Bauchemie | Construir \u00e9 Cuidar","article_modified_time":"2025-06-25T19:38:51+00:00","og_image":[{"width":1920,"height":835,"url":"https:\/\/projetoslayerup.com.br\/mc-bauchemie-bd\/wp-content\/uploads\/2025\/03\/bg-banner-home.jpg","type":"image\/jpeg"}],"twitter_card":"summary_large_image","schema":{"@context":"https:\/\/schema.org","@graph":[{"@type":"WebPage","@id":"https:\/\/projetoslayerup.com.br\/mc-bauchemie-bd\/","url":"https:\/\/projetoslayerup.com.br\/mc-bauchemie-bd\/","name":"Constru\u00e7\u00e3o e reforma com o melhor da tecnologia alem\u00e3","isPartOf":{"@id":"https:\/\/projetoslayerup.com.br\/mc-bauchemie-bd\/#website"},"datePublished":"2025-03-24T14:18:12+00:00","dateModified":"2025-06-25T19:38:51+00:00","description":"Quando o assunto \u00e9 constru\u00e7\u00e3o e reforma, voc\u00ea pode contar com a MC-Bauchemie. Solu\u00e7\u00f5es com tecnologia alem\u00e3, suporte t\u00e9cnico e muito mais.","breadcrumb":{"@id":"https:\/\/projetoslayerup.com.br\/mc-bauchemie-bd\/#breadcrumb"},"inLanguage":"pt-BR","potentialAction":[{"@type":"ReadAction","target":["https:\/\/projetoslayerup.com.br\/mc-bauchemie-bd\/"]}]},{"@type":"BreadcrumbList","@id":"https:\/\/projetoslayerup.com.br\/mc-bauchemie-bd\/#breadcrumb","itemListElement":[{"@type":"ListItem","position":1,"name":"In\u00edcio","item":"https:\/\/projetoslayerup.com.br\/mc-bauchemie-bd\/"},{"@type":"ListItem","position":2,"name":"Home"}]},{"@type":"WebSite","@id":"https:\/\/projetoslayerup.com.br\/mc-bauchemie-bd\/#website","url":"https:\/\/projetoslayerup.com.br\/mc-bauchemie-bd\/","name":"MC Bauchemie | Construir \u00e9 Cuidar","description":"Solu\u00e7\u00f5es para Constru\u00e7\u00e3o e Reforma","alternateName":"MC Bauchemie | Solu\u00e7\u00f5es para Constru\u00e7\u00e3o e Reforma","potentialAction":[{"@type":"SearchAction","target":{"@type":"EntryPoint","urlTemplate":"https:\/\/projetoslayerup.com.br\/mc-bauchemie-bd\/?s={search_term_string}"},"query-input":{"@type":"PropertyValueSpecification","valueRequired":true,"valueName":"search_term_string"}}],"inLanguage":"pt-BR"}]}},"_links":{"self":[{"href":"https:\/\/projetoslayerup.com.br\/mc-bauchemie-bd\/wp-json\/wp\/v2\/pages\/7","targetHints":{"allow":["GET"]}}],"collection":[{"href":"https:\/\/projetoslayerup.com.br\/mc-bauchemie-bd\/wp-json\/wp\/v2\/pages"}],"about":[{"href":"https:\/\/projetoslayerup.com.br\/mc-bauchemie-bd\/wp-json\/wp\/v2\/types\/page"}],"author":[{"embeddable":true,"href":"https:\/\/projetoslayerup.com.br\/mc-bauchemie-bd\/wp-json\/wp\/v2\/users\/1"}],"replies":[{"embeddable":true,"href":"https:\/\/projetoslayerup.com.br\/mc-bauchemie-bd\/wp-json\/wp\/v2\/comments?post=7"}],"version-history":[{"count":67,"href":"https:\/\/projetoslayerup.com.br\/mc-bauchemie-bd\/wp-json\/wp\/v2\/pages\/7\/revisions"}],"predecessor-version":[{"id":997,"href":"https:\/\/projetoslayerup.com.br\/mc-bauchemie-bd\/wp-json\/wp\/v2\/pages\/7\/revisions\/997"}],"wp:attachment":[{"href":"https:\/\/projetoslayerup.com.br\/mc-bauchemie-bd\/wp-json\/wp\/v2\/media?parent=7"}],"curies":[{"name":"wp","href":"https:\/\/api.w.org\/{rel}","templated":true}]}}