{"id":1024,"date":"2025-11-10T10:40:14","date_gmt":"2025-11-10T13:40:14","guid":{"rendered":"https:\/\/projetoslayerup.com.br\/metalife\/?post_type=product&#038;p=1024"},"modified":"2025-11-10T10:40:14","modified_gmt":"2025-11-10T13:40:14","slug":"certificacao-five-em-curitiba-16-07-2022","status":"publish","type":"product","link":"https:\/\/projetoslayerup.com.br\/metalife\/product\/certificacao-five-em-curitiba-16-07-2022\/","title":{"rendered":"Certifica\u00e7\u00e3o Five em Curitiba 16\/07\/2022"},"content":{"rendered":"<h2><strong>Curso de Certifica\u00e7\u00e3o FIVE KONZEPT em Curitiba dia 16\/07\/2022<br \/>\n<\/strong><\/h2>\n<p>Com Certificado + apostila de exerc\u00edcios + camiseta exclusiva + v\u00eddeos dos equipamentos.<\/p>\n<p><strong>ATEN\u00c7\u00c3O: O curso necessita de um n\u00famero m\u00ednimo de 20 alunos, se a turma n\u00e3o completar o m\u00ednimo de 20 alunos, automaticamente todos ser\u00e3o passados para o curso do m\u00eas seguinte.<\/strong><\/p>\n<p><strong>Treinadora Oficial:<\/strong> Franciele Casarin<\/p>\n<p>Especialista em Fisiologia do exerc\u00edcio, propriet\u00e1ria do INSTITUO VENEL \u2013 Ortopedia e Movimento. Forma\u00e7\u00e3o completa em Five Konzept.<\/p>\n<p><strong>Data:<\/strong> 16\/07\/2022<\/p>\n<p><strong>Carga hor\u00e1ria:<\/strong> das 08:30h \u00e0s 13:30h<\/p>\n<p><strong>Local:<\/strong> Renove Fitness e Bem-Estar, Rua Dr. Faivre, 995 \u2013 Centro &#8211; Curitiba &#8211; PR<\/p>\n<p><strong>Sobre o FIVE KONZEPT: <\/strong>O m\u00e9todo Five atua na preven\u00e7\u00e3o e no al\u00edvio de dores nas costas e nas articula\u00e7\u00f5es. Ele utiliza t\u00e9cnicas de prolongamento das cadeias musculares. Como atinge m\u00fasculos e f\u00e1scias, melhora todo o sistema articular por meio de movimentos naturais. Tamb\u00e9m age diretamente nas les\u00f5es estruturais e elimina desconfortos articulares por meio da melhora da mobilidade. O curso aborda a parte te\u00f3rica e aplica os conceitos em uma sequ\u00eancia completa de exerc\u00edcios.<\/p>\n<p><strong>Quem pode fazer o curso: <\/strong>Profissionais e estudantes (a partir do 5\u00ba per\u00edodo) de Educa\u00e7\u00e3o F\u00edsica e Fisioterapia.<\/p>\n<p>&nbsp;<\/p>\n<h3><strong>Conte\u00fado program\u00e1tico<\/strong><\/h3>\n<p><strong>Parte te\u00f3rica:<\/strong><\/p>\n<p>O que \u00e9 o Five e como foi desenvolvido<\/p>\n<p>Pra que serve e diferenciais<\/p>\n<p>Explicando a dor<\/p>\n<p>Conceito de cadeias (anterior, posterior e cruzada)<\/p>\n<p>&nbsp;<\/p>\n<p><strong>Parte pr\u00e1tica:<\/strong><\/p>\n<p>Apresenta\u00e7\u00e3o dos equipamentos<\/p>\n<p>Como usar cada equipamento<\/p>\n<p>Experimentando cada equipamento<\/p>\n<p>Exerc\u00edcios solo<\/p>\n","protected":false},"excerpt":{"rendered":"<p>Certifica\u00e7\u00e3o Five em Curitiba 16\/07\/2022 com Certificado + apostila de exerc\u00edcios + camiseta exclusiva + v\u00eddeos dos equipamentos.<\/p>\n","protected":false},"featured_media":1063,"template":"","meta":{"_acf_changed":false,"inline_featured_image":false},"product_brand":[],"product_cat":[21],"product_tag":[69],"class_list":{"0":"post-1024","1":"product","2":"type-product","3":"status-publish","4":"has-post-thumbnail","6":"product_cat-acessorios","7":"product_tag-five-konzept","9":"first","10":"outofstock","11":"virtual","12":"purchasable","13":"product-type-simple"},"acf":[],"yoast_head":"<!-- This site is optimized with the Yoast SEO plugin v27.2 - https:\/\/yoast.com\/product\/yoast-seo-wordpress\/ -->\n<title>Certifica\u00e7\u00e3o Five em Curitiba 16\/07\/2022 - Metalife<\/title>\n<meta name=\"robots\" content=\"noindex, follow, max-snippet:-1, max-image-preview:large, max-video-preview:-1\" \/>\n<meta property=\"og:locale\" content=\"pt_BR\" \/>\n<meta property=\"og:type\" content=\"article\" \/>\n<meta property=\"og:title\" content=\"Certifica\u00e7\u00e3o Five em Curitiba 16\/07\/2022 - Metalife\" \/>\n<meta property=\"og:description\" content=\"Certifica\u00e7\u00e3o Five em Curitiba 16\/07\/2022 com Certificado + apostila de exerc\u00edcios + camiseta exclusiva + v\u00eddeos dos equipamentos.\" \/>\n<meta property=\"og:url\" content=\"https:\/\/projetoslayerup.com.br\/metalife\/product\/certificacao-five-em-curitiba-16-07-2022\/\" \/>\n<meta property=\"og:site_name\" content=\"Metalife\" \/>\n<meta property=\"article:publisher\" content=\"https:\/\/www.facebook.com\/MetalifePilates\" \/>\n<meta property=\"og:image\" content=\"https:\/\/projetoslayerup.com.br\/metalife\/wp-content\/uploads\/2025\/11\/1744217809221716339.jpg\" \/>\n\t<meta property=\"og:image:width\" content=\"1080\" \/>\n\t<meta property=\"og:image:height\" content=\"1080\" \/>\n\t<meta property=\"og:image:type\" content=\"image\/jpeg\" \/>\n<meta name=\"twitter:card\" content=\"summary_large_image\" \/>\n<meta name=\"twitter:label1\" content=\"Est. tempo de leitura\" \/>\n\t<meta name=\"twitter:data1\" content=\"1 minuto\" \/>\n<script type=\"application\/ld+json\" class=\"yoast-schema-graph\">{\"@context\":\"https:\/\/schema.org\",\"@graph\":[{\"@type\":\"WebPage\",\"@id\":\"https:\/\/projetoslayerup.com.br\/metalife\/product\/certificacao-five-em-curitiba-16-07-2022\/\",\"url\":\"https:\/\/projetoslayerup.com.br\/metalife\/product\/certificacao-five-em-curitiba-16-07-2022\/\",\"name\":\"Certifica\u00e7\u00e3o Five em Curitiba 16\/07\/2022 - Metalife\",\"isPartOf\":{\"@id\":\"https:\/\/projetoslayerup.com.br\/metalife\/#website\"},\"primaryImageOfPage\":{\"@id\":\"https:\/\/projetoslayerup.com.br\/metalife\/product\/certificacao-five-em-curitiba-16-07-2022\/#primaryimage\"},\"image\":{\"@id\":\"https:\/\/projetoslayerup.com.br\/metalife\/product\/certificacao-five-em-curitiba-16-07-2022\/#primaryimage\"},\"thumbnailUrl\":\"https:\/\/projetoslayerup.com.br\/metalife\/wp-content\/uploads\/2025\/11\/1744217809221716339.jpg\",\"datePublished\":\"2025-11-10T13:40:14+00:00\",\"breadcrumb\":{\"@id\":\"https:\/\/projetoslayerup.com.br\/metalife\/product\/certificacao-five-em-curitiba-16-07-2022\/#breadcrumb\"},\"inLanguage\":\"pt-BR\",\"potentialAction\":[{\"@type\":\"ReadAction\",\"target\":[\"https:\/\/projetoslayerup.com.br\/metalife\/product\/certificacao-five-em-curitiba-16-07-2022\/\"]}]},{\"@type\":\"ImageObject\",\"inLanguage\":\"pt-BR\",\"@id\":\"https:\/\/projetoslayerup.com.br\/metalife\/product\/certificacao-five-em-curitiba-16-07-2022\/#primaryimage\",\"url\":\"https:\/\/projetoslayerup.com.br\/metalife\/wp-content\/uploads\/2025\/11\/1744217809221716339.jpg\",\"contentUrl\":\"https:\/\/projetoslayerup.com.br\/metalife\/wp-content\/uploads\/2025\/11\/1744217809221716339.jpg\",\"width\":1080,\"height\":1080},{\"@type\":\"BreadcrumbList\",\"@id\":\"https:\/\/projetoslayerup.com.br\/metalife\/product\/certificacao-five-em-curitiba-16-07-2022\/#breadcrumb\",\"itemListElement\":[{\"@type\":\"ListItem\",\"position\":1,\"name\":\"In\u00edcio\",\"item\":\"https:\/\/projetoslayerup.com.br\/metalife\/\"},{\"@type\":\"ListItem\",\"position\":2,\"name\":\"Produtos\",\"item\":\"https:\/\/projetoslayerup.com.br\/metalife\/produtos\/\"},{\"@type\":\"ListItem\",\"position\":3,\"name\":\"Certifica\u00e7\u00e3o Five em Curitiba 16\/07\/2022\"}]},{\"@type\":\"WebSite\",\"@id\":\"https:\/\/projetoslayerup.com.br\/metalife\/#website\",\"url\":\"https:\/\/projetoslayerup.com.br\/metalife\/\",\"name\":\"MetaLife\",\"description\":\"\",\"publisher\":{\"@id\":\"https:\/\/projetoslayerup.com.br\/metalife\/#organization\"},\"potentialAction\":[{\"@type\":\"SearchAction\",\"target\":{\"@type\":\"EntryPoint\",\"urlTemplate\":\"https:\/\/projetoslayerup.com.br\/metalife\/?s={search_term_string}\"},\"query-input\":{\"@type\":\"PropertyValueSpecification\",\"valueRequired\":true,\"valueName\":\"search_term_string\"}}],\"inLanguage\":\"pt-BR\"},{\"@type\":\"Organization\",\"@id\":\"https:\/\/projetoslayerup.com.br\/metalife\/#organization\",\"name\":\"MetaLife\",\"url\":\"https:\/\/projetoslayerup.com.br\/metalife\/\",\"logo\":{\"@type\":\"ImageObject\",\"inLanguage\":\"pt-BR\",\"@id\":\"https:\/\/projetoslayerup.com.br\/metalife\/#\/schema\/logo\/image\/\",\"url\":\"https:\/\/projetoslayerup.com.br\/metalife\/wp-content\/uploads\/2025\/11\/logo-header-blog.png\",\"contentUrl\":\"https:\/\/projetoslayerup.com.br\/metalife\/wp-content\/uploads\/2025\/11\/logo-header-blog.png\",\"width\":180,\"height\":38,\"caption\":\"MetaLife\"},\"image\":{\"@id\":\"https:\/\/projetoslayerup.com.br\/metalife\/#\/schema\/logo\/image\/\"},\"sameAs\":[\"https:\/\/www.facebook.com\/MetalifePilates\",\"https:\/\/www.instagram.com\/metalifepilates\/\",\"https:\/\/br.pinterest.com\/metalifepilates\/\",\"https:\/\/www.linkedin.com\/company\/metalife\"]}]}<\/script>\n<!-- \/ Yoast SEO plugin. -->","yoast_head_json":{"title":"Certifica\u00e7\u00e3o Five em Curitiba 16\/07\/2022 - Metalife","robots":{"index":"noindex","follow":"follow","max-snippet":"max-snippet:-1","max-image-preview":"max-image-preview:large","max-video-preview":"max-video-preview:-1"},"og_locale":"pt_BR","og_type":"article","og_title":"Certifica\u00e7\u00e3o Five em Curitiba 16\/07\/2022 - Metalife","og_description":"Certifica\u00e7\u00e3o Five em Curitiba 16\/07\/2022 com Certificado + apostila de exerc\u00edcios + camiseta exclusiva + v\u00eddeos dos equipamentos.","og_url":"https:\/\/projetoslayerup.com.br\/metalife\/product\/certificacao-five-em-curitiba-16-07-2022\/","og_site_name":"Metalife","article_publisher":"https:\/\/www.facebook.com\/MetalifePilates","og_image":[{"width":1080,"height":1080,"url":"https:\/\/projetoslayerup.com.br\/metalife\/wp-content\/uploads\/2025\/11\/1744217809221716339.jpg","type":"image\/jpeg"}],"twitter_card":"summary_large_image","twitter_misc":{"Est. tempo de leitura":"1 minuto"},"schema":{"@context":"https:\/\/schema.org","@graph":[{"@type":"WebPage","@id":"https:\/\/projetoslayerup.com.br\/metalife\/product\/certificacao-five-em-curitiba-16-07-2022\/","url":"https:\/\/projetoslayerup.com.br\/metalife\/product\/certificacao-five-em-curitiba-16-07-2022\/","name":"Certifica\u00e7\u00e3o Five em Curitiba 16\/07\/2022 - Metalife","isPartOf":{"@id":"https:\/\/projetoslayerup.com.br\/metalife\/#website"},"primaryImageOfPage":{"@id":"https:\/\/projetoslayerup.com.br\/metalife\/product\/certificacao-five-em-curitiba-16-07-2022\/#primaryimage"},"image":{"@id":"https:\/\/projetoslayerup.com.br\/metalife\/product\/certificacao-five-em-curitiba-16-07-2022\/#primaryimage"},"thumbnailUrl":"https:\/\/projetoslayerup.com.br\/metalife\/wp-content\/uploads\/2025\/11\/1744217809221716339.jpg","datePublished":"2025-11-10T13:40:14+00:00","breadcrumb":{"@id":"https:\/\/projetoslayerup.com.br\/metalife\/product\/certificacao-five-em-curitiba-16-07-2022\/#breadcrumb"},"inLanguage":"pt-BR","potentialAction":[{"@type":"ReadAction","target":["https:\/\/projetoslayerup.com.br\/metalife\/product\/certificacao-five-em-curitiba-16-07-2022\/"]}]},{"@type":"ImageObject","inLanguage":"pt-BR","@id":"https:\/\/projetoslayerup.com.br\/metalife\/product\/certificacao-five-em-curitiba-16-07-2022\/#primaryimage","url":"https:\/\/projetoslayerup.com.br\/metalife\/wp-content\/uploads\/2025\/11\/1744217809221716339.jpg","contentUrl":"https:\/\/projetoslayerup.com.br\/metalife\/wp-content\/uploads\/2025\/11\/1744217809221716339.jpg","width":1080,"height":1080},{"@type":"BreadcrumbList","@id":"https:\/\/projetoslayerup.com.br\/metalife\/product\/certificacao-five-em-curitiba-16-07-2022\/#breadcrumb","itemListElement":[{"@type":"ListItem","position":1,"name":"In\u00edcio","item":"https:\/\/projetoslayerup.com.br\/metalife\/"},{"@type":"ListItem","position":2,"name":"Produtos","item":"https:\/\/projetoslayerup.com.br\/metalife\/produtos\/"},{"@type":"ListItem","position":3,"name":"Certifica\u00e7\u00e3o Five em Curitiba 16\/07\/2022"}]},{"@type":"WebSite","@id":"https:\/\/projetoslayerup.com.br\/metalife\/#website","url":"https:\/\/projetoslayerup.com.br\/metalife\/","name":"MetaLife","description":"","publisher":{"@id":"https:\/\/projetoslayerup.com.br\/metalife\/#organization"},"potentialAction":[{"@type":"SearchAction","target":{"@type":"EntryPoint","urlTemplate":"https:\/\/projetoslayerup.com.br\/metalife\/?s={search_term_string}"},"query-input":{"@type":"PropertyValueSpecification","valueRequired":true,"valueName":"search_term_string"}}],"inLanguage":"pt-BR"},{"@type":"Organization","@id":"https:\/\/projetoslayerup.com.br\/metalife\/#organization","name":"MetaLife","url":"https:\/\/projetoslayerup.com.br\/metalife\/","logo":{"@type":"ImageObject","inLanguage":"pt-BR","@id":"https:\/\/projetoslayerup.com.br\/metalife\/#\/schema\/logo\/image\/","url":"https:\/\/projetoslayerup.com.br\/metalife\/wp-content\/uploads\/2025\/11\/logo-header-blog.png","contentUrl":"https:\/\/projetoslayerup.com.br\/metalife\/wp-content\/uploads\/2025\/11\/logo-header-blog.png","width":180,"height":38,"caption":"MetaLife"},"image":{"@id":"https:\/\/projetoslayerup.com.br\/metalife\/#\/schema\/logo\/image\/"},"sameAs":["https:\/\/www.facebook.com\/MetalifePilates","https:\/\/www.instagram.com\/metalifepilates\/","https:\/\/br.pinterest.com\/metalifepilates\/","https:\/\/www.linkedin.com\/company\/metalife"]}]}},"_links":{"self":[{"href":"https:\/\/projetoslayerup.com.br\/metalife\/wp-json\/wp\/v2\/product\/1024","targetHints":{"allow":["GET"]}}],"collection":[{"href":"https:\/\/projetoslayerup.com.br\/metalife\/wp-json\/wp\/v2\/product"}],"about":[{"href":"https:\/\/projetoslayerup.com.br\/metalife\/wp-json\/wp\/v2\/types\/product"}],"wp:featuredmedia":[{"embeddable":true,"href":"https:\/\/projetoslayerup.com.br\/metalife\/wp-json\/wp\/v2\/media\/1063"}],"wp:attachment":[{"href":"https:\/\/projetoslayerup.com.br\/metalife\/wp-json\/wp\/v2\/media?parent=1024"}],"wp:term":[{"taxonomy":"product_brand","embeddable":true,"href":"https:\/\/projetoslayerup.com.br\/metalife\/wp-json\/wp\/v2\/product_brand?post=1024"},{"taxonomy":"product_cat","embeddable":true,"href":"https:\/\/projetoslayerup.com.br\/metalife\/wp-json\/wp\/v2\/product_cat?post=1024"},{"taxonomy":"product_tag","embeddable":true,"href":"https:\/\/projetoslayerup.com.br\/metalife\/wp-json\/wp\/v2\/product_tag?post=1024"}],"curies":[{"name":"wp","href":"https:\/\/api.w.org\/{rel}","templated":true}]}}