{"id":1037,"date":"2025-11-10T10:40:14","date_gmt":"2025-11-10T13:40:14","guid":{"rendered":"https:\/\/projetoslayerup.com.br\/metalife\/?post_type=product&#038;p=1037"},"modified":"2025-11-10T10:40:14","modified_gmt":"2025-11-10T13:40:14","slug":"ingresso-fabrica-de-ideias-17-06-2022","status":"publish","type":"product","link":"https:\/\/projetoslayerup.com.br\/metalife\/product\/ingresso-fabrica-de-ideias-17-06-2022\/","title":{"rendered":"Ingresso F\u00e1brica de Ideias &#8211; 17\/06\/2022"},"content":{"rendered":"<p>Garanta seu ingresso para o F\u00e1brica de Ideias MetaLife, o t\u00e3o esperado evento de Pilates de 2022!!!<\/p>\n<p>Ser\u00e1 um dia repleto de <strong>novidades<\/strong>, <strong>workshops<\/strong>, certifica\u00e7\u00f5es e uma palestra incr\u00edvel com uma das maiores refer\u00eancias do Pilates no mundo,<strong> Kathy Corey<\/strong>!<\/p>\n<p>Teremos o lan\u00e7amento de uma nova linha de equipamentos em primeira m\u00e3o e para fechar com chave de ouro, um show exclusivo do <strong>Jota Quest<\/strong>!!<\/p>\n<p><strong>N\u00e3o perca essa oportunidade \u00fanica, garanta agora mesmo sua presen\u00e7a!!<\/strong><\/p>\n<p><strong>Local<\/strong>: Audio Club (Av. Francisco Matarazzo, 694 &#8211; S\u00e3o Paulo\/SP | CEP 050001-000)<\/p>\n<p>Programa\u00e7\u00e3o:<\/p>\n<p>O evento come\u00e7a as 10:30h do dia 17\/06\/2022 e teremos 3 ambientes diferentes, cada um com a sua agenda.<\/p>\n<p><strong>Espa\u00e7o Stage:<\/strong><\/p>\n<table width=\"905\">\n<tbody>\n<tr>\n<td width=\"127\">Hor\u00e1rio de Inicio<\/td>\n<td width=\"145\">Hor\u00e1rio de Termino<\/td>\n<td width=\"215\">Profissional<\/td>\n<td width=\"418\">Tema<\/td>\n<\/tr>\n<tr>\n<td width=\"127\">\n<p data-ccp-timestamp=\"1651847211846\">11h<\/p>\n<\/td>\n<td width=\"145\">12:30<\/td>\n<td width=\"215\">Tati Capuani<\/td>\n<td width=\"418\">Porque aprender mais Repert\u00f3rio te impede de se tornar um Profissional Refer\u00eancia em Pilates<\/td>\n<\/tr>\n<tr>\n<td width=\"127\">12:30<\/td>\n<td width=\"145\">14:00<\/td>\n<td width=\"215\">Janaina Cintas<\/td>\n<td width=\"418\">Workshop de Mat Pilates &#8211; Otimizando suas aulas de MAT PILATES, atrav\u00e9s da Biomec\u00e2nica.<\/td>\n<\/tr>\n<tr>\n<td width=\"127\">14:15<\/td>\n<td width=\"145\">15:15<\/td>\n<td width=\"215\">Rafa Palmieri<\/td>\n<td width=\"418\">Flexibilidade no pilates com equipamentos MetaLife<\/td>\n<\/tr>\n<tr>\n<td width=\"127\">17;30<\/td>\n<td width=\"145\">19:30<\/td>\n<td width=\"215\">Kathy Corey<\/td>\n<td width=\"418\">Equipamentos : Corpo e Mente com Pilates<\/td>\n<\/tr>\n<tr>\n<td width=\"127\">19:30<\/td>\n<td width=\"145\">19:45<\/td>\n<td width=\"215\">Rosana Diniz<\/td>\n<td width=\"418\">Lan\u00e7amento da Linha Cl\u00e1ssica<\/td>\n<\/tr>\n<tr>\n<td width=\"127\">19:45<\/td>\n<td width=\"145\">20:25<\/td>\n<td width=\"215\">Marcelo Martines<\/td>\n<td width=\"418\">Momento Novidade MetaLife<\/td>\n<\/tr>\n<tr>\n<td width=\"127\">20:25<\/td>\n<td width=\"145\">20:30<\/td>\n<td width=\"215\">Jo\u00e3o Carlos e Paulo di Bernardi<\/td>\n<td width=\"418\">Anivers\u00e1rio de 18 Anos MetaLife<\/td>\n<\/tr>\n<tr>\n<td width=\"127\">21:00<\/td>\n<td width=\"145\">22:30<\/td>\n<td width=\"215\">Jota Quest<\/td>\n<td width=\"418\">SHOW DO JOTA QUEST<\/td>\n<\/tr>\n<\/tbody>\n<\/table>\n<p>&nbsp;<\/p>\n<p><strong>Espa\u00e7o Club:<\/strong><\/p>\n<table width=\"905\">\n<tbody>\n<tr>\n<td width=\"127\">Hor\u00e1rio de Inicio<\/td>\n<td width=\"145\">Hor\u00e1rio de Termino<\/td>\n<td width=\"215\">Profissional<\/td>\n<td width=\"418\">Tema<\/td>\n<\/tr>\n<tr>\n<td>11h<\/td>\n<td>12h<\/td>\n<td>FourFisio<\/td>\n<td>Constru\u00e7\u00e3o de sequ\u00eancias mantendo a fluidez dos movimentos<\/td>\n<\/tr>\n<tr>\n<td>12h15<\/td>\n<td>13h15<\/td>\n<td width=\"215\">Arnaldo Furtado\/fabrica\/ SOS<\/td>\n<td width=\"418\">Palestra de Assist\u00eancia t\u00e9cnica<\/td>\n<\/tr>\n<tr>\n<td>13h15<\/td>\n<td>14h15<\/td>\n<td width=\"215\">Sandro Alves<\/td>\n<td width=\"418\">Palestra\/ WH Cl\u00e1ssico<\/td>\n<\/tr>\n<tr>\n<td>14h15<\/td>\n<td>15h15<\/td>\n<td width=\"215\">TC Pilates<\/td>\n<td width=\"418\">Prancha de saltos e reformer torre<\/td>\n<\/tr>\n<tr>\n<td>15h15<\/td>\n<td>18h15<\/td>\n<td>Harm\u00f4nica Pilates<\/td>\n<td width=\"418\">Workshop 1: O ajuste no detalhe &#8211; por que Corre\u00e7\u00f5es Biomec\u00e2nicas importam no Pilates<\/td>\n<\/tr>\n<\/tbody>\n<\/table>\n<p><strong>Espa\u00e7o Deck:<\/strong><\/p>\n<table width=\"905\">\n<tbody>\n<tr>\n<td width=\"127\">Hor\u00e1rio de Inicio<\/td>\n<td width=\"145\">Hor\u00e1rio de Termino<\/td>\n<td width=\"215\">Profissional<\/td>\n<td width=\"418\">Tema<\/td>\n<\/tr>\n<tr>\n<td>\n<p data-ccp-timestamp=\"1651847166360\">11h<\/p>\n<\/td>\n<td>14h<\/td>\n<td>Monique Cajueiro + Jo\u00e3o Vitor<\/td>\n<td>Certifica\u00e7\u00e3o Five<\/td>\n<\/tr>\n<tr>\n<td>14h<\/td>\n<td>15h<\/td>\n<td width=\"215\">Rosana Diniz+ Bruna Zibordi + Felipe Alavarce<\/td>\n<td width=\"418\">Mesa redonda sobre MKT para est\u00fadio<\/td>\n<\/tr>\n<tr>\n<td>15h<\/td>\n<td>17h<\/td>\n<td>Jean Oliveira e Jo\u00e3o Vitor<\/td>\n<td>Aul\u00e3o FIVE<\/td>\n<\/tr>\n<tr>\n<td>17h<\/td>\n<td>18h<\/td>\n<td>Larissa Moraes<\/td>\n<td>Workshop Tratando dor lombar no MAT<\/td>\n<\/tr>\n<\/tbody>\n<\/table>\n<p>&nbsp;<\/p>\n<p>&nbsp;<\/p>\n<p>*A MetaLife reserva-se ao direito de alterar hor\u00e1rios e profissionais sem aviso pr\u00e9vio.<\/p>\n<p>&nbsp;<\/p>\n","protected":false},"excerpt":{"rendered":"<div>\n<p>Garanta seu ingresso para o F\u00e1brica de Ideias <strong>MetaLife<\/strong>, o t\u00e3o esperado evento de Pilates de 2022!!!<\/p>\n<p>Ser\u00e1 um dia repleto de novidades, workshops, certifica\u00e7\u00f5es, lan\u00e7amentos, uma palestra incr\u00edvel com <strong>Kathy Corey<\/strong> e um show exclusivo do <strong>Jota Quest<\/strong>!<\/p>\n<p><strong>Compre agora e garanta sua presen\u00e7a!!<\/strong><\/p>\n<\/div>\n","protected":false},"featured_media":1064,"template":"","meta":{"_acf_changed":false,"inline_featured_image":false},"product_brand":[],"product_cat":[21],"product_tag":[],"class_list":{"0":"post-1037","1":"product","2":"type-product","3":"status-publish","4":"has-post-thumbnail","6":"product_cat-acessorios","8":"first","9":"outofstock","10":"virtual","11":"purchasable","12":"product-type-simple"},"acf":[],"yoast_head":"<!-- This site is optimized with the Yoast SEO plugin v27.2 - https:\/\/yoast.com\/product\/yoast-seo-wordpress\/ -->\n<title>Ingresso F\u00e1brica de Ideias - 17\/06\/2022 - Metalife<\/title>\n<meta name=\"robots\" content=\"noindex, follow, max-snippet:-1, max-image-preview:large, max-video-preview:-1\" \/>\n<meta property=\"og:locale\" content=\"pt_BR\" \/>\n<meta property=\"og:type\" content=\"article\" \/>\n<meta property=\"og:title\" content=\"Ingresso F\u00e1brica de Ideias - 17\/06\/2022 - Metalife\" \/>\n<meta property=\"og:description\" content=\"Garanta seu ingresso para o F\u00e1brica de Ideias MetaLife, o t\u00e3o esperado evento de Pilates de 2022!!!  Ser\u00e1 um dia repleto de novidades, workshops, certifica\u00e7\u00f5es, lan\u00e7amentos, uma palestra incr\u00edvel com Kathy Corey e um show exclusivo do Jota Quest!  Compre agora e garanta sua presen\u00e7a!!\" \/>\n<meta property=\"og:url\" content=\"https:\/\/projetoslayerup.com.br\/metalife\/product\/ingresso-fabrica-de-ideias-17-06-2022\/\" \/>\n<meta property=\"og:site_name\" content=\"Metalife\" \/>\n<meta property=\"article:publisher\" content=\"https:\/\/www.facebook.com\/MetalifePilates\" \/>\n<meta property=\"og:image\" content=\"https:\/\/projetoslayerup.com.br\/metalife\/wp-content\/uploads\/2025\/11\/ingresso_fabrica-1-1.jpg\" \/>\n\t<meta property=\"og:image:width\" content=\"600\" \/>\n\t<meta property=\"og:image:height\" content=\"500\" \/>\n\t<meta property=\"og:image:type\" content=\"image\/jpeg\" \/>\n<meta name=\"twitter:card\" content=\"summary_large_image\" \/>\n<meta name=\"twitter:label1\" content=\"Est. tempo de leitura\" \/>\n\t<meta name=\"twitter:data1\" content=\"2 minutos\" \/>\n<script type=\"application\/ld+json\" class=\"yoast-schema-graph\">{\"@context\":\"https:\/\/schema.org\",\"@graph\":[{\"@type\":\"WebPage\",\"@id\":\"https:\/\/projetoslayerup.com.br\/metalife\/product\/ingresso-fabrica-de-ideias-17-06-2022\/\",\"url\":\"https:\/\/projetoslayerup.com.br\/metalife\/product\/ingresso-fabrica-de-ideias-17-06-2022\/\",\"name\":\"Ingresso F\u00e1brica de Ideias - 17\/06\/2022 - Metalife\",\"isPartOf\":{\"@id\":\"https:\/\/projetoslayerup.com.br\/metalife\/#website\"},\"primaryImageOfPage\":{\"@id\":\"https:\/\/projetoslayerup.com.br\/metalife\/product\/ingresso-fabrica-de-ideias-17-06-2022\/#primaryimage\"},\"image\":{\"@id\":\"https:\/\/projetoslayerup.com.br\/metalife\/product\/ingresso-fabrica-de-ideias-17-06-2022\/#primaryimage\"},\"thumbnailUrl\":\"https:\/\/projetoslayerup.com.br\/metalife\/wp-content\/uploads\/2025\/11\/ingresso_fabrica-1-1.jpg\",\"datePublished\":\"2025-11-10T13:40:14+00:00\",\"breadcrumb\":{\"@id\":\"https:\/\/projetoslayerup.com.br\/metalife\/product\/ingresso-fabrica-de-ideias-17-06-2022\/#breadcrumb\"},\"inLanguage\":\"pt-BR\",\"potentialAction\":[{\"@type\":\"ReadAction\",\"target\":[\"https:\/\/projetoslayerup.com.br\/metalife\/product\/ingresso-fabrica-de-ideias-17-06-2022\/\"]}]},{\"@type\":\"ImageObject\",\"inLanguage\":\"pt-BR\",\"@id\":\"https:\/\/projetoslayerup.com.br\/metalife\/product\/ingresso-fabrica-de-ideias-17-06-2022\/#primaryimage\",\"url\":\"https:\/\/projetoslayerup.com.br\/metalife\/wp-content\/uploads\/2025\/11\/ingresso_fabrica-1-1.jpg\",\"contentUrl\":\"https:\/\/projetoslayerup.com.br\/metalife\/wp-content\/uploads\/2025\/11\/ingresso_fabrica-1-1.jpg\",\"width\":600,\"height\":500},{\"@type\":\"BreadcrumbList\",\"@id\":\"https:\/\/projetoslayerup.com.br\/metalife\/product\/ingresso-fabrica-de-ideias-17-06-2022\/#breadcrumb\",\"itemListElement\":[{\"@type\":\"ListItem\",\"position\":1,\"name\":\"In\u00edcio\",\"item\":\"https:\/\/projetoslayerup.com.br\/metalife\/\"},{\"@type\":\"ListItem\",\"position\":2,\"name\":\"Produtos\",\"item\":\"https:\/\/projetoslayerup.com.br\/metalife\/produtos\/\"},{\"@type\":\"ListItem\",\"position\":3,\"name\":\"Ingresso F\u00e1brica de Ideias &#8211; 17\/06\/2022\"}]},{\"@type\":\"WebSite\",\"@id\":\"https:\/\/projetoslayerup.com.br\/metalife\/#website\",\"url\":\"https:\/\/projetoslayerup.com.br\/metalife\/\",\"name\":\"MetaLife\",\"description\":\"\",\"publisher\":{\"@id\":\"https:\/\/projetoslayerup.com.br\/metalife\/#organization\"},\"potentialAction\":[{\"@type\":\"SearchAction\",\"target\":{\"@type\":\"EntryPoint\",\"urlTemplate\":\"https:\/\/projetoslayerup.com.br\/metalife\/?s={search_term_string}\"},\"query-input\":{\"@type\":\"PropertyValueSpecification\",\"valueRequired\":true,\"valueName\":\"search_term_string\"}}],\"inLanguage\":\"pt-BR\"},{\"@type\":\"Organization\",\"@id\":\"https:\/\/projetoslayerup.com.br\/metalife\/#organization\",\"name\":\"MetaLife\",\"url\":\"https:\/\/projetoslayerup.com.br\/metalife\/\",\"logo\":{\"@type\":\"ImageObject\",\"inLanguage\":\"pt-BR\",\"@id\":\"https:\/\/projetoslayerup.com.br\/metalife\/#\/schema\/logo\/image\/\",\"url\":\"https:\/\/projetoslayerup.com.br\/metalife\/wp-content\/uploads\/2025\/11\/logo-header-blog.png\",\"contentUrl\":\"https:\/\/projetoslayerup.com.br\/metalife\/wp-content\/uploads\/2025\/11\/logo-header-blog.png\",\"width\":180,\"height\":38,\"caption\":\"MetaLife\"},\"image\":{\"@id\":\"https:\/\/projetoslayerup.com.br\/metalife\/#\/schema\/logo\/image\/\"},\"sameAs\":[\"https:\/\/www.facebook.com\/MetalifePilates\",\"https:\/\/www.instagram.com\/metalifepilates\/\",\"https:\/\/br.pinterest.com\/metalifepilates\/\",\"https:\/\/www.linkedin.com\/company\/metalife\"]}]}<\/script>\n<!-- \/ Yoast SEO plugin. -->","yoast_head_json":{"title":"Ingresso F\u00e1brica de Ideias - 17\/06\/2022 - Metalife","robots":{"index":"noindex","follow":"follow","max-snippet":"max-snippet:-1","max-image-preview":"max-image-preview:large","max-video-preview":"max-video-preview:-1"},"og_locale":"pt_BR","og_type":"article","og_title":"Ingresso F\u00e1brica de Ideias - 17\/06\/2022 - Metalife","og_description":"Garanta seu ingresso para o F\u00e1brica de Ideias MetaLife, o t\u00e3o esperado evento de Pilates de 2022!!!  Ser\u00e1 um dia repleto de novidades, workshops, certifica\u00e7\u00f5es, lan\u00e7amentos, uma palestra incr\u00edvel com Kathy Corey e um show exclusivo do Jota Quest!  Compre agora e garanta sua presen\u00e7a!!","og_url":"https:\/\/projetoslayerup.com.br\/metalife\/product\/ingresso-fabrica-de-ideias-17-06-2022\/","og_site_name":"Metalife","article_publisher":"https:\/\/www.facebook.com\/MetalifePilates","og_image":[{"width":600,"height":500,"url":"https:\/\/projetoslayerup.com.br\/metalife\/wp-content\/uploads\/2025\/11\/ingresso_fabrica-1-1.jpg","type":"image\/jpeg"}],"twitter_card":"summary_large_image","twitter_misc":{"Est. tempo de leitura":"2 minutos"},"schema":{"@context":"https:\/\/schema.org","@graph":[{"@type":"WebPage","@id":"https:\/\/projetoslayerup.com.br\/metalife\/product\/ingresso-fabrica-de-ideias-17-06-2022\/","url":"https:\/\/projetoslayerup.com.br\/metalife\/product\/ingresso-fabrica-de-ideias-17-06-2022\/","name":"Ingresso F\u00e1brica de Ideias - 17\/06\/2022 - Metalife","isPartOf":{"@id":"https:\/\/projetoslayerup.com.br\/metalife\/#website"},"primaryImageOfPage":{"@id":"https:\/\/projetoslayerup.com.br\/metalife\/product\/ingresso-fabrica-de-ideias-17-06-2022\/#primaryimage"},"image":{"@id":"https:\/\/projetoslayerup.com.br\/metalife\/product\/ingresso-fabrica-de-ideias-17-06-2022\/#primaryimage"},"thumbnailUrl":"https:\/\/projetoslayerup.com.br\/metalife\/wp-content\/uploads\/2025\/11\/ingresso_fabrica-1-1.jpg","datePublished":"2025-11-10T13:40:14+00:00","breadcrumb":{"@id":"https:\/\/projetoslayerup.com.br\/metalife\/product\/ingresso-fabrica-de-ideias-17-06-2022\/#breadcrumb"},"inLanguage":"pt-BR","potentialAction":[{"@type":"ReadAction","target":["https:\/\/projetoslayerup.com.br\/metalife\/product\/ingresso-fabrica-de-ideias-17-06-2022\/"]}]},{"@type":"ImageObject","inLanguage":"pt-BR","@id":"https:\/\/projetoslayerup.com.br\/metalife\/product\/ingresso-fabrica-de-ideias-17-06-2022\/#primaryimage","url":"https:\/\/projetoslayerup.com.br\/metalife\/wp-content\/uploads\/2025\/11\/ingresso_fabrica-1-1.jpg","contentUrl":"https:\/\/projetoslayerup.com.br\/metalife\/wp-content\/uploads\/2025\/11\/ingresso_fabrica-1-1.jpg","width":600,"height":500},{"@type":"BreadcrumbList","@id":"https:\/\/projetoslayerup.com.br\/metalife\/product\/ingresso-fabrica-de-ideias-17-06-2022\/#breadcrumb","itemListElement":[{"@type":"ListItem","position":1,"name":"In\u00edcio","item":"https:\/\/projetoslayerup.com.br\/metalife\/"},{"@type":"ListItem","position":2,"name":"Produtos","item":"https:\/\/projetoslayerup.com.br\/metalife\/produtos\/"},{"@type":"ListItem","position":3,"name":"Ingresso F\u00e1brica de Ideias &#8211; 17\/06\/2022"}]},{"@type":"WebSite","@id":"https:\/\/projetoslayerup.com.br\/metalife\/#website","url":"https:\/\/projetoslayerup.com.br\/metalife\/","name":"MetaLife","description":"","publisher":{"@id":"https:\/\/projetoslayerup.com.br\/metalife\/#organization"},"potentialAction":[{"@type":"SearchAction","target":{"@type":"EntryPoint","urlTemplate":"https:\/\/projetoslayerup.com.br\/metalife\/?s={search_term_string}"},"query-input":{"@type":"PropertyValueSpecification","valueRequired":true,"valueName":"search_term_string"}}],"inLanguage":"pt-BR"},{"@type":"Organization","@id":"https:\/\/projetoslayerup.com.br\/metalife\/#organization","name":"MetaLife","url":"https:\/\/projetoslayerup.com.br\/metalife\/","logo":{"@type":"ImageObject","inLanguage":"pt-BR","@id":"https:\/\/projetoslayerup.com.br\/metalife\/#\/schema\/logo\/image\/","url":"https:\/\/projetoslayerup.com.br\/metalife\/wp-content\/uploads\/2025\/11\/logo-header-blog.png","contentUrl":"https:\/\/projetoslayerup.com.br\/metalife\/wp-content\/uploads\/2025\/11\/logo-header-blog.png","width":180,"height":38,"caption":"MetaLife"},"image":{"@id":"https:\/\/projetoslayerup.com.br\/metalife\/#\/schema\/logo\/image\/"},"sameAs":["https:\/\/www.facebook.com\/MetalifePilates","https:\/\/www.instagram.com\/metalifepilates\/","https:\/\/br.pinterest.com\/metalifepilates\/","https:\/\/www.linkedin.com\/company\/metalife"]}]}},"_links":{"self":[{"href":"https:\/\/projetoslayerup.com.br\/metalife\/wp-json\/wp\/v2\/product\/1037","targetHints":{"allow":["GET"]}}],"collection":[{"href":"https:\/\/projetoslayerup.com.br\/metalife\/wp-json\/wp\/v2\/product"}],"about":[{"href":"https:\/\/projetoslayerup.com.br\/metalife\/wp-json\/wp\/v2\/types\/product"}],"wp:featuredmedia":[{"embeddable":true,"href":"https:\/\/projetoslayerup.com.br\/metalife\/wp-json\/wp\/v2\/media\/1064"}],"wp:attachment":[{"href":"https:\/\/projetoslayerup.com.br\/metalife\/wp-json\/wp\/v2\/media?parent=1037"}],"wp:term":[{"taxonomy":"product_brand","embeddable":true,"href":"https:\/\/projetoslayerup.com.br\/metalife\/wp-json\/wp\/v2\/product_brand?post=1037"},{"taxonomy":"product_cat","embeddable":true,"href":"https:\/\/projetoslayerup.com.br\/metalife\/wp-json\/wp\/v2\/product_cat?post=1037"},{"taxonomy":"product_tag","embeddable":true,"href":"https:\/\/projetoslayerup.com.br\/metalife\/wp-json\/wp\/v2\/product_tag?post=1037"}],"curies":[{"name":"wp","href":"https:\/\/api.w.org\/{rel}","templated":true}]}}