{"id":739,"date":"2025-11-10T10:12:11","date_gmt":"2025-11-10T13:12:11","guid":{"rendered":"https:\/\/projetoslayerup.com.br\/metalife\/?post_type=product&#038;p=739"},"modified":"2025-11-10T10:12:46","modified_gmt":"2025-11-10T13:12:46","slug":"bau-step-chair-e-cadillac","status":"publish","type":"product","link":"https:\/\/projetoslayerup.com.br\/metalife\/product\/bau-step-chair-e-cadillac\/","title":{"rendered":"Ba\u00fa Step Chair e Cadillac"},"content":{"rendered":"<h2>O Ba\u00fa Step Chair e Cadillac da MetaLife amplia a extens\u00e3o dos equipamentos, permitindo a realiza\u00e7\u00e3o de exerc\u00edcios diferenciados, al\u00e9m de proporcionar mais conforto e estabilidade para clientes com estatura alta.<\/h2>\n<h3>\u00c9 um acess\u00f3rio que permite o alongamento do assento deste equipamento. A superf\u00edcie ampliada proporciona o aumento da gama de exerc\u00edcios que podem ser realizadas. Tamb\u00e9m pode ser utilizado como apoio de cabe\u00e7a para exerc\u00edcios de bra\u00e7os no Cadillac, quando o praticante estiver utilizando a Barra de Apoio.<\/h3>\n<p><a href=\"https:\/\/www.youtube.com\/watch?v=n2X_vJ3dn8Y\">https:\/\/www.youtube.com\/watch?v=n2X_vJ3dn8Y<\/a><\/p>\n<p><strong>*Exclusivo para utiliza\u00e7\u00e3o em equipamentos MetaLife produzidos a partir de 2012;<\/strong><\/p>\n<ul>\n<li>Estrutura em madeira Lyptus classe FAS (Padr\u00e3o NHLA);<\/li>\n<li>Estofamento em espuma aglomerada de alto densidade (AG150);<\/li>\n<li>Revestimento em cour\u00edssimo composto em 50% poliester e 50% algod\u00e3o;<\/li>\n<li>Quantidade: 1 unidade.<\/li>\n<\/ul>\n<p>Dimens\u00f5es do produto:<\/p>\n<ul>\n<li>Altura: 619,5 mm;<\/li>\n<li>Largura: 418 mm;<\/li>\n<li>Comprimento: 557 mm;<\/li>\n<li>Peso: 12,1 kg.<\/li>\n<\/ul>\n<p><strong>Como usar:<\/strong><br \/>\n\u00c9 utilizado como extensor dos equipamentos, aumentando o comprimento de cada um em exerc\u00edcios espec\u00edficos. No Cadillac, estende a cama ao lado da lateral da barra\/ trap\u00e9zio fixo ou ao lado da barra deslizante em exerc\u00edcios de expans\u00e3o, empurrar, puxar, mobiliza\u00e7\u00f5es de coluna e rolamentos. Na Step Chair, aumenta o assento, facilitando a execu\u00e7\u00e3o de exerc\u00edcios em dec\u00fabito lateral, dorsal ou ventral.<\/p>\n","protected":false},"excerpt":{"rendered":"<p>O Ba\u00fa Step Chair e Cadillac da MetaLife amplia a extens\u00e3o dos equipamentos, permitindo a realiza\u00e7\u00e3o de exerc\u00edcios diferenciados, al\u00e9m de proporcionar mais conforto e estabilidade para clientes com estatura alta.<\/p>\n<p>*Exclusivo para utiliza\u00e7\u00e3o em equipamentos MetaLife produzidos a partir de 2012.<\/p>\n","protected":false},"featured_media":777,"template":"","meta":{"_acf_changed":false,"inline_featured_image":false},"product_brand":[],"product_cat":[21],"product_tag":[27,28,29,30],"class_list":{"0":"post-739","1":"product","2":"type-product","3":"status-publish","4":"has-post-thumbnail","6":"product_cat-acessorios","7":"product_tag-acessorios","8":"product_tag-cadilac","9":"product_tag-cadillac","10":"product_tag-step-chair","12":"first","13":"instock","14":"featured","15":"shipping-taxable","16":"purchasable","17":"product-type-simple"},"acf":[],"yoast_head":"<!-- This site is optimized with the Yoast SEO plugin v27.2 - https:\/\/yoast.com\/product\/yoast-seo-wordpress\/ -->\n<title>Ba\u00fa Step Chair e Cadillac - Metalife<\/title>\n<meta name=\"robots\" content=\"noindex, follow, max-snippet:-1, max-image-preview:large, max-video-preview:-1\" \/>\n<meta property=\"og:locale\" content=\"pt_BR\" \/>\n<meta property=\"og:type\" content=\"article\" \/>\n<meta property=\"og:title\" content=\"Ba\u00fa Step Chair e Cadillac - Metalife\" \/>\n<meta property=\"og:description\" content=\"O Ba\u00fa Step Chair e Cadillac da MetaLife amplia a extens\u00e3o dos equipamentos, permitindo a realiza\u00e7\u00e3o de exerc\u00edcios diferenciados, al\u00e9m de proporcionar mais conforto e estabilidade para clientes com estatura alta.  *Exclusivo para utiliza\u00e7\u00e3o em equipamentos MetaLife produzidos a partir de 2012.\" \/>\n<meta property=\"og:url\" content=\"https:\/\/projetoslayerup.com.br\/metalife\/product\/bau-step-chair-e-cadillac\/\" \/>\n<meta property=\"og:site_name\" content=\"Metalife\" \/>\n<meta property=\"article:publisher\" content=\"https:\/\/www.facebook.com\/MetalifePilates\" \/>\n<meta property=\"article:modified_time\" content=\"2025-11-10T13:12:46+00:00\" \/>\n<meta property=\"og:image\" content=\"https:\/\/projetoslayerup.com.br\/metalife\/wp-content\/uploads\/2025\/11\/08_BAU-DA-STEP-CHAIR-E-CADILLAC.jpg\" \/>\n\t<meta property=\"og:image:width\" content=\"1024\" \/>\n\t<meta property=\"og:image:height\" content=\"1024\" \/>\n\t<meta property=\"og:image:type\" content=\"image\/jpeg\" \/>\n<meta name=\"twitter:card\" content=\"summary_large_image\" \/>\n<meta name=\"twitter:label1\" content=\"Est. tempo de leitura\" \/>\n\t<meta name=\"twitter:data1\" content=\"1 minuto\" \/>\n<script type=\"application\/ld+json\" class=\"yoast-schema-graph\">{\"@context\":\"https:\/\/schema.org\",\"@graph\":[{\"@type\":\"WebPage\",\"@id\":\"https:\/\/projetoslayerup.com.br\/metalife\/product\/bau-step-chair-e-cadillac\/\",\"url\":\"https:\/\/projetoslayerup.com.br\/metalife\/product\/bau-step-chair-e-cadillac\/\",\"name\":\"Ba\u00fa Step Chair e Cadillac - Metalife\",\"isPartOf\":{\"@id\":\"https:\/\/projetoslayerup.com.br\/metalife\/#website\"},\"primaryImageOfPage\":{\"@id\":\"https:\/\/projetoslayerup.com.br\/metalife\/product\/bau-step-chair-e-cadillac\/#primaryimage\"},\"image\":{\"@id\":\"https:\/\/projetoslayerup.com.br\/metalife\/product\/bau-step-chair-e-cadillac\/#primaryimage\"},\"thumbnailUrl\":\"https:\/\/projetoslayerup.com.br\/metalife\/wp-content\/uploads\/2025\/11\/08_BAU-DA-STEP-CHAIR-E-CADILLAC.jpg\",\"datePublished\":\"2025-11-10T13:12:11+00:00\",\"dateModified\":\"2025-11-10T13:12:46+00:00\",\"breadcrumb\":{\"@id\":\"https:\/\/projetoslayerup.com.br\/metalife\/product\/bau-step-chair-e-cadillac\/#breadcrumb\"},\"inLanguage\":\"pt-BR\",\"potentialAction\":[{\"@type\":\"ReadAction\",\"target\":[\"https:\/\/projetoslayerup.com.br\/metalife\/product\/bau-step-chair-e-cadillac\/\"]}]},{\"@type\":\"ImageObject\",\"inLanguage\":\"pt-BR\",\"@id\":\"https:\/\/projetoslayerup.com.br\/metalife\/product\/bau-step-chair-e-cadillac\/#primaryimage\",\"url\":\"https:\/\/projetoslayerup.com.br\/metalife\/wp-content\/uploads\/2025\/11\/08_BAU-DA-STEP-CHAIR-E-CADILLAC.jpg\",\"contentUrl\":\"https:\/\/projetoslayerup.com.br\/metalife\/wp-content\/uploads\/2025\/11\/08_BAU-DA-STEP-CHAIR-E-CADILLAC.jpg\",\"width\":1024,\"height\":1024},{\"@type\":\"BreadcrumbList\",\"@id\":\"https:\/\/projetoslayerup.com.br\/metalife\/product\/bau-step-chair-e-cadillac\/#breadcrumb\",\"itemListElement\":[{\"@type\":\"ListItem\",\"position\":1,\"name\":\"In\u00edcio\",\"item\":\"https:\/\/projetoslayerup.com.br\/metalife\/\"},{\"@type\":\"ListItem\",\"position\":2,\"name\":\"Produtos\",\"item\":\"https:\/\/projetoslayerup.com.br\/metalife\/produtos\/\"},{\"@type\":\"ListItem\",\"position\":3,\"name\":\"Ba\u00fa Step Chair e Cadillac\"}]},{\"@type\":\"WebSite\",\"@id\":\"https:\/\/projetoslayerup.com.br\/metalife\/#website\",\"url\":\"https:\/\/projetoslayerup.com.br\/metalife\/\",\"name\":\"MetaLife\",\"description\":\"\",\"publisher\":{\"@id\":\"https:\/\/projetoslayerup.com.br\/metalife\/#organization\"},\"potentialAction\":[{\"@type\":\"SearchAction\",\"target\":{\"@type\":\"EntryPoint\",\"urlTemplate\":\"https:\/\/projetoslayerup.com.br\/metalife\/?s={search_term_string}\"},\"query-input\":{\"@type\":\"PropertyValueSpecification\",\"valueRequired\":true,\"valueName\":\"search_term_string\"}}],\"inLanguage\":\"pt-BR\"},{\"@type\":\"Organization\",\"@id\":\"https:\/\/projetoslayerup.com.br\/metalife\/#organization\",\"name\":\"MetaLife\",\"url\":\"https:\/\/projetoslayerup.com.br\/metalife\/\",\"logo\":{\"@type\":\"ImageObject\",\"inLanguage\":\"pt-BR\",\"@id\":\"https:\/\/projetoslayerup.com.br\/metalife\/#\/schema\/logo\/image\/\",\"url\":\"https:\/\/projetoslayerup.com.br\/metalife\/wp-content\/uploads\/2025\/11\/logo-header-blog.png\",\"contentUrl\":\"https:\/\/projetoslayerup.com.br\/metalife\/wp-content\/uploads\/2025\/11\/logo-header-blog.png\",\"width\":180,\"height\":38,\"caption\":\"MetaLife\"},\"image\":{\"@id\":\"https:\/\/projetoslayerup.com.br\/metalife\/#\/schema\/logo\/image\/\"},\"sameAs\":[\"https:\/\/www.facebook.com\/MetalifePilates\",\"https:\/\/www.instagram.com\/metalifepilates\/\",\"https:\/\/br.pinterest.com\/metalifepilates\/\",\"https:\/\/www.linkedin.com\/company\/metalife\"]}]}<\/script>\n<!-- \/ Yoast SEO plugin. -->","yoast_head_json":{"title":"Ba\u00fa Step Chair e Cadillac - Metalife","robots":{"index":"noindex","follow":"follow","max-snippet":"max-snippet:-1","max-image-preview":"max-image-preview:large","max-video-preview":"max-video-preview:-1"},"og_locale":"pt_BR","og_type":"article","og_title":"Ba\u00fa Step Chair e Cadillac - Metalife","og_description":"O Ba\u00fa Step Chair e Cadillac da MetaLife amplia a extens\u00e3o dos equipamentos, permitindo a realiza\u00e7\u00e3o de exerc\u00edcios diferenciados, al\u00e9m de proporcionar mais conforto e estabilidade para clientes com estatura alta.  *Exclusivo para utiliza\u00e7\u00e3o em equipamentos MetaLife produzidos a partir de 2012.","og_url":"https:\/\/projetoslayerup.com.br\/metalife\/product\/bau-step-chair-e-cadillac\/","og_site_name":"Metalife","article_publisher":"https:\/\/www.facebook.com\/MetalifePilates","article_modified_time":"2025-11-10T13:12:46+00:00","og_image":[{"width":1024,"height":1024,"url":"https:\/\/projetoslayerup.com.br\/metalife\/wp-content\/uploads\/2025\/11\/08_BAU-DA-STEP-CHAIR-E-CADILLAC.jpg","type":"image\/jpeg"}],"twitter_card":"summary_large_image","twitter_misc":{"Est. tempo de leitura":"1 minuto"},"schema":{"@context":"https:\/\/schema.org","@graph":[{"@type":"WebPage","@id":"https:\/\/projetoslayerup.com.br\/metalife\/product\/bau-step-chair-e-cadillac\/","url":"https:\/\/projetoslayerup.com.br\/metalife\/product\/bau-step-chair-e-cadillac\/","name":"Ba\u00fa Step Chair e Cadillac - Metalife","isPartOf":{"@id":"https:\/\/projetoslayerup.com.br\/metalife\/#website"},"primaryImageOfPage":{"@id":"https:\/\/projetoslayerup.com.br\/metalife\/product\/bau-step-chair-e-cadillac\/#primaryimage"},"image":{"@id":"https:\/\/projetoslayerup.com.br\/metalife\/product\/bau-step-chair-e-cadillac\/#primaryimage"},"thumbnailUrl":"https:\/\/projetoslayerup.com.br\/metalife\/wp-content\/uploads\/2025\/11\/08_BAU-DA-STEP-CHAIR-E-CADILLAC.jpg","datePublished":"2025-11-10T13:12:11+00:00","dateModified":"2025-11-10T13:12:46+00:00","breadcrumb":{"@id":"https:\/\/projetoslayerup.com.br\/metalife\/product\/bau-step-chair-e-cadillac\/#breadcrumb"},"inLanguage":"pt-BR","potentialAction":[{"@type":"ReadAction","target":["https:\/\/projetoslayerup.com.br\/metalife\/product\/bau-step-chair-e-cadillac\/"]}]},{"@type":"ImageObject","inLanguage":"pt-BR","@id":"https:\/\/projetoslayerup.com.br\/metalife\/product\/bau-step-chair-e-cadillac\/#primaryimage","url":"https:\/\/projetoslayerup.com.br\/metalife\/wp-content\/uploads\/2025\/11\/08_BAU-DA-STEP-CHAIR-E-CADILLAC.jpg","contentUrl":"https:\/\/projetoslayerup.com.br\/metalife\/wp-content\/uploads\/2025\/11\/08_BAU-DA-STEP-CHAIR-E-CADILLAC.jpg","width":1024,"height":1024},{"@type":"BreadcrumbList","@id":"https:\/\/projetoslayerup.com.br\/metalife\/product\/bau-step-chair-e-cadillac\/#breadcrumb","itemListElement":[{"@type":"ListItem","position":1,"name":"In\u00edcio","item":"https:\/\/projetoslayerup.com.br\/metalife\/"},{"@type":"ListItem","position":2,"name":"Produtos","item":"https:\/\/projetoslayerup.com.br\/metalife\/produtos\/"},{"@type":"ListItem","position":3,"name":"Ba\u00fa Step Chair e Cadillac"}]},{"@type":"WebSite","@id":"https:\/\/projetoslayerup.com.br\/metalife\/#website","url":"https:\/\/projetoslayerup.com.br\/metalife\/","name":"MetaLife","description":"","publisher":{"@id":"https:\/\/projetoslayerup.com.br\/metalife\/#organization"},"potentialAction":[{"@type":"SearchAction","target":{"@type":"EntryPoint","urlTemplate":"https:\/\/projetoslayerup.com.br\/metalife\/?s={search_term_string}"},"query-input":{"@type":"PropertyValueSpecification","valueRequired":true,"valueName":"search_term_string"}}],"inLanguage":"pt-BR"},{"@type":"Organization","@id":"https:\/\/projetoslayerup.com.br\/metalife\/#organization","name":"MetaLife","url":"https:\/\/projetoslayerup.com.br\/metalife\/","logo":{"@type":"ImageObject","inLanguage":"pt-BR","@id":"https:\/\/projetoslayerup.com.br\/metalife\/#\/schema\/logo\/image\/","url":"https:\/\/projetoslayerup.com.br\/metalife\/wp-content\/uploads\/2025\/11\/logo-header-blog.png","contentUrl":"https:\/\/projetoslayerup.com.br\/metalife\/wp-content\/uploads\/2025\/11\/logo-header-blog.png","width":180,"height":38,"caption":"MetaLife"},"image":{"@id":"https:\/\/projetoslayerup.com.br\/metalife\/#\/schema\/logo\/image\/"},"sameAs":["https:\/\/www.facebook.com\/MetalifePilates","https:\/\/www.instagram.com\/metalifepilates\/","https:\/\/br.pinterest.com\/metalifepilates\/","https:\/\/www.linkedin.com\/company\/metalife"]}]}},"_links":{"self":[{"href":"https:\/\/projetoslayerup.com.br\/metalife\/wp-json\/wp\/v2\/product\/739","targetHints":{"allow":["GET"]}}],"collection":[{"href":"https:\/\/projetoslayerup.com.br\/metalife\/wp-json\/wp\/v2\/product"}],"about":[{"href":"https:\/\/projetoslayerup.com.br\/metalife\/wp-json\/wp\/v2\/types\/product"}],"wp:featuredmedia":[{"embeddable":true,"href":"https:\/\/projetoslayerup.com.br\/metalife\/wp-json\/wp\/v2\/media\/777"}],"wp:attachment":[{"href":"https:\/\/projetoslayerup.com.br\/metalife\/wp-json\/wp\/v2\/media?parent=739"}],"wp:term":[{"taxonomy":"product_brand","embeddable":true,"href":"https:\/\/projetoslayerup.com.br\/metalife\/wp-json\/wp\/v2\/product_brand?post=739"},{"taxonomy":"product_cat","embeddable":true,"href":"https:\/\/projetoslayerup.com.br\/metalife\/wp-json\/wp\/v2\/product_cat?post=739"},{"taxonomy":"product_tag","embeddable":true,"href":"https:\/\/projetoslayerup.com.br\/metalife\/wp-json\/wp\/v2\/product_tag?post=739"}],"curies":[{"name":"wp","href":"https:\/\/api.w.org\/{rel}","templated":true}]}}