{"id":746,"date":"2025-11-10T10:12:12","date_gmt":"2025-11-10T13:12:12","guid":{"rendered":"https:\/\/projetoslayerup.com.br\/metalife\/?post_type=product&#038;p=746"},"modified":"2025-11-10T10:13:16","modified_gmt":"2025-11-10T13:13:16","slug":"prancha-de-salto-reformer","status":"publish","type":"product","link":"https:\/\/projetoslayerup.com.br\/metalife\/product\/prancha-de-salto-reformer\/","title":{"rendered":"Prancha de Salto Reformer"},"content":{"rendered":"<h2>A Prancha de Salto Reformer da Metalife permite a realiza\u00e7\u00e3o de saltos e movimentos de &#8220;empurrar&#8221;, trabalhando a reabilita\u00e7\u00e3o e o fortalecimento dos membros inferiores e o condicionamento f\u00edsico.<\/h2>\n<h3>A Prancha de Salto Reformer da MetaLife possui in\u00fameros diferenciais:<\/h3>\n<div align=\"justify\">\n<ul>\n<li>Impacto controlado, saltos horizontais;<\/li>\n<li>\u00danico componente aer\u00f3bio abordado no m\u00e9todo Pilates ;<\/li>\n<li>Possibilidade de aplicar treinamento pliom\u00e9trico membros superiores;<\/li>\n<li>Excelente e seguro est\u00edmulo para casos de osteopenia e osteoporose;<\/li>\n<li>Boa estrat\u00e9gia proprioceptiva para reabilita\u00e7\u00f5es articulares;<\/li>\n<\/ul>\n<\/div>\n<p><strong>*Exclusivo para utiliza\u00e7\u00e3o em equipamentos Metalife produzidos \u00e0 partir de 2012.<\/strong><\/p>\n<ul>\n<li>Estrutura \/ Base em madeira multilaminado;<\/li>\n<li>Estofamento em espuma aglomerada de alta densidade (AG150);<\/li>\n<li>Revestimento em cour\u00edssimo composto em 50% poliester e 50% algod\u00e3o;<\/li>\n<li>Estrutura met\u00e1lica em a\u00e7o carbono;<\/li>\n<li>Quantidade: 1 unidade.<\/li>\n<\/ul>\n<p><strong>Dimens\u00f5es do produto:<\/strong><\/p>\n<ul>\n<li>Altura: 815 mm;<\/li>\n<li>Largura: 518 mm;<\/li>\n<li>Comprimento: 63 mm;<\/li>\n<li>Peso: 10,5 kg.<\/li>\n<li>Altura: 815 mm<\/li>\n<\/ul>\n<p><strong>Como usar:<\/strong><br \/>\nNa extremidade do Reformer, em local espec\u00edfico para o encaixe. Utilizada para atividades de salto e aterrissagem visando, principalmente, o condicionamento f\u00edsico. Desenvolve o ritmo, for\u00e7a de membros inferiores, abd\u00f4men e, em alguns exerc\u00edcios, os membros superiores, al\u00e9m de coordena\u00e7\u00e3o motora e respirat\u00f3ria. Pernas unidas, unilateral, cross country, moguls, quatro apoios, lateral associado com flex\u00e3o de tronco abd\u00f4men, salto com membros superiores s\u00e3o alguns exerc\u00edcios poss\u00edveis de serem realizados na prancha de saltos.<\/p>\n","protected":false},"excerpt":{"rendered":"<p>A Prancha de Salto Reformer da Metalife permite a realiza\u00e7\u00e3o de saltos e movimentos de &#8220;empurrar&#8221;, trabalhando a reabilita\u00e7\u00e3o e o fortalecimento dos membros inferiores e o condicionamento f\u00edsico.<\/p>\n<p>*Exclusivo para utiliza\u00e7\u00e3o em equipamentos Metalife produzidos \u00e0 partir de 2012.<\/p>\n","protected":false},"featured_media":790,"template":"","meta":{"_acf_changed":false,"inline_featured_image":false},"product_brand":[],"product_cat":[21],"product_tag":[27,31],"class_list":{"0":"post-746","1":"product","2":"type-product","3":"status-publish","4":"has-post-thumbnail","6":"product_cat-acessorios","7":"product_tag-acessorios","8":"product_tag-reformer","10":"first","11":"instock","12":"shipping-taxable","13":"purchasable","14":"product-type-simple"},"acf":[],"yoast_head":"<!-- This site is optimized with the Yoast SEO plugin v27.2 - https:\/\/yoast.com\/product\/yoast-seo-wordpress\/ -->\n<title>Prancha de Salto Reformer - Metalife<\/title>\n<meta name=\"robots\" content=\"noindex, follow, max-snippet:-1, max-image-preview:large, max-video-preview:-1\" \/>\n<meta property=\"og:locale\" content=\"pt_BR\" \/>\n<meta property=\"og:type\" content=\"article\" \/>\n<meta property=\"og:title\" content=\"Prancha de Salto Reformer - Metalife\" \/>\n<meta property=\"og:description\" content=\"A Prancha de Salto Reformer da Metalife permite a realiza\u00e7\u00e3o de saltos e movimentos de &quot;empurrar&quot;, trabalhando a reabilita\u00e7\u00e3o e o fortalecimento dos membros inferiores e o condicionamento f\u00edsico.  *Exclusivo para utiliza\u00e7\u00e3o em equipamentos Metalife produzidos \u00e0 partir de 2012.\" \/>\n<meta property=\"og:url\" content=\"https:\/\/projetoslayerup.com.br\/metalife\/product\/prancha-de-salto-reformer\/\" \/>\n<meta property=\"og:site_name\" content=\"Metalife\" \/>\n<meta property=\"article:publisher\" content=\"https:\/\/www.facebook.com\/MetalifePilates\" \/>\n<meta property=\"article:modified_time\" content=\"2025-11-10T13:13:16+00:00\" \/>\n<meta property=\"og:image\" content=\"https:\/\/projetoslayerup.com.br\/metalife\/wp-content\/uploads\/2025\/11\/31_PRANCHA-DE-SALTO-DO-REFORMER.jpg\" \/>\n\t<meta property=\"og:image:width\" content=\"1024\" \/>\n\t<meta property=\"og:image:height\" content=\"1024\" \/>\n\t<meta property=\"og:image:type\" content=\"image\/jpeg\" \/>\n<meta name=\"twitter:card\" content=\"summary_large_image\" \/>\n<meta name=\"twitter:label1\" content=\"Est. tempo de leitura\" \/>\n\t<meta name=\"twitter:data1\" content=\"1 minuto\" \/>\n<script type=\"application\/ld+json\" class=\"yoast-schema-graph\">{\"@context\":\"https:\/\/schema.org\",\"@graph\":[{\"@type\":\"WebPage\",\"@id\":\"https:\/\/projetoslayerup.com.br\/metalife\/product\/prancha-de-salto-reformer\/\",\"url\":\"https:\/\/projetoslayerup.com.br\/metalife\/product\/prancha-de-salto-reformer\/\",\"name\":\"Prancha de Salto Reformer - Metalife\",\"isPartOf\":{\"@id\":\"https:\/\/projetoslayerup.com.br\/metalife\/#website\"},\"primaryImageOfPage\":{\"@id\":\"https:\/\/projetoslayerup.com.br\/metalife\/product\/prancha-de-salto-reformer\/#primaryimage\"},\"image\":{\"@id\":\"https:\/\/projetoslayerup.com.br\/metalife\/product\/prancha-de-salto-reformer\/#primaryimage\"},\"thumbnailUrl\":\"https:\/\/projetoslayerup.com.br\/metalife\/wp-content\/uploads\/2025\/11\/31_PRANCHA-DE-SALTO-DO-REFORMER.jpg\",\"datePublished\":\"2025-11-10T13:12:12+00:00\",\"dateModified\":\"2025-11-10T13:13:16+00:00\",\"breadcrumb\":{\"@id\":\"https:\/\/projetoslayerup.com.br\/metalife\/product\/prancha-de-salto-reformer\/#breadcrumb\"},\"inLanguage\":\"pt-BR\",\"potentialAction\":[{\"@type\":\"ReadAction\",\"target\":[\"https:\/\/projetoslayerup.com.br\/metalife\/product\/prancha-de-salto-reformer\/\"]}]},{\"@type\":\"ImageObject\",\"inLanguage\":\"pt-BR\",\"@id\":\"https:\/\/projetoslayerup.com.br\/metalife\/product\/prancha-de-salto-reformer\/#primaryimage\",\"url\":\"https:\/\/projetoslayerup.com.br\/metalife\/wp-content\/uploads\/2025\/11\/31_PRANCHA-DE-SALTO-DO-REFORMER.jpg\",\"contentUrl\":\"https:\/\/projetoslayerup.com.br\/metalife\/wp-content\/uploads\/2025\/11\/31_PRANCHA-DE-SALTO-DO-REFORMER.jpg\",\"width\":1024,\"height\":1024},{\"@type\":\"BreadcrumbList\",\"@id\":\"https:\/\/projetoslayerup.com.br\/metalife\/product\/prancha-de-salto-reformer\/#breadcrumb\",\"itemListElement\":[{\"@type\":\"ListItem\",\"position\":1,\"name\":\"In\u00edcio\",\"item\":\"https:\/\/projetoslayerup.com.br\/metalife\/\"},{\"@type\":\"ListItem\",\"position\":2,\"name\":\"Produtos\",\"item\":\"https:\/\/projetoslayerup.com.br\/metalife\/produtos\/\"},{\"@type\":\"ListItem\",\"position\":3,\"name\":\"Prancha de Salto Reformer\"}]},{\"@type\":\"WebSite\",\"@id\":\"https:\/\/projetoslayerup.com.br\/metalife\/#website\",\"url\":\"https:\/\/projetoslayerup.com.br\/metalife\/\",\"name\":\"MetaLife\",\"description\":\"\",\"publisher\":{\"@id\":\"https:\/\/projetoslayerup.com.br\/metalife\/#organization\"},\"potentialAction\":[{\"@type\":\"SearchAction\",\"target\":{\"@type\":\"EntryPoint\",\"urlTemplate\":\"https:\/\/projetoslayerup.com.br\/metalife\/?s={search_term_string}\"},\"query-input\":{\"@type\":\"PropertyValueSpecification\",\"valueRequired\":true,\"valueName\":\"search_term_string\"}}],\"inLanguage\":\"pt-BR\"},{\"@type\":\"Organization\",\"@id\":\"https:\/\/projetoslayerup.com.br\/metalife\/#organization\",\"name\":\"MetaLife\",\"url\":\"https:\/\/projetoslayerup.com.br\/metalife\/\",\"logo\":{\"@type\":\"ImageObject\",\"inLanguage\":\"pt-BR\",\"@id\":\"https:\/\/projetoslayerup.com.br\/metalife\/#\/schema\/logo\/image\/\",\"url\":\"https:\/\/projetoslayerup.com.br\/metalife\/wp-content\/uploads\/2025\/11\/logo-header-blog.png\",\"contentUrl\":\"https:\/\/projetoslayerup.com.br\/metalife\/wp-content\/uploads\/2025\/11\/logo-header-blog.png\",\"width\":180,\"height\":38,\"caption\":\"MetaLife\"},\"image\":{\"@id\":\"https:\/\/projetoslayerup.com.br\/metalife\/#\/schema\/logo\/image\/\"},\"sameAs\":[\"https:\/\/www.facebook.com\/MetalifePilates\",\"https:\/\/www.instagram.com\/metalifepilates\/\",\"https:\/\/br.pinterest.com\/metalifepilates\/\",\"https:\/\/www.linkedin.com\/company\/metalife\"]}]}<\/script>\n<!-- \/ Yoast SEO plugin. -->","yoast_head_json":{"title":"Prancha de Salto Reformer - Metalife","robots":{"index":"noindex","follow":"follow","max-snippet":"max-snippet:-1","max-image-preview":"max-image-preview:large","max-video-preview":"max-video-preview:-1"},"og_locale":"pt_BR","og_type":"article","og_title":"Prancha de Salto Reformer - Metalife","og_description":"A Prancha de Salto Reformer da Metalife permite a realiza\u00e7\u00e3o de saltos e movimentos de \"empurrar\", trabalhando a reabilita\u00e7\u00e3o e o fortalecimento dos membros inferiores e o condicionamento f\u00edsico.  *Exclusivo para utiliza\u00e7\u00e3o em equipamentos Metalife produzidos \u00e0 partir de 2012.","og_url":"https:\/\/projetoslayerup.com.br\/metalife\/product\/prancha-de-salto-reformer\/","og_site_name":"Metalife","article_publisher":"https:\/\/www.facebook.com\/MetalifePilates","article_modified_time":"2025-11-10T13:13:16+00:00","og_image":[{"width":1024,"height":1024,"url":"https:\/\/projetoslayerup.com.br\/metalife\/wp-content\/uploads\/2025\/11\/31_PRANCHA-DE-SALTO-DO-REFORMER.jpg","type":"image\/jpeg"}],"twitter_card":"summary_large_image","twitter_misc":{"Est. tempo de leitura":"1 minuto"},"schema":{"@context":"https:\/\/schema.org","@graph":[{"@type":"WebPage","@id":"https:\/\/projetoslayerup.com.br\/metalife\/product\/prancha-de-salto-reformer\/","url":"https:\/\/projetoslayerup.com.br\/metalife\/product\/prancha-de-salto-reformer\/","name":"Prancha de Salto Reformer - Metalife","isPartOf":{"@id":"https:\/\/projetoslayerup.com.br\/metalife\/#website"},"primaryImageOfPage":{"@id":"https:\/\/projetoslayerup.com.br\/metalife\/product\/prancha-de-salto-reformer\/#primaryimage"},"image":{"@id":"https:\/\/projetoslayerup.com.br\/metalife\/product\/prancha-de-salto-reformer\/#primaryimage"},"thumbnailUrl":"https:\/\/projetoslayerup.com.br\/metalife\/wp-content\/uploads\/2025\/11\/31_PRANCHA-DE-SALTO-DO-REFORMER.jpg","datePublished":"2025-11-10T13:12:12+00:00","dateModified":"2025-11-10T13:13:16+00:00","breadcrumb":{"@id":"https:\/\/projetoslayerup.com.br\/metalife\/product\/prancha-de-salto-reformer\/#breadcrumb"},"inLanguage":"pt-BR","potentialAction":[{"@type":"ReadAction","target":["https:\/\/projetoslayerup.com.br\/metalife\/product\/prancha-de-salto-reformer\/"]}]},{"@type":"ImageObject","inLanguage":"pt-BR","@id":"https:\/\/projetoslayerup.com.br\/metalife\/product\/prancha-de-salto-reformer\/#primaryimage","url":"https:\/\/projetoslayerup.com.br\/metalife\/wp-content\/uploads\/2025\/11\/31_PRANCHA-DE-SALTO-DO-REFORMER.jpg","contentUrl":"https:\/\/projetoslayerup.com.br\/metalife\/wp-content\/uploads\/2025\/11\/31_PRANCHA-DE-SALTO-DO-REFORMER.jpg","width":1024,"height":1024},{"@type":"BreadcrumbList","@id":"https:\/\/projetoslayerup.com.br\/metalife\/product\/prancha-de-salto-reformer\/#breadcrumb","itemListElement":[{"@type":"ListItem","position":1,"name":"In\u00edcio","item":"https:\/\/projetoslayerup.com.br\/metalife\/"},{"@type":"ListItem","position":2,"name":"Produtos","item":"https:\/\/projetoslayerup.com.br\/metalife\/produtos\/"},{"@type":"ListItem","position":3,"name":"Prancha de Salto Reformer"}]},{"@type":"WebSite","@id":"https:\/\/projetoslayerup.com.br\/metalife\/#website","url":"https:\/\/projetoslayerup.com.br\/metalife\/","name":"MetaLife","description":"","publisher":{"@id":"https:\/\/projetoslayerup.com.br\/metalife\/#organization"},"potentialAction":[{"@type":"SearchAction","target":{"@type":"EntryPoint","urlTemplate":"https:\/\/projetoslayerup.com.br\/metalife\/?s={search_term_string}"},"query-input":{"@type":"PropertyValueSpecification","valueRequired":true,"valueName":"search_term_string"}}],"inLanguage":"pt-BR"},{"@type":"Organization","@id":"https:\/\/projetoslayerup.com.br\/metalife\/#organization","name":"MetaLife","url":"https:\/\/projetoslayerup.com.br\/metalife\/","logo":{"@type":"ImageObject","inLanguage":"pt-BR","@id":"https:\/\/projetoslayerup.com.br\/metalife\/#\/schema\/logo\/image\/","url":"https:\/\/projetoslayerup.com.br\/metalife\/wp-content\/uploads\/2025\/11\/logo-header-blog.png","contentUrl":"https:\/\/projetoslayerup.com.br\/metalife\/wp-content\/uploads\/2025\/11\/logo-header-blog.png","width":180,"height":38,"caption":"MetaLife"},"image":{"@id":"https:\/\/projetoslayerup.com.br\/metalife\/#\/schema\/logo\/image\/"},"sameAs":["https:\/\/www.facebook.com\/MetalifePilates","https:\/\/www.instagram.com\/metalifepilates\/","https:\/\/br.pinterest.com\/metalifepilates\/","https:\/\/www.linkedin.com\/company\/metalife"]}]}},"_links":{"self":[{"href":"https:\/\/projetoslayerup.com.br\/metalife\/wp-json\/wp\/v2\/product\/746","targetHints":{"allow":["GET"]}}],"collection":[{"href":"https:\/\/projetoslayerup.com.br\/metalife\/wp-json\/wp\/v2\/product"}],"about":[{"href":"https:\/\/projetoslayerup.com.br\/metalife\/wp-json\/wp\/v2\/types\/product"}],"wp:featuredmedia":[{"embeddable":true,"href":"https:\/\/projetoslayerup.com.br\/metalife\/wp-json\/wp\/v2\/media\/790"}],"wp:attachment":[{"href":"https:\/\/projetoslayerup.com.br\/metalife\/wp-json\/wp\/v2\/media?parent=746"}],"wp:term":[{"taxonomy":"product_brand","embeddable":true,"href":"https:\/\/projetoslayerup.com.br\/metalife\/wp-json\/wp\/v2\/product_brand?post=746"},{"taxonomy":"product_cat","embeddable":true,"href":"https:\/\/projetoslayerup.com.br\/metalife\/wp-json\/wp\/v2\/product_cat?post=746"},{"taxonomy":"product_tag","embeddable":true,"href":"https:\/\/projetoslayerup.com.br\/metalife\/wp-json\/wp\/v2\/product_tag?post=746"}],"curies":[{"name":"wp","href":"https:\/\/api.w.org\/{rel}","templated":true}]}}