{"id":748,"date":"2025-11-10T10:12:13","date_gmt":"2025-11-10T13:12:13","guid":{"rendered":"https:\/\/projetoslayerup.com.br\/metalife\/?post_type=product&#038;p=748"},"modified":"2025-11-10T10:13:25","modified_gmt":"2025-11-10T13:13:25","slug":"hango-reformer","status":"publish","type":"product","link":"https:\/\/projetoslayerup.com.br\/metalife\/product\/hango-reformer\/","title":{"rendered":"hanGo Reformer"},"content":{"rendered":"<h2>O hanGo Reformer da MetaLife \u00e9 um acess\u00f3rio que faz a intera\u00e7\u00e3o entre o usu\u00e1rio e o equipamento de forma ergon\u00f4mica. Promove maior liberdade de amplitude de apoio durante a realiza\u00e7\u00e3o dos exerc\u00edcios assim como, facilita o alinhamento dos punhos, evitando sobrecargas e desalinhamentos. Permite-se escolher se deseja fazer um apoio mais fechado ou mais aberto, mais avan\u00e7ado ou mais recuado, possibilitando assim n\u00e3o s\u00f3 a varia\u00e7\u00e3o de amplitude de apoio mas tamb\u00e9m uma modifica\u00e7\u00e3o da forma como a cadeia muscular ser\u00e1 trabalhada.<\/h2>\n<h3>O hanGo Reformer \u00e9 um produto muito vers\u00e1til. N\u00e3o precisa regular entre o alojamento das Ombreiras do Carro e o alojamento da Prancha de Salto, apenas precisa ser encaixado. Permite a escolha de quatro posi\u00e7\u00f5es de encaixe, rotacionando em seu pr\u00f3prio eixo, podendo ainda trabalhar com o par de forma sim\u00e9trica ou assim\u00e9trica conforme a intera\u00e7\u00e3o do instrutor. Pode ser utilizado dos dois lados do Reformer.<\/h3>\n<p>Dimens\u00f5es do hanGo Reformer da MetaLife:<\/p>\n<ul>\n<li>\n<p dir=\"ltr\">Largura: 30mm<\/p>\n<\/li>\n<li>\n<p dir=\"ltr\">Profundidade: 153mm<\/p>\n<\/li>\n<li>\n<p dir=\"ltr\">Altura: 250mm<\/p>\n<\/li>\n<li>\n<p dir=\"ltr\">Peso: 1,33 \u00a0kg<\/p>\n<\/li>\n<\/ul>\n<p><strong>Como usar:<\/strong><br \/>\nAcoplado ao encaixe das ombreiras ou ao encaixe da prancha de salto do Reformer, serve de apoio de punhos. Podem ser posicionados vertical ou horizontalmente, facilitando a execu\u00e7\u00e3o de diversos tipos de exerc\u00edcios: Cat stretch, Horse stretch, Control front, Knees off, Remadas, Push up, Arabesque. Traz mais ergonomia e conforto, facilitando o alinhamento dos punhos, evitando sobrecargas e desalinhamentos<\/p>\n","protected":false},"excerpt":{"rendered":"<p>O hanGo Reformer da MetaLife \u00e9 um acess\u00f3rio que faz a intera\u00e7\u00e3o entre o usu\u00e1rio e o equipamento de forma ergon\u00f4mica. Promove maior liberdade de amplitude de apoio durante a realiza\u00e7\u00e3o dos exerc\u00edcios assim como, facilita o alinhamento dos punhos, evitando sobrecargas e desalinhamentos. Permite-se escolher se deseja fazer um apoio mais fechado ou mais aberto, mais avan\u00e7ado ou mais recuado, possibilitando assim n\u00e3o s\u00f3 a varia\u00e7\u00e3o de amplitude de apoio mas tamb\u00e9m uma modifica\u00e7\u00e3o da forma como a cadeia muscular ser\u00e1 trabalhada.<\/p>\n","protected":false},"featured_media":792,"template":"","meta":{"_acf_changed":false,"inline_featured_image":false},"product_brand":[],"product_cat":[21],"product_tag":[27,31],"class_list":{"0":"post-748","1":"product","2":"type-product","3":"status-publish","4":"has-post-thumbnail","6":"product_cat-acessorios","7":"product_tag-acessorios","8":"product_tag-reformer","10":"first","11":"instock","12":"shipping-taxable","13":"purchasable","14":"product-type-simple"},"acf":[],"yoast_head":"<!-- This site is optimized with the Yoast SEO plugin v27.2 - https:\/\/yoast.com\/product\/yoast-seo-wordpress\/ -->\n<title>hanGo Reformer - Metalife<\/title>\n<meta name=\"robots\" content=\"noindex, follow, max-snippet:-1, max-image-preview:large, max-video-preview:-1\" \/>\n<meta property=\"og:locale\" content=\"pt_BR\" \/>\n<meta property=\"og:type\" content=\"article\" \/>\n<meta property=\"og:title\" content=\"hanGo Reformer - Metalife\" \/>\n<meta property=\"og:description\" content=\"O hanGo Reformer da MetaLife \u00e9 um acess\u00f3rio que faz a intera\u00e7\u00e3o entre o usu\u00e1rio e o equipamento de forma ergon\u00f4mica. Promove maior liberdade de amplitude de apoio durante a realiza\u00e7\u00e3o dos exerc\u00edcios assim como, facilita o alinhamento dos punhos, evitando sobrecargas e desalinhamentos. Permite-se escolher se deseja fazer um apoio mais fechado ou mais aberto, mais avan\u00e7ado ou mais recuado, possibilitando assim n\u00e3o s\u00f3 a varia\u00e7\u00e3o de amplitude de apoio mas tamb\u00e9m uma modifica\u00e7\u00e3o da forma como a cadeia muscular ser\u00e1 trabalhada.\" \/>\n<meta property=\"og:url\" content=\"https:\/\/projetoslayerup.com.br\/metalife\/product\/hango-reformer\/\" \/>\n<meta property=\"og:site_name\" content=\"Metalife\" \/>\n<meta property=\"article:publisher\" content=\"https:\/\/www.facebook.com\/MetalifePilates\" \/>\n<meta property=\"article:modified_time\" content=\"2025-11-10T13:13:25+00:00\" \/>\n<meta property=\"og:image\" content=\"https:\/\/projetoslayerup.com.br\/metalife\/wp-content\/uploads\/2025\/11\/22_HANGO-DO-REFORMER.jpg\" \/>\n\t<meta property=\"og:image:width\" content=\"1024\" \/>\n\t<meta property=\"og:image:height\" content=\"1024\" \/>\n\t<meta property=\"og:image:type\" content=\"image\/jpeg\" \/>\n<meta name=\"twitter:card\" content=\"summary_large_image\" \/>\n<meta name=\"twitter:label1\" content=\"Est. tempo de leitura\" \/>\n\t<meta name=\"twitter:data1\" content=\"1 minuto\" \/>\n<script type=\"application\/ld+json\" class=\"yoast-schema-graph\">{\"@context\":\"https:\/\/schema.org\",\"@graph\":[{\"@type\":\"WebPage\",\"@id\":\"https:\/\/projetoslayerup.com.br\/metalife\/product\/hango-reformer\/\",\"url\":\"https:\/\/projetoslayerup.com.br\/metalife\/product\/hango-reformer\/\",\"name\":\"hanGo Reformer - Metalife\",\"isPartOf\":{\"@id\":\"https:\/\/projetoslayerup.com.br\/metalife\/#website\"},\"primaryImageOfPage\":{\"@id\":\"https:\/\/projetoslayerup.com.br\/metalife\/product\/hango-reformer\/#primaryimage\"},\"image\":{\"@id\":\"https:\/\/projetoslayerup.com.br\/metalife\/product\/hango-reformer\/#primaryimage\"},\"thumbnailUrl\":\"https:\/\/projetoslayerup.com.br\/metalife\/wp-content\/uploads\/2025\/11\/22_HANGO-DO-REFORMER.jpg\",\"datePublished\":\"2025-11-10T13:12:13+00:00\",\"dateModified\":\"2025-11-10T13:13:25+00:00\",\"breadcrumb\":{\"@id\":\"https:\/\/projetoslayerup.com.br\/metalife\/product\/hango-reformer\/#breadcrumb\"},\"inLanguage\":\"pt-BR\",\"potentialAction\":[{\"@type\":\"ReadAction\",\"target\":[\"https:\/\/projetoslayerup.com.br\/metalife\/product\/hango-reformer\/\"]}]},{\"@type\":\"ImageObject\",\"inLanguage\":\"pt-BR\",\"@id\":\"https:\/\/projetoslayerup.com.br\/metalife\/product\/hango-reformer\/#primaryimage\",\"url\":\"https:\/\/projetoslayerup.com.br\/metalife\/wp-content\/uploads\/2025\/11\/22_HANGO-DO-REFORMER.jpg\",\"contentUrl\":\"https:\/\/projetoslayerup.com.br\/metalife\/wp-content\/uploads\/2025\/11\/22_HANGO-DO-REFORMER.jpg\",\"width\":1024,\"height\":1024},{\"@type\":\"BreadcrumbList\",\"@id\":\"https:\/\/projetoslayerup.com.br\/metalife\/product\/hango-reformer\/#breadcrumb\",\"itemListElement\":[{\"@type\":\"ListItem\",\"position\":1,\"name\":\"In\u00edcio\",\"item\":\"https:\/\/projetoslayerup.com.br\/metalife\/\"},{\"@type\":\"ListItem\",\"position\":2,\"name\":\"Produtos\",\"item\":\"https:\/\/projetoslayerup.com.br\/metalife\/produtos\/\"},{\"@type\":\"ListItem\",\"position\":3,\"name\":\"hanGo Reformer\"}]},{\"@type\":\"WebSite\",\"@id\":\"https:\/\/projetoslayerup.com.br\/metalife\/#website\",\"url\":\"https:\/\/projetoslayerup.com.br\/metalife\/\",\"name\":\"MetaLife\",\"description\":\"\",\"publisher\":{\"@id\":\"https:\/\/projetoslayerup.com.br\/metalife\/#organization\"},\"potentialAction\":[{\"@type\":\"SearchAction\",\"target\":{\"@type\":\"EntryPoint\",\"urlTemplate\":\"https:\/\/projetoslayerup.com.br\/metalife\/?s={search_term_string}\"},\"query-input\":{\"@type\":\"PropertyValueSpecification\",\"valueRequired\":true,\"valueName\":\"search_term_string\"}}],\"inLanguage\":\"pt-BR\"},{\"@type\":\"Organization\",\"@id\":\"https:\/\/projetoslayerup.com.br\/metalife\/#organization\",\"name\":\"MetaLife\",\"url\":\"https:\/\/projetoslayerup.com.br\/metalife\/\",\"logo\":{\"@type\":\"ImageObject\",\"inLanguage\":\"pt-BR\",\"@id\":\"https:\/\/projetoslayerup.com.br\/metalife\/#\/schema\/logo\/image\/\",\"url\":\"https:\/\/projetoslayerup.com.br\/metalife\/wp-content\/uploads\/2025\/11\/logo-header-blog.png\",\"contentUrl\":\"https:\/\/projetoslayerup.com.br\/metalife\/wp-content\/uploads\/2025\/11\/logo-header-blog.png\",\"width\":180,\"height\":38,\"caption\":\"MetaLife\"},\"image\":{\"@id\":\"https:\/\/projetoslayerup.com.br\/metalife\/#\/schema\/logo\/image\/\"},\"sameAs\":[\"https:\/\/www.facebook.com\/MetalifePilates\",\"https:\/\/www.instagram.com\/metalifepilates\/\",\"https:\/\/br.pinterest.com\/metalifepilates\/\",\"https:\/\/www.linkedin.com\/company\/metalife\"]}]}<\/script>\n<!-- \/ Yoast SEO plugin. -->","yoast_head_json":{"title":"hanGo Reformer - Metalife","robots":{"index":"noindex","follow":"follow","max-snippet":"max-snippet:-1","max-image-preview":"max-image-preview:large","max-video-preview":"max-video-preview:-1"},"og_locale":"pt_BR","og_type":"article","og_title":"hanGo Reformer - Metalife","og_description":"O hanGo Reformer da MetaLife \u00e9 um acess\u00f3rio que faz a intera\u00e7\u00e3o entre o usu\u00e1rio e o equipamento de forma ergon\u00f4mica. Promove maior liberdade de amplitude de apoio durante a realiza\u00e7\u00e3o dos exerc\u00edcios assim como, facilita o alinhamento dos punhos, evitando sobrecargas e desalinhamentos. Permite-se escolher se deseja fazer um apoio mais fechado ou mais aberto, mais avan\u00e7ado ou mais recuado, possibilitando assim n\u00e3o s\u00f3 a varia\u00e7\u00e3o de amplitude de apoio mas tamb\u00e9m uma modifica\u00e7\u00e3o da forma como a cadeia muscular ser\u00e1 trabalhada.","og_url":"https:\/\/projetoslayerup.com.br\/metalife\/product\/hango-reformer\/","og_site_name":"Metalife","article_publisher":"https:\/\/www.facebook.com\/MetalifePilates","article_modified_time":"2025-11-10T13:13:25+00:00","og_image":[{"width":1024,"height":1024,"url":"https:\/\/projetoslayerup.com.br\/metalife\/wp-content\/uploads\/2025\/11\/22_HANGO-DO-REFORMER.jpg","type":"image\/jpeg"}],"twitter_card":"summary_large_image","twitter_misc":{"Est. tempo de leitura":"1 minuto"},"schema":{"@context":"https:\/\/schema.org","@graph":[{"@type":"WebPage","@id":"https:\/\/projetoslayerup.com.br\/metalife\/product\/hango-reformer\/","url":"https:\/\/projetoslayerup.com.br\/metalife\/product\/hango-reformer\/","name":"hanGo Reformer - Metalife","isPartOf":{"@id":"https:\/\/projetoslayerup.com.br\/metalife\/#website"},"primaryImageOfPage":{"@id":"https:\/\/projetoslayerup.com.br\/metalife\/product\/hango-reformer\/#primaryimage"},"image":{"@id":"https:\/\/projetoslayerup.com.br\/metalife\/product\/hango-reformer\/#primaryimage"},"thumbnailUrl":"https:\/\/projetoslayerup.com.br\/metalife\/wp-content\/uploads\/2025\/11\/22_HANGO-DO-REFORMER.jpg","datePublished":"2025-11-10T13:12:13+00:00","dateModified":"2025-11-10T13:13:25+00:00","breadcrumb":{"@id":"https:\/\/projetoslayerup.com.br\/metalife\/product\/hango-reformer\/#breadcrumb"},"inLanguage":"pt-BR","potentialAction":[{"@type":"ReadAction","target":["https:\/\/projetoslayerup.com.br\/metalife\/product\/hango-reformer\/"]}]},{"@type":"ImageObject","inLanguage":"pt-BR","@id":"https:\/\/projetoslayerup.com.br\/metalife\/product\/hango-reformer\/#primaryimage","url":"https:\/\/projetoslayerup.com.br\/metalife\/wp-content\/uploads\/2025\/11\/22_HANGO-DO-REFORMER.jpg","contentUrl":"https:\/\/projetoslayerup.com.br\/metalife\/wp-content\/uploads\/2025\/11\/22_HANGO-DO-REFORMER.jpg","width":1024,"height":1024},{"@type":"BreadcrumbList","@id":"https:\/\/projetoslayerup.com.br\/metalife\/product\/hango-reformer\/#breadcrumb","itemListElement":[{"@type":"ListItem","position":1,"name":"In\u00edcio","item":"https:\/\/projetoslayerup.com.br\/metalife\/"},{"@type":"ListItem","position":2,"name":"Produtos","item":"https:\/\/projetoslayerup.com.br\/metalife\/produtos\/"},{"@type":"ListItem","position":3,"name":"hanGo Reformer"}]},{"@type":"WebSite","@id":"https:\/\/projetoslayerup.com.br\/metalife\/#website","url":"https:\/\/projetoslayerup.com.br\/metalife\/","name":"MetaLife","description":"","publisher":{"@id":"https:\/\/projetoslayerup.com.br\/metalife\/#organization"},"potentialAction":[{"@type":"SearchAction","target":{"@type":"EntryPoint","urlTemplate":"https:\/\/projetoslayerup.com.br\/metalife\/?s={search_term_string}"},"query-input":{"@type":"PropertyValueSpecification","valueRequired":true,"valueName":"search_term_string"}}],"inLanguage":"pt-BR"},{"@type":"Organization","@id":"https:\/\/projetoslayerup.com.br\/metalife\/#organization","name":"MetaLife","url":"https:\/\/projetoslayerup.com.br\/metalife\/","logo":{"@type":"ImageObject","inLanguage":"pt-BR","@id":"https:\/\/projetoslayerup.com.br\/metalife\/#\/schema\/logo\/image\/","url":"https:\/\/projetoslayerup.com.br\/metalife\/wp-content\/uploads\/2025\/11\/logo-header-blog.png","contentUrl":"https:\/\/projetoslayerup.com.br\/metalife\/wp-content\/uploads\/2025\/11\/logo-header-blog.png","width":180,"height":38,"caption":"MetaLife"},"image":{"@id":"https:\/\/projetoslayerup.com.br\/metalife\/#\/schema\/logo\/image\/"},"sameAs":["https:\/\/www.facebook.com\/MetalifePilates","https:\/\/www.instagram.com\/metalifepilates\/","https:\/\/br.pinterest.com\/metalifepilates\/","https:\/\/www.linkedin.com\/company\/metalife"]}]}},"_links":{"self":[{"href":"https:\/\/projetoslayerup.com.br\/metalife\/wp-json\/wp\/v2\/product\/748","targetHints":{"allow":["GET"]}}],"collection":[{"href":"https:\/\/projetoslayerup.com.br\/metalife\/wp-json\/wp\/v2\/product"}],"about":[{"href":"https:\/\/projetoslayerup.com.br\/metalife\/wp-json\/wp\/v2\/types\/product"}],"wp:featuredmedia":[{"embeddable":true,"href":"https:\/\/projetoslayerup.com.br\/metalife\/wp-json\/wp\/v2\/media\/792"}],"wp:attachment":[{"href":"https:\/\/projetoslayerup.com.br\/metalife\/wp-json\/wp\/v2\/media?parent=748"}],"wp:term":[{"taxonomy":"product_brand","embeddable":true,"href":"https:\/\/projetoslayerup.com.br\/metalife\/wp-json\/wp\/v2\/product_brand?post=748"},{"taxonomy":"product_cat","embeddable":true,"href":"https:\/\/projetoslayerup.com.br\/metalife\/wp-json\/wp\/v2\/product_cat?post=748"},{"taxonomy":"product_tag","embeddable":true,"href":"https:\/\/projetoslayerup.com.br\/metalife\/wp-json\/wp\/v2\/product_tag?post=748"}],"curies":[{"name":"wp","href":"https:\/\/api.w.org\/{rel}","templated":true}]}}