{"id":749,"date":"2025-11-10T10:12:13","date_gmt":"2025-11-10T13:12:13","guid":{"rendered":"https:\/\/projetoslayerup.com.br\/metalife\/?post_type=product&#038;p=749"},"modified":"2025-11-10T10:13:35","modified_gmt":"2025-11-10T13:13:35","slug":"torino-reformer","status":"publish","type":"product","link":"https:\/\/projetoslayerup.com.br\/metalife\/product\/torino-reformer\/","title":{"rendered":"Torino Reformer"},"content":{"rendered":"<h2>O Torino Reformer da MetaLife \u00e9 um acess\u00f3rio que faz a intera\u00e7\u00e3o entre o usu\u00e1rio e o equipamento de forma ergon\u00f4mica. Promove maior liberdade de amplitude de apoio durante a realiza\u00e7\u00e3o dos exerc\u00edcios, assim como um posicionamento mais adequado sem precisar flexionar os punhos. Utilizado como apoio para as m\u00e3os em exerc\u00edcios no Reformer, possibilita educar ou estabilizar movimentos, favorecer posi\u00e7\u00f5es ou desafiar exerc\u00edcios, permitindo escolher se deseja fazer um apoio mais fechado ou mais aberto, mais avan\u00e7ado ou mais recuado. Pode ser utilizado em ambos os lados do Reformer, precisando apenas ser regulado para ser utilizado em uma posi\u00e7\u00e3o ou em outra.<\/h2>\n<p>Dimens\u00f5es do Torino Reformer da MetaLife:<\/p>\n<ul>\n<li>Largura: 700mm<\/li>\n<li>Profundidade: 42,2mm<\/li>\n<li>Altura: 241mm<\/li>\n<li>Peso: \u00a01,4 kg<\/li>\n<\/ul>\n<p><strong>Como usar:<\/strong><br \/>\nNo encaixe das ombreiras ou da prancha de saltos do Reformer para posicionamento e aberturas das m\u00e3os em exerc\u00edcios como: Semicircle, Rollover, Jackknife e Control balance, Mermaid e Control front. Favorece uma descarga de peso mais eficiente nas m\u00e3os, al\u00e9m de desafiar pegadas diversas, sendo um facilitador tamb\u00e9m para aqueles com pouca mobilidade de cintura escapular e\/ou coluna tor\u00e1cica.<\/p>\n","protected":false},"excerpt":{"rendered":"<p>O Torino Reformer da MetaLife \u00e9 um acess\u00f3rio que faz a intera\u00e7\u00e3o entre o usu\u00e1rio e o equipamento de forma ergon\u00f4mica. Promove maior liberdade de amplitude de apoio durante a realiza\u00e7\u00e3o dos exerc\u00edcios, assim como um posicionamento mais adequado sem precisar flexionar os punhos. Utilizado como apoio para as m\u00e3os em exerc\u00edcios no Reformer, possibilita educar ou estabilizar movimentos, favorecer posi\u00e7\u00f5es ou desafiar exerc\u00edcios, permitindo escolher se deseja fazer um apoio mais fechado ou mais aberto, mais avan\u00e7ado ou mais recuado. Pode ser utilizado em ambos os lados do Reformer, precisando apenas ser regulado para ser utilizado em uma posi\u00e7\u00e3o ou em outra.<\/p>\n<p>*Exclusivo para utiliza\u00e7\u00e3o em equipamentos MetaLife produzidos a partir de 2012.<\/p>\n","protected":false},"featured_media":799,"template":"","meta":{"_acf_changed":false,"inline_featured_image":false},"product_brand":[],"product_cat":[21],"product_tag":[27,31],"class_list":{"0":"post-749","1":"product","2":"type-product","3":"status-publish","4":"has-post-thumbnail","6":"product_cat-acessorios","7":"product_tag-acessorios","8":"product_tag-reformer","10":"first","11":"instock","12":"shipping-taxable","13":"purchasable","14":"product-type-simple"},"acf":[],"yoast_head":"<!-- This site is optimized with the Yoast SEO plugin v27.2 - https:\/\/yoast.com\/product\/yoast-seo-wordpress\/ -->\n<title>Torino Reformer - Metalife<\/title>\n<meta name=\"robots\" content=\"noindex, follow, max-snippet:-1, max-image-preview:large, max-video-preview:-1\" \/>\n<meta property=\"og:locale\" content=\"pt_BR\" \/>\n<meta property=\"og:type\" content=\"article\" \/>\n<meta property=\"og:title\" content=\"Torino Reformer - Metalife\" \/>\n<meta property=\"og:description\" content=\"O Torino Reformer da MetaLife \u00e9 um acess\u00f3rio que faz a intera\u00e7\u00e3o entre o usu\u00e1rio e o equipamento de forma ergon\u00f4mica. Promove maior liberdade de amplitude de apoio durante a realiza\u00e7\u00e3o dos exerc\u00edcios, assim como um posicionamento mais adequado sem precisar flexionar os punhos. Utilizado como apoio para as m\u00e3os em exerc\u00edcios no Reformer, possibilita educar ou estabilizar movimentos, favorecer posi\u00e7\u00f5es ou desafiar exerc\u00edcios, permitindo escolher se deseja fazer um apoio mais fechado ou mais aberto, mais avan\u00e7ado ou mais recuado. Pode ser utilizado em ambos os lados do Reformer, precisando apenas ser regulado para ser utilizado em uma posi\u00e7\u00e3o ou em outra.  *Exclusivo para utiliza\u00e7\u00e3o em equipamentos MetaLife produzidos a partir de 2012.\" \/>\n<meta property=\"og:url\" content=\"https:\/\/projetoslayerup.com.br\/metalife\/product\/torino-reformer\/\" \/>\n<meta property=\"og:site_name\" content=\"Metalife\" \/>\n<meta property=\"article:publisher\" content=\"https:\/\/www.facebook.com\/MetalifePilates\" \/>\n<meta property=\"article:modified_time\" content=\"2025-11-10T13:13:35+00:00\" \/>\n<meta property=\"og:image\" content=\"https:\/\/projetoslayerup.com.br\/metalife\/wp-content\/uploads\/2025\/11\/40_TORINO.jpg\" \/>\n\t<meta property=\"og:image:width\" content=\"1024\" \/>\n\t<meta property=\"og:image:height\" content=\"1024\" \/>\n\t<meta property=\"og:image:type\" content=\"image\/jpeg\" \/>\n<meta name=\"twitter:card\" content=\"summary_large_image\" \/>\n<meta name=\"twitter:label1\" content=\"Est. tempo de leitura\" \/>\n\t<meta name=\"twitter:data1\" content=\"1 minuto\" \/>\n<script type=\"application\/ld+json\" class=\"yoast-schema-graph\">{\"@context\":\"https:\/\/schema.org\",\"@graph\":[{\"@type\":\"WebPage\",\"@id\":\"https:\/\/projetoslayerup.com.br\/metalife\/product\/torino-reformer\/\",\"url\":\"https:\/\/projetoslayerup.com.br\/metalife\/product\/torino-reformer\/\",\"name\":\"Torino Reformer - Metalife\",\"isPartOf\":{\"@id\":\"https:\/\/projetoslayerup.com.br\/metalife\/#website\"},\"primaryImageOfPage\":{\"@id\":\"https:\/\/projetoslayerup.com.br\/metalife\/product\/torino-reformer\/#primaryimage\"},\"image\":{\"@id\":\"https:\/\/projetoslayerup.com.br\/metalife\/product\/torino-reformer\/#primaryimage\"},\"thumbnailUrl\":\"https:\/\/projetoslayerup.com.br\/metalife\/wp-content\/uploads\/2025\/11\/40_TORINO.jpg\",\"datePublished\":\"2025-11-10T13:12:13+00:00\",\"dateModified\":\"2025-11-10T13:13:35+00:00\",\"breadcrumb\":{\"@id\":\"https:\/\/projetoslayerup.com.br\/metalife\/product\/torino-reformer\/#breadcrumb\"},\"inLanguage\":\"pt-BR\",\"potentialAction\":[{\"@type\":\"ReadAction\",\"target\":[\"https:\/\/projetoslayerup.com.br\/metalife\/product\/torino-reformer\/\"]}]},{\"@type\":\"ImageObject\",\"inLanguage\":\"pt-BR\",\"@id\":\"https:\/\/projetoslayerup.com.br\/metalife\/product\/torino-reformer\/#primaryimage\",\"url\":\"https:\/\/projetoslayerup.com.br\/metalife\/wp-content\/uploads\/2025\/11\/40_TORINO.jpg\",\"contentUrl\":\"https:\/\/projetoslayerup.com.br\/metalife\/wp-content\/uploads\/2025\/11\/40_TORINO.jpg\",\"width\":1024,\"height\":1024},{\"@type\":\"BreadcrumbList\",\"@id\":\"https:\/\/projetoslayerup.com.br\/metalife\/product\/torino-reformer\/#breadcrumb\",\"itemListElement\":[{\"@type\":\"ListItem\",\"position\":1,\"name\":\"In\u00edcio\",\"item\":\"https:\/\/projetoslayerup.com.br\/metalife\/\"},{\"@type\":\"ListItem\",\"position\":2,\"name\":\"Produtos\",\"item\":\"https:\/\/projetoslayerup.com.br\/metalife\/produtos\/\"},{\"@type\":\"ListItem\",\"position\":3,\"name\":\"Torino Reformer\"}]},{\"@type\":\"WebSite\",\"@id\":\"https:\/\/projetoslayerup.com.br\/metalife\/#website\",\"url\":\"https:\/\/projetoslayerup.com.br\/metalife\/\",\"name\":\"MetaLife\",\"description\":\"\",\"publisher\":{\"@id\":\"https:\/\/projetoslayerup.com.br\/metalife\/#organization\"},\"potentialAction\":[{\"@type\":\"SearchAction\",\"target\":{\"@type\":\"EntryPoint\",\"urlTemplate\":\"https:\/\/projetoslayerup.com.br\/metalife\/?s={search_term_string}\"},\"query-input\":{\"@type\":\"PropertyValueSpecification\",\"valueRequired\":true,\"valueName\":\"search_term_string\"}}],\"inLanguage\":\"pt-BR\"},{\"@type\":\"Organization\",\"@id\":\"https:\/\/projetoslayerup.com.br\/metalife\/#organization\",\"name\":\"MetaLife\",\"url\":\"https:\/\/projetoslayerup.com.br\/metalife\/\",\"logo\":{\"@type\":\"ImageObject\",\"inLanguage\":\"pt-BR\",\"@id\":\"https:\/\/projetoslayerup.com.br\/metalife\/#\/schema\/logo\/image\/\",\"url\":\"https:\/\/projetoslayerup.com.br\/metalife\/wp-content\/uploads\/2025\/11\/logo-header-blog.png\",\"contentUrl\":\"https:\/\/projetoslayerup.com.br\/metalife\/wp-content\/uploads\/2025\/11\/logo-header-blog.png\",\"width\":180,\"height\":38,\"caption\":\"MetaLife\"},\"image\":{\"@id\":\"https:\/\/projetoslayerup.com.br\/metalife\/#\/schema\/logo\/image\/\"},\"sameAs\":[\"https:\/\/www.facebook.com\/MetalifePilates\",\"https:\/\/www.instagram.com\/metalifepilates\/\",\"https:\/\/br.pinterest.com\/metalifepilates\/\",\"https:\/\/www.linkedin.com\/company\/metalife\"]}]}<\/script>\n<!-- \/ Yoast SEO plugin. -->","yoast_head_json":{"title":"Torino Reformer - Metalife","robots":{"index":"noindex","follow":"follow","max-snippet":"max-snippet:-1","max-image-preview":"max-image-preview:large","max-video-preview":"max-video-preview:-1"},"og_locale":"pt_BR","og_type":"article","og_title":"Torino Reformer - Metalife","og_description":"O Torino Reformer da MetaLife \u00e9 um acess\u00f3rio que faz a intera\u00e7\u00e3o entre o usu\u00e1rio e o equipamento de forma ergon\u00f4mica. Promove maior liberdade de amplitude de apoio durante a realiza\u00e7\u00e3o dos exerc\u00edcios, assim como um posicionamento mais adequado sem precisar flexionar os punhos. Utilizado como apoio para as m\u00e3os em exerc\u00edcios no Reformer, possibilita educar ou estabilizar movimentos, favorecer posi\u00e7\u00f5es ou desafiar exerc\u00edcios, permitindo escolher se deseja fazer um apoio mais fechado ou mais aberto, mais avan\u00e7ado ou mais recuado. Pode ser utilizado em ambos os lados do Reformer, precisando apenas ser regulado para ser utilizado em uma posi\u00e7\u00e3o ou em outra.  *Exclusivo para utiliza\u00e7\u00e3o em equipamentos MetaLife produzidos a partir de 2012.","og_url":"https:\/\/projetoslayerup.com.br\/metalife\/product\/torino-reformer\/","og_site_name":"Metalife","article_publisher":"https:\/\/www.facebook.com\/MetalifePilates","article_modified_time":"2025-11-10T13:13:35+00:00","og_image":[{"width":1024,"height":1024,"url":"https:\/\/projetoslayerup.com.br\/metalife\/wp-content\/uploads\/2025\/11\/40_TORINO.jpg","type":"image\/jpeg"}],"twitter_card":"summary_large_image","twitter_misc":{"Est. tempo de leitura":"1 minuto"},"schema":{"@context":"https:\/\/schema.org","@graph":[{"@type":"WebPage","@id":"https:\/\/projetoslayerup.com.br\/metalife\/product\/torino-reformer\/","url":"https:\/\/projetoslayerup.com.br\/metalife\/product\/torino-reformer\/","name":"Torino Reformer - Metalife","isPartOf":{"@id":"https:\/\/projetoslayerup.com.br\/metalife\/#website"},"primaryImageOfPage":{"@id":"https:\/\/projetoslayerup.com.br\/metalife\/product\/torino-reformer\/#primaryimage"},"image":{"@id":"https:\/\/projetoslayerup.com.br\/metalife\/product\/torino-reformer\/#primaryimage"},"thumbnailUrl":"https:\/\/projetoslayerup.com.br\/metalife\/wp-content\/uploads\/2025\/11\/40_TORINO.jpg","datePublished":"2025-11-10T13:12:13+00:00","dateModified":"2025-11-10T13:13:35+00:00","breadcrumb":{"@id":"https:\/\/projetoslayerup.com.br\/metalife\/product\/torino-reformer\/#breadcrumb"},"inLanguage":"pt-BR","potentialAction":[{"@type":"ReadAction","target":["https:\/\/projetoslayerup.com.br\/metalife\/product\/torino-reformer\/"]}]},{"@type":"ImageObject","inLanguage":"pt-BR","@id":"https:\/\/projetoslayerup.com.br\/metalife\/product\/torino-reformer\/#primaryimage","url":"https:\/\/projetoslayerup.com.br\/metalife\/wp-content\/uploads\/2025\/11\/40_TORINO.jpg","contentUrl":"https:\/\/projetoslayerup.com.br\/metalife\/wp-content\/uploads\/2025\/11\/40_TORINO.jpg","width":1024,"height":1024},{"@type":"BreadcrumbList","@id":"https:\/\/projetoslayerup.com.br\/metalife\/product\/torino-reformer\/#breadcrumb","itemListElement":[{"@type":"ListItem","position":1,"name":"In\u00edcio","item":"https:\/\/projetoslayerup.com.br\/metalife\/"},{"@type":"ListItem","position":2,"name":"Produtos","item":"https:\/\/projetoslayerup.com.br\/metalife\/produtos\/"},{"@type":"ListItem","position":3,"name":"Torino Reformer"}]},{"@type":"WebSite","@id":"https:\/\/projetoslayerup.com.br\/metalife\/#website","url":"https:\/\/projetoslayerup.com.br\/metalife\/","name":"MetaLife","description":"","publisher":{"@id":"https:\/\/projetoslayerup.com.br\/metalife\/#organization"},"potentialAction":[{"@type":"SearchAction","target":{"@type":"EntryPoint","urlTemplate":"https:\/\/projetoslayerup.com.br\/metalife\/?s={search_term_string}"},"query-input":{"@type":"PropertyValueSpecification","valueRequired":true,"valueName":"search_term_string"}}],"inLanguage":"pt-BR"},{"@type":"Organization","@id":"https:\/\/projetoslayerup.com.br\/metalife\/#organization","name":"MetaLife","url":"https:\/\/projetoslayerup.com.br\/metalife\/","logo":{"@type":"ImageObject","inLanguage":"pt-BR","@id":"https:\/\/projetoslayerup.com.br\/metalife\/#\/schema\/logo\/image\/","url":"https:\/\/projetoslayerup.com.br\/metalife\/wp-content\/uploads\/2025\/11\/logo-header-blog.png","contentUrl":"https:\/\/projetoslayerup.com.br\/metalife\/wp-content\/uploads\/2025\/11\/logo-header-blog.png","width":180,"height":38,"caption":"MetaLife"},"image":{"@id":"https:\/\/projetoslayerup.com.br\/metalife\/#\/schema\/logo\/image\/"},"sameAs":["https:\/\/www.facebook.com\/MetalifePilates","https:\/\/www.instagram.com\/metalifepilates\/","https:\/\/br.pinterest.com\/metalifepilates\/","https:\/\/www.linkedin.com\/company\/metalife"]}]}},"_links":{"self":[{"href":"https:\/\/projetoslayerup.com.br\/metalife\/wp-json\/wp\/v2\/product\/749","targetHints":{"allow":["GET"]}}],"collection":[{"href":"https:\/\/projetoslayerup.com.br\/metalife\/wp-json\/wp\/v2\/product"}],"about":[{"href":"https:\/\/projetoslayerup.com.br\/metalife\/wp-json\/wp\/v2\/types\/product"}],"wp:featuredmedia":[{"embeddable":true,"href":"https:\/\/projetoslayerup.com.br\/metalife\/wp-json\/wp\/v2\/media\/799"}],"wp:attachment":[{"href":"https:\/\/projetoslayerup.com.br\/metalife\/wp-json\/wp\/v2\/media?parent=749"}],"wp:term":[{"taxonomy":"product_brand","embeddable":true,"href":"https:\/\/projetoslayerup.com.br\/metalife\/wp-json\/wp\/v2\/product_brand?post=749"},{"taxonomy":"product_cat","embeddable":true,"href":"https:\/\/projetoslayerup.com.br\/metalife\/wp-json\/wp\/v2\/product_cat?post=749"},{"taxonomy":"product_tag","embeddable":true,"href":"https:\/\/projetoslayerup.com.br\/metalife\/wp-json\/wp\/v2\/product_tag?post=749"}],"curies":[{"name":"wp","href":"https:\/\/api.w.org\/{rel}","templated":true}]}}