{"id":806,"date":"2025-11-10T10:44:07","date_gmt":"2025-11-10T13:44:07","guid":{"rendered":"https:\/\/projetoslayerup.com.br\/metalife\/?post_type=product&#038;p=806"},"modified":"2025-11-10T10:44:07","modified_gmt":"2025-11-10T13:44:07","slug":"kit-manutencao-reformer","status":"publish","type":"product","link":"https:\/\/projetoslayerup.com.br\/metalife\/product\/kit-manutencao-reformer\/","title":{"rendered":"Kit Manuten\u00e7\u00e3o Reformer"},"content":{"rendered":"<p>Al\u00e7a de M\u00e3o MetaLife Pilates: Permite a execu\u00e7\u00e3o de exerc\u00edcios de membros superiores e de fortalecimento do core.<\/p>\n<ul>\n<li>Fita larga em poli\u00e9ster;<\/li>\n<li>Acabamento em neoprene;<\/li>\n<li>Acabamento com punho de espuma (poliuretano);<\/li>\n<li>Quantidade: 2 unidades.<\/li>\n<\/ul>\n<p>&nbsp;<\/p>\n<p>Al\u00e7a Coxa\/P\u00e9 MetaLife: Permite a execu\u00e7\u00e3o de uma infinidade de exerc\u00edcios de membros inferiores.<\/p>\n<ul>\n<li>Fita larga em poli\u00e9ster;<\/li>\n<li>Acabamento em neoprene;<\/li>\n<li>Possui argola para encaixe de mosquet\u00f5es;<\/li>\n<li>Sistema de fechamento em velcro;<\/li>\n<li>Quantidade: 2 unidades.<\/li>\n<\/ul>\n<p>&nbsp;<\/p>\n<p>Al\u00e7a de Sustenta\u00e7\u00e3o MetaLife Pilates: Utilizada para sustenta\u00e7\u00e3o de membros inferiores durante a execu\u00e7\u00e3o dos exerc\u00edcios.<\/p>\n<ul>\n<li>Fita larga em poli\u00e9ster;<\/li>\n<li>Acabamento em neoprene;<\/li>\n<li>Possui argola para encaixe dos mosquet\u00f5es;<\/li>\n<li>Quantidade: 1 unidade<\/li>\n<\/ul>\n<p>Mosquet\u00e3o MetaLife AISI 1020:<\/p>\n<ul>\n<li>AISI \u00e9 um Sistema americano para a classifica\u00e7\u00e3o dos a\u00e7os (American Iron and Steel Institute). O AISI 1020 \u00e9 uma categoria de a\u00e7o de dureza e for\u00e7a, com uma boa combina\u00e7\u00e3o de for\u00e7a e ductilidade;<\/li>\n<li>Quantidade: 3 unidades.<\/li>\n<\/ul>\n<p>&nbsp;<\/p>\n<p>A Mola KTL Black Reformer MetaLife recebe um tratamento anticorrosivo no metal, tecnologia KTL, que protege a mola 5x mais que a tradicional.<\/p>\n<p>Al\u00e9m de bem mais resistentes, a KTL Black trar\u00e1 tamb\u00e9m um novo visual aos seus aparelhos e, consequentemente, ao seu est\u00fadio.<\/p>\n<p><strong>*Exclusivo para utiliza\u00e7\u00e3o em equipamentos MetaLife produzidos a partir de 2012.<\/strong><\/p>\n<p>Especifica\u00e7\u00f5es Mola KTL Black &#8211; Azul Reformer:<\/p>\n<ul>\n<li>Cor: azul;<\/li>\n<li>Intensidade: forte;<\/li>\n<li>Di\u00e2metro: 37,2 mm;<\/li>\n<li>Comprimento com olhais: 567,2 mm;<\/li>\n<li>Comprimento mola: 499 mm;<\/li>\n<li>Quantidade: 1 unidade.<\/li>\n<\/ul>\n<p>Especifica\u00e7\u00f5es Mola KTL Black &#8211; Vermelha Reformer:<\/p>\n<ul>\n<li>Cor: vermelha;<\/li>\n<li>Intensidade: fort\u00edssima;<\/li>\n<li>Quantidade: 2 unidades.<\/li>\n<li>Di\u00e2metro: 37 mm;<\/li>\n<li>Comprimento com olhais: 566,5 mm;<\/li>\n<li>Comprimento mola: 499 mm;<\/li>\n<li>Quantidade: 4 unidades.<\/li>\n<\/ul>\n<p><strong>OBS:<\/strong> as molas s\u00e3o compat\u00edveis com equipamentos fabricados \u00e0 partir de 2012.<\/p>\n","protected":false},"excerpt":{"rendered":"<p>1 par al\u00e7a de m\u00e3o +\u00a01 par al\u00e7a coxa\/p\u00e9 + 1 al\u00e7a sustenta\u00e7\u00e3o +\u00a03 mosquet\u00f5es +\u00a01 Mola KTL Black Azul Reformer + 4 Molas KTL Black Vermelhas Reformer.<br \/>\n<strong>O equipamento Reformer n\u00e3o est\u00e1 incluso!<\/strong><\/p>\n<p><strong>OBS:<\/strong> as molas s\u00e3o compat\u00edveis com equipamentos fabricados \u00e0 partir de 2012.<\/p>\n","protected":false},"featured_media":861,"template":"","meta":{"_acf_changed":false,"inline_featured_image":false},"product_brand":[],"product_cat":[36,33],"product_tag":[40,41,42,37,38,39,34,43,44,31,45],"class_list":{"0":"post-806","1":"product","2":"type-product","3":"status-publish","4":"has-post-thumbnail","6":"product_cat-kit-manutencao","7":"product_cat-pecas","8":"product_tag-alca-coxa-pe","9":"product_tag-alca-de-mao","10":"product_tag-azul","11":"product_tag-kit","12":"product_tag-manutencao","13":"product_tag-mola","14":"product_tag-molas","15":"product_tag-mosquetao","16":"product_tag-mosquetoes","17":"product_tag-reformer","18":"product_tag-vermelha","20":"first","21":"instock","22":"shipping-taxable","23":"purchasable","24":"product-type-simple"},"acf":[],"yoast_head":"<!-- This site is optimized with the Yoast SEO plugin v27.2 - https:\/\/yoast.com\/product\/yoast-seo-wordpress\/ -->\n<title>Kit Manuten\u00e7\u00e3o Reformer - Metalife<\/title>\n<meta name=\"robots\" content=\"noindex, follow, max-snippet:-1, max-image-preview:large, max-video-preview:-1\" \/>\n<meta property=\"og:locale\" content=\"pt_BR\" \/>\n<meta property=\"og:type\" content=\"article\" \/>\n<meta property=\"og:title\" content=\"Kit Manuten\u00e7\u00e3o Reformer - Metalife\" \/>\n<meta property=\"og:description\" content=\"1 par al\u00e7a de m\u00e3o +\u00a01 par al\u00e7a coxa\/p\u00e9 + 1 al\u00e7a sustenta\u00e7\u00e3o +\u00a03 mosquet\u00f5es +\u00a01 Mola KTL Black Azul Reformer + 4 Molas KTL Black Vermelhas Reformer. O equipamento Reformer n\u00e3o est\u00e1 incluso!  OBS: as molas s\u00e3o compat\u00edveis com equipamentos fabricados \u00e0 partir de 2012.\" \/>\n<meta property=\"og:url\" content=\"https:\/\/projetoslayerup.com.br\/metalife\/product\/kit-manutencao-reformer\/\" \/>\n<meta property=\"og:site_name\" content=\"Metalife\" \/>\n<meta property=\"article:publisher\" content=\"https:\/\/www.facebook.com\/MetalifePilates\" \/>\n<meta property=\"og:image\" content=\"https:\/\/projetoslayerup.com.br\/metalife\/wp-content\/uploads\/2025\/11\/02_banner-reformer-astec.png\" \/>\n\t<meta property=\"og:image:width\" content=\"600\" \/>\n\t<meta property=\"og:image:height\" content=\"480\" \/>\n\t<meta property=\"og:image:type\" content=\"image\/png\" \/>\n<meta name=\"twitter:card\" content=\"summary_large_image\" \/>\n<meta name=\"twitter:label1\" content=\"Est. tempo de leitura\" \/>\n\t<meta name=\"twitter:data1\" content=\"1 minuto\" \/>\n<script type=\"application\/ld+json\" class=\"yoast-schema-graph\">{\"@context\":\"https:\/\/schema.org\",\"@graph\":[{\"@type\":\"WebPage\",\"@id\":\"https:\/\/projetoslayerup.com.br\/metalife\/product\/kit-manutencao-reformer\/\",\"url\":\"https:\/\/projetoslayerup.com.br\/metalife\/product\/kit-manutencao-reformer\/\",\"name\":\"Kit Manuten\u00e7\u00e3o Reformer - Metalife\",\"isPartOf\":{\"@id\":\"https:\/\/projetoslayerup.com.br\/metalife\/#website\"},\"primaryImageOfPage\":{\"@id\":\"https:\/\/projetoslayerup.com.br\/metalife\/product\/kit-manutencao-reformer\/#primaryimage\"},\"image\":{\"@id\":\"https:\/\/projetoslayerup.com.br\/metalife\/product\/kit-manutencao-reformer\/#primaryimage\"},\"thumbnailUrl\":\"https:\/\/projetoslayerup.com.br\/metalife\/wp-content\/uploads\/2025\/11\/02_banner-reformer-astec.png\",\"datePublished\":\"2025-11-10T13:44:07+00:00\",\"breadcrumb\":{\"@id\":\"https:\/\/projetoslayerup.com.br\/metalife\/product\/kit-manutencao-reformer\/#breadcrumb\"},\"inLanguage\":\"pt-BR\",\"potentialAction\":[{\"@type\":\"ReadAction\",\"target\":[\"https:\/\/projetoslayerup.com.br\/metalife\/product\/kit-manutencao-reformer\/\"]}]},{\"@type\":\"ImageObject\",\"inLanguage\":\"pt-BR\",\"@id\":\"https:\/\/projetoslayerup.com.br\/metalife\/product\/kit-manutencao-reformer\/#primaryimage\",\"url\":\"https:\/\/projetoslayerup.com.br\/metalife\/wp-content\/uploads\/2025\/11\/02_banner-reformer-astec.png\",\"contentUrl\":\"https:\/\/projetoslayerup.com.br\/metalife\/wp-content\/uploads\/2025\/11\/02_banner-reformer-astec.png\",\"width\":600,\"height\":480},{\"@type\":\"BreadcrumbList\",\"@id\":\"https:\/\/projetoslayerup.com.br\/metalife\/product\/kit-manutencao-reformer\/#breadcrumb\",\"itemListElement\":[{\"@type\":\"ListItem\",\"position\":1,\"name\":\"In\u00edcio\",\"item\":\"https:\/\/projetoslayerup.com.br\/metalife\/\"},{\"@type\":\"ListItem\",\"position\":2,\"name\":\"Produtos\",\"item\":\"https:\/\/projetoslayerup.com.br\/metalife\/produtos\/\"},{\"@type\":\"ListItem\",\"position\":3,\"name\":\"Kit Manuten\u00e7\u00e3o Reformer\"}]},{\"@type\":\"WebSite\",\"@id\":\"https:\/\/projetoslayerup.com.br\/metalife\/#website\",\"url\":\"https:\/\/projetoslayerup.com.br\/metalife\/\",\"name\":\"MetaLife\",\"description\":\"\",\"publisher\":{\"@id\":\"https:\/\/projetoslayerup.com.br\/metalife\/#organization\"},\"potentialAction\":[{\"@type\":\"SearchAction\",\"target\":{\"@type\":\"EntryPoint\",\"urlTemplate\":\"https:\/\/projetoslayerup.com.br\/metalife\/?s={search_term_string}\"},\"query-input\":{\"@type\":\"PropertyValueSpecification\",\"valueRequired\":true,\"valueName\":\"search_term_string\"}}],\"inLanguage\":\"pt-BR\"},{\"@type\":\"Organization\",\"@id\":\"https:\/\/projetoslayerup.com.br\/metalife\/#organization\",\"name\":\"MetaLife\",\"url\":\"https:\/\/projetoslayerup.com.br\/metalife\/\",\"logo\":{\"@type\":\"ImageObject\",\"inLanguage\":\"pt-BR\",\"@id\":\"https:\/\/projetoslayerup.com.br\/metalife\/#\/schema\/logo\/image\/\",\"url\":\"https:\/\/projetoslayerup.com.br\/metalife\/wp-content\/uploads\/2025\/11\/logo-header-blog.png\",\"contentUrl\":\"https:\/\/projetoslayerup.com.br\/metalife\/wp-content\/uploads\/2025\/11\/logo-header-blog.png\",\"width\":180,\"height\":38,\"caption\":\"MetaLife\"},\"image\":{\"@id\":\"https:\/\/projetoslayerup.com.br\/metalife\/#\/schema\/logo\/image\/\"},\"sameAs\":[\"https:\/\/www.facebook.com\/MetalifePilates\",\"https:\/\/www.instagram.com\/metalifepilates\/\",\"https:\/\/br.pinterest.com\/metalifepilates\/\",\"https:\/\/www.linkedin.com\/company\/metalife\"]}]}<\/script>\n<!-- \/ Yoast SEO plugin. -->","yoast_head_json":{"title":"Kit Manuten\u00e7\u00e3o Reformer - Metalife","robots":{"index":"noindex","follow":"follow","max-snippet":"max-snippet:-1","max-image-preview":"max-image-preview:large","max-video-preview":"max-video-preview:-1"},"og_locale":"pt_BR","og_type":"article","og_title":"Kit Manuten\u00e7\u00e3o Reformer - Metalife","og_description":"1 par al\u00e7a de m\u00e3o +\u00a01 par al\u00e7a coxa\/p\u00e9 + 1 al\u00e7a sustenta\u00e7\u00e3o +\u00a03 mosquet\u00f5es +\u00a01 Mola KTL Black Azul Reformer + 4 Molas KTL Black Vermelhas Reformer. O equipamento Reformer n\u00e3o est\u00e1 incluso!  OBS: as molas s\u00e3o compat\u00edveis com equipamentos fabricados \u00e0 partir de 2012.","og_url":"https:\/\/projetoslayerup.com.br\/metalife\/product\/kit-manutencao-reformer\/","og_site_name":"Metalife","article_publisher":"https:\/\/www.facebook.com\/MetalifePilates","og_image":[{"width":600,"height":480,"url":"https:\/\/projetoslayerup.com.br\/metalife\/wp-content\/uploads\/2025\/11\/02_banner-reformer-astec.png","type":"image\/png"}],"twitter_card":"summary_large_image","twitter_misc":{"Est. tempo de leitura":"1 minuto"},"schema":{"@context":"https:\/\/schema.org","@graph":[{"@type":"WebPage","@id":"https:\/\/projetoslayerup.com.br\/metalife\/product\/kit-manutencao-reformer\/","url":"https:\/\/projetoslayerup.com.br\/metalife\/product\/kit-manutencao-reformer\/","name":"Kit Manuten\u00e7\u00e3o Reformer - Metalife","isPartOf":{"@id":"https:\/\/projetoslayerup.com.br\/metalife\/#website"},"primaryImageOfPage":{"@id":"https:\/\/projetoslayerup.com.br\/metalife\/product\/kit-manutencao-reformer\/#primaryimage"},"image":{"@id":"https:\/\/projetoslayerup.com.br\/metalife\/product\/kit-manutencao-reformer\/#primaryimage"},"thumbnailUrl":"https:\/\/projetoslayerup.com.br\/metalife\/wp-content\/uploads\/2025\/11\/02_banner-reformer-astec.png","datePublished":"2025-11-10T13:44:07+00:00","breadcrumb":{"@id":"https:\/\/projetoslayerup.com.br\/metalife\/product\/kit-manutencao-reformer\/#breadcrumb"},"inLanguage":"pt-BR","potentialAction":[{"@type":"ReadAction","target":["https:\/\/projetoslayerup.com.br\/metalife\/product\/kit-manutencao-reformer\/"]}]},{"@type":"ImageObject","inLanguage":"pt-BR","@id":"https:\/\/projetoslayerup.com.br\/metalife\/product\/kit-manutencao-reformer\/#primaryimage","url":"https:\/\/projetoslayerup.com.br\/metalife\/wp-content\/uploads\/2025\/11\/02_banner-reformer-astec.png","contentUrl":"https:\/\/projetoslayerup.com.br\/metalife\/wp-content\/uploads\/2025\/11\/02_banner-reformer-astec.png","width":600,"height":480},{"@type":"BreadcrumbList","@id":"https:\/\/projetoslayerup.com.br\/metalife\/product\/kit-manutencao-reformer\/#breadcrumb","itemListElement":[{"@type":"ListItem","position":1,"name":"In\u00edcio","item":"https:\/\/projetoslayerup.com.br\/metalife\/"},{"@type":"ListItem","position":2,"name":"Produtos","item":"https:\/\/projetoslayerup.com.br\/metalife\/produtos\/"},{"@type":"ListItem","position":3,"name":"Kit Manuten\u00e7\u00e3o Reformer"}]},{"@type":"WebSite","@id":"https:\/\/projetoslayerup.com.br\/metalife\/#website","url":"https:\/\/projetoslayerup.com.br\/metalife\/","name":"MetaLife","description":"","publisher":{"@id":"https:\/\/projetoslayerup.com.br\/metalife\/#organization"},"potentialAction":[{"@type":"SearchAction","target":{"@type":"EntryPoint","urlTemplate":"https:\/\/projetoslayerup.com.br\/metalife\/?s={search_term_string}"},"query-input":{"@type":"PropertyValueSpecification","valueRequired":true,"valueName":"search_term_string"}}],"inLanguage":"pt-BR"},{"@type":"Organization","@id":"https:\/\/projetoslayerup.com.br\/metalife\/#organization","name":"MetaLife","url":"https:\/\/projetoslayerup.com.br\/metalife\/","logo":{"@type":"ImageObject","inLanguage":"pt-BR","@id":"https:\/\/projetoslayerup.com.br\/metalife\/#\/schema\/logo\/image\/","url":"https:\/\/projetoslayerup.com.br\/metalife\/wp-content\/uploads\/2025\/11\/logo-header-blog.png","contentUrl":"https:\/\/projetoslayerup.com.br\/metalife\/wp-content\/uploads\/2025\/11\/logo-header-blog.png","width":180,"height":38,"caption":"MetaLife"},"image":{"@id":"https:\/\/projetoslayerup.com.br\/metalife\/#\/schema\/logo\/image\/"},"sameAs":["https:\/\/www.facebook.com\/MetalifePilates","https:\/\/www.instagram.com\/metalifepilates\/","https:\/\/br.pinterest.com\/metalifepilates\/","https:\/\/www.linkedin.com\/company\/metalife"]}]}},"_links":{"self":[{"href":"https:\/\/projetoslayerup.com.br\/metalife\/wp-json\/wp\/v2\/product\/806","targetHints":{"allow":["GET"]}}],"collection":[{"href":"https:\/\/projetoslayerup.com.br\/metalife\/wp-json\/wp\/v2\/product"}],"about":[{"href":"https:\/\/projetoslayerup.com.br\/metalife\/wp-json\/wp\/v2\/types\/product"}],"wp:featuredmedia":[{"embeddable":true,"href":"https:\/\/projetoslayerup.com.br\/metalife\/wp-json\/wp\/v2\/media\/861"}],"wp:attachment":[{"href":"https:\/\/projetoslayerup.com.br\/metalife\/wp-json\/wp\/v2\/media?parent=806"}],"wp:term":[{"taxonomy":"product_brand","embeddable":true,"href":"https:\/\/projetoslayerup.com.br\/metalife\/wp-json\/wp\/v2\/product_brand?post=806"},{"taxonomy":"product_cat","embeddable":true,"href":"https:\/\/projetoslayerup.com.br\/metalife\/wp-json\/wp\/v2\/product_cat?post=806"},{"taxonomy":"product_tag","embeddable":true,"href":"https:\/\/projetoslayerup.com.br\/metalife\/wp-json\/wp\/v2\/product_tag?post=806"}],"curies":[{"name":"wp","href":"https:\/\/api.w.org\/{rel}","templated":true}]}}