{"id":807,"date":"2025-11-10T10:44:07","date_gmt":"2025-11-10T13:44:07","guid":{"rendered":"https:\/\/projetoslayerup.com.br\/metalife\/?post_type=product&#038;p=807"},"modified":"2025-11-10T10:44:07","modified_gmt":"2025-11-10T13:44:07","slug":"kit-manutencao-cadillac-com-molas-niqueladas","status":"publish","type":"product","link":"https:\/\/projetoslayerup.com.br\/metalife\/product\/kit-manutencao-cadillac-com-molas-niqueladas\/","title":{"rendered":"Kit Manuten\u00e7\u00e3o Cadillac com Molas Niqueladas"},"content":{"rendered":"<p>Mosquet\u00e3o MetaLife AISI 1020:<\/p>\n<ul>\n<li>AISI \u00e9 um Sistema americano para a classifica\u00e7\u00e3o dos a\u00e7os (American Iron and Steel Institute). O AISI 1020 \u00e9 uma categoria de a\u00e7o de dureza e for\u00e7a, com uma boa combina\u00e7\u00e3o de for\u00e7a e ductilidade;<\/li>\n<li>Quantidade: 28 unidades.<\/li>\n<\/ul>\n<p>&nbsp;<\/p>\n<p>Al\u00e7a de M\u00e3o MetaLife Pilates: Permite a execu\u00e7\u00e3o de exerc\u00edcios de membros superiores e de fortalecimento do core.<\/p>\n<ul>\n<li>Fita larga em poli\u00e9ster;<\/li>\n<li>Acabamento em neoprene;<\/li>\n<li>Acabamento com punho de espuma (poliuretano);<\/li>\n<li>Quantidade: 2 unidades.<\/li>\n<\/ul>\n<p>&nbsp;<\/p>\n<p>Al\u00e7a Coxa\/P\u00e9 MetaLife: Permite a execu\u00e7\u00e3o de uma infinidade de exerc\u00edcios de membros inferiores.<\/p>\n<ul>\n<li>Fita larga em poli\u00e9ster;<\/li>\n<li>Acabamento em neoprene;<\/li>\n<li>Possui argola para encaixe de mosquet\u00f5es;<\/li>\n<li>Sistema de fechamento em velcro;<\/li>\n<li>Quantidade: 2 unidades.<\/li>\n<\/ul>\n<p>&nbsp;<\/p>\n<p>Al\u00e7a de Seguran\u00e7a MetaLife Pilates: Utilizada para segurar a barra do Cadillac durante a execu\u00e7\u00e3o de exerc\u00edcios, evitando acidentes.<\/p>\n<ul>\n<li>Fita larga em poli\u00e9ster;<\/li>\n<li>Possui argola para encaixe de mosquet\u00f5es;<\/li>\n<li>Essa al\u00e7a com 3 elos;<\/li>\n<li>Quantidade: 1 unidade.<\/li>\n<\/ul>\n<p>&nbsp;<\/p>\n<p>Al\u00e7a de Sustenta\u00e7\u00e3o MetaLife Pilates: Utilizada para sustenta\u00e7\u00e3o de membros inferiores durante a execu\u00e7\u00e3o dos exerc\u00edcios.<\/p>\n<ul>\n<li>Fita larga em poli\u00e9ster;<\/li>\n<li>Acabamento em neoprene;<\/li>\n<li>Possui argola para encaixe dos mosquet\u00f5es;<\/li>\n<li>Quantidade: 1 unidade<\/li>\n<\/ul>\n<p>&nbsp;<\/p>\n<p>Al\u00e7a Fuzzy MetaLife Pilates: Facilita a execu\u00e7\u00e3o de exerc\u00edcios a\u00e9reos no Cadillac. Conforto, resist\u00eancia e precis\u00e3o para seus exerc\u00edcios.<\/p>\n<ul>\n<li>Fita larga em poli\u00e9ster;<\/li>\n<li>Acabamento em l\u00e3 sint\u00e9tica;<\/li>\n<li>Quantidade: 1 par (2 unidades).<\/li>\n<\/ul>\n<p>&nbsp;<\/p>\n<p>Al\u00e7a Abd\u00f4men MetaLife Pilates: D\u00e1 suporte ao abd\u00f4men durante a execu\u00e7\u00e3o dos exerc\u00edcios, mantendo a coluna em posi\u00e7\u00e3o adequada.<\/p>\n<ul>\n<li>Fita larga em poli\u00e9ster;<\/li>\n<li>Acabamento em neoprene;<\/li>\n<li>Possui argola para encaixe de mosquet\u00f5es;<\/li>\n<li>Quantidade: 1 unidade.<\/li>\n<\/ul>\n<p>As molas niqueladas MetaLife recebem um acabamento superficial niquelado, gerando maior qualidade\/durabilidade.<\/p>\n<p>Especifica\u00e7\u00f5es mola Azul:<\/p>\n<ul>\n<li>Intensidade: forte;<\/li>\n<li>Di\u00e2metro: 29,1 mm;<\/li>\n<li>Comprimento com olhais: 467,6 mm;<\/li>\n<li>Comprimento mola: 400 mm;<\/li>\n<li>Quantidade: 4 unidades.<\/li>\n<\/ul>\n<p>Especifica\u00e7\u00f5es mola Vermelha:<\/p>\n<ul>\n<li>Intensidade: fort\u00edssima;<\/li>\n<li>Di\u00e2metro: 29,8 mm;<\/li>\n<li>Comprimento com olhais: 474,4 mm;<\/li>\n<li>Comprimento mola: 410 mm;<\/li>\n<li>Quantidade: 2 unidades.<\/li>\n<\/ul>\n<p>Especifica\u00e7\u00f5es mola Amarela:<\/p>\n<ul>\n<li>Intensidade: fraqu\u00edssima;<\/li>\n<li>Di\u00e2metro: 27,7 mm;<\/li>\n<li>Comprimento com olhais: 485 mm;<\/li>\n<li>Comprimento mola: 415 mm;<\/li>\n<li>Quantidade: 2 unidades.<\/li>\n<\/ul>\n<p>Especifica\u00e7\u00f5es mola Branca:<\/p>\n<ul>\n<li>Intensidade: m\u00e9dia;<\/li>\n<li>Di\u00e2metro: 30,3 mm;<\/li>\n<li>Comprimento com olhais: 573 mm;<\/li>\n<li>Comprimento mola: 505 mm;<\/li>\n<li>Quantidade: 2 unidades.<\/li>\n<\/ul>\n<p>Especifica\u00e7\u00f5es mola Preta:<\/p>\n<ul>\n<li>Intensidade: fraca;<\/li>\n<li>Di\u00e2metro: 30,3 mm;<\/li>\n<li>Comprimento com olhais: 483,8 mm;<\/li>\n<li>Comprimento mola: 415 mm;<\/li>\n<li>Quantidade: 2 unidades.<\/li>\n<\/ul>\n<p>&nbsp;<\/p>\n","protected":false},"excerpt":{"rendered":"<p>28 mosquet\u00f5es + 1 par al\u00e7a de m\u00e3o + 1 par al\u00e7a coxa p\u00e9 + 1 Al\u00e7a de Sustenta\u00e7\u00e3o + 1 Al\u00e7a de Seguran\u00e7a + 1 Al\u00e7a Abd\u00f4men + 1 par Al\u00e7a Fuzzy + 4 molas niqueladas azuis + 2 molas niqueladas vermelhas + 2 molas niqueladas amarelas + 2 molas niqueladas brancas + 2 molas niqueladas pretas.<br \/>\n<strong>O equipamento Cadillac n\u00e3o est\u00e1 incluso!<\/strong><br \/>\n<strong>50% de desconto v\u00e1lidos apenas para as 30 primeiras compras.<\/strong><\/p>\n","protected":false},"featured_media":863,"template":"","meta":{"_acf_changed":false,"inline_featured_image":false},"product_brand":[],"product_cat":[36,33],"product_tag":[46,47],"class_list":{"0":"post-807","1":"product","2":"type-product","3":"status-publish","4":"has-post-thumbnail","6":"product_cat-kit-manutencao","7":"product_cat-pecas","8":"product_tag-kit-manutencao","9":"product_tag-pecas","11":"first","12":"outofstock","13":"shipping-taxable","14":"purchasable","15":"product-type-simple"},"acf":[],"yoast_head":"<!-- This site is optimized with the Yoast SEO plugin v27.2 - https:\/\/yoast.com\/product\/yoast-seo-wordpress\/ -->\n<title>Kit Manuten\u00e7\u00e3o Cadillac com Molas Niqueladas - Metalife<\/title>\n<meta name=\"robots\" content=\"noindex, follow, max-snippet:-1, max-image-preview:large, max-video-preview:-1\" \/>\n<meta property=\"og:locale\" content=\"pt_BR\" \/>\n<meta property=\"og:type\" content=\"article\" \/>\n<meta property=\"og:title\" content=\"Kit Manuten\u00e7\u00e3o Cadillac com Molas Niqueladas - Metalife\" \/>\n<meta property=\"og:description\" content=\"28 mosquet\u00f5es + 1 par al\u00e7a de m\u00e3o + 1 par al\u00e7a coxa p\u00e9 + 1 Al\u00e7a de Sustenta\u00e7\u00e3o + 1 Al\u00e7a de Seguran\u00e7a + 1 Al\u00e7a Abd\u00f4men + 1 par Al\u00e7a Fuzzy + 4 molas niqueladas azuis + 2 molas niqueladas vermelhas + 2 molas niqueladas amarelas + 2 molas niqueladas brancas + 2 molas niqueladas pretas. O equipamento Cadillac n\u00e3o est\u00e1 incluso! 50% de desconto v\u00e1lidos apenas para as 30 primeiras compras.\" \/>\n<meta property=\"og:url\" content=\"https:\/\/projetoslayerup.com.br\/metalife\/product\/kit-manutencao-cadillac-com-molas-niqueladas\/\" \/>\n<meta property=\"og:site_name\" content=\"Metalife\" \/>\n<meta property=\"article:publisher\" content=\"https:\/\/www.facebook.com\/MetalifePilates\" \/>\n<meta property=\"og:image\" content=\"https:\/\/projetoslayerup.com.br\/metalife\/wp-content\/uploads\/2025\/11\/semana-do-consumidor-kit-manutencao-cadillac-molas-niqueladas-produto-50.png\" \/>\n\t<meta property=\"og:image:width\" content=\"600\" \/>\n\t<meta property=\"og:image:height\" content=\"480\" \/>\n\t<meta property=\"og:image:type\" content=\"image\/png\" \/>\n<meta name=\"twitter:card\" content=\"summary_large_image\" \/>\n<meta name=\"twitter:label1\" content=\"Est. tempo de leitura\" \/>\n\t<meta name=\"twitter:data1\" content=\"2 minutos\" \/>\n<script type=\"application\/ld+json\" class=\"yoast-schema-graph\">{\"@context\":\"https:\/\/schema.org\",\"@graph\":[{\"@type\":\"WebPage\",\"@id\":\"https:\/\/projetoslayerup.com.br\/metalife\/product\/kit-manutencao-cadillac-com-molas-niqueladas\/\",\"url\":\"https:\/\/projetoslayerup.com.br\/metalife\/product\/kit-manutencao-cadillac-com-molas-niqueladas\/\",\"name\":\"Kit Manuten\u00e7\u00e3o Cadillac com Molas Niqueladas - Metalife\",\"isPartOf\":{\"@id\":\"https:\/\/projetoslayerup.com.br\/metalife\/#website\"},\"primaryImageOfPage\":{\"@id\":\"https:\/\/projetoslayerup.com.br\/metalife\/product\/kit-manutencao-cadillac-com-molas-niqueladas\/#primaryimage\"},\"image\":{\"@id\":\"https:\/\/projetoslayerup.com.br\/metalife\/product\/kit-manutencao-cadillac-com-molas-niqueladas\/#primaryimage\"},\"thumbnailUrl\":\"https:\/\/projetoslayerup.com.br\/metalife\/wp-content\/uploads\/2025\/11\/semana-do-consumidor-kit-manutencao-cadillac-molas-niqueladas-produto-50.png\",\"datePublished\":\"2025-11-10T13:44:07+00:00\",\"breadcrumb\":{\"@id\":\"https:\/\/projetoslayerup.com.br\/metalife\/product\/kit-manutencao-cadillac-com-molas-niqueladas\/#breadcrumb\"},\"inLanguage\":\"pt-BR\",\"potentialAction\":[{\"@type\":\"ReadAction\",\"target\":[\"https:\/\/projetoslayerup.com.br\/metalife\/product\/kit-manutencao-cadillac-com-molas-niqueladas\/\"]}]},{\"@type\":\"ImageObject\",\"inLanguage\":\"pt-BR\",\"@id\":\"https:\/\/projetoslayerup.com.br\/metalife\/product\/kit-manutencao-cadillac-com-molas-niqueladas\/#primaryimage\",\"url\":\"https:\/\/projetoslayerup.com.br\/metalife\/wp-content\/uploads\/2025\/11\/semana-do-consumidor-kit-manutencao-cadillac-molas-niqueladas-produto-50.png\",\"contentUrl\":\"https:\/\/projetoslayerup.com.br\/metalife\/wp-content\/uploads\/2025\/11\/semana-do-consumidor-kit-manutencao-cadillac-molas-niqueladas-produto-50.png\",\"width\":600,\"height\":480},{\"@type\":\"BreadcrumbList\",\"@id\":\"https:\/\/projetoslayerup.com.br\/metalife\/product\/kit-manutencao-cadillac-com-molas-niqueladas\/#breadcrumb\",\"itemListElement\":[{\"@type\":\"ListItem\",\"position\":1,\"name\":\"In\u00edcio\",\"item\":\"https:\/\/projetoslayerup.com.br\/metalife\/\"},{\"@type\":\"ListItem\",\"position\":2,\"name\":\"Produtos\",\"item\":\"https:\/\/projetoslayerup.com.br\/metalife\/produtos\/\"},{\"@type\":\"ListItem\",\"position\":3,\"name\":\"Kit Manuten\u00e7\u00e3o Cadillac com Molas Niqueladas\"}]},{\"@type\":\"WebSite\",\"@id\":\"https:\/\/projetoslayerup.com.br\/metalife\/#website\",\"url\":\"https:\/\/projetoslayerup.com.br\/metalife\/\",\"name\":\"MetaLife\",\"description\":\"\",\"publisher\":{\"@id\":\"https:\/\/projetoslayerup.com.br\/metalife\/#organization\"},\"potentialAction\":[{\"@type\":\"SearchAction\",\"target\":{\"@type\":\"EntryPoint\",\"urlTemplate\":\"https:\/\/projetoslayerup.com.br\/metalife\/?s={search_term_string}\"},\"query-input\":{\"@type\":\"PropertyValueSpecification\",\"valueRequired\":true,\"valueName\":\"search_term_string\"}}],\"inLanguage\":\"pt-BR\"},{\"@type\":\"Organization\",\"@id\":\"https:\/\/projetoslayerup.com.br\/metalife\/#organization\",\"name\":\"MetaLife\",\"url\":\"https:\/\/projetoslayerup.com.br\/metalife\/\",\"logo\":{\"@type\":\"ImageObject\",\"inLanguage\":\"pt-BR\",\"@id\":\"https:\/\/projetoslayerup.com.br\/metalife\/#\/schema\/logo\/image\/\",\"url\":\"https:\/\/projetoslayerup.com.br\/metalife\/wp-content\/uploads\/2025\/11\/logo-header-blog.png\",\"contentUrl\":\"https:\/\/projetoslayerup.com.br\/metalife\/wp-content\/uploads\/2025\/11\/logo-header-blog.png\",\"width\":180,\"height\":38,\"caption\":\"MetaLife\"},\"image\":{\"@id\":\"https:\/\/projetoslayerup.com.br\/metalife\/#\/schema\/logo\/image\/\"},\"sameAs\":[\"https:\/\/www.facebook.com\/MetalifePilates\",\"https:\/\/www.instagram.com\/metalifepilates\/\",\"https:\/\/br.pinterest.com\/metalifepilates\/\",\"https:\/\/www.linkedin.com\/company\/metalife\"]}]}<\/script>\n<!-- \/ Yoast SEO plugin. -->","yoast_head_json":{"title":"Kit Manuten\u00e7\u00e3o Cadillac com Molas Niqueladas - Metalife","robots":{"index":"noindex","follow":"follow","max-snippet":"max-snippet:-1","max-image-preview":"max-image-preview:large","max-video-preview":"max-video-preview:-1"},"og_locale":"pt_BR","og_type":"article","og_title":"Kit Manuten\u00e7\u00e3o Cadillac com Molas Niqueladas - Metalife","og_description":"28 mosquet\u00f5es + 1 par al\u00e7a de m\u00e3o + 1 par al\u00e7a coxa p\u00e9 + 1 Al\u00e7a de Sustenta\u00e7\u00e3o + 1 Al\u00e7a de Seguran\u00e7a + 1 Al\u00e7a Abd\u00f4men + 1 par Al\u00e7a Fuzzy + 4 molas niqueladas azuis + 2 molas niqueladas vermelhas + 2 molas niqueladas amarelas + 2 molas niqueladas brancas + 2 molas niqueladas pretas. O equipamento Cadillac n\u00e3o est\u00e1 incluso! 50% de desconto v\u00e1lidos apenas para as 30 primeiras compras.","og_url":"https:\/\/projetoslayerup.com.br\/metalife\/product\/kit-manutencao-cadillac-com-molas-niqueladas\/","og_site_name":"Metalife","article_publisher":"https:\/\/www.facebook.com\/MetalifePilates","og_image":[{"width":600,"height":480,"url":"https:\/\/projetoslayerup.com.br\/metalife\/wp-content\/uploads\/2025\/11\/semana-do-consumidor-kit-manutencao-cadillac-molas-niqueladas-produto-50.png","type":"image\/png"}],"twitter_card":"summary_large_image","twitter_misc":{"Est. tempo de leitura":"2 minutos"},"schema":{"@context":"https:\/\/schema.org","@graph":[{"@type":"WebPage","@id":"https:\/\/projetoslayerup.com.br\/metalife\/product\/kit-manutencao-cadillac-com-molas-niqueladas\/","url":"https:\/\/projetoslayerup.com.br\/metalife\/product\/kit-manutencao-cadillac-com-molas-niqueladas\/","name":"Kit Manuten\u00e7\u00e3o Cadillac com Molas Niqueladas - Metalife","isPartOf":{"@id":"https:\/\/projetoslayerup.com.br\/metalife\/#website"},"primaryImageOfPage":{"@id":"https:\/\/projetoslayerup.com.br\/metalife\/product\/kit-manutencao-cadillac-com-molas-niqueladas\/#primaryimage"},"image":{"@id":"https:\/\/projetoslayerup.com.br\/metalife\/product\/kit-manutencao-cadillac-com-molas-niqueladas\/#primaryimage"},"thumbnailUrl":"https:\/\/projetoslayerup.com.br\/metalife\/wp-content\/uploads\/2025\/11\/semana-do-consumidor-kit-manutencao-cadillac-molas-niqueladas-produto-50.png","datePublished":"2025-11-10T13:44:07+00:00","breadcrumb":{"@id":"https:\/\/projetoslayerup.com.br\/metalife\/product\/kit-manutencao-cadillac-com-molas-niqueladas\/#breadcrumb"},"inLanguage":"pt-BR","potentialAction":[{"@type":"ReadAction","target":["https:\/\/projetoslayerup.com.br\/metalife\/product\/kit-manutencao-cadillac-com-molas-niqueladas\/"]}]},{"@type":"ImageObject","inLanguage":"pt-BR","@id":"https:\/\/projetoslayerup.com.br\/metalife\/product\/kit-manutencao-cadillac-com-molas-niqueladas\/#primaryimage","url":"https:\/\/projetoslayerup.com.br\/metalife\/wp-content\/uploads\/2025\/11\/semana-do-consumidor-kit-manutencao-cadillac-molas-niqueladas-produto-50.png","contentUrl":"https:\/\/projetoslayerup.com.br\/metalife\/wp-content\/uploads\/2025\/11\/semana-do-consumidor-kit-manutencao-cadillac-molas-niqueladas-produto-50.png","width":600,"height":480},{"@type":"BreadcrumbList","@id":"https:\/\/projetoslayerup.com.br\/metalife\/product\/kit-manutencao-cadillac-com-molas-niqueladas\/#breadcrumb","itemListElement":[{"@type":"ListItem","position":1,"name":"In\u00edcio","item":"https:\/\/projetoslayerup.com.br\/metalife\/"},{"@type":"ListItem","position":2,"name":"Produtos","item":"https:\/\/projetoslayerup.com.br\/metalife\/produtos\/"},{"@type":"ListItem","position":3,"name":"Kit Manuten\u00e7\u00e3o Cadillac com Molas Niqueladas"}]},{"@type":"WebSite","@id":"https:\/\/projetoslayerup.com.br\/metalife\/#website","url":"https:\/\/projetoslayerup.com.br\/metalife\/","name":"MetaLife","description":"","publisher":{"@id":"https:\/\/projetoslayerup.com.br\/metalife\/#organization"},"potentialAction":[{"@type":"SearchAction","target":{"@type":"EntryPoint","urlTemplate":"https:\/\/projetoslayerup.com.br\/metalife\/?s={search_term_string}"},"query-input":{"@type":"PropertyValueSpecification","valueRequired":true,"valueName":"search_term_string"}}],"inLanguage":"pt-BR"},{"@type":"Organization","@id":"https:\/\/projetoslayerup.com.br\/metalife\/#organization","name":"MetaLife","url":"https:\/\/projetoslayerup.com.br\/metalife\/","logo":{"@type":"ImageObject","inLanguage":"pt-BR","@id":"https:\/\/projetoslayerup.com.br\/metalife\/#\/schema\/logo\/image\/","url":"https:\/\/projetoslayerup.com.br\/metalife\/wp-content\/uploads\/2025\/11\/logo-header-blog.png","contentUrl":"https:\/\/projetoslayerup.com.br\/metalife\/wp-content\/uploads\/2025\/11\/logo-header-blog.png","width":180,"height":38,"caption":"MetaLife"},"image":{"@id":"https:\/\/projetoslayerup.com.br\/metalife\/#\/schema\/logo\/image\/"},"sameAs":["https:\/\/www.facebook.com\/MetalifePilates","https:\/\/www.instagram.com\/metalifepilates\/","https:\/\/br.pinterest.com\/metalifepilates\/","https:\/\/www.linkedin.com\/company\/metalife"]}]}},"_links":{"self":[{"href":"https:\/\/projetoslayerup.com.br\/metalife\/wp-json\/wp\/v2\/product\/807","targetHints":{"allow":["GET"]}}],"collection":[{"href":"https:\/\/projetoslayerup.com.br\/metalife\/wp-json\/wp\/v2\/product"}],"about":[{"href":"https:\/\/projetoslayerup.com.br\/metalife\/wp-json\/wp\/v2\/types\/product"}],"wp:featuredmedia":[{"embeddable":true,"href":"https:\/\/projetoslayerup.com.br\/metalife\/wp-json\/wp\/v2\/media\/863"}],"wp:attachment":[{"href":"https:\/\/projetoslayerup.com.br\/metalife\/wp-json\/wp\/v2\/media?parent=807"}],"wp:term":[{"taxonomy":"product_brand","embeddable":true,"href":"https:\/\/projetoslayerup.com.br\/metalife\/wp-json\/wp\/v2\/product_brand?post=807"},{"taxonomy":"product_cat","embeddable":true,"href":"https:\/\/projetoslayerup.com.br\/metalife\/wp-json\/wp\/v2\/product_cat?post=807"},{"taxonomy":"product_tag","embeddable":true,"href":"https:\/\/projetoslayerup.com.br\/metalife\/wp-json\/wp\/v2\/product_tag?post=807"}],"curies":[{"name":"wp","href":"https:\/\/api.w.org\/{rel}","templated":true}]}}