{"id":897,"date":"2025-11-10T10:16:04","date_gmt":"2025-11-10T13:16:04","guid":{"rendered":"https:\/\/projetoslayerup.com.br\/metalife\/?post_type=product&#038;p=897"},"modified":"2025-11-10T10:17:42","modified_gmt":"2025-11-10T13:17:42","slug":"rolo-liberacao-miofascial-curto","status":"publish","type":"product","link":"https:\/\/projetoslayerup.com.br\/metalife\/product\/rolo-liberacao-miofascial-curto\/","title":{"rendered":"Rolo Libera\u00e7\u00e3o Miofascial Curto"},"content":{"rendered":"<p>O Rolo Libera\u00e7\u00e3o Miofascial Curto, tamb\u00e9m conhecido como Yoga Roller ou Foam Roller, foi desenvolvido para aliviar tens\u00f5es musculares atrav\u00e9s de movimentos repetitivos e de varia\u00e7\u00e3o de press\u00e3o sob o mesmo. O rolo de soltura \u00e9 usado para realizar massagens e aliviar tens\u00f5es musculares atrav\u00e9s de movimentos repetitivos e de varia\u00e7\u00f5es de press\u00e3o sob o mesmo.<\/p>\n<p>Este equipamento ajuda na libera\u00e7\u00e3o miofascial (jun\u00e7\u00e3o de &#8220;mio&#8221; que significa m\u00fasculo e &#8220;f\u00e1scia&#8221; que significa tecido). Essa libera\u00e7\u00e3o se trata de uma automassagem que diminui a tens\u00e3o dos m\u00fasculos causada pela intensidade dos treinos, m\u00e1 postura e at\u00e9 les\u00f5es. Libera m\u00fasculos grandes como posteriores de coxa, quadr\u00edceps, dorsais e gl\u00fateos, ap\u00f3s treinos intensos de cross training, muscula\u00e7\u00e3o, corrida, entre muitos outros.Espuma densa moldada em formato tridimensional.<\/p>\n<p>Resistente aos esfor\u00e7os intensos e repetitivos sem se deformar.<\/p>\n<ul>\n<li>Libera m\u00fasculos grandes como posteriores de coxa, quadr\u00edceps, dorsais e gl\u00fateos.<\/li>\n<li>Relaxa a musculatura cansada p\u00f3s treinos<\/li>\n<li>Alivia tens\u00f5es<\/li>\n<li>Acelera a oxigena\u00e7\u00e3o do sangue nos locais afetados<\/li>\n<li>Trabalha e fortalece a musculatura<\/li>\n<li>Desenvolve equil\u00edbrio e flexibilidade<\/li>\n<\/ul>\n<p>Especifica\u00e7\u00f5es:<\/p>\n<ul>\n<li>Peso: 800g<\/li>\n<li>Comprimento: 33cm<\/li>\n<li>Largura: 14cm<\/li>\n<li>Altura: 14cm<\/li>\n<li>Peso m\u00e1ximo suportado: 150Kg<\/li>\n<li>Cor: MetaLife<\/li>\n<li>Composi\u00e7\u00e3o: EVA e Pl\u00e1stico PVC<\/li>\n<\/ul>\n<p>Instru\u00e7\u00f5es de conserva\u00e7\u00e3o: armazenar em local seco e arejado; n\u00e3o expor as condi\u00e7\u00f5es clim\u00e1ticas; n\u00e3o molhar.<\/p>\n","protected":false},"excerpt":{"rendered":"<p>Ideal para liberar grandes m\u00fasculos ap\u00f3s treinos intensos de cross training, muscula\u00e7\u00e3o, corrida, Pilates entre muitos outros.<\/p>\n","protected":false},"featured_media":957,"template":"","meta":{"_acf_changed":false,"inline_featured_image":false},"product_brand":[],"product_cat":[21],"product_tag":[],"class_list":{"0":"post-897","1":"product","2":"type-product","3":"status-publish","4":"has-post-thumbnail","6":"product_cat-acessorios","8":"first","9":"outofstock","10":"featured","11":"shipping-taxable","12":"purchasable","13":"product-type-simple"},"acf":[],"yoast_head":"<!-- This site is optimized with the Yoast SEO plugin v27.2 - https:\/\/yoast.com\/product\/yoast-seo-wordpress\/ -->\n<title>Rolo Libera\u00e7\u00e3o Miofascial Curto - Metalife<\/title>\n<meta name=\"robots\" content=\"noindex, follow, max-snippet:-1, max-image-preview:large, max-video-preview:-1\" \/>\n<meta property=\"og:locale\" content=\"pt_BR\" \/>\n<meta property=\"og:type\" content=\"article\" \/>\n<meta property=\"og:title\" content=\"Rolo Libera\u00e7\u00e3o Miofascial Curto - Metalife\" \/>\n<meta property=\"og:description\" content=\"Ideal para liberar grandes m\u00fasculos ap\u00f3s treinos intensos de cross training, muscula\u00e7\u00e3o, corrida, Pilates entre muitos outros.\" \/>\n<meta property=\"og:url\" content=\"https:\/\/projetoslayerup.com.br\/metalife\/product\/rolo-liberacao-miofascial-curto\/\" \/>\n<meta property=\"og:site_name\" content=\"Metalife\" \/>\n<meta property=\"article:publisher\" content=\"https:\/\/www.facebook.com\/MetalifePilates\" \/>\n<meta property=\"article:modified_time\" content=\"2025-11-10T13:17:42+00:00\" \/>\n<meta property=\"og:image\" content=\"https:\/\/projetoslayerup.com.br\/metalife\/wp-content\/uploads\/2025\/11\/33_ROLO-DE-LIBERACAO-MIOFASCIAL.jpg\" \/>\n\t<meta property=\"og:image:width\" content=\"1024\" \/>\n\t<meta property=\"og:image:height\" content=\"1024\" \/>\n\t<meta property=\"og:image:type\" content=\"image\/jpeg\" \/>\n<meta name=\"twitter:card\" content=\"summary_large_image\" \/>\n<meta name=\"twitter:label1\" content=\"Est. tempo de leitura\" \/>\n\t<meta name=\"twitter:data1\" content=\"1 minuto\" \/>\n<script type=\"application\/ld+json\" class=\"yoast-schema-graph\">{\"@context\":\"https:\/\/schema.org\",\"@graph\":[{\"@type\":\"WebPage\",\"@id\":\"https:\/\/projetoslayerup.com.br\/metalife\/product\/rolo-liberacao-miofascial-curto\/\",\"url\":\"https:\/\/projetoslayerup.com.br\/metalife\/product\/rolo-liberacao-miofascial-curto\/\",\"name\":\"Rolo Libera\u00e7\u00e3o Miofascial Curto - Metalife\",\"isPartOf\":{\"@id\":\"https:\/\/projetoslayerup.com.br\/metalife\/#website\"},\"primaryImageOfPage\":{\"@id\":\"https:\/\/projetoslayerup.com.br\/metalife\/product\/rolo-liberacao-miofascial-curto\/#primaryimage\"},\"image\":{\"@id\":\"https:\/\/projetoslayerup.com.br\/metalife\/product\/rolo-liberacao-miofascial-curto\/#primaryimage\"},\"thumbnailUrl\":\"https:\/\/projetoslayerup.com.br\/metalife\/wp-content\/uploads\/2025\/11\/33_ROLO-DE-LIBERACAO-MIOFASCIAL.jpg\",\"datePublished\":\"2025-11-10T13:16:04+00:00\",\"dateModified\":\"2025-11-10T13:17:42+00:00\",\"breadcrumb\":{\"@id\":\"https:\/\/projetoslayerup.com.br\/metalife\/product\/rolo-liberacao-miofascial-curto\/#breadcrumb\"},\"inLanguage\":\"pt-BR\",\"potentialAction\":[{\"@type\":\"ReadAction\",\"target\":[\"https:\/\/projetoslayerup.com.br\/metalife\/product\/rolo-liberacao-miofascial-curto\/\"]}]},{\"@type\":\"ImageObject\",\"inLanguage\":\"pt-BR\",\"@id\":\"https:\/\/projetoslayerup.com.br\/metalife\/product\/rolo-liberacao-miofascial-curto\/#primaryimage\",\"url\":\"https:\/\/projetoslayerup.com.br\/metalife\/wp-content\/uploads\/2025\/11\/33_ROLO-DE-LIBERACAO-MIOFASCIAL.jpg\",\"contentUrl\":\"https:\/\/projetoslayerup.com.br\/metalife\/wp-content\/uploads\/2025\/11\/33_ROLO-DE-LIBERACAO-MIOFASCIAL.jpg\",\"width\":1024,\"height\":1024},{\"@type\":\"BreadcrumbList\",\"@id\":\"https:\/\/projetoslayerup.com.br\/metalife\/product\/rolo-liberacao-miofascial-curto\/#breadcrumb\",\"itemListElement\":[{\"@type\":\"ListItem\",\"position\":1,\"name\":\"In\u00edcio\",\"item\":\"https:\/\/projetoslayerup.com.br\/metalife\/\"},{\"@type\":\"ListItem\",\"position\":2,\"name\":\"Produtos\",\"item\":\"https:\/\/projetoslayerup.com.br\/metalife\/produtos\/\"},{\"@type\":\"ListItem\",\"position\":3,\"name\":\"Rolo Libera\u00e7\u00e3o Miofascial Curto\"}]},{\"@type\":\"WebSite\",\"@id\":\"https:\/\/projetoslayerup.com.br\/metalife\/#website\",\"url\":\"https:\/\/projetoslayerup.com.br\/metalife\/\",\"name\":\"MetaLife\",\"description\":\"\",\"publisher\":{\"@id\":\"https:\/\/projetoslayerup.com.br\/metalife\/#organization\"},\"potentialAction\":[{\"@type\":\"SearchAction\",\"target\":{\"@type\":\"EntryPoint\",\"urlTemplate\":\"https:\/\/projetoslayerup.com.br\/metalife\/?s={search_term_string}\"},\"query-input\":{\"@type\":\"PropertyValueSpecification\",\"valueRequired\":true,\"valueName\":\"search_term_string\"}}],\"inLanguage\":\"pt-BR\"},{\"@type\":\"Organization\",\"@id\":\"https:\/\/projetoslayerup.com.br\/metalife\/#organization\",\"name\":\"MetaLife\",\"url\":\"https:\/\/projetoslayerup.com.br\/metalife\/\",\"logo\":{\"@type\":\"ImageObject\",\"inLanguage\":\"pt-BR\",\"@id\":\"https:\/\/projetoslayerup.com.br\/metalife\/#\/schema\/logo\/image\/\",\"url\":\"https:\/\/projetoslayerup.com.br\/metalife\/wp-content\/uploads\/2025\/11\/logo-header-blog.png\",\"contentUrl\":\"https:\/\/projetoslayerup.com.br\/metalife\/wp-content\/uploads\/2025\/11\/logo-header-blog.png\",\"width\":180,\"height\":38,\"caption\":\"MetaLife\"},\"image\":{\"@id\":\"https:\/\/projetoslayerup.com.br\/metalife\/#\/schema\/logo\/image\/\"},\"sameAs\":[\"https:\/\/www.facebook.com\/MetalifePilates\",\"https:\/\/www.instagram.com\/metalifepilates\/\",\"https:\/\/br.pinterest.com\/metalifepilates\/\",\"https:\/\/www.linkedin.com\/company\/metalife\"]}]}<\/script>\n<!-- \/ Yoast SEO plugin. -->","yoast_head_json":{"title":"Rolo Libera\u00e7\u00e3o Miofascial Curto - Metalife","robots":{"index":"noindex","follow":"follow","max-snippet":"max-snippet:-1","max-image-preview":"max-image-preview:large","max-video-preview":"max-video-preview:-1"},"og_locale":"pt_BR","og_type":"article","og_title":"Rolo Libera\u00e7\u00e3o Miofascial Curto - Metalife","og_description":"Ideal para liberar grandes m\u00fasculos ap\u00f3s treinos intensos de cross training, muscula\u00e7\u00e3o, corrida, Pilates entre muitos outros.","og_url":"https:\/\/projetoslayerup.com.br\/metalife\/product\/rolo-liberacao-miofascial-curto\/","og_site_name":"Metalife","article_publisher":"https:\/\/www.facebook.com\/MetalifePilates","article_modified_time":"2025-11-10T13:17:42+00:00","og_image":[{"width":1024,"height":1024,"url":"https:\/\/projetoslayerup.com.br\/metalife\/wp-content\/uploads\/2025\/11\/33_ROLO-DE-LIBERACAO-MIOFASCIAL.jpg","type":"image\/jpeg"}],"twitter_card":"summary_large_image","twitter_misc":{"Est. tempo de leitura":"1 minuto"},"schema":{"@context":"https:\/\/schema.org","@graph":[{"@type":"WebPage","@id":"https:\/\/projetoslayerup.com.br\/metalife\/product\/rolo-liberacao-miofascial-curto\/","url":"https:\/\/projetoslayerup.com.br\/metalife\/product\/rolo-liberacao-miofascial-curto\/","name":"Rolo Libera\u00e7\u00e3o Miofascial Curto - Metalife","isPartOf":{"@id":"https:\/\/projetoslayerup.com.br\/metalife\/#website"},"primaryImageOfPage":{"@id":"https:\/\/projetoslayerup.com.br\/metalife\/product\/rolo-liberacao-miofascial-curto\/#primaryimage"},"image":{"@id":"https:\/\/projetoslayerup.com.br\/metalife\/product\/rolo-liberacao-miofascial-curto\/#primaryimage"},"thumbnailUrl":"https:\/\/projetoslayerup.com.br\/metalife\/wp-content\/uploads\/2025\/11\/33_ROLO-DE-LIBERACAO-MIOFASCIAL.jpg","datePublished":"2025-11-10T13:16:04+00:00","dateModified":"2025-11-10T13:17:42+00:00","breadcrumb":{"@id":"https:\/\/projetoslayerup.com.br\/metalife\/product\/rolo-liberacao-miofascial-curto\/#breadcrumb"},"inLanguage":"pt-BR","potentialAction":[{"@type":"ReadAction","target":["https:\/\/projetoslayerup.com.br\/metalife\/product\/rolo-liberacao-miofascial-curto\/"]}]},{"@type":"ImageObject","inLanguage":"pt-BR","@id":"https:\/\/projetoslayerup.com.br\/metalife\/product\/rolo-liberacao-miofascial-curto\/#primaryimage","url":"https:\/\/projetoslayerup.com.br\/metalife\/wp-content\/uploads\/2025\/11\/33_ROLO-DE-LIBERACAO-MIOFASCIAL.jpg","contentUrl":"https:\/\/projetoslayerup.com.br\/metalife\/wp-content\/uploads\/2025\/11\/33_ROLO-DE-LIBERACAO-MIOFASCIAL.jpg","width":1024,"height":1024},{"@type":"BreadcrumbList","@id":"https:\/\/projetoslayerup.com.br\/metalife\/product\/rolo-liberacao-miofascial-curto\/#breadcrumb","itemListElement":[{"@type":"ListItem","position":1,"name":"In\u00edcio","item":"https:\/\/projetoslayerup.com.br\/metalife\/"},{"@type":"ListItem","position":2,"name":"Produtos","item":"https:\/\/projetoslayerup.com.br\/metalife\/produtos\/"},{"@type":"ListItem","position":3,"name":"Rolo Libera\u00e7\u00e3o Miofascial Curto"}]},{"@type":"WebSite","@id":"https:\/\/projetoslayerup.com.br\/metalife\/#website","url":"https:\/\/projetoslayerup.com.br\/metalife\/","name":"MetaLife","description":"","publisher":{"@id":"https:\/\/projetoslayerup.com.br\/metalife\/#organization"},"potentialAction":[{"@type":"SearchAction","target":{"@type":"EntryPoint","urlTemplate":"https:\/\/projetoslayerup.com.br\/metalife\/?s={search_term_string}"},"query-input":{"@type":"PropertyValueSpecification","valueRequired":true,"valueName":"search_term_string"}}],"inLanguage":"pt-BR"},{"@type":"Organization","@id":"https:\/\/projetoslayerup.com.br\/metalife\/#organization","name":"MetaLife","url":"https:\/\/projetoslayerup.com.br\/metalife\/","logo":{"@type":"ImageObject","inLanguage":"pt-BR","@id":"https:\/\/projetoslayerup.com.br\/metalife\/#\/schema\/logo\/image\/","url":"https:\/\/projetoslayerup.com.br\/metalife\/wp-content\/uploads\/2025\/11\/logo-header-blog.png","contentUrl":"https:\/\/projetoslayerup.com.br\/metalife\/wp-content\/uploads\/2025\/11\/logo-header-blog.png","width":180,"height":38,"caption":"MetaLife"},"image":{"@id":"https:\/\/projetoslayerup.com.br\/metalife\/#\/schema\/logo\/image\/"},"sameAs":["https:\/\/www.facebook.com\/MetalifePilates","https:\/\/www.instagram.com\/metalifepilates\/","https:\/\/br.pinterest.com\/metalifepilates\/","https:\/\/www.linkedin.com\/company\/metalife"]}]}},"_links":{"self":[{"href":"https:\/\/projetoslayerup.com.br\/metalife\/wp-json\/wp\/v2\/product\/897","targetHints":{"allow":["GET"]}}],"collection":[{"href":"https:\/\/projetoslayerup.com.br\/metalife\/wp-json\/wp\/v2\/product"}],"about":[{"href":"https:\/\/projetoslayerup.com.br\/metalife\/wp-json\/wp\/v2\/types\/product"}],"wp:featuredmedia":[{"embeddable":true,"href":"https:\/\/projetoslayerup.com.br\/metalife\/wp-json\/wp\/v2\/media\/957"}],"wp:attachment":[{"href":"https:\/\/projetoslayerup.com.br\/metalife\/wp-json\/wp\/v2\/media?parent=897"}],"wp:term":[{"taxonomy":"product_brand","embeddable":true,"href":"https:\/\/projetoslayerup.com.br\/metalife\/wp-json\/wp\/v2\/product_brand?post=897"},{"taxonomy":"product_cat","embeddable":true,"href":"https:\/\/projetoslayerup.com.br\/metalife\/wp-json\/wp\/v2\/product_cat?post=897"},{"taxonomy":"product_tag","embeddable":true,"href":"https:\/\/projetoslayerup.com.br\/metalife\/wp-json\/wp\/v2\/product_tag?post=897"}],"curies":[{"name":"wp","href":"https:\/\/api.w.org\/{rel}","templated":true}]}}