{"id":906,"date":"2025-11-10T10:42:34","date_gmt":"2025-11-10T13:42:34","guid":{"rendered":"https:\/\/projetoslayerup.com.br\/metalife\/?post_type=product&#038;p=906"},"modified":"2025-11-10T10:42:34","modified_gmt":"2025-11-10T13:42:34","slug":"meia-bola-de-pilates","status":"publish","type":"product","link":"https:\/\/projetoslayerup.com.br\/metalife\/product\/meia-bola-de-pilates\/","title":{"rendered":"Meia Bola de Pilates"},"content":{"rendered":"<p>A Meia Bola de Pilates da MetaLife, tamb\u00e9m conhecida como BOSU Ball ou meia bola su\u00ed\u00e7a, pode ser utilizada no treinamento funcional e em diversas outras atividades f\u00edsicas. Ela possui a base inst\u00e1vel e permite realizar treinos para ganho de for\u00e7a, equil\u00edbrio, agilidade, elasticidade e condicionamento f\u00edsico. Acompanha um par de al\u00e7as de l\u00e1tex, que possibilita a realiza\u00e7\u00e3o de exerc\u00edcios para membros superiores, trabalhando assim todos os m\u00fasculos do corpo.<\/p>\n<p>Especifica\u00e7\u00f5es:<\/p>\n<ul>\n<li>Di\u00e2metro: 58 cm<\/li>\n<li>Peso m\u00e1ximo suportado: 300 Kg<\/li>\n<li>Cor: Azul<\/li>\n<li>Composi\u00e7\u00e3o: Pl\u00e1stico PVC e Polipropileno PP<\/li>\n<\/ul>\n<p><span style=\"color: #ed1c24;\"><strong>Produto em pr\u00e9-venda. Entrega prevista para jan\/2020.<\/strong><\/span><\/p>\n","protected":false},"excerpt":{"rendered":"<p>Com a base inst\u00e1vel, \u00e9 ideal para trabalhar equil\u00edbrio, fortalecimento muscular, elasticidade, agilidade e condicionamento f\u00edsico.<br \/>\n<span style=\"color: #ed1c24;\"><strong>Produto em pr\u00e9-venda. Entrega prevista para jan\/2020.<\/strong><\/span><\/p>\n","protected":false},"featured_media":963,"template":"","meta":{"_acf_changed":false,"inline_featured_image":false},"product_brand":[],"product_cat":[21],"product_tag":[],"class_list":{"0":"post-906","1":"product","2":"type-product","3":"status-publish","4":"has-post-thumbnail","6":"product_cat-acessorios","8":"first","9":"onbackorder","10":"shipping-taxable","11":"purchasable","12":"product-type-simple"},"acf":[],"yoast_head":"<!-- This site is optimized with the Yoast SEO plugin v27.2 - https:\/\/yoast.com\/product\/yoast-seo-wordpress\/ -->\n<title>Meia Bola de Pilates - Metalife<\/title>\n<meta name=\"robots\" content=\"noindex, follow, max-snippet:-1, max-image-preview:large, max-video-preview:-1\" \/>\n<meta property=\"og:locale\" content=\"pt_BR\" \/>\n<meta property=\"og:type\" content=\"article\" \/>\n<meta property=\"og:title\" content=\"Meia Bola de Pilates - Metalife\" \/>\n<meta property=\"og:description\" content=\"Com a base inst\u00e1vel, \u00e9 ideal para trabalhar equil\u00edbrio, fortalecimento muscular, elasticidade, agilidade e condicionamento f\u00edsico. Produto em pr\u00e9-venda. Entrega prevista para jan\/2020.\" \/>\n<meta property=\"og:url\" content=\"https:\/\/projetoslayerup.com.br\/metalife\/product\/meia-bola-de-pilates\/\" \/>\n<meta property=\"og:site_name\" content=\"Metalife\" \/>\n<meta property=\"article:publisher\" content=\"https:\/\/www.facebook.com\/MetalifePilates\" \/>\n<meta property=\"og:image\" content=\"https:\/\/projetoslayerup.com.br\/metalife\/wp-content\/uploads\/2025\/11\/meia_bola_de_pilates_site_1.jpg\" \/>\n\t<meta property=\"og:image:width\" content=\"600\" \/>\n\t<meta property=\"og:image:height\" content=\"480\" \/>\n\t<meta property=\"og:image:type\" content=\"image\/jpeg\" \/>\n<meta name=\"twitter:card\" content=\"summary_large_image\" \/>\n<meta name=\"twitter:label1\" content=\"Est. tempo de leitura\" \/>\n\t<meta name=\"twitter:data1\" content=\"1 minuto\" \/>\n<script type=\"application\/ld+json\" class=\"yoast-schema-graph\">{\"@context\":\"https:\/\/schema.org\",\"@graph\":[{\"@type\":\"WebPage\",\"@id\":\"https:\/\/projetoslayerup.com.br\/metalife\/product\/meia-bola-de-pilates\/\",\"url\":\"https:\/\/projetoslayerup.com.br\/metalife\/product\/meia-bola-de-pilates\/\",\"name\":\"Meia Bola de Pilates - Metalife\",\"isPartOf\":{\"@id\":\"https:\/\/projetoslayerup.com.br\/metalife\/#website\"},\"primaryImageOfPage\":{\"@id\":\"https:\/\/projetoslayerup.com.br\/metalife\/product\/meia-bola-de-pilates\/#primaryimage\"},\"image\":{\"@id\":\"https:\/\/projetoslayerup.com.br\/metalife\/product\/meia-bola-de-pilates\/#primaryimage\"},\"thumbnailUrl\":\"https:\/\/projetoslayerup.com.br\/metalife\/wp-content\/uploads\/2025\/11\/meia_bola_de_pilates_site_1.jpg\",\"datePublished\":\"2025-11-10T13:42:34+00:00\",\"breadcrumb\":{\"@id\":\"https:\/\/projetoslayerup.com.br\/metalife\/product\/meia-bola-de-pilates\/#breadcrumb\"},\"inLanguage\":\"pt-BR\",\"potentialAction\":[{\"@type\":\"ReadAction\",\"target\":[\"https:\/\/projetoslayerup.com.br\/metalife\/product\/meia-bola-de-pilates\/\"]}]},{\"@type\":\"ImageObject\",\"inLanguage\":\"pt-BR\",\"@id\":\"https:\/\/projetoslayerup.com.br\/metalife\/product\/meia-bola-de-pilates\/#primaryimage\",\"url\":\"https:\/\/projetoslayerup.com.br\/metalife\/wp-content\/uploads\/2025\/11\/meia_bola_de_pilates_site_1.jpg\",\"contentUrl\":\"https:\/\/projetoslayerup.com.br\/metalife\/wp-content\/uploads\/2025\/11\/meia_bola_de_pilates_site_1.jpg\",\"width\":600,\"height\":480},{\"@type\":\"BreadcrumbList\",\"@id\":\"https:\/\/projetoslayerup.com.br\/metalife\/product\/meia-bola-de-pilates\/#breadcrumb\",\"itemListElement\":[{\"@type\":\"ListItem\",\"position\":1,\"name\":\"In\u00edcio\",\"item\":\"https:\/\/projetoslayerup.com.br\/metalife\/\"},{\"@type\":\"ListItem\",\"position\":2,\"name\":\"Produtos\",\"item\":\"https:\/\/projetoslayerup.com.br\/metalife\/produtos\/\"},{\"@type\":\"ListItem\",\"position\":3,\"name\":\"Meia Bola de Pilates\"}]},{\"@type\":\"WebSite\",\"@id\":\"https:\/\/projetoslayerup.com.br\/metalife\/#website\",\"url\":\"https:\/\/projetoslayerup.com.br\/metalife\/\",\"name\":\"MetaLife\",\"description\":\"\",\"publisher\":{\"@id\":\"https:\/\/projetoslayerup.com.br\/metalife\/#organization\"},\"potentialAction\":[{\"@type\":\"SearchAction\",\"target\":{\"@type\":\"EntryPoint\",\"urlTemplate\":\"https:\/\/projetoslayerup.com.br\/metalife\/?s={search_term_string}\"},\"query-input\":{\"@type\":\"PropertyValueSpecification\",\"valueRequired\":true,\"valueName\":\"search_term_string\"}}],\"inLanguage\":\"pt-BR\"},{\"@type\":\"Organization\",\"@id\":\"https:\/\/projetoslayerup.com.br\/metalife\/#organization\",\"name\":\"MetaLife\",\"url\":\"https:\/\/projetoslayerup.com.br\/metalife\/\",\"logo\":{\"@type\":\"ImageObject\",\"inLanguage\":\"pt-BR\",\"@id\":\"https:\/\/projetoslayerup.com.br\/metalife\/#\/schema\/logo\/image\/\",\"url\":\"https:\/\/projetoslayerup.com.br\/metalife\/wp-content\/uploads\/2025\/11\/logo-header-blog.png\",\"contentUrl\":\"https:\/\/projetoslayerup.com.br\/metalife\/wp-content\/uploads\/2025\/11\/logo-header-blog.png\",\"width\":180,\"height\":38,\"caption\":\"MetaLife\"},\"image\":{\"@id\":\"https:\/\/projetoslayerup.com.br\/metalife\/#\/schema\/logo\/image\/\"},\"sameAs\":[\"https:\/\/www.facebook.com\/MetalifePilates\",\"https:\/\/www.instagram.com\/metalifepilates\/\",\"https:\/\/br.pinterest.com\/metalifepilates\/\",\"https:\/\/www.linkedin.com\/company\/metalife\"]}]}<\/script>\n<!-- \/ Yoast SEO plugin. -->","yoast_head_json":{"title":"Meia Bola de Pilates - Metalife","robots":{"index":"noindex","follow":"follow","max-snippet":"max-snippet:-1","max-image-preview":"max-image-preview:large","max-video-preview":"max-video-preview:-1"},"og_locale":"pt_BR","og_type":"article","og_title":"Meia Bola de Pilates - Metalife","og_description":"Com a base inst\u00e1vel, \u00e9 ideal para trabalhar equil\u00edbrio, fortalecimento muscular, elasticidade, agilidade e condicionamento f\u00edsico. Produto em pr\u00e9-venda. Entrega prevista para jan\/2020.","og_url":"https:\/\/projetoslayerup.com.br\/metalife\/product\/meia-bola-de-pilates\/","og_site_name":"Metalife","article_publisher":"https:\/\/www.facebook.com\/MetalifePilates","og_image":[{"width":600,"height":480,"url":"https:\/\/projetoslayerup.com.br\/metalife\/wp-content\/uploads\/2025\/11\/meia_bola_de_pilates_site_1.jpg","type":"image\/jpeg"}],"twitter_card":"summary_large_image","twitter_misc":{"Est. tempo de leitura":"1 minuto"},"schema":{"@context":"https:\/\/schema.org","@graph":[{"@type":"WebPage","@id":"https:\/\/projetoslayerup.com.br\/metalife\/product\/meia-bola-de-pilates\/","url":"https:\/\/projetoslayerup.com.br\/metalife\/product\/meia-bola-de-pilates\/","name":"Meia Bola de Pilates - Metalife","isPartOf":{"@id":"https:\/\/projetoslayerup.com.br\/metalife\/#website"},"primaryImageOfPage":{"@id":"https:\/\/projetoslayerup.com.br\/metalife\/product\/meia-bola-de-pilates\/#primaryimage"},"image":{"@id":"https:\/\/projetoslayerup.com.br\/metalife\/product\/meia-bola-de-pilates\/#primaryimage"},"thumbnailUrl":"https:\/\/projetoslayerup.com.br\/metalife\/wp-content\/uploads\/2025\/11\/meia_bola_de_pilates_site_1.jpg","datePublished":"2025-11-10T13:42:34+00:00","breadcrumb":{"@id":"https:\/\/projetoslayerup.com.br\/metalife\/product\/meia-bola-de-pilates\/#breadcrumb"},"inLanguage":"pt-BR","potentialAction":[{"@type":"ReadAction","target":["https:\/\/projetoslayerup.com.br\/metalife\/product\/meia-bola-de-pilates\/"]}]},{"@type":"ImageObject","inLanguage":"pt-BR","@id":"https:\/\/projetoslayerup.com.br\/metalife\/product\/meia-bola-de-pilates\/#primaryimage","url":"https:\/\/projetoslayerup.com.br\/metalife\/wp-content\/uploads\/2025\/11\/meia_bola_de_pilates_site_1.jpg","contentUrl":"https:\/\/projetoslayerup.com.br\/metalife\/wp-content\/uploads\/2025\/11\/meia_bola_de_pilates_site_1.jpg","width":600,"height":480},{"@type":"BreadcrumbList","@id":"https:\/\/projetoslayerup.com.br\/metalife\/product\/meia-bola-de-pilates\/#breadcrumb","itemListElement":[{"@type":"ListItem","position":1,"name":"In\u00edcio","item":"https:\/\/projetoslayerup.com.br\/metalife\/"},{"@type":"ListItem","position":2,"name":"Produtos","item":"https:\/\/projetoslayerup.com.br\/metalife\/produtos\/"},{"@type":"ListItem","position":3,"name":"Meia Bola de Pilates"}]},{"@type":"WebSite","@id":"https:\/\/projetoslayerup.com.br\/metalife\/#website","url":"https:\/\/projetoslayerup.com.br\/metalife\/","name":"MetaLife","description":"","publisher":{"@id":"https:\/\/projetoslayerup.com.br\/metalife\/#organization"},"potentialAction":[{"@type":"SearchAction","target":{"@type":"EntryPoint","urlTemplate":"https:\/\/projetoslayerup.com.br\/metalife\/?s={search_term_string}"},"query-input":{"@type":"PropertyValueSpecification","valueRequired":true,"valueName":"search_term_string"}}],"inLanguage":"pt-BR"},{"@type":"Organization","@id":"https:\/\/projetoslayerup.com.br\/metalife\/#organization","name":"MetaLife","url":"https:\/\/projetoslayerup.com.br\/metalife\/","logo":{"@type":"ImageObject","inLanguage":"pt-BR","@id":"https:\/\/projetoslayerup.com.br\/metalife\/#\/schema\/logo\/image\/","url":"https:\/\/projetoslayerup.com.br\/metalife\/wp-content\/uploads\/2025\/11\/logo-header-blog.png","contentUrl":"https:\/\/projetoslayerup.com.br\/metalife\/wp-content\/uploads\/2025\/11\/logo-header-blog.png","width":180,"height":38,"caption":"MetaLife"},"image":{"@id":"https:\/\/projetoslayerup.com.br\/metalife\/#\/schema\/logo\/image\/"},"sameAs":["https:\/\/www.facebook.com\/MetalifePilates","https:\/\/www.instagram.com\/metalifepilates\/","https:\/\/br.pinterest.com\/metalifepilates\/","https:\/\/www.linkedin.com\/company\/metalife"]}]}},"_links":{"self":[{"href":"https:\/\/projetoslayerup.com.br\/metalife\/wp-json\/wp\/v2\/product\/906","targetHints":{"allow":["GET"]}}],"collection":[{"href":"https:\/\/projetoslayerup.com.br\/metalife\/wp-json\/wp\/v2\/product"}],"about":[{"href":"https:\/\/projetoslayerup.com.br\/metalife\/wp-json\/wp\/v2\/types\/product"}],"wp:featuredmedia":[{"embeddable":true,"href":"https:\/\/projetoslayerup.com.br\/metalife\/wp-json\/wp\/v2\/media\/963"}],"wp:attachment":[{"href":"https:\/\/projetoslayerup.com.br\/metalife\/wp-json\/wp\/v2\/media?parent=906"}],"wp:term":[{"taxonomy":"product_brand","embeddable":true,"href":"https:\/\/projetoslayerup.com.br\/metalife\/wp-json\/wp\/v2\/product_brand?post=906"},{"taxonomy":"product_cat","embeddable":true,"href":"https:\/\/projetoslayerup.com.br\/metalife\/wp-json\/wp\/v2\/product_cat?post=906"},{"taxonomy":"product_tag","embeddable":true,"href":"https:\/\/projetoslayerup.com.br\/metalife\/wp-json\/wp\/v2\/product_tag?post=906"}],"curies":[{"name":"wp","href":"https:\/\/api.w.org\/{rel}","templated":true}]}}