{"id":909,"date":"2025-11-10T10:42:33","date_gmt":"2025-11-10T13:42:33","guid":{"rendered":"https:\/\/projetoslayerup.com.br\/metalife\/?post_type=product&#038;p=909"},"modified":"2025-11-10T10:42:34","modified_gmt":"2025-11-10T13:42:34","slug":"mentoria-metalife","status":"publish","type":"product","link":"https:\/\/projetoslayerup.com.br\/metalife\/product\/mentoria-metalife\/","title":{"rendered":"Mentoria MetaLife"},"content":{"rendered":"<h1>Mentoria MetaLife<\/h1>\n<p>O objetivo \u00e9 preparar os profissionais que est\u00e3o iniciando um neg\u00f3cio na \u00e1rea de Pilates, ou que j\u00e1 est\u00e3o no mercado, mas precisam se capacitar para gerenciar de forma comprometida e certeira, a fim de alcan\u00e7arem seus objetivos e terem sucesso.<\/p>\n<p>Diferente de outros projetos do mercado, a <strong>Mentoria MetaLife<\/strong> busca abordar os temas de forma aprofundada, proporcionando conhecimento em todas as \u00e1reas da gest\u00e3o &#8211; da documenta\u00e7\u00e3o \u00e0 grade de aulas, de como lidar com os desafios do dia-a-dia \u00e0s formas de capta\u00e7\u00e3o de clientes.<\/p>\n<p>A ideia \u00e9 que forme gestores completos e capazes de gerir seus neg\u00f3cios com a m\u00e1xima efici\u00eancia.<\/p>\n<p>Aulas ministradas por especialistas e profissionais com vasta experi\u00eancia no gerenciamento de est\u00fadios de Pilates;<\/p>\n<p>Formato h\u00edbrido: conte\u00fado ministrado ao vivo, com intera\u00e7\u00e3o dos alunos, aulas gravadas e conte\u00fados escritos, em PDF, dispon\u00edveis para download ilimitado;<\/p>\n<p>Possibilidade de mentoria individual, mediante pagamento adicional;<\/p>\n<p>Formato online, que permite a participa\u00e7\u00e3o de profissionais de qualquer local do Pa\u00eds e do mundo;<\/p>\n<p>*A MetaLife reserva-se ao direito de prorrogar, ou mesmo cancelar, o projeto de mentoria, caso n\u00e3o atinja um n\u00famero m\u00ednimo de alunos pagantes. Caso isso ocorra, os participantes que j\u00e1 pagaram receber\u00e3o o dinheiro de volta &#8211; integralmente &#8211; e ser\u00e3o avisados previamente.<\/p>\n","protected":false},"excerpt":{"rendered":"<p><strong>Previs\u00e3o de in\u00edcio das aulas:<\/strong><br \/>\n04 de setembro.<\/p>\n<p><strong>Tempo de aulas por m\u00f3dulos:<\/strong><br \/>\n4h nas sextas-feiras a noite\/ 4h no s\u00e1bado de manh\u00e3. Eventualmente, as aulas podem acontecer em outros dias de semana, desde que informados previamente.<\/p>\n<p><strong>Modelos de aulas<\/strong><br \/>\nGravadas ou online, com intera\u00e7\u00e3o ao vivo;<\/p>\n<p><strong>Aulas extras<\/strong><br \/>\nAulas gravadas, ministradas por outros profissionais, para complementar determinado assunto;<\/p>\n<p><strong>Plataforma utilizada para as aulas<\/strong><br \/>\nZoom Institucional<\/p>\n<p><strong>Conte\u00fados<\/strong><br \/>\nM\u00f3dulo 1 &#8211; Abrindo o est\u00fadio<br \/>\nM\u00f3dulo 2 &#8211; Gest\u00e3o Financeira<br \/>\nM\u00f3dulo 3 &#8211; Gest\u00e3o Administrativa<br \/>\nM\u00f3dulo 4 &#8211; Gest\u00e3o de Aulas<br \/>\nM\u00f3dulo 5 &#8211; Gest\u00e3o de Marketing Online e Offline<br \/>\nM\u00f3dulo 6 &#8211; Gest\u00e3o de Vendas<br \/>\nM\u00f3dulo 7 &#8211; Superando os desafios do dia-a-dia<br \/>\nAula extra com com Nanndo Garbelotti sobre Gest\u00e3o Financeira<br \/>\nAula extra com com Gabriela Molinari sobre Gest\u00e3o Administrativa<br \/>\nAula extra com com L\u00edvia Bassetto sobre Gest\u00e3o de Vendas<br \/>\nAula extra com com Thalyssa Larangeiras sobre Gest\u00e3o de Aulas<br \/>\nAula extra com Gabriela Molinari sobre Gest\u00e3o de Aulas<br \/>\nAula extra com Renata Cruz sobe ferramentas para superar os desafios do dia-a-dia<br \/>\nMentoria individual com Ge Gurak<br \/>\nMentoria individual com Viviane Vales<br \/>\nMentoria individual com Carol Zaparolli (Contadora TC Pilates)<br \/>\nMentoria individual com L\u00edvia Gariani<br \/>\nMentoria individual com J\u00fanior Crocco<br \/>\nMentoria individual com Higgor Perez<br \/>\nMentoria individual com Nanndo Garbelotti<br \/>\nMentoria individual com Jana\u00edna Cintas<br \/>\nMentoria individual com Erika Batista<\/p>\n","protected":false},"featured_media":982,"template":"","meta":{"_acf_changed":false,"inline_featured_image":false},"product_brand":[],"product_cat":[21],"product_tag":[50],"class_list":{"0":"post-909","1":"product","2":"type-product","3":"status-publish","4":"has-post-thumbnail","6":"product_cat-acessorios","7":"product_tag-mentoria-metalife","9":"first","10":"instock","11":"virtual","12":"purchasable","13":"product-type-simple"},"acf":[],"yoast_head":"<!-- This site is optimized with the Yoast SEO plugin v27.2 - https:\/\/yoast.com\/product\/yoast-seo-wordpress\/ -->\n<title>Mentoria MetaLife - Metalife<\/title>\n<meta name=\"robots\" content=\"noindex, follow, max-snippet:-1, max-image-preview:large, max-video-preview:-1\" \/>\n<meta property=\"og:locale\" content=\"pt_BR\" \/>\n<meta property=\"og:type\" content=\"article\" \/>\n<meta property=\"og:title\" content=\"Mentoria MetaLife - Metalife\" \/>\n<meta property=\"og:description\" content=\"Previs\u00e3o de in\u00edcio das aulas: 04 de setembro.  Tempo de aulas por m\u00f3dulos: 4h nas sextas-feiras a noite\/ 4h no s\u00e1bado de manh\u00e3. Eventualmente, as aulas podem acontecer em outros dias de semana, desde que informados previamente.  Modelos de aulas Gravadas ou online, com intera\u00e7\u00e3o ao vivo;  Aulas extras Aulas gravadas, ministradas por outros profissionais, para complementar determinado assunto;  Plataforma utilizada para as aulas Zoom Institucional  Conte\u00fados M\u00f3dulo 1 - Abrindo o est\u00fadio M\u00f3dulo 2 - Gest\u00e3o Financeira M\u00f3dulo 3 - Gest\u00e3o Administrativa M\u00f3dulo 4 - Gest\u00e3o de Aulas M\u00f3dulo 5 - Gest\u00e3o de Marketing Online e Offline M\u00f3dulo 6 - Gest\u00e3o de Vendas M\u00f3dulo 7 - Superando os desafios do dia-a-dia Aula extra com com Nanndo Garbelotti sobre Gest\u00e3o Financeira Aula extra com com Gabriela Molinari sobre Gest\u00e3o Administrativa Aula extra com com L\u00edvia Bassetto sobre Gest\u00e3o de Vendas Aula extra com com Thalyssa Larangeiras sobre Gest\u00e3o de Aulas Aula extra com Gabriela Molinari sobre Gest\u00e3o de Aulas Aula extra com Renata Cruz sobe ferramentas para superar os desafios do dia-a-dia Mentoria individual com Ge Gurak Mentoria individual com Viviane Vales Mentoria individual com Carol Zaparolli (Contadora TC Pilates) Mentoria individual com L\u00edvia Gariani Mentoria individual com J\u00fanior Crocco Mentoria individual com Higgor Perez Mentoria individual com Nanndo Garbelotti Mentoria individual com Jana\u00edna Cintas Mentoria individual com Erika Batista\" \/>\n<meta property=\"og:url\" content=\"https:\/\/projetoslayerup.com.br\/metalife\/product\/mentoria-metalife\/\" \/>\n<meta property=\"og:site_name\" content=\"Metalife\" \/>\n<meta property=\"article:publisher\" content=\"https:\/\/www.facebook.com\/MetalifePilates\" \/>\n<meta property=\"article:modified_time\" content=\"2025-11-10T13:42:34+00:00\" \/>\n<meta property=\"og:image\" content=\"https:\/\/projetoslayerup.com.br\/metalife\/wp-content\/uploads\/2025\/11\/mentoria-metalife-2020.png\" \/>\n\t<meta property=\"og:image:width\" content=\"600\" \/>\n\t<meta property=\"og:image:height\" content=\"480\" \/>\n\t<meta property=\"og:image:type\" content=\"image\/png\" \/>\n<meta name=\"twitter:card\" content=\"summary_large_image\" \/>\n<meta name=\"twitter:label1\" content=\"Est. tempo de leitura\" \/>\n\t<meta name=\"twitter:data1\" content=\"1 minuto\" \/>\n<script type=\"application\/ld+json\" class=\"yoast-schema-graph\">{\"@context\":\"https:\/\/schema.org\",\"@graph\":[{\"@type\":\"WebPage\",\"@id\":\"https:\/\/projetoslayerup.com.br\/metalife\/product\/mentoria-metalife\/\",\"url\":\"https:\/\/projetoslayerup.com.br\/metalife\/product\/mentoria-metalife\/\",\"name\":\"Mentoria MetaLife - Metalife\",\"isPartOf\":{\"@id\":\"https:\/\/projetoslayerup.com.br\/metalife\/#website\"},\"primaryImageOfPage\":{\"@id\":\"https:\/\/projetoslayerup.com.br\/metalife\/product\/mentoria-metalife\/#primaryimage\"},\"image\":{\"@id\":\"https:\/\/projetoslayerup.com.br\/metalife\/product\/mentoria-metalife\/#primaryimage\"},\"thumbnailUrl\":\"https:\/\/projetoslayerup.com.br\/metalife\/wp-content\/uploads\/2025\/11\/mentoria-metalife-2020.png\",\"datePublished\":\"2025-11-10T13:42:33+00:00\",\"dateModified\":\"2025-11-10T13:42:34+00:00\",\"breadcrumb\":{\"@id\":\"https:\/\/projetoslayerup.com.br\/metalife\/product\/mentoria-metalife\/#breadcrumb\"},\"inLanguage\":\"pt-BR\",\"potentialAction\":[{\"@type\":\"ReadAction\",\"target\":[\"https:\/\/projetoslayerup.com.br\/metalife\/product\/mentoria-metalife\/\"]}]},{\"@type\":\"ImageObject\",\"inLanguage\":\"pt-BR\",\"@id\":\"https:\/\/projetoslayerup.com.br\/metalife\/product\/mentoria-metalife\/#primaryimage\",\"url\":\"https:\/\/projetoslayerup.com.br\/metalife\/wp-content\/uploads\/2025\/11\/mentoria-metalife-2020.png\",\"contentUrl\":\"https:\/\/projetoslayerup.com.br\/metalife\/wp-content\/uploads\/2025\/11\/mentoria-metalife-2020.png\",\"width\":600,\"height\":480},{\"@type\":\"BreadcrumbList\",\"@id\":\"https:\/\/projetoslayerup.com.br\/metalife\/product\/mentoria-metalife\/#breadcrumb\",\"itemListElement\":[{\"@type\":\"ListItem\",\"position\":1,\"name\":\"In\u00edcio\",\"item\":\"https:\/\/projetoslayerup.com.br\/metalife\/\"},{\"@type\":\"ListItem\",\"position\":2,\"name\":\"Produtos\",\"item\":\"https:\/\/projetoslayerup.com.br\/metalife\/produtos\/\"},{\"@type\":\"ListItem\",\"position\":3,\"name\":\"Mentoria MetaLife\"}]},{\"@type\":\"WebSite\",\"@id\":\"https:\/\/projetoslayerup.com.br\/metalife\/#website\",\"url\":\"https:\/\/projetoslayerup.com.br\/metalife\/\",\"name\":\"MetaLife\",\"description\":\"\",\"publisher\":{\"@id\":\"https:\/\/projetoslayerup.com.br\/metalife\/#organization\"},\"potentialAction\":[{\"@type\":\"SearchAction\",\"target\":{\"@type\":\"EntryPoint\",\"urlTemplate\":\"https:\/\/projetoslayerup.com.br\/metalife\/?s={search_term_string}\"},\"query-input\":{\"@type\":\"PropertyValueSpecification\",\"valueRequired\":true,\"valueName\":\"search_term_string\"}}],\"inLanguage\":\"pt-BR\"},{\"@type\":\"Organization\",\"@id\":\"https:\/\/projetoslayerup.com.br\/metalife\/#organization\",\"name\":\"MetaLife\",\"url\":\"https:\/\/projetoslayerup.com.br\/metalife\/\",\"logo\":{\"@type\":\"ImageObject\",\"inLanguage\":\"pt-BR\",\"@id\":\"https:\/\/projetoslayerup.com.br\/metalife\/#\/schema\/logo\/image\/\",\"url\":\"https:\/\/projetoslayerup.com.br\/metalife\/wp-content\/uploads\/2025\/11\/logo-header-blog.png\",\"contentUrl\":\"https:\/\/projetoslayerup.com.br\/metalife\/wp-content\/uploads\/2025\/11\/logo-header-blog.png\",\"width\":180,\"height\":38,\"caption\":\"MetaLife\"},\"image\":{\"@id\":\"https:\/\/projetoslayerup.com.br\/metalife\/#\/schema\/logo\/image\/\"},\"sameAs\":[\"https:\/\/www.facebook.com\/MetalifePilates\",\"https:\/\/www.instagram.com\/metalifepilates\/\",\"https:\/\/br.pinterest.com\/metalifepilates\/\",\"https:\/\/www.linkedin.com\/company\/metalife\"]}]}<\/script>\n<!-- \/ Yoast SEO plugin. -->","yoast_head_json":{"title":"Mentoria MetaLife - Metalife","robots":{"index":"noindex","follow":"follow","max-snippet":"max-snippet:-1","max-image-preview":"max-image-preview:large","max-video-preview":"max-video-preview:-1"},"og_locale":"pt_BR","og_type":"article","og_title":"Mentoria MetaLife - Metalife","og_description":"Previs\u00e3o de in\u00edcio das aulas: 04 de setembro.  Tempo de aulas por m\u00f3dulos: 4h nas sextas-feiras a noite\/ 4h no s\u00e1bado de manh\u00e3. Eventualmente, as aulas podem acontecer em outros dias de semana, desde que informados previamente.  Modelos de aulas Gravadas ou online, com intera\u00e7\u00e3o ao vivo;  Aulas extras Aulas gravadas, ministradas por outros profissionais, para complementar determinado assunto;  Plataforma utilizada para as aulas Zoom Institucional  Conte\u00fados M\u00f3dulo 1 - Abrindo o est\u00fadio M\u00f3dulo 2 - Gest\u00e3o Financeira M\u00f3dulo 3 - Gest\u00e3o Administrativa M\u00f3dulo 4 - Gest\u00e3o de Aulas M\u00f3dulo 5 - Gest\u00e3o de Marketing Online e Offline M\u00f3dulo 6 - Gest\u00e3o de Vendas M\u00f3dulo 7 - Superando os desafios do dia-a-dia Aula extra com com Nanndo Garbelotti sobre Gest\u00e3o Financeira Aula extra com com Gabriela Molinari sobre Gest\u00e3o Administrativa Aula extra com com L\u00edvia Bassetto sobre Gest\u00e3o de Vendas Aula extra com com Thalyssa Larangeiras sobre Gest\u00e3o de Aulas Aula extra com Gabriela Molinari sobre Gest\u00e3o de Aulas Aula extra com Renata Cruz sobe ferramentas para superar os desafios do dia-a-dia Mentoria individual com Ge Gurak Mentoria individual com Viviane Vales Mentoria individual com Carol Zaparolli (Contadora TC Pilates) Mentoria individual com L\u00edvia Gariani Mentoria individual com J\u00fanior Crocco Mentoria individual com Higgor Perez Mentoria individual com Nanndo Garbelotti Mentoria individual com Jana\u00edna Cintas Mentoria individual com Erika Batista","og_url":"https:\/\/projetoslayerup.com.br\/metalife\/product\/mentoria-metalife\/","og_site_name":"Metalife","article_publisher":"https:\/\/www.facebook.com\/MetalifePilates","article_modified_time":"2025-11-10T13:42:34+00:00","og_image":[{"width":600,"height":480,"url":"https:\/\/projetoslayerup.com.br\/metalife\/wp-content\/uploads\/2025\/11\/mentoria-metalife-2020.png","type":"image\/png"}],"twitter_card":"summary_large_image","twitter_misc":{"Est. tempo de leitura":"1 minuto"},"schema":{"@context":"https:\/\/schema.org","@graph":[{"@type":"WebPage","@id":"https:\/\/projetoslayerup.com.br\/metalife\/product\/mentoria-metalife\/","url":"https:\/\/projetoslayerup.com.br\/metalife\/product\/mentoria-metalife\/","name":"Mentoria MetaLife - Metalife","isPartOf":{"@id":"https:\/\/projetoslayerup.com.br\/metalife\/#website"},"primaryImageOfPage":{"@id":"https:\/\/projetoslayerup.com.br\/metalife\/product\/mentoria-metalife\/#primaryimage"},"image":{"@id":"https:\/\/projetoslayerup.com.br\/metalife\/product\/mentoria-metalife\/#primaryimage"},"thumbnailUrl":"https:\/\/projetoslayerup.com.br\/metalife\/wp-content\/uploads\/2025\/11\/mentoria-metalife-2020.png","datePublished":"2025-11-10T13:42:33+00:00","dateModified":"2025-11-10T13:42:34+00:00","breadcrumb":{"@id":"https:\/\/projetoslayerup.com.br\/metalife\/product\/mentoria-metalife\/#breadcrumb"},"inLanguage":"pt-BR","potentialAction":[{"@type":"ReadAction","target":["https:\/\/projetoslayerup.com.br\/metalife\/product\/mentoria-metalife\/"]}]},{"@type":"ImageObject","inLanguage":"pt-BR","@id":"https:\/\/projetoslayerup.com.br\/metalife\/product\/mentoria-metalife\/#primaryimage","url":"https:\/\/projetoslayerup.com.br\/metalife\/wp-content\/uploads\/2025\/11\/mentoria-metalife-2020.png","contentUrl":"https:\/\/projetoslayerup.com.br\/metalife\/wp-content\/uploads\/2025\/11\/mentoria-metalife-2020.png","width":600,"height":480},{"@type":"BreadcrumbList","@id":"https:\/\/projetoslayerup.com.br\/metalife\/product\/mentoria-metalife\/#breadcrumb","itemListElement":[{"@type":"ListItem","position":1,"name":"In\u00edcio","item":"https:\/\/projetoslayerup.com.br\/metalife\/"},{"@type":"ListItem","position":2,"name":"Produtos","item":"https:\/\/projetoslayerup.com.br\/metalife\/produtos\/"},{"@type":"ListItem","position":3,"name":"Mentoria MetaLife"}]},{"@type":"WebSite","@id":"https:\/\/projetoslayerup.com.br\/metalife\/#website","url":"https:\/\/projetoslayerup.com.br\/metalife\/","name":"MetaLife","description":"","publisher":{"@id":"https:\/\/projetoslayerup.com.br\/metalife\/#organization"},"potentialAction":[{"@type":"SearchAction","target":{"@type":"EntryPoint","urlTemplate":"https:\/\/projetoslayerup.com.br\/metalife\/?s={search_term_string}"},"query-input":{"@type":"PropertyValueSpecification","valueRequired":true,"valueName":"search_term_string"}}],"inLanguage":"pt-BR"},{"@type":"Organization","@id":"https:\/\/projetoslayerup.com.br\/metalife\/#organization","name":"MetaLife","url":"https:\/\/projetoslayerup.com.br\/metalife\/","logo":{"@type":"ImageObject","inLanguage":"pt-BR","@id":"https:\/\/projetoslayerup.com.br\/metalife\/#\/schema\/logo\/image\/","url":"https:\/\/projetoslayerup.com.br\/metalife\/wp-content\/uploads\/2025\/11\/logo-header-blog.png","contentUrl":"https:\/\/projetoslayerup.com.br\/metalife\/wp-content\/uploads\/2025\/11\/logo-header-blog.png","width":180,"height":38,"caption":"MetaLife"},"image":{"@id":"https:\/\/projetoslayerup.com.br\/metalife\/#\/schema\/logo\/image\/"},"sameAs":["https:\/\/www.facebook.com\/MetalifePilates","https:\/\/www.instagram.com\/metalifepilates\/","https:\/\/br.pinterest.com\/metalifepilates\/","https:\/\/www.linkedin.com\/company\/metalife"]}]}},"_links":{"self":[{"href":"https:\/\/projetoslayerup.com.br\/metalife\/wp-json\/wp\/v2\/product\/909","targetHints":{"allow":["GET"]}}],"collection":[{"href":"https:\/\/projetoslayerup.com.br\/metalife\/wp-json\/wp\/v2\/product"}],"about":[{"href":"https:\/\/projetoslayerup.com.br\/metalife\/wp-json\/wp\/v2\/types\/product"}],"wp:featuredmedia":[{"embeddable":true,"href":"https:\/\/projetoslayerup.com.br\/metalife\/wp-json\/wp\/v2\/media\/982"}],"wp:attachment":[{"href":"https:\/\/projetoslayerup.com.br\/metalife\/wp-json\/wp\/v2\/media?parent=909"}],"wp:term":[{"taxonomy":"product_brand","embeddable":true,"href":"https:\/\/projetoslayerup.com.br\/metalife\/wp-json\/wp\/v2\/product_brand?post=909"},{"taxonomy":"product_cat","embeddable":true,"href":"https:\/\/projetoslayerup.com.br\/metalife\/wp-json\/wp\/v2\/product_cat?post=909"},{"taxonomy":"product_tag","embeddable":true,"href":"https:\/\/projetoslayerup.com.br\/metalife\/wp-json\/wp\/v2\/product_tag?post=909"}],"curies":[{"name":"wp","href":"https:\/\/api.w.org\/{rel}","templated":true}]}}