{"id":912,"date":"2025-11-10T10:42:33","date_gmt":"2025-11-10T13:42:33","guid":{"rendered":"https:\/\/projetoslayerup.com.br\/metalife\/?post_type=product&#038;p=912"},"modified":"2025-11-10T10:42:33","modified_gmt":"2025-11-10T13:42:33","slug":"mentoria-metalife-modulo-3-gestao-administrativa","status":"publish","type":"product","link":"https:\/\/projetoslayerup.com.br\/metalife\/product\/mentoria-metalife-modulo-3-gestao-administrativa\/","title":{"rendered":"Mentoria MetaLife \u2013 M\u00f3dulo 3 \u2013 Gest\u00e3o Administrativa"},"content":{"rendered":"<h1>Mentoria MetaLife &#8211; M\u00f3dulo 3 &#8211; Gest\u00e3o Administrativa<\/h1>\n<p>Professora Viviane Vales<br \/>\n18\/09\/2020, sexta-feira das 18h \u00e0s 22h \u2013 Ao vivo.<br \/>\n19\/09\/2020, s\u00e1bado das 8h \u00e0s 12h \u2013 Ao vivo.<\/p>\n<p><strong>Viviane Vales<\/strong><br \/>\nProfissional de Educa\u00e7\u00e3o F\u00edsica e propriet\u00e1ria da Tc Pilates &#8211; maior est\u00fadio de Pilates do Brasil em faturamento<\/p>\n<p><strong>Conte\u00fados abordados<\/strong><\/p>\n<ul>\n<li>Contrata\u00e7\u00e3o e gest\u00e3o de pessoal<\/li>\n<li>Organiza\u00e7\u00e3o do tempo<\/li>\n<li>Organiza\u00e7\u00e3o da documenta\u00e7\u00e3o<\/li>\n<li>Como manter o est\u00fadio sempre em evid\u00eancia<\/li>\n<li>Como se diferenciar no mercado<\/li>\n<li>Cuidados com manuten\u00e7\u00e3o da estrutura<\/li>\n<li>Ficha de frequ\u00eancia<\/li>\n<li>Referente \u00e0s aulas:<\/li>\n<ul>\n<li>Din\u00e2mica de troca de hor\u00e1rios<\/li>\n<li>Regras para desmarcar aulas<\/li>\n<li>Crit\u00e9rios e organiza\u00e7\u00e3o das reposi\u00e7\u00f5es<\/li>\n<li>Regras para cancelamento de planos<\/li>\n<li>Afastamento m\u00e9dico ou autoriza\u00e7\u00e3o m\u00e9dica<\/li>\n<\/ul>\n<\/ul>\n<p><strong>Aula Extra:<\/strong><br \/>\n<strong>Gabriela Molinari \u2013 19\/09\/2020, aula liberada s\u00e1bado \u00e0s 13h \u2013 Gravado.<\/strong><br \/>\nEspecialista em Treinamento resistido, Mestrado em Ci\u00eancias da Reabilita\u00e7\u00e3o Neuro-Motora e professora de cursos de P\u00f3s-gradua\u00e7\u00e3o<\/p>\n<p><strong>Conte\u00fados abordados<\/strong><\/p>\n<ul>\n<li>Regras de seguran\u00e7a no est\u00fadio<\/li>\n<\/ul>\n","protected":false},"excerpt":{"rendered":"<p><strong>Previs\u00e3o de in\u00edcio das aulas:<\/strong><br \/>\n18 de setembro.<\/p>\n<p><strong>Tempo de aulas por m\u00f3dulos:<\/strong><br \/>\n4h nas sextas-feiras a noite\/ 4h no s\u00e1bado de manh\u00e3. Eventualmente, as aulas podem acontecer em outros dias de semana, desde que informados previamente.<\/p>\n<p><strong>Modelos de aulas<\/strong><br \/>\nGravadas ou online, com intera\u00e7\u00e3o ao vivo;<\/p>\n<p><strong>Aulas extras<\/strong><br \/>\nAulas gravadas, ministradas por outros profissionais, para complementar determinado assunto;<\/p>\n<p><strong>Plataforma utilizada para as aulas<\/strong><br \/>\nZoom Institucional<\/p>\n<p><strong>Conte\u00fados<\/strong><br \/>\nM\u00f3dulo 3 &#8211; Gest\u00e3o Administrativa<br \/>\nProfessora Viviane Vales<\/p>\n","protected":false},"featured_media":985,"template":"","meta":{"_acf_changed":false,"inline_featured_image":false},"product_brand":[],"product_cat":[21],"product_tag":[50,53],"class_list":{"0":"post-912","1":"product","2":"type-product","3":"status-publish","4":"has-post-thumbnail","6":"product_cat-acessorios","7":"product_tag-mentoria-metalife","8":"product_tag-modulo-3","10":"first","11":"instock","12":"virtual","13":"purchasable","14":"product-type-simple"},"acf":[],"yoast_head":"<!-- This site is optimized with the Yoast SEO plugin v27.2 - https:\/\/yoast.com\/product\/yoast-seo-wordpress\/ -->\n<title>Mentoria MetaLife \u2013 M\u00f3dulo 3 \u2013 Gest\u00e3o Administrativa - Metalife<\/title>\n<meta name=\"robots\" content=\"noindex, follow, max-snippet:-1, max-image-preview:large, max-video-preview:-1\" \/>\n<meta property=\"og:locale\" content=\"pt_BR\" \/>\n<meta property=\"og:type\" content=\"article\" \/>\n<meta property=\"og:title\" content=\"Mentoria MetaLife \u2013 M\u00f3dulo 3 \u2013 Gest\u00e3o Administrativa - Metalife\" \/>\n<meta property=\"og:description\" content=\"Previs\u00e3o de in\u00edcio das aulas: 18 de setembro.  Tempo de aulas por m\u00f3dulos: 4h nas sextas-feiras a noite\/ 4h no s\u00e1bado de manh\u00e3. Eventualmente, as aulas podem acontecer em outros dias de semana, desde que informados previamente.  Modelos de aulas Gravadas ou online, com intera\u00e7\u00e3o ao vivo;  Aulas extras Aulas gravadas, ministradas por outros profissionais, para complementar determinado assunto;  Plataforma utilizada para as aulas Zoom Institucional  Conte\u00fados M\u00f3dulo 3 - Gest\u00e3o Administrativa Professora Viviane Vales\" \/>\n<meta property=\"og:url\" content=\"https:\/\/projetoslayerup.com.br\/metalife\/product\/mentoria-metalife-modulo-3-gestao-administrativa\/\" \/>\n<meta property=\"og:site_name\" content=\"Metalife\" \/>\n<meta property=\"article:publisher\" content=\"https:\/\/www.facebook.com\/MetalifePilates\" \/>\n<meta property=\"og:image\" content=\"https:\/\/projetoslayerup.com.br\/metalife\/wp-content\/uploads\/2025\/11\/mentoria-modulo-3.png\" \/>\n\t<meta property=\"og:image:width\" content=\"600\" \/>\n\t<meta property=\"og:image:height\" content=\"480\" \/>\n\t<meta property=\"og:image:type\" content=\"image\/png\" \/>\n<meta name=\"twitter:card\" content=\"summary_large_image\" \/>\n<meta name=\"twitter:label1\" content=\"Est. tempo de leitura\" \/>\n\t<meta name=\"twitter:data1\" content=\"1 minuto\" \/>\n<script type=\"application\/ld+json\" class=\"yoast-schema-graph\">{\"@context\":\"https:\/\/schema.org\",\"@graph\":[{\"@type\":\"WebPage\",\"@id\":\"https:\/\/projetoslayerup.com.br\/metalife\/product\/mentoria-metalife-modulo-3-gestao-administrativa\/\",\"url\":\"https:\/\/projetoslayerup.com.br\/metalife\/product\/mentoria-metalife-modulo-3-gestao-administrativa\/\",\"name\":\"Mentoria MetaLife \u2013 M\u00f3dulo 3 \u2013 Gest\u00e3o Administrativa - Metalife\",\"isPartOf\":{\"@id\":\"https:\/\/projetoslayerup.com.br\/metalife\/#website\"},\"primaryImageOfPage\":{\"@id\":\"https:\/\/projetoslayerup.com.br\/metalife\/product\/mentoria-metalife-modulo-3-gestao-administrativa\/#primaryimage\"},\"image\":{\"@id\":\"https:\/\/projetoslayerup.com.br\/metalife\/product\/mentoria-metalife-modulo-3-gestao-administrativa\/#primaryimage\"},\"thumbnailUrl\":\"https:\/\/projetoslayerup.com.br\/metalife\/wp-content\/uploads\/2025\/11\/mentoria-modulo-3.png\",\"datePublished\":\"2025-11-10T13:42:33+00:00\",\"breadcrumb\":{\"@id\":\"https:\/\/projetoslayerup.com.br\/metalife\/product\/mentoria-metalife-modulo-3-gestao-administrativa\/#breadcrumb\"},\"inLanguage\":\"pt-BR\",\"potentialAction\":[{\"@type\":\"ReadAction\",\"target\":[\"https:\/\/projetoslayerup.com.br\/metalife\/product\/mentoria-metalife-modulo-3-gestao-administrativa\/\"]}]},{\"@type\":\"ImageObject\",\"inLanguage\":\"pt-BR\",\"@id\":\"https:\/\/projetoslayerup.com.br\/metalife\/product\/mentoria-metalife-modulo-3-gestao-administrativa\/#primaryimage\",\"url\":\"https:\/\/projetoslayerup.com.br\/metalife\/wp-content\/uploads\/2025\/11\/mentoria-modulo-3.png\",\"contentUrl\":\"https:\/\/projetoslayerup.com.br\/metalife\/wp-content\/uploads\/2025\/11\/mentoria-modulo-3.png\",\"width\":600,\"height\":480},{\"@type\":\"BreadcrumbList\",\"@id\":\"https:\/\/projetoslayerup.com.br\/metalife\/product\/mentoria-metalife-modulo-3-gestao-administrativa\/#breadcrumb\",\"itemListElement\":[{\"@type\":\"ListItem\",\"position\":1,\"name\":\"In\u00edcio\",\"item\":\"https:\/\/projetoslayerup.com.br\/metalife\/\"},{\"@type\":\"ListItem\",\"position\":2,\"name\":\"Produtos\",\"item\":\"https:\/\/projetoslayerup.com.br\/metalife\/produtos\/\"},{\"@type\":\"ListItem\",\"position\":3,\"name\":\"Mentoria MetaLife \u2013 M\u00f3dulo 3 \u2013 Gest\u00e3o Administrativa\"}]},{\"@type\":\"WebSite\",\"@id\":\"https:\/\/projetoslayerup.com.br\/metalife\/#website\",\"url\":\"https:\/\/projetoslayerup.com.br\/metalife\/\",\"name\":\"MetaLife\",\"description\":\"\",\"publisher\":{\"@id\":\"https:\/\/projetoslayerup.com.br\/metalife\/#organization\"},\"potentialAction\":[{\"@type\":\"SearchAction\",\"target\":{\"@type\":\"EntryPoint\",\"urlTemplate\":\"https:\/\/projetoslayerup.com.br\/metalife\/?s={search_term_string}\"},\"query-input\":{\"@type\":\"PropertyValueSpecification\",\"valueRequired\":true,\"valueName\":\"search_term_string\"}}],\"inLanguage\":\"pt-BR\"},{\"@type\":\"Organization\",\"@id\":\"https:\/\/projetoslayerup.com.br\/metalife\/#organization\",\"name\":\"MetaLife\",\"url\":\"https:\/\/projetoslayerup.com.br\/metalife\/\",\"logo\":{\"@type\":\"ImageObject\",\"inLanguage\":\"pt-BR\",\"@id\":\"https:\/\/projetoslayerup.com.br\/metalife\/#\/schema\/logo\/image\/\",\"url\":\"https:\/\/projetoslayerup.com.br\/metalife\/wp-content\/uploads\/2025\/11\/logo-header-blog.png\",\"contentUrl\":\"https:\/\/projetoslayerup.com.br\/metalife\/wp-content\/uploads\/2025\/11\/logo-header-blog.png\",\"width\":180,\"height\":38,\"caption\":\"MetaLife\"},\"image\":{\"@id\":\"https:\/\/projetoslayerup.com.br\/metalife\/#\/schema\/logo\/image\/\"},\"sameAs\":[\"https:\/\/www.facebook.com\/MetalifePilates\",\"https:\/\/www.instagram.com\/metalifepilates\/\",\"https:\/\/br.pinterest.com\/metalifepilates\/\",\"https:\/\/www.linkedin.com\/company\/metalife\"]}]}<\/script>\n<!-- \/ Yoast SEO plugin. -->","yoast_head_json":{"title":"Mentoria MetaLife \u2013 M\u00f3dulo 3 \u2013 Gest\u00e3o Administrativa - Metalife","robots":{"index":"noindex","follow":"follow","max-snippet":"max-snippet:-1","max-image-preview":"max-image-preview:large","max-video-preview":"max-video-preview:-1"},"og_locale":"pt_BR","og_type":"article","og_title":"Mentoria MetaLife \u2013 M\u00f3dulo 3 \u2013 Gest\u00e3o Administrativa - Metalife","og_description":"Previs\u00e3o de in\u00edcio das aulas: 18 de setembro.  Tempo de aulas por m\u00f3dulos: 4h nas sextas-feiras a noite\/ 4h no s\u00e1bado de manh\u00e3. Eventualmente, as aulas podem acontecer em outros dias de semana, desde que informados previamente.  Modelos de aulas Gravadas ou online, com intera\u00e7\u00e3o ao vivo;  Aulas extras Aulas gravadas, ministradas por outros profissionais, para complementar determinado assunto;  Plataforma utilizada para as aulas Zoom Institucional  Conte\u00fados M\u00f3dulo 3 - Gest\u00e3o Administrativa Professora Viviane Vales","og_url":"https:\/\/projetoslayerup.com.br\/metalife\/product\/mentoria-metalife-modulo-3-gestao-administrativa\/","og_site_name":"Metalife","article_publisher":"https:\/\/www.facebook.com\/MetalifePilates","og_image":[{"width":600,"height":480,"url":"https:\/\/projetoslayerup.com.br\/metalife\/wp-content\/uploads\/2025\/11\/mentoria-modulo-3.png","type":"image\/png"}],"twitter_card":"summary_large_image","twitter_misc":{"Est. tempo de leitura":"1 minuto"},"schema":{"@context":"https:\/\/schema.org","@graph":[{"@type":"WebPage","@id":"https:\/\/projetoslayerup.com.br\/metalife\/product\/mentoria-metalife-modulo-3-gestao-administrativa\/","url":"https:\/\/projetoslayerup.com.br\/metalife\/product\/mentoria-metalife-modulo-3-gestao-administrativa\/","name":"Mentoria MetaLife \u2013 M\u00f3dulo 3 \u2013 Gest\u00e3o Administrativa - Metalife","isPartOf":{"@id":"https:\/\/projetoslayerup.com.br\/metalife\/#website"},"primaryImageOfPage":{"@id":"https:\/\/projetoslayerup.com.br\/metalife\/product\/mentoria-metalife-modulo-3-gestao-administrativa\/#primaryimage"},"image":{"@id":"https:\/\/projetoslayerup.com.br\/metalife\/product\/mentoria-metalife-modulo-3-gestao-administrativa\/#primaryimage"},"thumbnailUrl":"https:\/\/projetoslayerup.com.br\/metalife\/wp-content\/uploads\/2025\/11\/mentoria-modulo-3.png","datePublished":"2025-11-10T13:42:33+00:00","breadcrumb":{"@id":"https:\/\/projetoslayerup.com.br\/metalife\/product\/mentoria-metalife-modulo-3-gestao-administrativa\/#breadcrumb"},"inLanguage":"pt-BR","potentialAction":[{"@type":"ReadAction","target":["https:\/\/projetoslayerup.com.br\/metalife\/product\/mentoria-metalife-modulo-3-gestao-administrativa\/"]}]},{"@type":"ImageObject","inLanguage":"pt-BR","@id":"https:\/\/projetoslayerup.com.br\/metalife\/product\/mentoria-metalife-modulo-3-gestao-administrativa\/#primaryimage","url":"https:\/\/projetoslayerup.com.br\/metalife\/wp-content\/uploads\/2025\/11\/mentoria-modulo-3.png","contentUrl":"https:\/\/projetoslayerup.com.br\/metalife\/wp-content\/uploads\/2025\/11\/mentoria-modulo-3.png","width":600,"height":480},{"@type":"BreadcrumbList","@id":"https:\/\/projetoslayerup.com.br\/metalife\/product\/mentoria-metalife-modulo-3-gestao-administrativa\/#breadcrumb","itemListElement":[{"@type":"ListItem","position":1,"name":"In\u00edcio","item":"https:\/\/projetoslayerup.com.br\/metalife\/"},{"@type":"ListItem","position":2,"name":"Produtos","item":"https:\/\/projetoslayerup.com.br\/metalife\/produtos\/"},{"@type":"ListItem","position":3,"name":"Mentoria MetaLife \u2013 M\u00f3dulo 3 \u2013 Gest\u00e3o Administrativa"}]},{"@type":"WebSite","@id":"https:\/\/projetoslayerup.com.br\/metalife\/#website","url":"https:\/\/projetoslayerup.com.br\/metalife\/","name":"MetaLife","description":"","publisher":{"@id":"https:\/\/projetoslayerup.com.br\/metalife\/#organization"},"potentialAction":[{"@type":"SearchAction","target":{"@type":"EntryPoint","urlTemplate":"https:\/\/projetoslayerup.com.br\/metalife\/?s={search_term_string}"},"query-input":{"@type":"PropertyValueSpecification","valueRequired":true,"valueName":"search_term_string"}}],"inLanguage":"pt-BR"},{"@type":"Organization","@id":"https:\/\/projetoslayerup.com.br\/metalife\/#organization","name":"MetaLife","url":"https:\/\/projetoslayerup.com.br\/metalife\/","logo":{"@type":"ImageObject","inLanguage":"pt-BR","@id":"https:\/\/projetoslayerup.com.br\/metalife\/#\/schema\/logo\/image\/","url":"https:\/\/projetoslayerup.com.br\/metalife\/wp-content\/uploads\/2025\/11\/logo-header-blog.png","contentUrl":"https:\/\/projetoslayerup.com.br\/metalife\/wp-content\/uploads\/2025\/11\/logo-header-blog.png","width":180,"height":38,"caption":"MetaLife"},"image":{"@id":"https:\/\/projetoslayerup.com.br\/metalife\/#\/schema\/logo\/image\/"},"sameAs":["https:\/\/www.facebook.com\/MetalifePilates","https:\/\/www.instagram.com\/metalifepilates\/","https:\/\/br.pinterest.com\/metalifepilates\/","https:\/\/www.linkedin.com\/company\/metalife"]}]}},"_links":{"self":[{"href":"https:\/\/projetoslayerup.com.br\/metalife\/wp-json\/wp\/v2\/product\/912","targetHints":{"allow":["GET"]}}],"collection":[{"href":"https:\/\/projetoslayerup.com.br\/metalife\/wp-json\/wp\/v2\/product"}],"about":[{"href":"https:\/\/projetoslayerup.com.br\/metalife\/wp-json\/wp\/v2\/types\/product"}],"wp:featuredmedia":[{"embeddable":true,"href":"https:\/\/projetoslayerup.com.br\/metalife\/wp-json\/wp\/v2\/media\/985"}],"wp:attachment":[{"href":"https:\/\/projetoslayerup.com.br\/metalife\/wp-json\/wp\/v2\/media?parent=912"}],"wp:term":[{"taxonomy":"product_brand","embeddable":true,"href":"https:\/\/projetoslayerup.com.br\/metalife\/wp-json\/wp\/v2\/product_brand?post=912"},{"taxonomy":"product_cat","embeddable":true,"href":"https:\/\/projetoslayerup.com.br\/metalife\/wp-json\/wp\/v2\/product_cat?post=912"},{"taxonomy":"product_tag","embeddable":true,"href":"https:\/\/projetoslayerup.com.br\/metalife\/wp-json\/wp\/v2\/product_tag?post=912"}],"curies":[{"name":"wp","href":"https:\/\/api.w.org\/{rel}","templated":true}]}}