{"id":920,"date":"2025-11-10T10:42:33","date_gmt":"2025-11-10T13:42:33","guid":{"rendered":"https:\/\/projetoslayerup.com.br\/metalife\/?post_type=product&#038;p=920"},"modified":"2025-11-10T10:42:33","modified_gmt":"2025-11-10T13:42:33","slug":"mentoria-metalife-modulo-4-gestao-de-aulas","status":"publish","type":"product","link":"https:\/\/projetoslayerup.com.br\/metalife\/product\/mentoria-metalife-modulo-4-gestao-de-aulas\/","title":{"rendered":"Mentoria MetaLife \u2013 M\u00f3dulo 4 \u2013 Gest\u00e3o de aulas"},"content":{"rendered":"<h1>Mentoria MetaLife &#8211; M\u00f3dulo 4 &#8211;  Gest\u00e3o de aulas<\/h1>\n<p>Professora Jana\u00edna Cintas \u2013 24\/09\/2020, quinta-feira das 18h \u00e0s 22h \u2013 Ao vivo.<br \/>\nProfessoras Ge Gurak e Viviane Vales \u2013 26\/09\/2020, s\u00e1bado das 8h \u00e0s 12h \u2013 Ao vivo.<\/p>\n<p><strong>Jana\u00edna Cintas<\/strong><br \/>\nFisioterapeuta, importante ministrante de cursos de Pilates no Brasil. Uma das maiores influenciadoras digitais da \u00e1rea no Pa\u00eds.<\/p>\n<p><strong>Ge Gurak<\/strong><br \/>\nProfissional de Educa\u00e7\u00e3o F\u00edsica e propriet\u00e1ria da Tc Pilates &#8211; maior est\u00fadio de Pilates do Brasil em faturamento<\/p>\n<p><strong>Viviane Vales<\/strong><br \/>\nProfissional de Educa\u00e7\u00e3o F\u00edsica e propriet\u00e1ria da Tc Pilates &#8211; maior est\u00fadio de Pilates do Brasil em faturamento<\/p>\n<p><strong>Conte\u00fados abordados por Jana\u00edna Cintas<\/strong><\/p>\n<ul>\n<li>Como fazer o planejamento das aulas<\/li>\n<li>Como criar aulas individuais que atendam ao coletivo<\/li>\n<li>Como montar uma grade de aulas eficiente<\/li>\n<li>Aulas diferenciadas e motivadoras dentro do repert\u00f3rio de Pilates<\/li>\n<li>Pilates aliado a outras t\u00e9cnicas e modalidades<\/li>\n<\/ul>\n<p><strong>Conte\u00fados abordados por Ge Gurak e Viviane Vales<\/strong><\/p>\n<ul>\n<li>Tipos de hor\u00e1rios e possibilidades de aulas<\/li>\n<li>Focando nas aulas em grupo<\/li>\n<li>Voz de comando<\/li>\n<li>Avalia\u00e7\u00e3o inicial e peri\u00f3dica do aluno<\/li>\n<li>Aulas online<\/li>\n<\/ul>\n<p><strong>Aula Extra 1<\/strong><br \/>\n<strong>Thalyssa Larangeiras \u2013 25\/09\/2020, s\u00e1bado das 18h \u00e0s 19h \u2013 Ao vivo.<\/strong><br \/>\nFisioterapeuta, Treinadora de Pilates, ministrante de cursos na \u00e1rea, So\u0301cia\/ Proprieta\u0301ria da@life_pilates e a  a maior influenciadoras digital de Pilates do Brasil<\/p>\n<p><strong>Conte\u00fados abordados<\/strong><\/p>\n<ul>\n<li>Como motivar os alunos por meio das evolu\u00e7\u00f5es dos exerc\u00edcios e de t\u00e9cnicas diferenciadas<\/li>\n<\/ul>\n<p><strong>Aula Extra 2<\/strong><br \/>\n<strong>Gabriela Molinari \u2013 25\/09\/2020, aula liberada s\u00e1bado \u00e0s 13h \u2013 Gravado.<\/strong><br \/>\nEspecialista em Treinamento resistido, Mestrado em Ci\u00eancias da Reabilita\u00e7\u00e3o Neuro-Motora e professora de cursos de P\u00f3s-gradua\u00e7\u00e3o<\/p>\n<p><strong>Conte\u00fados abordados<\/strong><\/p>\n<ul>\n<li>Humaniza\u00e7\u00e3o, Documenta\u00e7\u00e3o e acompanhamento do aluno<\/li>\n<\/ul \n\n","protected":false},"excerpt":{"rendered":"<p><strong>Previs\u00e3o de in\u00edcio das aulas:<\/strong><br \/>\n24 de setembro.<\/p>\n<p><strong>Tempo de aulas por m\u00f3dulos:<\/strong><br \/>\n4h nas sextas-feiras a noite\/ 4h no s\u00e1bado de manh\u00e3. Eventualmente, as aulas podem acontecer em outros dias de semana, desde que informados previamente.<\/p>\n<p><strong>Modelos de aulas<\/strong><br \/>\nGravadas ou online, com intera\u00e7\u00e3o ao vivo;<\/p>\n<p><strong>Aulas extras<\/strong><br \/>\nAulas gravadas, ministradas por outros profissionais, para complementar determinado assunto;<\/p>\n<p><strong>Plataforma utilizada para as aulas<\/strong><br \/>\nZoom Institucional<\/p>\n<p><strong>Conte\u00fados<\/strong><br \/>\nM\u00f3dulo 4 &#8211; Gest\u00e3o de Aulas<br \/>\nProfessoras Jana\u00edna Cintas, Ge Gurak e Viviane Vales<\/p>\n","protected":false},"featured_media":991,"template":"","meta":{"_acf_changed":false,"inline_featured_image":false},"product_brand":[],"product_cat":[21],"product_tag":[50,54],"class_list":{"0":"post-920","1":"product","2":"type-product","3":"status-publish","4":"has-post-thumbnail","6":"product_cat-acessorios","7":"product_tag-mentoria-metalife","8":"product_tag-modulo-4","10":"first","11":"instock","12":"virtual","13":"purchasable","14":"product-type-simple"},"acf":[],"yoast_head":"<!-- This site is optimized with the Yoast SEO plugin v27.2 - https:\/\/yoast.com\/product\/yoast-seo-wordpress\/ -->\n<title>Mentoria MetaLife \u2013 M\u00f3dulo 4 \u2013 Gest\u00e3o de aulas - Metalife<\/title>\n<meta name=\"robots\" content=\"noindex, follow, max-snippet:-1, max-image-preview:large, max-video-preview:-1\" \/>\n<meta property=\"og:locale\" content=\"pt_BR\" \/>\n<meta property=\"og:type\" content=\"article\" \/>\n<meta property=\"og:title\" content=\"Mentoria MetaLife \u2013 M\u00f3dulo 4 \u2013 Gest\u00e3o de aulas - Metalife\" \/>\n<meta property=\"og:description\" content=\"Previs\u00e3o de in\u00edcio das aulas: 24 de setembro.  Tempo de aulas por m\u00f3dulos: 4h nas sextas-feiras a noite\/ 4h no s\u00e1bado de manh\u00e3. Eventualmente, as aulas podem acontecer em outros dias de semana, desde que informados previamente.  Modelos de aulas Gravadas ou online, com intera\u00e7\u00e3o ao vivo;  Aulas extras Aulas gravadas, ministradas por outros profissionais, para complementar determinado assunto;  Plataforma utilizada para as aulas Zoom Institucional  Conte\u00fados M\u00f3dulo 4 - Gest\u00e3o de Aulas Professoras Jana\u00edna Cintas, Ge Gurak e Viviane Vales\" \/>\n<meta property=\"og:url\" content=\"https:\/\/projetoslayerup.com.br\/metalife\/product\/mentoria-metalife-modulo-4-gestao-de-aulas\/\" \/>\n<meta property=\"og:site_name\" content=\"Metalife\" \/>\n<meta property=\"article:publisher\" content=\"https:\/\/www.facebook.com\/MetalifePilates\" \/>\n<meta property=\"og:image\" content=\"https:\/\/projetoslayerup.com.br\/metalife\/wp-content\/uploads\/2025\/11\/mentoria-modulo-4.png\" \/>\n\t<meta property=\"og:image:width\" content=\"600\" \/>\n\t<meta property=\"og:image:height\" content=\"480\" \/>\n\t<meta property=\"og:image:type\" content=\"image\/png\" \/>\n<meta name=\"twitter:card\" content=\"summary_large_image\" \/>\n<meta name=\"twitter:label1\" content=\"Est. tempo de leitura\" \/>\n\t<meta name=\"twitter:data1\" content=\"1 minuto\" \/>\n<script type=\"application\/ld+json\" class=\"yoast-schema-graph\">{\"@context\":\"https:\/\/schema.org\",\"@graph\":[{\"@type\":\"WebPage\",\"@id\":\"https:\/\/projetoslayerup.com.br\/metalife\/product\/mentoria-metalife-modulo-4-gestao-de-aulas\/\",\"url\":\"https:\/\/projetoslayerup.com.br\/metalife\/product\/mentoria-metalife-modulo-4-gestao-de-aulas\/\",\"name\":\"Mentoria MetaLife \u2013 M\u00f3dulo 4 \u2013 Gest\u00e3o de aulas - Metalife\",\"isPartOf\":{\"@id\":\"https:\/\/projetoslayerup.com.br\/metalife\/#website\"},\"primaryImageOfPage\":{\"@id\":\"https:\/\/projetoslayerup.com.br\/metalife\/product\/mentoria-metalife-modulo-4-gestao-de-aulas\/#primaryimage\"},\"image\":{\"@id\":\"https:\/\/projetoslayerup.com.br\/metalife\/product\/mentoria-metalife-modulo-4-gestao-de-aulas\/#primaryimage\"},\"thumbnailUrl\":\"https:\/\/projetoslayerup.com.br\/metalife\/wp-content\/uploads\/2025\/11\/mentoria-modulo-4.png\",\"datePublished\":\"2025-11-10T13:42:33+00:00\",\"breadcrumb\":{\"@id\":\"https:\/\/projetoslayerup.com.br\/metalife\/product\/mentoria-metalife-modulo-4-gestao-de-aulas\/#breadcrumb\"},\"inLanguage\":\"pt-BR\",\"potentialAction\":[{\"@type\":\"ReadAction\",\"target\":[\"https:\/\/projetoslayerup.com.br\/metalife\/product\/mentoria-metalife-modulo-4-gestao-de-aulas\/\"]}]},{\"@type\":\"ImageObject\",\"inLanguage\":\"pt-BR\",\"@id\":\"https:\/\/projetoslayerup.com.br\/metalife\/product\/mentoria-metalife-modulo-4-gestao-de-aulas\/#primaryimage\",\"url\":\"https:\/\/projetoslayerup.com.br\/metalife\/wp-content\/uploads\/2025\/11\/mentoria-modulo-4.png\",\"contentUrl\":\"https:\/\/projetoslayerup.com.br\/metalife\/wp-content\/uploads\/2025\/11\/mentoria-modulo-4.png\",\"width\":600,\"height\":480},{\"@type\":\"BreadcrumbList\",\"@id\":\"https:\/\/projetoslayerup.com.br\/metalife\/product\/mentoria-metalife-modulo-4-gestao-de-aulas\/#breadcrumb\",\"itemListElement\":[{\"@type\":\"ListItem\",\"position\":1,\"name\":\"In\u00edcio\",\"item\":\"https:\/\/projetoslayerup.com.br\/metalife\/\"},{\"@type\":\"ListItem\",\"position\":2,\"name\":\"Produtos\",\"item\":\"https:\/\/projetoslayerup.com.br\/metalife\/produtos\/\"},{\"@type\":\"ListItem\",\"position\":3,\"name\":\"Mentoria MetaLife \u2013 M\u00f3dulo 4 \u2013 Gest\u00e3o de aulas\"}]},{\"@type\":\"WebSite\",\"@id\":\"https:\/\/projetoslayerup.com.br\/metalife\/#website\",\"url\":\"https:\/\/projetoslayerup.com.br\/metalife\/\",\"name\":\"MetaLife\",\"description\":\"\",\"publisher\":{\"@id\":\"https:\/\/projetoslayerup.com.br\/metalife\/#organization\"},\"potentialAction\":[{\"@type\":\"SearchAction\",\"target\":{\"@type\":\"EntryPoint\",\"urlTemplate\":\"https:\/\/projetoslayerup.com.br\/metalife\/?s={search_term_string}\"},\"query-input\":{\"@type\":\"PropertyValueSpecification\",\"valueRequired\":true,\"valueName\":\"search_term_string\"}}],\"inLanguage\":\"pt-BR\"},{\"@type\":\"Organization\",\"@id\":\"https:\/\/projetoslayerup.com.br\/metalife\/#organization\",\"name\":\"MetaLife\",\"url\":\"https:\/\/projetoslayerup.com.br\/metalife\/\",\"logo\":{\"@type\":\"ImageObject\",\"inLanguage\":\"pt-BR\",\"@id\":\"https:\/\/projetoslayerup.com.br\/metalife\/#\/schema\/logo\/image\/\",\"url\":\"https:\/\/projetoslayerup.com.br\/metalife\/wp-content\/uploads\/2025\/11\/logo-header-blog.png\",\"contentUrl\":\"https:\/\/projetoslayerup.com.br\/metalife\/wp-content\/uploads\/2025\/11\/logo-header-blog.png\",\"width\":180,\"height\":38,\"caption\":\"MetaLife\"},\"image\":{\"@id\":\"https:\/\/projetoslayerup.com.br\/metalife\/#\/schema\/logo\/image\/\"},\"sameAs\":[\"https:\/\/www.facebook.com\/MetalifePilates\",\"https:\/\/www.instagram.com\/metalifepilates\/\",\"https:\/\/br.pinterest.com\/metalifepilates\/\",\"https:\/\/www.linkedin.com\/company\/metalife\"]}]}<\/script>\n<!-- \/ Yoast SEO plugin. -->","yoast_head_json":{"title":"Mentoria MetaLife \u2013 M\u00f3dulo 4 \u2013 Gest\u00e3o de aulas - Metalife","robots":{"index":"noindex","follow":"follow","max-snippet":"max-snippet:-1","max-image-preview":"max-image-preview:large","max-video-preview":"max-video-preview:-1"},"og_locale":"pt_BR","og_type":"article","og_title":"Mentoria MetaLife \u2013 M\u00f3dulo 4 \u2013 Gest\u00e3o de aulas - Metalife","og_description":"Previs\u00e3o de in\u00edcio das aulas: 24 de setembro.  Tempo de aulas por m\u00f3dulos: 4h nas sextas-feiras a noite\/ 4h no s\u00e1bado de manh\u00e3. Eventualmente, as aulas podem acontecer em outros dias de semana, desde que informados previamente.  Modelos de aulas Gravadas ou online, com intera\u00e7\u00e3o ao vivo;  Aulas extras Aulas gravadas, ministradas por outros profissionais, para complementar determinado assunto;  Plataforma utilizada para as aulas Zoom Institucional  Conte\u00fados M\u00f3dulo 4 - Gest\u00e3o de Aulas Professoras Jana\u00edna Cintas, Ge Gurak e Viviane Vales","og_url":"https:\/\/projetoslayerup.com.br\/metalife\/product\/mentoria-metalife-modulo-4-gestao-de-aulas\/","og_site_name":"Metalife","article_publisher":"https:\/\/www.facebook.com\/MetalifePilates","og_image":[{"width":600,"height":480,"url":"https:\/\/projetoslayerup.com.br\/metalife\/wp-content\/uploads\/2025\/11\/mentoria-modulo-4.png","type":"image\/png"}],"twitter_card":"summary_large_image","twitter_misc":{"Est. tempo de leitura":"1 minuto"},"schema":{"@context":"https:\/\/schema.org","@graph":[{"@type":"WebPage","@id":"https:\/\/projetoslayerup.com.br\/metalife\/product\/mentoria-metalife-modulo-4-gestao-de-aulas\/","url":"https:\/\/projetoslayerup.com.br\/metalife\/product\/mentoria-metalife-modulo-4-gestao-de-aulas\/","name":"Mentoria MetaLife \u2013 M\u00f3dulo 4 \u2013 Gest\u00e3o de aulas - Metalife","isPartOf":{"@id":"https:\/\/projetoslayerup.com.br\/metalife\/#website"},"primaryImageOfPage":{"@id":"https:\/\/projetoslayerup.com.br\/metalife\/product\/mentoria-metalife-modulo-4-gestao-de-aulas\/#primaryimage"},"image":{"@id":"https:\/\/projetoslayerup.com.br\/metalife\/product\/mentoria-metalife-modulo-4-gestao-de-aulas\/#primaryimage"},"thumbnailUrl":"https:\/\/projetoslayerup.com.br\/metalife\/wp-content\/uploads\/2025\/11\/mentoria-modulo-4.png","datePublished":"2025-11-10T13:42:33+00:00","breadcrumb":{"@id":"https:\/\/projetoslayerup.com.br\/metalife\/product\/mentoria-metalife-modulo-4-gestao-de-aulas\/#breadcrumb"},"inLanguage":"pt-BR","potentialAction":[{"@type":"ReadAction","target":["https:\/\/projetoslayerup.com.br\/metalife\/product\/mentoria-metalife-modulo-4-gestao-de-aulas\/"]}]},{"@type":"ImageObject","inLanguage":"pt-BR","@id":"https:\/\/projetoslayerup.com.br\/metalife\/product\/mentoria-metalife-modulo-4-gestao-de-aulas\/#primaryimage","url":"https:\/\/projetoslayerup.com.br\/metalife\/wp-content\/uploads\/2025\/11\/mentoria-modulo-4.png","contentUrl":"https:\/\/projetoslayerup.com.br\/metalife\/wp-content\/uploads\/2025\/11\/mentoria-modulo-4.png","width":600,"height":480},{"@type":"BreadcrumbList","@id":"https:\/\/projetoslayerup.com.br\/metalife\/product\/mentoria-metalife-modulo-4-gestao-de-aulas\/#breadcrumb","itemListElement":[{"@type":"ListItem","position":1,"name":"In\u00edcio","item":"https:\/\/projetoslayerup.com.br\/metalife\/"},{"@type":"ListItem","position":2,"name":"Produtos","item":"https:\/\/projetoslayerup.com.br\/metalife\/produtos\/"},{"@type":"ListItem","position":3,"name":"Mentoria MetaLife \u2013 M\u00f3dulo 4 \u2013 Gest\u00e3o de aulas"}]},{"@type":"WebSite","@id":"https:\/\/projetoslayerup.com.br\/metalife\/#website","url":"https:\/\/projetoslayerup.com.br\/metalife\/","name":"MetaLife","description":"","publisher":{"@id":"https:\/\/projetoslayerup.com.br\/metalife\/#organization"},"potentialAction":[{"@type":"SearchAction","target":{"@type":"EntryPoint","urlTemplate":"https:\/\/projetoslayerup.com.br\/metalife\/?s={search_term_string}"},"query-input":{"@type":"PropertyValueSpecification","valueRequired":true,"valueName":"search_term_string"}}],"inLanguage":"pt-BR"},{"@type":"Organization","@id":"https:\/\/projetoslayerup.com.br\/metalife\/#organization","name":"MetaLife","url":"https:\/\/projetoslayerup.com.br\/metalife\/","logo":{"@type":"ImageObject","inLanguage":"pt-BR","@id":"https:\/\/projetoslayerup.com.br\/metalife\/#\/schema\/logo\/image\/","url":"https:\/\/projetoslayerup.com.br\/metalife\/wp-content\/uploads\/2025\/11\/logo-header-blog.png","contentUrl":"https:\/\/projetoslayerup.com.br\/metalife\/wp-content\/uploads\/2025\/11\/logo-header-blog.png","width":180,"height":38,"caption":"MetaLife"},"image":{"@id":"https:\/\/projetoslayerup.com.br\/metalife\/#\/schema\/logo\/image\/"},"sameAs":["https:\/\/www.facebook.com\/MetalifePilates","https:\/\/www.instagram.com\/metalifepilates\/","https:\/\/br.pinterest.com\/metalifepilates\/","https:\/\/www.linkedin.com\/company\/metalife"]}]}},"_links":{"self":[{"href":"https:\/\/projetoslayerup.com.br\/metalife\/wp-json\/wp\/v2\/product\/920","targetHints":{"allow":["GET"]}}],"collection":[{"href":"https:\/\/projetoslayerup.com.br\/metalife\/wp-json\/wp\/v2\/product"}],"about":[{"href":"https:\/\/projetoslayerup.com.br\/metalife\/wp-json\/wp\/v2\/types\/product"}],"wp:featuredmedia":[{"embeddable":true,"href":"https:\/\/projetoslayerup.com.br\/metalife\/wp-json\/wp\/v2\/media\/991"}],"wp:attachment":[{"href":"https:\/\/projetoslayerup.com.br\/metalife\/wp-json\/wp\/v2\/media?parent=920"}],"wp:term":[{"taxonomy":"product_brand","embeddable":true,"href":"https:\/\/projetoslayerup.com.br\/metalife\/wp-json\/wp\/v2\/product_brand?post=920"},{"taxonomy":"product_cat","embeddable":true,"href":"https:\/\/projetoslayerup.com.br\/metalife\/wp-json\/wp\/v2\/product_cat?post=920"},{"taxonomy":"product_tag","embeddable":true,"href":"https:\/\/projetoslayerup.com.br\/metalife\/wp-json\/wp\/v2\/product_tag?post=920"}],"curies":[{"name":"wp","href":"https:\/\/api.w.org\/{rel}","templated":true}]}}