{"id":922,"date":"2025-11-10T10:42:33","date_gmt":"2025-11-10T13:42:33","guid":{"rendered":"https:\/\/projetoslayerup.com.br\/metalife\/?post_type=product&#038;p=922"},"modified":"2025-11-10T10:42:33","modified_gmt":"2025-11-10T13:42:33","slug":"mentoria-metalife-modulo-6-gestao-de-vendas","status":"publish","type":"product","link":"https:\/\/projetoslayerup.com.br\/metalife\/product\/mentoria-metalife-modulo-6-gestao-de-vendas\/","title":{"rendered":"Mentoria MetaLife \u2013 M\u00f3dulo 6 \u2013 Gest\u00e3o de Vendas"},"content":{"rendered":"<h1>Mentoria MetaLife &#8211; M\u00f3dulo 6 &#8211; Gest\u00e3o de Vendas<\/h1>\n<p>Professores Higgor Perez \u2013 09\/10\/2020, sexta-feira das 18h \u00e0s 22h \u2013 Ao vivo.<br \/>\nProfessor Nanndo Garbelotti \u2013 10\/10\/2020, s\u00e1bado das 8h \u00e0s 12h \u2013 Ao vivo.<\/p>\n<p><strong>Higgor Perez<\/strong><br \/>\nGestor comercial da maior empresa de vendas online na \u00e1rea de Pilates<\/p>\n<p><strong>Nanndo Garbelottiz<\/strong><br \/>\nProfissional de de Educa\u00e7\u00e3o F\u00edsica, Consultor e propriet\u00e1rio do @mobilizePilates<\/p>\n<p><strong>Conte\u00fados abordados por Higgor Perez<\/strong><\/p>\n<ul>\n<li>Aumente seu poder de persuas\u00e3o e venda mais<\/li>\n<li>Processo de venda<\/li>\n<li>O que s\u00e3o os gatilhos mentais e como eles podem nos ajudar a vendar o Pilates<\/li>\n<li>O que nos leva \u00e0 tomada de decis\u00e3o<\/li>\n<li>Como aumentar o ticket m\u00e9dio do seu est\u00fadio de Pilates<\/li>\n<li>Servi\u00e7os para agregar ao dia-a-dia<\/li>\n<li>Produtos para vender e aumentar seu rendimento<\/li>\n<li>Como reativar clientes perdidos<\/li>\n<\/ul>\n<p><strong>Conte\u00fados abordados por Nanndo Garbelottiz<\/strong><\/p>\n<ul>\n<li>Como vender planos longos<\/li>\n<li>Estrat\u00e9gias de pre\u00e7o para foco em vendas de pacotes longos<\/li>\n<li>Como fazer que seus clientes vendam para voc\u00ea<\/li>\n<li>Campanhas e a\u00e7\u00f5es de vendas<\/li>\n<li>Desenhando o processo interno de atendimento<\/li>\n<li>A\u00e7\u00f5es pr\u00e1ticas para alcan\u00e7ar a sua regi\u00e3o<\/li>\n<\/ul>\n<p><strong>Aula Extra<\/strong><br \/>\n<strong>L\u00edvia Basseto \u2013 10\/10\/2020, s\u00e1bado das 12h \u00e0s 13h \u2013 Ao vivo.<\/strong><br \/>\nFisioterapeuta especialista em Geriatria (UFSCAR), instrutora de Pilates e propriet\u00e1ria de est\u00fadio de Pilates<\/p>\n<p><strong>Conte\u00fados abordados<\/strong><\/p>\n<ul>\n<li>Como formar parcerias eficientes com cl\u00ednicas e m\u00e9dicos<\/li>\n<\/ul>\n","protected":false},"excerpt":{"rendered":"<p><strong>Previs\u00e3o de in\u00edcio das aulas:<\/strong><br \/>\n09 de outubro.<\/p>\n<p><strong>Tempo de aulas por m\u00f3dulos:<\/strong><br \/>\n4h nas sextas-feiras a noite\/ 4h no s\u00e1bado de manh\u00e3. Eventualmente, as aulas podem acontecer em outros dias de semana, desde que informados previamente.<\/p>\n<p><strong>Modelos de aulas<\/strong><br \/>\nGravadas ou online, com intera\u00e7\u00e3o ao vivo;<\/p>\n<p><strong>Aulas extras<\/strong><br \/>\nAulas gravadas, ministradas por outros profissionais, para complementar determinado assunto;<\/p>\n<p><strong>Plataforma utilizada para as aulas<\/strong><br \/>\nZoom Institucional<\/p>\n<p><strong>Conte\u00fados<\/strong><br \/>\nM\u00f3dulo 6 &#8211; Gest\u00e3o de Vendas<br \/>\nProfessores Higgor Perez e Nanndo Garbelotti<\/p>\n","protected":false},"featured_media":993,"template":"","meta":{"_acf_changed":false,"inline_featured_image":false},"product_brand":[],"product_cat":[21],"product_tag":[50,56],"class_list":{"0":"post-922","1":"product","2":"type-product","3":"status-publish","4":"has-post-thumbnail","6":"product_cat-acessorios","7":"product_tag-mentoria-metalife","8":"product_tag-modulo-6","10":"first","11":"instock","12":"virtual","13":"purchasable","14":"product-type-simple"},"acf":[],"yoast_head":"<!-- This site is optimized with the Yoast SEO plugin v27.2 - https:\/\/yoast.com\/product\/yoast-seo-wordpress\/ -->\n<title>Mentoria MetaLife \u2013 M\u00f3dulo 6 \u2013 Gest\u00e3o de Vendas - Metalife<\/title>\n<meta name=\"robots\" content=\"noindex, follow, max-snippet:-1, max-image-preview:large, max-video-preview:-1\" \/>\n<meta property=\"og:locale\" content=\"pt_BR\" \/>\n<meta property=\"og:type\" content=\"article\" \/>\n<meta property=\"og:title\" content=\"Mentoria MetaLife \u2013 M\u00f3dulo 6 \u2013 Gest\u00e3o de Vendas - Metalife\" \/>\n<meta property=\"og:description\" content=\"Previs\u00e3o de in\u00edcio das aulas: 09 de outubro.  Tempo de aulas por m\u00f3dulos: 4h nas sextas-feiras a noite\/ 4h no s\u00e1bado de manh\u00e3. Eventualmente, as aulas podem acontecer em outros dias de semana, desde que informados previamente.  Modelos de aulas Gravadas ou online, com intera\u00e7\u00e3o ao vivo;  Aulas extras Aulas gravadas, ministradas por outros profissionais, para complementar determinado assunto;  Plataforma utilizada para as aulas Zoom Institucional  Conte\u00fados M\u00f3dulo 6 - Gest\u00e3o de Vendas Professores Higgor Perez e Nanndo Garbelotti\" \/>\n<meta property=\"og:url\" content=\"https:\/\/projetoslayerup.com.br\/metalife\/product\/mentoria-metalife-modulo-6-gestao-de-vendas\/\" \/>\n<meta property=\"og:site_name\" content=\"Metalife\" \/>\n<meta property=\"article:publisher\" content=\"https:\/\/www.facebook.com\/MetalifePilates\" \/>\n<meta property=\"og:image\" content=\"https:\/\/projetoslayerup.com.br\/metalife\/wp-content\/uploads\/2025\/11\/mentoria-modulo-6.png\" \/>\n\t<meta property=\"og:image:width\" content=\"600\" \/>\n\t<meta property=\"og:image:height\" content=\"480\" \/>\n\t<meta property=\"og:image:type\" content=\"image\/png\" \/>\n<meta name=\"twitter:card\" content=\"summary_large_image\" \/>\n<meta name=\"twitter:label1\" content=\"Est. tempo de leitura\" \/>\n\t<meta name=\"twitter:data1\" content=\"1 minuto\" \/>\n<script type=\"application\/ld+json\" class=\"yoast-schema-graph\">{\"@context\":\"https:\/\/schema.org\",\"@graph\":[{\"@type\":\"WebPage\",\"@id\":\"https:\/\/projetoslayerup.com.br\/metalife\/product\/mentoria-metalife-modulo-6-gestao-de-vendas\/\",\"url\":\"https:\/\/projetoslayerup.com.br\/metalife\/product\/mentoria-metalife-modulo-6-gestao-de-vendas\/\",\"name\":\"Mentoria MetaLife \u2013 M\u00f3dulo 6 \u2013 Gest\u00e3o de Vendas - Metalife\",\"isPartOf\":{\"@id\":\"https:\/\/projetoslayerup.com.br\/metalife\/#website\"},\"primaryImageOfPage\":{\"@id\":\"https:\/\/projetoslayerup.com.br\/metalife\/product\/mentoria-metalife-modulo-6-gestao-de-vendas\/#primaryimage\"},\"image\":{\"@id\":\"https:\/\/projetoslayerup.com.br\/metalife\/product\/mentoria-metalife-modulo-6-gestao-de-vendas\/#primaryimage\"},\"thumbnailUrl\":\"https:\/\/projetoslayerup.com.br\/metalife\/wp-content\/uploads\/2025\/11\/mentoria-modulo-6.png\",\"datePublished\":\"2025-11-10T13:42:33+00:00\",\"breadcrumb\":{\"@id\":\"https:\/\/projetoslayerup.com.br\/metalife\/product\/mentoria-metalife-modulo-6-gestao-de-vendas\/#breadcrumb\"},\"inLanguage\":\"pt-BR\",\"potentialAction\":[{\"@type\":\"ReadAction\",\"target\":[\"https:\/\/projetoslayerup.com.br\/metalife\/product\/mentoria-metalife-modulo-6-gestao-de-vendas\/\"]}]},{\"@type\":\"ImageObject\",\"inLanguage\":\"pt-BR\",\"@id\":\"https:\/\/projetoslayerup.com.br\/metalife\/product\/mentoria-metalife-modulo-6-gestao-de-vendas\/#primaryimage\",\"url\":\"https:\/\/projetoslayerup.com.br\/metalife\/wp-content\/uploads\/2025\/11\/mentoria-modulo-6.png\",\"contentUrl\":\"https:\/\/projetoslayerup.com.br\/metalife\/wp-content\/uploads\/2025\/11\/mentoria-modulo-6.png\",\"width\":600,\"height\":480},{\"@type\":\"BreadcrumbList\",\"@id\":\"https:\/\/projetoslayerup.com.br\/metalife\/product\/mentoria-metalife-modulo-6-gestao-de-vendas\/#breadcrumb\",\"itemListElement\":[{\"@type\":\"ListItem\",\"position\":1,\"name\":\"In\u00edcio\",\"item\":\"https:\/\/projetoslayerup.com.br\/metalife\/\"},{\"@type\":\"ListItem\",\"position\":2,\"name\":\"Produtos\",\"item\":\"https:\/\/projetoslayerup.com.br\/metalife\/produtos\/\"},{\"@type\":\"ListItem\",\"position\":3,\"name\":\"Mentoria MetaLife \u2013 M\u00f3dulo 6 \u2013 Gest\u00e3o de Vendas\"}]},{\"@type\":\"WebSite\",\"@id\":\"https:\/\/projetoslayerup.com.br\/metalife\/#website\",\"url\":\"https:\/\/projetoslayerup.com.br\/metalife\/\",\"name\":\"MetaLife\",\"description\":\"\",\"publisher\":{\"@id\":\"https:\/\/projetoslayerup.com.br\/metalife\/#organization\"},\"potentialAction\":[{\"@type\":\"SearchAction\",\"target\":{\"@type\":\"EntryPoint\",\"urlTemplate\":\"https:\/\/projetoslayerup.com.br\/metalife\/?s={search_term_string}\"},\"query-input\":{\"@type\":\"PropertyValueSpecification\",\"valueRequired\":true,\"valueName\":\"search_term_string\"}}],\"inLanguage\":\"pt-BR\"},{\"@type\":\"Organization\",\"@id\":\"https:\/\/projetoslayerup.com.br\/metalife\/#organization\",\"name\":\"MetaLife\",\"url\":\"https:\/\/projetoslayerup.com.br\/metalife\/\",\"logo\":{\"@type\":\"ImageObject\",\"inLanguage\":\"pt-BR\",\"@id\":\"https:\/\/projetoslayerup.com.br\/metalife\/#\/schema\/logo\/image\/\",\"url\":\"https:\/\/projetoslayerup.com.br\/metalife\/wp-content\/uploads\/2025\/11\/logo-header-blog.png\",\"contentUrl\":\"https:\/\/projetoslayerup.com.br\/metalife\/wp-content\/uploads\/2025\/11\/logo-header-blog.png\",\"width\":180,\"height\":38,\"caption\":\"MetaLife\"},\"image\":{\"@id\":\"https:\/\/projetoslayerup.com.br\/metalife\/#\/schema\/logo\/image\/\"},\"sameAs\":[\"https:\/\/www.facebook.com\/MetalifePilates\",\"https:\/\/www.instagram.com\/metalifepilates\/\",\"https:\/\/br.pinterest.com\/metalifepilates\/\",\"https:\/\/www.linkedin.com\/company\/metalife\"]}]}<\/script>\n<!-- \/ Yoast SEO plugin. -->","yoast_head_json":{"title":"Mentoria MetaLife \u2013 M\u00f3dulo 6 \u2013 Gest\u00e3o de Vendas - Metalife","robots":{"index":"noindex","follow":"follow","max-snippet":"max-snippet:-1","max-image-preview":"max-image-preview:large","max-video-preview":"max-video-preview:-1"},"og_locale":"pt_BR","og_type":"article","og_title":"Mentoria MetaLife \u2013 M\u00f3dulo 6 \u2013 Gest\u00e3o de Vendas - Metalife","og_description":"Previs\u00e3o de in\u00edcio das aulas: 09 de outubro.  Tempo de aulas por m\u00f3dulos: 4h nas sextas-feiras a noite\/ 4h no s\u00e1bado de manh\u00e3. Eventualmente, as aulas podem acontecer em outros dias de semana, desde que informados previamente.  Modelos de aulas Gravadas ou online, com intera\u00e7\u00e3o ao vivo;  Aulas extras Aulas gravadas, ministradas por outros profissionais, para complementar determinado assunto;  Plataforma utilizada para as aulas Zoom Institucional  Conte\u00fados M\u00f3dulo 6 - Gest\u00e3o de Vendas Professores Higgor Perez e Nanndo Garbelotti","og_url":"https:\/\/projetoslayerup.com.br\/metalife\/product\/mentoria-metalife-modulo-6-gestao-de-vendas\/","og_site_name":"Metalife","article_publisher":"https:\/\/www.facebook.com\/MetalifePilates","og_image":[{"width":600,"height":480,"url":"https:\/\/projetoslayerup.com.br\/metalife\/wp-content\/uploads\/2025\/11\/mentoria-modulo-6.png","type":"image\/png"}],"twitter_card":"summary_large_image","twitter_misc":{"Est. tempo de leitura":"1 minuto"},"schema":{"@context":"https:\/\/schema.org","@graph":[{"@type":"WebPage","@id":"https:\/\/projetoslayerup.com.br\/metalife\/product\/mentoria-metalife-modulo-6-gestao-de-vendas\/","url":"https:\/\/projetoslayerup.com.br\/metalife\/product\/mentoria-metalife-modulo-6-gestao-de-vendas\/","name":"Mentoria MetaLife \u2013 M\u00f3dulo 6 \u2013 Gest\u00e3o de Vendas - Metalife","isPartOf":{"@id":"https:\/\/projetoslayerup.com.br\/metalife\/#website"},"primaryImageOfPage":{"@id":"https:\/\/projetoslayerup.com.br\/metalife\/product\/mentoria-metalife-modulo-6-gestao-de-vendas\/#primaryimage"},"image":{"@id":"https:\/\/projetoslayerup.com.br\/metalife\/product\/mentoria-metalife-modulo-6-gestao-de-vendas\/#primaryimage"},"thumbnailUrl":"https:\/\/projetoslayerup.com.br\/metalife\/wp-content\/uploads\/2025\/11\/mentoria-modulo-6.png","datePublished":"2025-11-10T13:42:33+00:00","breadcrumb":{"@id":"https:\/\/projetoslayerup.com.br\/metalife\/product\/mentoria-metalife-modulo-6-gestao-de-vendas\/#breadcrumb"},"inLanguage":"pt-BR","potentialAction":[{"@type":"ReadAction","target":["https:\/\/projetoslayerup.com.br\/metalife\/product\/mentoria-metalife-modulo-6-gestao-de-vendas\/"]}]},{"@type":"ImageObject","inLanguage":"pt-BR","@id":"https:\/\/projetoslayerup.com.br\/metalife\/product\/mentoria-metalife-modulo-6-gestao-de-vendas\/#primaryimage","url":"https:\/\/projetoslayerup.com.br\/metalife\/wp-content\/uploads\/2025\/11\/mentoria-modulo-6.png","contentUrl":"https:\/\/projetoslayerup.com.br\/metalife\/wp-content\/uploads\/2025\/11\/mentoria-modulo-6.png","width":600,"height":480},{"@type":"BreadcrumbList","@id":"https:\/\/projetoslayerup.com.br\/metalife\/product\/mentoria-metalife-modulo-6-gestao-de-vendas\/#breadcrumb","itemListElement":[{"@type":"ListItem","position":1,"name":"In\u00edcio","item":"https:\/\/projetoslayerup.com.br\/metalife\/"},{"@type":"ListItem","position":2,"name":"Produtos","item":"https:\/\/projetoslayerup.com.br\/metalife\/produtos\/"},{"@type":"ListItem","position":3,"name":"Mentoria MetaLife \u2013 M\u00f3dulo 6 \u2013 Gest\u00e3o de Vendas"}]},{"@type":"WebSite","@id":"https:\/\/projetoslayerup.com.br\/metalife\/#website","url":"https:\/\/projetoslayerup.com.br\/metalife\/","name":"MetaLife","description":"","publisher":{"@id":"https:\/\/projetoslayerup.com.br\/metalife\/#organization"},"potentialAction":[{"@type":"SearchAction","target":{"@type":"EntryPoint","urlTemplate":"https:\/\/projetoslayerup.com.br\/metalife\/?s={search_term_string}"},"query-input":{"@type":"PropertyValueSpecification","valueRequired":true,"valueName":"search_term_string"}}],"inLanguage":"pt-BR"},{"@type":"Organization","@id":"https:\/\/projetoslayerup.com.br\/metalife\/#organization","name":"MetaLife","url":"https:\/\/projetoslayerup.com.br\/metalife\/","logo":{"@type":"ImageObject","inLanguage":"pt-BR","@id":"https:\/\/projetoslayerup.com.br\/metalife\/#\/schema\/logo\/image\/","url":"https:\/\/projetoslayerup.com.br\/metalife\/wp-content\/uploads\/2025\/11\/logo-header-blog.png","contentUrl":"https:\/\/projetoslayerup.com.br\/metalife\/wp-content\/uploads\/2025\/11\/logo-header-blog.png","width":180,"height":38,"caption":"MetaLife"},"image":{"@id":"https:\/\/projetoslayerup.com.br\/metalife\/#\/schema\/logo\/image\/"},"sameAs":["https:\/\/www.facebook.com\/MetalifePilates","https:\/\/www.instagram.com\/metalifepilates\/","https:\/\/br.pinterest.com\/metalifepilates\/","https:\/\/www.linkedin.com\/company\/metalife"]}]}},"_links":{"self":[{"href":"https:\/\/projetoslayerup.com.br\/metalife\/wp-json\/wp\/v2\/product\/922","targetHints":{"allow":["GET"]}}],"collection":[{"href":"https:\/\/projetoslayerup.com.br\/metalife\/wp-json\/wp\/v2\/product"}],"about":[{"href":"https:\/\/projetoslayerup.com.br\/metalife\/wp-json\/wp\/v2\/types\/product"}],"wp:featuredmedia":[{"embeddable":true,"href":"https:\/\/projetoslayerup.com.br\/metalife\/wp-json\/wp\/v2\/media\/993"}],"wp:attachment":[{"href":"https:\/\/projetoslayerup.com.br\/metalife\/wp-json\/wp\/v2\/media?parent=922"}],"wp:term":[{"taxonomy":"product_brand","embeddable":true,"href":"https:\/\/projetoslayerup.com.br\/metalife\/wp-json\/wp\/v2\/product_brand?post=922"},{"taxonomy":"product_cat","embeddable":true,"href":"https:\/\/projetoslayerup.com.br\/metalife\/wp-json\/wp\/v2\/product_cat?post=922"},{"taxonomy":"product_tag","embeddable":true,"href":"https:\/\/projetoslayerup.com.br\/metalife\/wp-json\/wp\/v2\/product_tag?post=922"}],"curies":[{"name":"wp","href":"https:\/\/api.w.org\/{rel}","templated":true}]}}