{"id":923,"date":"2025-11-10T10:42:33","date_gmt":"2025-11-10T13:42:33","guid":{"rendered":"https:\/\/projetoslayerup.com.br\/metalife\/?post_type=product&#038;p=923"},"modified":"2025-11-10T10:42:33","modified_gmt":"2025-11-10T13:42:33","slug":"mentoria-metalife-modulo-7-superando-os-desafios-do-dia-a-dia","status":"publish","type":"product","link":"https:\/\/projetoslayerup.com.br\/metalife\/product\/mentoria-metalife-modulo-7-superando-os-desafios-do-dia-a-dia\/","title":{"rendered":"Mentoria MetaLife \u2013 M\u00f3dulo 7 \u2013 Superando os desafios do dia a dia"},"content":{"rendered":"<h1>Mentoria MetaLife &#8211; M\u00f3dulo 7 &#8211; Superando os desafios do dia-a-dia<\/h1>\n<p>Professora Erika Batista<br \/>\n16\/10\/2020, sexta-feira das 18h \u00e0s 22h \u2013 Ao vivo.<br \/>\n17\/10\/2020, s\u00e1bado das 8h \u00e0s 12h \u2013 Ao vivo.<\/p>\n<p><strong>Erika Batista<\/strong><br \/>\nFisioterapeuta, Mestre em Reabilita\u00e7\u00e3o, Palestrante de cursos de Pilates voltados ao Movimento e \u00e0 sa\u00fade da coluna. Uma das maiores influenciadoras digitais da \u00e1rea no Pa\u00eds.<\/p>\n<p><strong>Conte\u00fados<\/strong><\/p>\n<ul>\n<li>Como lidar com a equipe, de forma a mant\u00ea-la motivada constantemente e engajada com os princ\u00edpios do meu est\u00fadio?<\/li>\n<li>Como tratar com clientes explosivos, reclam\u00f5es, que sabem tudo ou nunca entendem nada?<\/li>\n<li>Como lidar com clientes inadimplentes (do ponto de vista do professor)<\/li>\n<li>Como n\u00e3o deixar a amizade com o paciente interferir no cumprimento das normas do est\u00fadio<\/li>\n<li>Como n\u00e3o deixar seus problemas pessoais interferirem nas aulas<\/li>\n<li>Como me manter motivada e em busca de conhecimento constante<\/li>\n<li>A import\u00e2ncia de praticar Pilates e ser refer\u00eancia para os alunos<\/li>\n<\/ul>\n<p><strong>Aula Extra<\/strong><br \/>\n<strong>Renata Cruz \u2013 17\/10\/2020, aula liberada s\u00e1bado \u00e0s 13h \u2013 Gravado.<\/strong><br \/>\nFisioterapeuta, propriet\u00e1ria de est\u00fadio de Pilates, criadora do @resumindoafisio e Uma das principais influenciadoras digitais da \u00e1rea no Pa\u00eds.<\/p>\n<p><strong>Conte\u00fados abordados<\/strong><\/p>\n<ul>\n<li>Como recorrer a ferramentas diferenciadas para melhorar o entendimento das aulas e facilitar o trabalho do professor?<\/li>\n<\/ul>\n","protected":false},"excerpt":{"rendered":"<p><strong>Previs\u00e3o de in\u00edcio das aulas:<\/strong><br \/>\n16 de outubro.<\/p>\n<p><strong>Tempo de aulas por m\u00f3dulos:<\/strong><br \/>\n4h nas sextas-feiras a noite\/ 4h no s\u00e1bado de manh\u00e3. Eventualmente, as aulas podem acontecer em outros dias de semana, desde que informados previamente.<\/p>\n<p><strong>Modelos de aulas<\/strong><br \/>\nGravadas ou online, com intera\u00e7\u00e3o ao vivo;<\/p>\n<p><strong>Aulas extras<\/strong><br \/>\nAulas gravadas, ministradas por outros profissionais, para complementar determinado assunto;<\/p>\n<p><strong>Plataforma utilizada para as aulas<\/strong><br \/>\nZoom Institucional<\/p>\n<p><strong>Conte\u00fados<\/strong><br \/>\nM\u00f3dulo 7 \u2013 Superando os desafios do dia-a-dia<br \/>\nProfessora Erika Batista<\/p>\n","protected":false},"featured_media":0,"template":"","meta":{"_acf_changed":false,"inline_featured_image":false},"product_brand":[],"product_cat":[21],"product_tag":[50,57],"class_list":{"0":"post-923","1":"product","2":"type-product","3":"status-publish","5":"product_cat-acessorios","6":"product_tag-mentoria-metalife","7":"product_tag-modulo-7","9":"first","10":"instock","11":"virtual","12":"purchasable","13":"product-type-simple"},"acf":[],"yoast_head":"<!-- This site is optimized with the Yoast SEO plugin v27.2 - https:\/\/yoast.com\/product\/yoast-seo-wordpress\/ -->\n<title>Mentoria MetaLife \u2013 M\u00f3dulo 7 \u2013 Superando os desafios do dia a dia - Metalife<\/title>\n<meta name=\"robots\" content=\"noindex, follow, max-snippet:-1, max-image-preview:large, max-video-preview:-1\" \/>\n<meta property=\"og:locale\" content=\"pt_BR\" \/>\n<meta property=\"og:type\" content=\"article\" \/>\n<meta property=\"og:title\" content=\"Mentoria MetaLife \u2013 M\u00f3dulo 7 \u2013 Superando os desafios do dia a dia - Metalife\" \/>\n<meta property=\"og:description\" content=\"Previs\u00e3o de in\u00edcio das aulas: 16 de outubro.  Tempo de aulas por m\u00f3dulos: 4h nas sextas-feiras a noite\/ 4h no s\u00e1bado de manh\u00e3. Eventualmente, as aulas podem acontecer em outros dias de semana, desde que informados previamente.  Modelos de aulas Gravadas ou online, com intera\u00e7\u00e3o ao vivo;  Aulas extras Aulas gravadas, ministradas por outros profissionais, para complementar determinado assunto;  Plataforma utilizada para as aulas Zoom Institucional  Conte\u00fados M\u00f3dulo 7 \u2013 Superando os desafios do dia-a-dia Professora Erika Batista\" \/>\n<meta property=\"og:url\" content=\"https:\/\/projetoslayerup.com.br\/metalife\/product\/mentoria-metalife-modulo-7-superando-os-desafios-do-dia-a-dia\/\" \/>\n<meta property=\"og:site_name\" content=\"Metalife\" \/>\n<meta property=\"article:publisher\" content=\"https:\/\/www.facebook.com\/MetalifePilates\" \/>\n<meta name=\"twitter:card\" content=\"summary_large_image\" \/>\n<meta name=\"twitter:label1\" content=\"Est. tempo de leitura\" \/>\n\t<meta name=\"twitter:data1\" content=\"1 minuto\" \/>\n<script type=\"application\/ld+json\" class=\"yoast-schema-graph\">{\"@context\":\"https:\/\/schema.org\",\"@graph\":[{\"@type\":\"WebPage\",\"@id\":\"https:\/\/projetoslayerup.com.br\/metalife\/product\/mentoria-metalife-modulo-7-superando-os-desafios-do-dia-a-dia\/\",\"url\":\"https:\/\/projetoslayerup.com.br\/metalife\/product\/mentoria-metalife-modulo-7-superando-os-desafios-do-dia-a-dia\/\",\"name\":\"Mentoria MetaLife \u2013 M\u00f3dulo 7 \u2013 Superando os desafios do dia a dia - Metalife\",\"isPartOf\":{\"@id\":\"https:\/\/projetoslayerup.com.br\/metalife\/#website\"},\"datePublished\":\"2025-11-10T13:42:33+00:00\",\"breadcrumb\":{\"@id\":\"https:\/\/projetoslayerup.com.br\/metalife\/product\/mentoria-metalife-modulo-7-superando-os-desafios-do-dia-a-dia\/#breadcrumb\"},\"inLanguage\":\"pt-BR\",\"potentialAction\":[{\"@type\":\"ReadAction\",\"target\":[\"https:\/\/projetoslayerup.com.br\/metalife\/product\/mentoria-metalife-modulo-7-superando-os-desafios-do-dia-a-dia\/\"]}]},{\"@type\":\"BreadcrumbList\",\"@id\":\"https:\/\/projetoslayerup.com.br\/metalife\/product\/mentoria-metalife-modulo-7-superando-os-desafios-do-dia-a-dia\/#breadcrumb\",\"itemListElement\":[{\"@type\":\"ListItem\",\"position\":1,\"name\":\"In\u00edcio\",\"item\":\"https:\/\/projetoslayerup.com.br\/metalife\/\"},{\"@type\":\"ListItem\",\"position\":2,\"name\":\"Produtos\",\"item\":\"https:\/\/projetoslayerup.com.br\/metalife\/produtos\/\"},{\"@type\":\"ListItem\",\"position\":3,\"name\":\"Mentoria MetaLife \u2013 M\u00f3dulo 7 \u2013 Superando os desafios do dia a dia\"}]},{\"@type\":\"WebSite\",\"@id\":\"https:\/\/projetoslayerup.com.br\/metalife\/#website\",\"url\":\"https:\/\/projetoslayerup.com.br\/metalife\/\",\"name\":\"MetaLife\",\"description\":\"\",\"publisher\":{\"@id\":\"https:\/\/projetoslayerup.com.br\/metalife\/#organization\"},\"potentialAction\":[{\"@type\":\"SearchAction\",\"target\":{\"@type\":\"EntryPoint\",\"urlTemplate\":\"https:\/\/projetoslayerup.com.br\/metalife\/?s={search_term_string}\"},\"query-input\":{\"@type\":\"PropertyValueSpecification\",\"valueRequired\":true,\"valueName\":\"search_term_string\"}}],\"inLanguage\":\"pt-BR\"},{\"@type\":\"Organization\",\"@id\":\"https:\/\/projetoslayerup.com.br\/metalife\/#organization\",\"name\":\"MetaLife\",\"url\":\"https:\/\/projetoslayerup.com.br\/metalife\/\",\"logo\":{\"@type\":\"ImageObject\",\"inLanguage\":\"pt-BR\",\"@id\":\"https:\/\/projetoslayerup.com.br\/metalife\/#\/schema\/logo\/image\/\",\"url\":\"https:\/\/projetoslayerup.com.br\/metalife\/wp-content\/uploads\/2025\/11\/logo-header-blog.png\",\"contentUrl\":\"https:\/\/projetoslayerup.com.br\/metalife\/wp-content\/uploads\/2025\/11\/logo-header-blog.png\",\"width\":180,\"height\":38,\"caption\":\"MetaLife\"},\"image\":{\"@id\":\"https:\/\/projetoslayerup.com.br\/metalife\/#\/schema\/logo\/image\/\"},\"sameAs\":[\"https:\/\/www.facebook.com\/MetalifePilates\",\"https:\/\/www.instagram.com\/metalifepilates\/\",\"https:\/\/br.pinterest.com\/metalifepilates\/\",\"https:\/\/www.linkedin.com\/company\/metalife\"]}]}<\/script>\n<!-- \/ Yoast SEO plugin. -->","yoast_head_json":{"title":"Mentoria MetaLife \u2013 M\u00f3dulo 7 \u2013 Superando os desafios do dia a dia - Metalife","robots":{"index":"noindex","follow":"follow","max-snippet":"max-snippet:-1","max-image-preview":"max-image-preview:large","max-video-preview":"max-video-preview:-1"},"og_locale":"pt_BR","og_type":"article","og_title":"Mentoria MetaLife \u2013 M\u00f3dulo 7 \u2013 Superando os desafios do dia a dia - Metalife","og_description":"Previs\u00e3o de in\u00edcio das aulas: 16 de outubro.  Tempo de aulas por m\u00f3dulos: 4h nas sextas-feiras a noite\/ 4h no s\u00e1bado de manh\u00e3. Eventualmente, as aulas podem acontecer em outros dias de semana, desde que informados previamente.  Modelos de aulas Gravadas ou online, com intera\u00e7\u00e3o ao vivo;  Aulas extras Aulas gravadas, ministradas por outros profissionais, para complementar determinado assunto;  Plataforma utilizada para as aulas Zoom Institucional  Conte\u00fados M\u00f3dulo 7 \u2013 Superando os desafios do dia-a-dia Professora Erika Batista","og_url":"https:\/\/projetoslayerup.com.br\/metalife\/product\/mentoria-metalife-modulo-7-superando-os-desafios-do-dia-a-dia\/","og_site_name":"Metalife","article_publisher":"https:\/\/www.facebook.com\/MetalifePilates","twitter_card":"summary_large_image","twitter_misc":{"Est. tempo de leitura":"1 minuto"},"schema":{"@context":"https:\/\/schema.org","@graph":[{"@type":"WebPage","@id":"https:\/\/projetoslayerup.com.br\/metalife\/product\/mentoria-metalife-modulo-7-superando-os-desafios-do-dia-a-dia\/","url":"https:\/\/projetoslayerup.com.br\/metalife\/product\/mentoria-metalife-modulo-7-superando-os-desafios-do-dia-a-dia\/","name":"Mentoria MetaLife \u2013 M\u00f3dulo 7 \u2013 Superando os desafios do dia a dia - Metalife","isPartOf":{"@id":"https:\/\/projetoslayerup.com.br\/metalife\/#website"},"datePublished":"2025-11-10T13:42:33+00:00","breadcrumb":{"@id":"https:\/\/projetoslayerup.com.br\/metalife\/product\/mentoria-metalife-modulo-7-superando-os-desafios-do-dia-a-dia\/#breadcrumb"},"inLanguage":"pt-BR","potentialAction":[{"@type":"ReadAction","target":["https:\/\/projetoslayerup.com.br\/metalife\/product\/mentoria-metalife-modulo-7-superando-os-desafios-do-dia-a-dia\/"]}]},{"@type":"BreadcrumbList","@id":"https:\/\/projetoslayerup.com.br\/metalife\/product\/mentoria-metalife-modulo-7-superando-os-desafios-do-dia-a-dia\/#breadcrumb","itemListElement":[{"@type":"ListItem","position":1,"name":"In\u00edcio","item":"https:\/\/projetoslayerup.com.br\/metalife\/"},{"@type":"ListItem","position":2,"name":"Produtos","item":"https:\/\/projetoslayerup.com.br\/metalife\/produtos\/"},{"@type":"ListItem","position":3,"name":"Mentoria MetaLife \u2013 M\u00f3dulo 7 \u2013 Superando os desafios do dia a dia"}]},{"@type":"WebSite","@id":"https:\/\/projetoslayerup.com.br\/metalife\/#website","url":"https:\/\/projetoslayerup.com.br\/metalife\/","name":"MetaLife","description":"","publisher":{"@id":"https:\/\/projetoslayerup.com.br\/metalife\/#organization"},"potentialAction":[{"@type":"SearchAction","target":{"@type":"EntryPoint","urlTemplate":"https:\/\/projetoslayerup.com.br\/metalife\/?s={search_term_string}"},"query-input":{"@type":"PropertyValueSpecification","valueRequired":true,"valueName":"search_term_string"}}],"inLanguage":"pt-BR"},{"@type":"Organization","@id":"https:\/\/projetoslayerup.com.br\/metalife\/#organization","name":"MetaLife","url":"https:\/\/projetoslayerup.com.br\/metalife\/","logo":{"@type":"ImageObject","inLanguage":"pt-BR","@id":"https:\/\/projetoslayerup.com.br\/metalife\/#\/schema\/logo\/image\/","url":"https:\/\/projetoslayerup.com.br\/metalife\/wp-content\/uploads\/2025\/11\/logo-header-blog.png","contentUrl":"https:\/\/projetoslayerup.com.br\/metalife\/wp-content\/uploads\/2025\/11\/logo-header-blog.png","width":180,"height":38,"caption":"MetaLife"},"image":{"@id":"https:\/\/projetoslayerup.com.br\/metalife\/#\/schema\/logo\/image\/"},"sameAs":["https:\/\/www.facebook.com\/MetalifePilates","https:\/\/www.instagram.com\/metalifepilates\/","https:\/\/br.pinterest.com\/metalifepilates\/","https:\/\/www.linkedin.com\/company\/metalife"]}]}},"_links":{"self":[{"href":"https:\/\/projetoslayerup.com.br\/metalife\/wp-json\/wp\/v2\/product\/923","targetHints":{"allow":["GET"]}}],"collection":[{"href":"https:\/\/projetoslayerup.com.br\/metalife\/wp-json\/wp\/v2\/product"}],"about":[{"href":"https:\/\/projetoslayerup.com.br\/metalife\/wp-json\/wp\/v2\/types\/product"}],"wp:attachment":[{"href":"https:\/\/projetoslayerup.com.br\/metalife\/wp-json\/wp\/v2\/media?parent=923"}],"wp:term":[{"taxonomy":"product_brand","embeddable":true,"href":"https:\/\/projetoslayerup.com.br\/metalife\/wp-json\/wp\/v2\/product_brand?post=923"},{"taxonomy":"product_cat","embeddable":true,"href":"https:\/\/projetoslayerup.com.br\/metalife\/wp-json\/wp\/v2\/product_cat?post=923"},{"taxonomy":"product_tag","embeddable":true,"href":"https:\/\/projetoslayerup.com.br\/metalife\/wp-json\/wp\/v2\/product_tag?post=923"}],"curies":[{"name":"wp","href":"https:\/\/api.w.org\/{rel}","templated":true}]}}