{"id":926,"date":"2025-11-10T10:42:33","date_gmt":"2025-11-10T13:42:33","guid":{"rendered":"https:\/\/projetoslayerup.com.br\/metalife\/?post_type=product&#038;p=926"},"modified":"2025-11-10T10:42:33","modified_gmt":"2025-11-10T13:42:33","slug":"certificacao-five-24-07-2021-camiseta-branca-tamanho-pp","status":"publish","type":"product","link":"https:\/\/projetoslayerup.com.br\/metalife\/product\/certificacao-five-24-07-2021-camiseta-branca-tamanho-pp\/","title":{"rendered":"Certifica\u00e7\u00e3o Five 24\/07\/2021 + Camiseta Branca tamanho PP"},"content":{"rendered":"<p><strong>Curso de Certifica\u00e7\u00e3o FIVE KONZEPT dia 24\/07\/2021 + Camiseta exclusiva branca tamanho PP<\/strong><br \/>\nCom Certificado Digital + 2 apostilas de treinamento (em formato digital PDF)<br \/>\n<strong>ATEN\u00c7\u00c3O: certifique-se de escolher o tamanho correto de camiseta, s\u00e3o poucas unidades dispon\u00edveis. As camisetas ser\u00e3o entregues no dia do Curso de Certifica\u00e7\u00e3o FIVE KONZEPT.<\/strong><\/p>\n<p><strong>Professor:<\/strong><br \/>\nThiago Abrahim &#8211; Fisioterapeuta, p\u00f3s-graduado em Traumato Ortopedia, especialista em Osteopatia Cl\u00ednica ATMS\/The Belgian School of Osteopathy, Pilates Wellness e Reabilita\u00e7\u00e3o Physio Studio (RJ), instrutor Five no Brasil certificado na Alemanha.<\/p>\n<p><strong>Data:<\/strong><br \/>\n24\/07\/2021<\/p>\n<p><strong>Carga hor\u00e1ria:<\/strong><br \/>\ndas 13h \u00e0s 18h<\/p>\n<p><strong>Local:<\/strong><br \/>\nRua Marechal Castelo Branco, 407 &#8211; Campinas &#8211; S\u00e3o Jos\u00e9 &#8211; SC<\/p>\n<p><strong>Sobre o FIVE KONZEPT:<\/strong><br \/>\nO m\u00e9todo Five atua na preven\u00e7\u00e3o e no al\u00edvio de dores nas costas e nas articula\u00e7\u00f5es. Ele utiliza t\u00e9cnicas de prolongamento das cadeias musculares. Como atinge m\u00fasculos e f\u00e1scias, melhora todo o sistema articular por meio de movimentos naturais. Tamb\u00e9m age diretamente nas les\u00f5es estruturais e elimina desconfortos articulares por meio da melhora da mobilidade. O curso aborda a parte te\u00f3rica e aplica os conceitos em uma sequ\u00eancia completa de exerc\u00edcios.<\/p>\n<p><strong>Quem pode fazer o curso:<\/strong><br \/>\nProfissionais e estudantes (a partir do 5\u00ba per\u00edodo) de Educa\u00e7\u00e3o F\u00edsica e Fisioterapia.<\/p>\n<p><strong>Conte\u00fado program\u00e1tico:<\/strong><\/p>\n<p>Parte te\u00f3rica:<\/p>\n<ul>\n<li>O que \u00e9 o Five e como foi desenvolvido<\/li>\n<li>Pra que serve e diferenciais<\/li>\n<li>Explicando a dor<\/li>\n<li>Conceito de cadeias (anterior, posterior e cruzada)<\/li>\n<\/ul>\n<p>Parte pr\u00e1tica:<\/p>\n<ul>\n<li>Apresenta\u00e7\u00e3o dos equipamentos<\/li>\n<li>Como usar cada equipamento<\/li>\n<li>Experimentando cada equipamento<\/li>\n<li>Exerc\u00edcios solo<\/li>\n<\/ul>\n<p><strong>Sobre a camiseta exclusiva:<\/strong><br \/>\nCamiseta manga curta, malha Dry fit, 90% poli\u00e9ster e 10% elastano, Estampa por sublima\u00e7\u00e3o.<\/p>\n","protected":false},"excerpt":{"rendered":"<p>Com Certificado Digital + 2 apostilas de treinamento (em formato digital PDF)<\/p>\n","protected":false},"featured_media":1003,"template":"","meta":{"_acf_changed":false,"inline_featured_image":false},"product_brand":[],"product_cat":[21],"product_tag":[],"class_list":{"0":"post-926","1":"product","2":"type-product","3":"status-publish","4":"has-post-thumbnail","6":"product_cat-acessorios","8":"first","9":"instock","10":"virtual","11":"purchasable","12":"product-type-simple"},"acf":[],"yoast_head":"<!-- This site is optimized with the Yoast SEO plugin v27.2 - https:\/\/yoast.com\/product\/yoast-seo-wordpress\/ -->\n<title>Certifica\u00e7\u00e3o Five 24\/07\/2021 + Camiseta Branca tamanho PP - Metalife<\/title>\n<meta name=\"robots\" content=\"noindex, follow, max-snippet:-1, max-image-preview:large, max-video-preview:-1\" \/>\n<meta property=\"og:locale\" content=\"pt_BR\" \/>\n<meta property=\"og:type\" content=\"article\" \/>\n<meta property=\"og:title\" content=\"Certifica\u00e7\u00e3o Five 24\/07\/2021 + Camiseta Branca tamanho PP - Metalife\" \/>\n<meta property=\"og:description\" content=\"Com Certificado Digital + 2 apostilas de treinamento (em formato digital PDF)\" \/>\n<meta property=\"og:url\" content=\"https:\/\/projetoslayerup.com.br\/metalife\/product\/certificacao-five-24-07-2021-camiseta-branca-tamanho-pp\/\" \/>\n<meta property=\"og:site_name\" content=\"Metalife\" \/>\n<meta property=\"article:publisher\" content=\"https:\/\/www.facebook.com\/MetalifePilates\" \/>\n<meta property=\"og:image\" content=\"https:\/\/projetoslayerup.com.br\/metalife\/wp-content\/uploads\/2025\/11\/camisetas-branca-PP-7-1.png\" \/>\n\t<meta property=\"og:image:width\" content=\"600\" \/>\n\t<meta property=\"og:image:height\" content=\"600\" \/>\n\t<meta property=\"og:image:type\" content=\"image\/png\" \/>\n<meta name=\"twitter:card\" content=\"summary_large_image\" \/>\n<meta name=\"twitter:label1\" content=\"Est. tempo de leitura\" \/>\n\t<meta name=\"twitter:data1\" content=\"1 minuto\" \/>\n<script type=\"application\/ld+json\" class=\"yoast-schema-graph\">{\"@context\":\"https:\/\/schema.org\",\"@graph\":[{\"@type\":\"WebPage\",\"@id\":\"https:\/\/projetoslayerup.com.br\/metalife\/product\/certificacao-five-24-07-2021-camiseta-branca-tamanho-pp\/\",\"url\":\"https:\/\/projetoslayerup.com.br\/metalife\/product\/certificacao-five-24-07-2021-camiseta-branca-tamanho-pp\/\",\"name\":\"Certifica\u00e7\u00e3o Five 24\/07\/2021 + Camiseta Branca tamanho PP - Metalife\",\"isPartOf\":{\"@id\":\"https:\/\/projetoslayerup.com.br\/metalife\/#website\"},\"primaryImageOfPage\":{\"@id\":\"https:\/\/projetoslayerup.com.br\/metalife\/product\/certificacao-five-24-07-2021-camiseta-branca-tamanho-pp\/#primaryimage\"},\"image\":{\"@id\":\"https:\/\/projetoslayerup.com.br\/metalife\/product\/certificacao-five-24-07-2021-camiseta-branca-tamanho-pp\/#primaryimage\"},\"thumbnailUrl\":\"https:\/\/projetoslayerup.com.br\/metalife\/wp-content\/uploads\/2025\/11\/camisetas-branca-PP-7-1.png\",\"datePublished\":\"2025-11-10T13:42:33+00:00\",\"breadcrumb\":{\"@id\":\"https:\/\/projetoslayerup.com.br\/metalife\/product\/certificacao-five-24-07-2021-camiseta-branca-tamanho-pp\/#breadcrumb\"},\"inLanguage\":\"pt-BR\",\"potentialAction\":[{\"@type\":\"ReadAction\",\"target\":[\"https:\/\/projetoslayerup.com.br\/metalife\/product\/certificacao-five-24-07-2021-camiseta-branca-tamanho-pp\/\"]}]},{\"@type\":\"ImageObject\",\"inLanguage\":\"pt-BR\",\"@id\":\"https:\/\/projetoslayerup.com.br\/metalife\/product\/certificacao-five-24-07-2021-camiseta-branca-tamanho-pp\/#primaryimage\",\"url\":\"https:\/\/projetoslayerup.com.br\/metalife\/wp-content\/uploads\/2025\/11\/camisetas-branca-PP-7-1.png\",\"contentUrl\":\"https:\/\/projetoslayerup.com.br\/metalife\/wp-content\/uploads\/2025\/11\/camisetas-branca-PP-7-1.png\",\"width\":600,\"height\":600},{\"@type\":\"BreadcrumbList\",\"@id\":\"https:\/\/projetoslayerup.com.br\/metalife\/product\/certificacao-five-24-07-2021-camiseta-branca-tamanho-pp\/#breadcrumb\",\"itemListElement\":[{\"@type\":\"ListItem\",\"position\":1,\"name\":\"In\u00edcio\",\"item\":\"https:\/\/projetoslayerup.com.br\/metalife\/\"},{\"@type\":\"ListItem\",\"position\":2,\"name\":\"Produtos\",\"item\":\"https:\/\/projetoslayerup.com.br\/metalife\/produtos\/\"},{\"@type\":\"ListItem\",\"position\":3,\"name\":\"Certifica\u00e7\u00e3o Five 24\/07\/2021 + Camiseta Branca tamanho PP\"}]},{\"@type\":\"WebSite\",\"@id\":\"https:\/\/projetoslayerup.com.br\/metalife\/#website\",\"url\":\"https:\/\/projetoslayerup.com.br\/metalife\/\",\"name\":\"MetaLife\",\"description\":\"\",\"publisher\":{\"@id\":\"https:\/\/projetoslayerup.com.br\/metalife\/#organization\"},\"potentialAction\":[{\"@type\":\"SearchAction\",\"target\":{\"@type\":\"EntryPoint\",\"urlTemplate\":\"https:\/\/projetoslayerup.com.br\/metalife\/?s={search_term_string}\"},\"query-input\":{\"@type\":\"PropertyValueSpecification\",\"valueRequired\":true,\"valueName\":\"search_term_string\"}}],\"inLanguage\":\"pt-BR\"},{\"@type\":\"Organization\",\"@id\":\"https:\/\/projetoslayerup.com.br\/metalife\/#organization\",\"name\":\"MetaLife\",\"url\":\"https:\/\/projetoslayerup.com.br\/metalife\/\",\"logo\":{\"@type\":\"ImageObject\",\"inLanguage\":\"pt-BR\",\"@id\":\"https:\/\/projetoslayerup.com.br\/metalife\/#\/schema\/logo\/image\/\",\"url\":\"https:\/\/projetoslayerup.com.br\/metalife\/wp-content\/uploads\/2025\/11\/logo-header-blog.png\",\"contentUrl\":\"https:\/\/projetoslayerup.com.br\/metalife\/wp-content\/uploads\/2025\/11\/logo-header-blog.png\",\"width\":180,\"height\":38,\"caption\":\"MetaLife\"},\"image\":{\"@id\":\"https:\/\/projetoslayerup.com.br\/metalife\/#\/schema\/logo\/image\/\"},\"sameAs\":[\"https:\/\/www.facebook.com\/MetalifePilates\",\"https:\/\/www.instagram.com\/metalifepilates\/\",\"https:\/\/br.pinterest.com\/metalifepilates\/\",\"https:\/\/www.linkedin.com\/company\/metalife\"]}]}<\/script>\n<!-- \/ Yoast SEO plugin. -->","yoast_head_json":{"title":"Certifica\u00e7\u00e3o Five 24\/07\/2021 + Camiseta Branca tamanho PP - Metalife","robots":{"index":"noindex","follow":"follow","max-snippet":"max-snippet:-1","max-image-preview":"max-image-preview:large","max-video-preview":"max-video-preview:-1"},"og_locale":"pt_BR","og_type":"article","og_title":"Certifica\u00e7\u00e3o Five 24\/07\/2021 + Camiseta Branca tamanho PP - Metalife","og_description":"Com Certificado Digital + 2 apostilas de treinamento (em formato digital PDF)","og_url":"https:\/\/projetoslayerup.com.br\/metalife\/product\/certificacao-five-24-07-2021-camiseta-branca-tamanho-pp\/","og_site_name":"Metalife","article_publisher":"https:\/\/www.facebook.com\/MetalifePilates","og_image":[{"width":600,"height":600,"url":"https:\/\/projetoslayerup.com.br\/metalife\/wp-content\/uploads\/2025\/11\/camisetas-branca-PP-7-1.png","type":"image\/png"}],"twitter_card":"summary_large_image","twitter_misc":{"Est. tempo de leitura":"1 minuto"},"schema":{"@context":"https:\/\/schema.org","@graph":[{"@type":"WebPage","@id":"https:\/\/projetoslayerup.com.br\/metalife\/product\/certificacao-five-24-07-2021-camiseta-branca-tamanho-pp\/","url":"https:\/\/projetoslayerup.com.br\/metalife\/product\/certificacao-five-24-07-2021-camiseta-branca-tamanho-pp\/","name":"Certifica\u00e7\u00e3o Five 24\/07\/2021 + Camiseta Branca tamanho PP - Metalife","isPartOf":{"@id":"https:\/\/projetoslayerup.com.br\/metalife\/#website"},"primaryImageOfPage":{"@id":"https:\/\/projetoslayerup.com.br\/metalife\/product\/certificacao-five-24-07-2021-camiseta-branca-tamanho-pp\/#primaryimage"},"image":{"@id":"https:\/\/projetoslayerup.com.br\/metalife\/product\/certificacao-five-24-07-2021-camiseta-branca-tamanho-pp\/#primaryimage"},"thumbnailUrl":"https:\/\/projetoslayerup.com.br\/metalife\/wp-content\/uploads\/2025\/11\/camisetas-branca-PP-7-1.png","datePublished":"2025-11-10T13:42:33+00:00","breadcrumb":{"@id":"https:\/\/projetoslayerup.com.br\/metalife\/product\/certificacao-five-24-07-2021-camiseta-branca-tamanho-pp\/#breadcrumb"},"inLanguage":"pt-BR","potentialAction":[{"@type":"ReadAction","target":["https:\/\/projetoslayerup.com.br\/metalife\/product\/certificacao-five-24-07-2021-camiseta-branca-tamanho-pp\/"]}]},{"@type":"ImageObject","inLanguage":"pt-BR","@id":"https:\/\/projetoslayerup.com.br\/metalife\/product\/certificacao-five-24-07-2021-camiseta-branca-tamanho-pp\/#primaryimage","url":"https:\/\/projetoslayerup.com.br\/metalife\/wp-content\/uploads\/2025\/11\/camisetas-branca-PP-7-1.png","contentUrl":"https:\/\/projetoslayerup.com.br\/metalife\/wp-content\/uploads\/2025\/11\/camisetas-branca-PP-7-1.png","width":600,"height":600},{"@type":"BreadcrumbList","@id":"https:\/\/projetoslayerup.com.br\/metalife\/product\/certificacao-five-24-07-2021-camiseta-branca-tamanho-pp\/#breadcrumb","itemListElement":[{"@type":"ListItem","position":1,"name":"In\u00edcio","item":"https:\/\/projetoslayerup.com.br\/metalife\/"},{"@type":"ListItem","position":2,"name":"Produtos","item":"https:\/\/projetoslayerup.com.br\/metalife\/produtos\/"},{"@type":"ListItem","position":3,"name":"Certifica\u00e7\u00e3o Five 24\/07\/2021 + Camiseta Branca tamanho PP"}]},{"@type":"WebSite","@id":"https:\/\/projetoslayerup.com.br\/metalife\/#website","url":"https:\/\/projetoslayerup.com.br\/metalife\/","name":"MetaLife","description":"","publisher":{"@id":"https:\/\/projetoslayerup.com.br\/metalife\/#organization"},"potentialAction":[{"@type":"SearchAction","target":{"@type":"EntryPoint","urlTemplate":"https:\/\/projetoslayerup.com.br\/metalife\/?s={search_term_string}"},"query-input":{"@type":"PropertyValueSpecification","valueRequired":true,"valueName":"search_term_string"}}],"inLanguage":"pt-BR"},{"@type":"Organization","@id":"https:\/\/projetoslayerup.com.br\/metalife\/#organization","name":"MetaLife","url":"https:\/\/projetoslayerup.com.br\/metalife\/","logo":{"@type":"ImageObject","inLanguage":"pt-BR","@id":"https:\/\/projetoslayerup.com.br\/metalife\/#\/schema\/logo\/image\/","url":"https:\/\/projetoslayerup.com.br\/metalife\/wp-content\/uploads\/2025\/11\/logo-header-blog.png","contentUrl":"https:\/\/projetoslayerup.com.br\/metalife\/wp-content\/uploads\/2025\/11\/logo-header-blog.png","width":180,"height":38,"caption":"MetaLife"},"image":{"@id":"https:\/\/projetoslayerup.com.br\/metalife\/#\/schema\/logo\/image\/"},"sameAs":["https:\/\/www.facebook.com\/MetalifePilates","https:\/\/www.instagram.com\/metalifepilates\/","https:\/\/br.pinterest.com\/metalifepilates\/","https:\/\/www.linkedin.com\/company\/metalife"]}]}},"_links":{"self":[{"href":"https:\/\/projetoslayerup.com.br\/metalife\/wp-json\/wp\/v2\/product\/926","targetHints":{"allow":["GET"]}}],"collection":[{"href":"https:\/\/projetoslayerup.com.br\/metalife\/wp-json\/wp\/v2\/product"}],"about":[{"href":"https:\/\/projetoslayerup.com.br\/metalife\/wp-json\/wp\/v2\/types\/product"}],"wp:featuredmedia":[{"embeddable":true,"href":"https:\/\/projetoslayerup.com.br\/metalife\/wp-json\/wp\/v2\/media\/1003"}],"wp:attachment":[{"href":"https:\/\/projetoslayerup.com.br\/metalife\/wp-json\/wp\/v2\/media?parent=926"}],"wp:term":[{"taxonomy":"product_brand","embeddable":true,"href":"https:\/\/projetoslayerup.com.br\/metalife\/wp-json\/wp\/v2\/product_brand?post=926"},{"taxonomy":"product_cat","embeddable":true,"href":"https:\/\/projetoslayerup.com.br\/metalife\/wp-json\/wp\/v2\/product_cat?post=926"},{"taxonomy":"product_tag","embeddable":true,"href":"https:\/\/projetoslayerup.com.br\/metalife\/wp-json\/wp\/v2\/product_tag?post=926"}],"curies":[{"name":"wp","href":"https:\/\/api.w.org\/{rel}","templated":true}]}}