{"id":937,"date":"2025-11-10T10:42:33","date_gmt":"2025-11-10T13:42:33","guid":{"rendered":"https:\/\/projetoslayerup.com.br\/metalife\/?post_type=product&#038;p=937"},"modified":"2025-11-10T10:42:33","modified_gmt":"2025-11-10T13:42:33","slug":"kit-exclusivo-17-anos-metalife","status":"publish","type":"product","link":"https:\/\/projetoslayerup.com.br\/metalife\/product\/kit-exclusivo-17-anos-metalife\/","title":{"rendered":"Kit exclusivo 17 anos MetaLife"},"content":{"rendered":"<p>O kit exclusivo 17 anos MetaLife \u00e9 composto por:<\/p>\n<p>&#8211; 1 Tapete\/Capacho para porta, Vinil Personalizado 0,60m X 0,40m.<br \/>\n&#8211; Squeeze personalizado em pl\u00e1stico polipropileno, com tampa e canudo. Capacidade: 610ml.<br \/>\n&#8211; Mochila saco personalizada, confeccionada em poli\u00e9ster. Possui compartimento principal superior, bolso frontal de malha com z\u00edper e sa\u00edda para fone de ouvido. 43cm x 31,5cm (AxL).<br \/>\n&#8211; Rel\u00f3gio de parede personalizado, fabricado e injetado em pl\u00e1stico, com aro na cor prata, 24cm de di\u00e2metro.<br \/>\n&#8211; Aromatizador de ambientes em garrafa Pet, com varetas em madeira e r\u00f3tulo personalizado de 250ml. Aroma: Madeira &#038; Ra\u00edzes.<\/p>\n","protected":false},"excerpt":{"rendered":"<p>O kit exclusivo 17 anos MetaLife \u00e9 composto por:<\/p>\n<p>&#8211; 1 Tapete\/Capacho para porta, Vinil Personalizado 0,60m X 0,40m.<br \/>\n&#8211; Squeeze personalizado em pl\u00e1stico polipropileno, com tampa e canudo. Capacidade: 610ml.<br \/>\n&#8211; Mochila saco personalizada, confeccionada em poli\u00e9ster. Possui compartimento principal superior, bolso frontal de malha com z\u00edper e sa\u00edda para fone de ouvido. 43cm x 31,5cm (AxL).<br \/>\n&#8211; Rel\u00f3gio de parede personalizado, fabricado e injetado em pl\u00e1stico, com aro na cor prata, 24cm de di\u00e2metro.<br \/>\n&#8211; Aromatizador de ambientes em garrafa Pet, com varetas em madeira e r\u00f3tulo personalizado de 250ml. Aroma: Madeira &#038; Ra\u00edzes.<\/p>\n","protected":false},"featured_media":1004,"template":"","meta":{"_acf_changed":false,"inline_featured_image":false},"product_brand":[],"product_cat":[21],"product_tag":[],"class_list":{"0":"post-937","1":"product","2":"type-product","3":"status-publish","4":"has-post-thumbnail","6":"product_cat-acessorios","8":"first","9":"outofstock","10":"shipping-taxable","11":"purchasable","12":"product-type-simple"},"acf":[],"yoast_head":"<!-- This site is optimized with the Yoast SEO plugin v27.2 - https:\/\/yoast.com\/product\/yoast-seo-wordpress\/ -->\n<title>Kit exclusivo 17 anos MetaLife - Metalife<\/title>\n<meta name=\"robots\" content=\"noindex, follow, max-snippet:-1, max-image-preview:large, max-video-preview:-1\" \/>\n<meta property=\"og:locale\" content=\"pt_BR\" \/>\n<meta property=\"og:type\" content=\"article\" \/>\n<meta property=\"og:title\" content=\"Kit exclusivo 17 anos MetaLife - Metalife\" \/>\n<meta property=\"og:description\" content=\"O kit exclusivo 17 anos MetaLife \u00e9 composto por:  - 1 Tapete\/Capacho para porta, Vinil Personalizado 0,60m X 0,40m. - Squeeze personalizado em pl\u00e1stico polipropileno, com tampa e canudo. Capacidade: 610ml. - Mochila saco personalizada, confeccionada em poli\u00e9ster. Possui compartimento principal superior, bolso frontal de malha com z\u00edper e sa\u00edda para fone de ouvido. 43cm x 31,5cm (AxL). - Rel\u00f3gio de parede personalizado, fabricado e injetado em pl\u00e1stico, com aro na cor prata, 24cm de di\u00e2metro. - Aromatizador de ambientes em garrafa Pet, com varetas em madeira e r\u00f3tulo personalizado de 250ml. Aroma: Madeira &amp; Ra\u00edzes.\" \/>\n<meta property=\"og:url\" content=\"https:\/\/projetoslayerup.com.br\/metalife\/product\/kit-exclusivo-17-anos-metalife\/\" \/>\n<meta property=\"og:site_name\" content=\"Metalife\" \/>\n<meta property=\"article:publisher\" content=\"https:\/\/www.facebook.com\/MetalifePilates\" \/>\n<meta property=\"og:image\" content=\"https:\/\/projetoslayerup.com.br\/metalife\/wp-content\/uploads\/2025\/11\/kit-17-anos-metalife.png\" \/>\n\t<meta property=\"og:image:width\" content=\"600\" \/>\n\t<meta property=\"og:image:height\" content=\"600\" \/>\n\t<meta property=\"og:image:type\" content=\"image\/png\" \/>\n<meta name=\"twitter:card\" content=\"summary_large_image\" \/>\n<meta name=\"twitter:label1\" content=\"Est. tempo de leitura\" \/>\n\t<meta name=\"twitter:data1\" content=\"1 minuto\" \/>\n<script type=\"application\/ld+json\" class=\"yoast-schema-graph\">{\"@context\":\"https:\/\/schema.org\",\"@graph\":[{\"@type\":\"WebPage\",\"@id\":\"https:\/\/projetoslayerup.com.br\/metalife\/product\/kit-exclusivo-17-anos-metalife\/\",\"url\":\"https:\/\/projetoslayerup.com.br\/metalife\/product\/kit-exclusivo-17-anos-metalife\/\",\"name\":\"Kit exclusivo 17 anos MetaLife - Metalife\",\"isPartOf\":{\"@id\":\"https:\/\/projetoslayerup.com.br\/metalife\/#website\"},\"primaryImageOfPage\":{\"@id\":\"https:\/\/projetoslayerup.com.br\/metalife\/product\/kit-exclusivo-17-anos-metalife\/#primaryimage\"},\"image\":{\"@id\":\"https:\/\/projetoslayerup.com.br\/metalife\/product\/kit-exclusivo-17-anos-metalife\/#primaryimage\"},\"thumbnailUrl\":\"https:\/\/projetoslayerup.com.br\/metalife\/wp-content\/uploads\/2025\/11\/kit-17-anos-metalife.png\",\"datePublished\":\"2025-11-10T13:42:33+00:00\",\"breadcrumb\":{\"@id\":\"https:\/\/projetoslayerup.com.br\/metalife\/product\/kit-exclusivo-17-anos-metalife\/#breadcrumb\"},\"inLanguage\":\"pt-BR\",\"potentialAction\":[{\"@type\":\"ReadAction\",\"target\":[\"https:\/\/projetoslayerup.com.br\/metalife\/product\/kit-exclusivo-17-anos-metalife\/\"]}]},{\"@type\":\"ImageObject\",\"inLanguage\":\"pt-BR\",\"@id\":\"https:\/\/projetoslayerup.com.br\/metalife\/product\/kit-exclusivo-17-anos-metalife\/#primaryimage\",\"url\":\"https:\/\/projetoslayerup.com.br\/metalife\/wp-content\/uploads\/2025\/11\/kit-17-anos-metalife.png\",\"contentUrl\":\"https:\/\/projetoslayerup.com.br\/metalife\/wp-content\/uploads\/2025\/11\/kit-17-anos-metalife.png\",\"width\":600,\"height\":600},{\"@type\":\"BreadcrumbList\",\"@id\":\"https:\/\/projetoslayerup.com.br\/metalife\/product\/kit-exclusivo-17-anos-metalife\/#breadcrumb\",\"itemListElement\":[{\"@type\":\"ListItem\",\"position\":1,\"name\":\"In\u00edcio\",\"item\":\"https:\/\/projetoslayerup.com.br\/metalife\/\"},{\"@type\":\"ListItem\",\"position\":2,\"name\":\"Produtos\",\"item\":\"https:\/\/projetoslayerup.com.br\/metalife\/produtos\/\"},{\"@type\":\"ListItem\",\"position\":3,\"name\":\"Kit exclusivo 17 anos MetaLife\"}]},{\"@type\":\"WebSite\",\"@id\":\"https:\/\/projetoslayerup.com.br\/metalife\/#website\",\"url\":\"https:\/\/projetoslayerup.com.br\/metalife\/\",\"name\":\"MetaLife\",\"description\":\"\",\"publisher\":{\"@id\":\"https:\/\/projetoslayerup.com.br\/metalife\/#organization\"},\"potentialAction\":[{\"@type\":\"SearchAction\",\"target\":{\"@type\":\"EntryPoint\",\"urlTemplate\":\"https:\/\/projetoslayerup.com.br\/metalife\/?s={search_term_string}\"},\"query-input\":{\"@type\":\"PropertyValueSpecification\",\"valueRequired\":true,\"valueName\":\"search_term_string\"}}],\"inLanguage\":\"pt-BR\"},{\"@type\":\"Organization\",\"@id\":\"https:\/\/projetoslayerup.com.br\/metalife\/#organization\",\"name\":\"MetaLife\",\"url\":\"https:\/\/projetoslayerup.com.br\/metalife\/\",\"logo\":{\"@type\":\"ImageObject\",\"inLanguage\":\"pt-BR\",\"@id\":\"https:\/\/projetoslayerup.com.br\/metalife\/#\/schema\/logo\/image\/\",\"url\":\"https:\/\/projetoslayerup.com.br\/metalife\/wp-content\/uploads\/2025\/11\/logo-header-blog.png\",\"contentUrl\":\"https:\/\/projetoslayerup.com.br\/metalife\/wp-content\/uploads\/2025\/11\/logo-header-blog.png\",\"width\":180,\"height\":38,\"caption\":\"MetaLife\"},\"image\":{\"@id\":\"https:\/\/projetoslayerup.com.br\/metalife\/#\/schema\/logo\/image\/\"},\"sameAs\":[\"https:\/\/www.facebook.com\/MetalifePilates\",\"https:\/\/www.instagram.com\/metalifepilates\/\",\"https:\/\/br.pinterest.com\/metalifepilates\/\",\"https:\/\/www.linkedin.com\/company\/metalife\"]}]}<\/script>\n<!-- \/ Yoast SEO plugin. -->","yoast_head_json":{"title":"Kit exclusivo 17 anos MetaLife - Metalife","robots":{"index":"noindex","follow":"follow","max-snippet":"max-snippet:-1","max-image-preview":"max-image-preview:large","max-video-preview":"max-video-preview:-1"},"og_locale":"pt_BR","og_type":"article","og_title":"Kit exclusivo 17 anos MetaLife - Metalife","og_description":"O kit exclusivo 17 anos MetaLife \u00e9 composto por:  - 1 Tapete\/Capacho para porta, Vinil Personalizado 0,60m X 0,40m. - Squeeze personalizado em pl\u00e1stico polipropileno, com tampa e canudo. Capacidade: 610ml. - Mochila saco personalizada, confeccionada em poli\u00e9ster. Possui compartimento principal superior, bolso frontal de malha com z\u00edper e sa\u00edda para fone de ouvido. 43cm x 31,5cm (AxL). - Rel\u00f3gio de parede personalizado, fabricado e injetado em pl\u00e1stico, com aro na cor prata, 24cm de di\u00e2metro. - Aromatizador de ambientes em garrafa Pet, com varetas em madeira e r\u00f3tulo personalizado de 250ml. Aroma: Madeira & Ra\u00edzes.","og_url":"https:\/\/projetoslayerup.com.br\/metalife\/product\/kit-exclusivo-17-anos-metalife\/","og_site_name":"Metalife","article_publisher":"https:\/\/www.facebook.com\/MetalifePilates","og_image":[{"width":600,"height":600,"url":"https:\/\/projetoslayerup.com.br\/metalife\/wp-content\/uploads\/2025\/11\/kit-17-anos-metalife.png","type":"image\/png"}],"twitter_card":"summary_large_image","twitter_misc":{"Est. tempo de leitura":"1 minuto"},"schema":{"@context":"https:\/\/schema.org","@graph":[{"@type":"WebPage","@id":"https:\/\/projetoslayerup.com.br\/metalife\/product\/kit-exclusivo-17-anos-metalife\/","url":"https:\/\/projetoslayerup.com.br\/metalife\/product\/kit-exclusivo-17-anos-metalife\/","name":"Kit exclusivo 17 anos MetaLife - Metalife","isPartOf":{"@id":"https:\/\/projetoslayerup.com.br\/metalife\/#website"},"primaryImageOfPage":{"@id":"https:\/\/projetoslayerup.com.br\/metalife\/product\/kit-exclusivo-17-anos-metalife\/#primaryimage"},"image":{"@id":"https:\/\/projetoslayerup.com.br\/metalife\/product\/kit-exclusivo-17-anos-metalife\/#primaryimage"},"thumbnailUrl":"https:\/\/projetoslayerup.com.br\/metalife\/wp-content\/uploads\/2025\/11\/kit-17-anos-metalife.png","datePublished":"2025-11-10T13:42:33+00:00","breadcrumb":{"@id":"https:\/\/projetoslayerup.com.br\/metalife\/product\/kit-exclusivo-17-anos-metalife\/#breadcrumb"},"inLanguage":"pt-BR","potentialAction":[{"@type":"ReadAction","target":["https:\/\/projetoslayerup.com.br\/metalife\/product\/kit-exclusivo-17-anos-metalife\/"]}]},{"@type":"ImageObject","inLanguage":"pt-BR","@id":"https:\/\/projetoslayerup.com.br\/metalife\/product\/kit-exclusivo-17-anos-metalife\/#primaryimage","url":"https:\/\/projetoslayerup.com.br\/metalife\/wp-content\/uploads\/2025\/11\/kit-17-anos-metalife.png","contentUrl":"https:\/\/projetoslayerup.com.br\/metalife\/wp-content\/uploads\/2025\/11\/kit-17-anos-metalife.png","width":600,"height":600},{"@type":"BreadcrumbList","@id":"https:\/\/projetoslayerup.com.br\/metalife\/product\/kit-exclusivo-17-anos-metalife\/#breadcrumb","itemListElement":[{"@type":"ListItem","position":1,"name":"In\u00edcio","item":"https:\/\/projetoslayerup.com.br\/metalife\/"},{"@type":"ListItem","position":2,"name":"Produtos","item":"https:\/\/projetoslayerup.com.br\/metalife\/produtos\/"},{"@type":"ListItem","position":3,"name":"Kit exclusivo 17 anos MetaLife"}]},{"@type":"WebSite","@id":"https:\/\/projetoslayerup.com.br\/metalife\/#website","url":"https:\/\/projetoslayerup.com.br\/metalife\/","name":"MetaLife","description":"","publisher":{"@id":"https:\/\/projetoslayerup.com.br\/metalife\/#organization"},"potentialAction":[{"@type":"SearchAction","target":{"@type":"EntryPoint","urlTemplate":"https:\/\/projetoslayerup.com.br\/metalife\/?s={search_term_string}"},"query-input":{"@type":"PropertyValueSpecification","valueRequired":true,"valueName":"search_term_string"}}],"inLanguage":"pt-BR"},{"@type":"Organization","@id":"https:\/\/projetoslayerup.com.br\/metalife\/#organization","name":"MetaLife","url":"https:\/\/projetoslayerup.com.br\/metalife\/","logo":{"@type":"ImageObject","inLanguage":"pt-BR","@id":"https:\/\/projetoslayerup.com.br\/metalife\/#\/schema\/logo\/image\/","url":"https:\/\/projetoslayerup.com.br\/metalife\/wp-content\/uploads\/2025\/11\/logo-header-blog.png","contentUrl":"https:\/\/projetoslayerup.com.br\/metalife\/wp-content\/uploads\/2025\/11\/logo-header-blog.png","width":180,"height":38,"caption":"MetaLife"},"image":{"@id":"https:\/\/projetoslayerup.com.br\/metalife\/#\/schema\/logo\/image\/"},"sameAs":["https:\/\/www.facebook.com\/MetalifePilates","https:\/\/www.instagram.com\/metalifepilates\/","https:\/\/br.pinterest.com\/metalifepilates\/","https:\/\/www.linkedin.com\/company\/metalife"]}]}},"_links":{"self":[{"href":"https:\/\/projetoslayerup.com.br\/metalife\/wp-json\/wp\/v2\/product\/937","targetHints":{"allow":["GET"]}}],"collection":[{"href":"https:\/\/projetoslayerup.com.br\/metalife\/wp-json\/wp\/v2\/product"}],"about":[{"href":"https:\/\/projetoslayerup.com.br\/metalife\/wp-json\/wp\/v2\/types\/product"}],"wp:featuredmedia":[{"embeddable":true,"href":"https:\/\/projetoslayerup.com.br\/metalife\/wp-json\/wp\/v2\/media\/1004"}],"wp:attachment":[{"href":"https:\/\/projetoslayerup.com.br\/metalife\/wp-json\/wp\/v2\/media?parent=937"}],"wp:term":[{"taxonomy":"product_brand","embeddable":true,"href":"https:\/\/projetoslayerup.com.br\/metalife\/wp-json\/wp\/v2\/product_brand?post=937"},{"taxonomy":"product_cat","embeddable":true,"href":"https:\/\/projetoslayerup.com.br\/metalife\/wp-json\/wp\/v2\/product_cat?post=937"},{"taxonomy":"product_tag","embeddable":true,"href":"https:\/\/projetoslayerup.com.br\/metalife\/wp-json\/wp\/v2\/product_tag?post=937"}],"curies":[{"name":"wp","href":"https:\/\/api.w.org\/{rel}","templated":true}]}}