{"id":940,"date":"2025-11-10T10:42:32","date_gmt":"2025-11-10T13:42:32","guid":{"rendered":"https:\/\/projetoslayerup.com.br\/metalife\/?post_type=product&#038;p=940"},"modified":"2025-11-10T10:42:32","modified_gmt":"2025-11-10T13:42:32","slug":"mentoria-metalife-2021-modulo-2","status":"publish","type":"product","link":"https:\/\/projetoslayerup.com.br\/metalife\/product\/mentoria-metalife-2021-modulo-2\/","title":{"rendered":"Mentoria MetaLife 2021 &#8211; M\u00f3dulo 2"},"content":{"rendered":"<p><strong><span class=\"TextRun Highlight BCX0 SCXW17069522\" lang=\"PT-BR\" xml:lang=\"PT-BR\" data-contrast=\"none\"><span class=\"NormalTextRun BCX0 SCXW17069522\">Conte\u00fado dispon\u00edvel por 12 meses, para voc\u00ea assistir quantas vezes quiser!<\/span><\/span><\/strong><\/p>\n<p><b><span data-contrast=\"none\">Datas e hor\u00e1rios das aulas com intera\u00e7\u00e3o ao vivo (1 hora de dura\u00e7\u00e3o):<\/span><\/b> <span data-ccp-props=\"{&quot;201341983&quot;:0,&quot;335559739&quot;:160,&quot;335559740&quot;:259}\">\u00a0<\/span><\/p>\n<p><b><span data-contrast=\"none\">M\u00f3dulo 2 \u2013 Estruturando a empresa \u2013<\/span><\/b><span data-ccp-props=\"{&quot;201341983&quot;:0,&quot;335559739&quot;:160,&quot;335559740&quot;:259}\">\u00a0<\/span><span data-contrast=\"none\">24 de setembro, sexta-feira, das 18h \u00e0s 19h<\/span><\/p>\n<hr \/>\n<p><b><span data-contrast=\"none\">Aulas extras<\/span><\/b> <span data-ccp-props=\"{&quot;201341983&quot;:0,&quot;335559739&quot;:160,&quot;335559740&quot;:259}\">\u00a0<\/span><\/p>\n<p><span data-contrast=\"none\">Aulas gravadas, com 1 hora de dura\u00e7\u00e3o cada uma.<\/span><span data-ccp-props=\"{&quot;201341983&quot;:0,&quot;335559739&quot;:160,&quot;335559740&quot;:259}\">\u00a0<\/span><\/p>\n<p><b><span data-contrast=\"none\">P\u00fablico-alvo<\/span><\/b><span data-ccp-props=\"{&quot;201341983&quot;:0,&quot;335559739&quot;:160,&quot;335559740&quot;:259}\">\u00a0<\/span><\/p>\n<p><span data-contrast=\"none\">Futuros empreendedores, gestores, propriet\u00e1rios e investidores de est\u00fadios de Pilates ativos e estudantes.<\/span><span data-ccp-props=\"{&quot;201341983&quot;:0,&quot;335559739&quot;:160,&quot;335559740&quot;:259}\">\u00a0<\/span><\/p>\n<p><b><span data-contrast=\"none\">Sobre as vagas<\/span><\/b><span data-ccp-props=\"{&quot;201341983&quot;:0,&quot;335559739&quot;:160,&quot;335559740&quot;:259}\">\u00a0<\/span><\/p>\n<p><span data-contrast=\"none\">Somente 200 vagas<\/span><span data-ccp-props=\"{&quot;201341983&quot;:0,&quot;335559739&quot;:160,&quot;335559740&quot;:259}\">\u00a0<\/span><\/p>\n<hr \/>\n<h2><b><span data-contrast=\"none\">Conte\u00fados abordados e professores<\/span><\/b><span data-ccp-props=\"{&quot;201341983&quot;:0,&quot;335559739&quot;:160,&quot;335559740&quot;:259}\">\u00a0<\/span><\/h2>\n<h3><b><span data-contrast=\"none\">M\u00f3dulo 2 \u2013 Gest\u00e3o Financeira \u2013\u00a0<\/span><\/b><b><span data-contrast=\"none\">Professora Carolina\u00a0Zaparoli<\/span><\/b><span data-ccp-props=\"{&quot;201341983&quot;:0,&quot;335559739&quot;:160,&quot;335559740&quot;:259}\">\u00a0<\/span><\/h3>\n<p><span data-contrast=\"none\">Contadora \u2013 especialista em contabilidade para est\u00fadios de Pilates.<\/span><span data-contrast=\"none\">\u00a0<\/span><span data-ccp-props=\"{&quot;201341983&quot;:0,&quot;335559739&quot;:160,&quot;335559740&quot;:259}\">\u00a0<\/span><\/p>\n<p><b><span data-contrast=\"none\">Conte\u00fados abordados<\/span><\/b><span data-ccp-props=\"{&quot;201341983&quot;:0,&quot;335559739&quot;:160,&quot;335559740&quot;:259}\">\u00a0<\/span><\/p>\n<p><span data-contrast=\"none\">Formaliza\u00e7\u00e3o do neg\u00f3cio<\/span><span data-contrast=\"none\">\u00a0<\/span><span data-ccp-props=\"{&quot;201341983&quot;:0,&quot;335559739&quot;:160,&quot;335559740&quot;:259}\">\u00a0<\/span><\/p>\n<p><span data-contrast=\"none\">Modalidades \u2013 tipos de empresa<\/span><span data-contrast=\"none\">\u00a0<\/span><span data-ccp-props=\"{&quot;201341983&quot;:0,&quot;335559739&quot;:160,&quot;335559740&quot;:259}\">\u00a0<\/span><\/p>\n<p><span data-contrast=\"none\">CNAE<\/span><span data-contrast=\"none\">\u00a0<\/span><span data-ccp-props=\"{&quot;201341983&quot;:0,&quot;335559739&quot;:160,&quot;335559740&quot;:259}\">\u00a0<\/span><\/p>\n<p><span data-contrast=\"none\">Documenta\u00e7\u00e3o<\/span><span data-contrast=\"none\">\u00a0<\/span><span data-ccp-props=\"{&quot;201341983&quot;:0,&quot;335559739&quot;:160,&quot;335559740&quot;:259}\">\u00a0<\/span><\/p>\n<p><span data-contrast=\"none\">Impostos<\/span><span data-contrast=\"none\">\u00a0<\/span><span data-ccp-props=\"{&quot;201341983&quot;:0,&quot;335559739&quot;:160,&quot;335559740&quot;:259}\">\u00a0<\/span><\/p>\n<p><span data-contrast=\"none\">Alvar\u00e1s<\/span><span data-contrast=\"none\">\u00a0<\/span><span data-ccp-props=\"{&quot;201341983&quot;:0,&quot;335559739&quot;:160,&quot;335559740&quot;:259}\">\u00a0<\/span><\/p>\n<p><span data-contrast=\"none\">Gest\u00e3o financeira (caixa para crise,\u00a0etc)<\/span><span data-contrast=\"none\">\u00a0<\/span><span data-ccp-props=\"{&quot;201341983&quot;:0,&quot;335559739&quot;:160,&quot;335559740&quot;:259}\">\u00a0<\/span><\/p>\n<p><b><span data-contrast=\"none\">Aulas Extras<\/span><\/b><span data-ccp-props=\"{&quot;201341983&quot;:0,&quot;335559739&quot;:160,&quot;335559740&quot;:259}\">\u00a0<\/span><\/p>\n<p><strong>Professora: Anne Rezende <\/strong><span data-contrast=\"none\">-&gt; Pilates e Covid \u2013 foco em preven\u00e7\u00e3o e em reabilita\u00e7\u00e3o p\u00f3s-covid<\/span><span data-contrast=\"none\">\u00a0<\/span><span data-ccp-props=\"{&quot;201341983&quot;:0,&quot;335559739&quot;:160,&quot;335559740&quot;:259}\">\u00a0<\/span><\/p>\n<p><strong>Professora: Cristina Carvalho de Melo\u00a0<\/strong><span data-contrast=\"none\">-&gt; Pilates e aspectos psicol\u00f3gicos<\/span><span data-contrast=\"none\">\u00a0<\/span><span data-ccp-props=\"{&quot;201341983&quot;:0,&quot;335559739&quot;:160,&quot;335559740&quot;:259}\">\u00a0<\/span><\/p>\n<p><span data-ccp-props=\"{&quot;201341983&quot;:0,&quot;335559739&quot;:160,&quot;335559740&quot;:259}\"><strong>Professor: Felipe\u00a0Alavarce<\/strong>\u00a0<\/span><span data-contrast=\"none\">-&gt; Exerc\u00edcios de reabilita\u00e7\u00e3o p\u00f3s-covid<\/span><span data-contrast=\"none\">\u00a0<\/span><span data-ccp-props=\"{&quot;201341983&quot;:0,&quot;335559739&quot;:160,&quot;335559740&quot;:259}\">\u00a0<\/span><\/p>\n<p><strong>Professora: Rafaela Palmieri\u00a0<\/strong><span data-contrast=\"none\">-&gt; Flexibilidade no Pilates<\/span><span data-contrast=\"none\">\u00a0<\/span><span data-ccp-props=\"{&quot;201341983&quot;:0,&quot;335559739&quot;:160,&quot;335559740&quot;:259}\">\u00a0<\/span><\/p>\n","protected":false},"excerpt":{"rendered":"<p><strong><span class=\"TextRun Highlight BCX0 SCXW17069522\" lang=\"PT-BR\" xml:lang=\"PT-BR\" data-contrast=\"none\"><span class=\"NormalTextRun BCX0 SCXW17069522\">Conte\u00fado dispon\u00edvel por 12 meses, para voc\u00ea assistir quantas vezes quiser!<\/span><\/span><\/strong><\/p>\n<p><b><span data-contrast=\"none\">Datas e hor\u00e1rios das aulas com intera\u00e7\u00e3o ao vivo (1 hora de dura\u00e7\u00e3o):<\/span><\/b> <span data-ccp-props=\"{&quot;201341983&quot;:0,&quot;335559739&quot;:160,&quot;335559740&quot;:259}\">\u00a0<\/span><\/p>\n<p><b><span data-contrast=\"none\">M\u00f3dulo 2 \u2013 Estruturando a empresa \u2013<\/span><\/b><span data-ccp-props=\"{&quot;201341983&quot;:0,&quot;335559739&quot;:160,&quot;335559740&quot;:259}\">\u00a0<\/span><span data-contrast=\"none\">24 de setembro, sexta-feira, das 17h \u00e0s 18h<\/span><span data-ccp-props=\"{&quot;201341983&quot;:0,&quot;335559739&quot;:160,&quot;335559740&quot;:259}\">\u00a0<\/span><\/p>\n<hr \/>\n<p><b><span data-contrast=\"none\">Aulas extras<\/span><\/b> <span data-ccp-props=\"{&quot;201341983&quot;:0,&quot;335559739&quot;:160,&quot;335559740&quot;:259}\">\u00a0<\/span><\/p>\n<p><span data-contrast=\"none\">Aulas gravadas, com 1 hora de dura\u00e7\u00e3o cada uma.<\/span><span data-ccp-props=\"{&quot;201341983&quot;:0,&quot;335559739&quot;:160,&quot;335559740&quot;:259}\">\u00a0<\/span><\/p>\n<p><b><span data-contrast=\"none\">P\u00fablico-alvo<\/span><\/b><span data-ccp-props=\"{&quot;201341983&quot;:0,&quot;335559739&quot;:160,&quot;335559740&quot;:259}\">\u00a0<\/span><\/p>\n<p><span data-contrast=\"none\">Futuros empreendedores, gestores, propriet\u00e1rios e investidores de est\u00fadios de Pilates ativos e estudantes.<\/span><span data-ccp-props=\"{&quot;201341983&quot;:0,&quot;335559739&quot;:160,&quot;335559740&quot;:259}\">\u00a0<\/span><\/p>\n<p><b><span data-contrast=\"none\">Sobre as vagas<\/span><\/b><span data-ccp-props=\"{&quot;201341983&quot;:0,&quot;335559739&quot;:160,&quot;335559740&quot;:259}\">\u00a0<\/span><\/p>\n<p><span data-contrast=\"none\">Somente 200 vagas<\/span><span data-ccp-props=\"{&quot;201341983&quot;:0,&quot;335559739&quot;:160,&quot;335559740&quot;:259}\">\u00a0<\/span><\/p>\n<hr \/>\n<h2><b><span data-contrast=\"none\">Conte\u00fados abordados e professores<\/span><\/b><span data-ccp-props=\"{&quot;201341983&quot;:0,&quot;335559739&quot;:160,&quot;335559740&quot;:259}\">\u00a0<\/span><\/h2>\n<h3><b><span data-contrast=\"none\">M\u00f3dulo 2 \u2013 Gest\u00e3o Financeira \u2013\u00a0<\/span><\/b><b><span data-contrast=\"none\">Professora Carolina\u00a0Zaparoli<\/span><\/b><span data-ccp-props=\"{&quot;201341983&quot;:0,&quot;335559739&quot;:160,&quot;335559740&quot;:259}\">\u00a0<\/span><\/h3>\n<p><span data-contrast=\"none\">Contadora \u2013 especialista em contabilidade para est\u00fadios de Pilates.<\/span><span data-contrast=\"none\">\u00a0<\/span><span data-ccp-props=\"{&quot;201341983&quot;:0,&quot;335559739&quot;:160,&quot;335559740&quot;:259}\">\u00a0<\/span><\/p>\n<p><b><span data-contrast=\"none\">Conte\u00fados abordados<\/span><\/b><span data-ccp-props=\"{&quot;201341983&quot;:0,&quot;335559739&quot;:160,&quot;335559740&quot;:259}\">\u00a0<\/span><\/p>\n<p><span data-contrast=\"none\">Formaliza\u00e7\u00e3o do neg\u00f3cio<\/span><span data-contrast=\"none\">\u00a0<\/span><span data-ccp-props=\"{&quot;201341983&quot;:0,&quot;335559739&quot;:160,&quot;335559740&quot;:259}\">\u00a0<\/span><\/p>\n<p><span data-contrast=\"none\">Modalidades \u2013 tipos de empresa<\/span><span data-contrast=\"none\">\u00a0<\/span><span data-ccp-props=\"{&quot;201341983&quot;:0,&quot;335559739&quot;:160,&quot;335559740&quot;:259}\">\u00a0<\/span><\/p>\n<p><span data-contrast=\"none\">CNAE<\/span><span data-contrast=\"none\">\u00a0<\/span><span data-ccp-props=\"{&quot;201341983&quot;:0,&quot;335559739&quot;:160,&quot;335559740&quot;:259}\">\u00a0<\/span><\/p>\n<p><span data-contrast=\"none\">Documenta\u00e7\u00e3o<\/span><span data-contrast=\"none\">\u00a0<\/span><span data-ccp-props=\"{&quot;201341983&quot;:0,&quot;335559739&quot;:160,&quot;335559740&quot;:259}\">\u00a0<\/span><\/p>\n<p><span data-contrast=\"none\">Impostos<\/span><span data-contrast=\"none\">\u00a0<\/span><span data-ccp-props=\"{&quot;201341983&quot;:0,&quot;335559739&quot;:160,&quot;335559740&quot;:259}\">\u00a0<\/span><\/p>\n<p><span data-contrast=\"none\">Alvar\u00e1s<\/span><span data-contrast=\"none\">\u00a0<\/span><span data-ccp-props=\"{&quot;201341983&quot;:0,&quot;335559739&quot;:160,&quot;335559740&quot;:259}\">\u00a0<\/span><\/p>\n<p><span data-contrast=\"none\">Gest\u00e3o financeira (caixa para crise,\u00a0etc)<\/span><span data-contrast=\"none\">\u00a0<\/span><span data-ccp-props=\"{&quot;201341983&quot;:0,&quot;335559739&quot;:160,&quot;335559740&quot;:259}\">\u00a0<\/span><\/p>\n<p><b><span data-contrast=\"none\">Aulas Extras<\/span><\/b><span data-ccp-props=\"{&quot;201341983&quot;:0,&quot;335559739&quot;:160,&quot;335559740&quot;:259}\">\u00a0<\/span><\/p>\n<p><strong>Professora: Anne Rezende \u00a0<\/strong><span data-contrast=\"none\">-&gt; Pilates e Covid \u2013 foco em preven\u00e7\u00e3o e em reabilita\u00e7\u00e3o p\u00f3s-covid<\/span><span data-contrast=\"none\">\u00a0<\/span><span data-ccp-props=\"{&quot;201341983&quot;:0,&quot;335559739&quot;:160,&quot;335559740&quot;:259}\">\u00a0<\/span><\/p>\n<p><strong>Professora: Cristina Carvalho de Melo\u00a0<\/strong><span data-contrast=\"none\">-&gt; Pilates e aspectos psicol\u00f3gicos<\/span><span data-contrast=\"none\">\u00a0<\/span><span data-ccp-props=\"{&quot;201341983&quot;:0,&quot;335559739&quot;:160,&quot;335559740&quot;:259}\">\u00a0<\/span><\/p>\n<p><span data-ccp-props=\"{&quot;201341983&quot;:0,&quot;335559739&quot;:160,&quot;335559740&quot;:259}\"><strong>Professor: Felipe\u00a0Alavarce<\/strong>\u00a0<\/span><span data-contrast=\"none\">-&gt; Exerc\u00edcios de reabilita\u00e7\u00e3o p\u00f3s-covid<\/span><span data-contrast=\"none\">\u00a0<\/span><span data-ccp-props=\"{&quot;201341983&quot;:0,&quot;335559739&quot;:160,&quot;335559740&quot;:259}\">\u00a0<\/span><\/p>\n<p><strong>Professora: Rafaela Palmieri\u00a0<\/strong><span data-contrast=\"none\">-&gt; Flexibilidade no Pilates<\/span><span data-contrast=\"none\">\u00a0<\/span><span data-ccp-props=\"{&quot;201341983&quot;:0,&quot;335559739&quot;:160,&quot;335559740&quot;:259}\">\u00a0<\/span><\/p>\n","protected":false},"featured_media":1007,"template":"","meta":{"_acf_changed":false,"inline_featured_image":false},"product_brand":[],"product_cat":[21],"product_tag":[],"class_list":{"0":"post-940","1":"product","2":"type-product","3":"status-publish","4":"has-post-thumbnail","6":"product_cat-acessorios","8":"first","9":"instock","10":"virtual","11":"purchasable","12":"product-type-simple"},"acf":[],"yoast_head":"<!-- This site is optimized with the Yoast SEO plugin v27.2 - https:\/\/yoast.com\/product\/yoast-seo-wordpress\/ -->\n<title>Mentoria MetaLife 2021 - M\u00f3dulo 2 - Metalife<\/title>\n<meta name=\"robots\" content=\"noindex, follow, max-snippet:-1, max-image-preview:large, max-video-preview:-1\" \/>\n<meta property=\"og:locale\" content=\"pt_BR\" \/>\n<meta property=\"og:type\" content=\"article\" \/>\n<meta property=\"og:title\" content=\"Mentoria MetaLife 2021 - M\u00f3dulo 2 - Metalife\" \/>\n<meta property=\"og:description\" content=\"Conte\u00fado dispon\u00edvel por 12 meses, para voc\u00ea assistir quantas vezes quiser!  Datas e hor\u00e1rios das aulas com intera\u00e7\u00e3o ao vivo (1 hora de dura\u00e7\u00e3o): \u00a0  M\u00f3dulo 2 \u2013 Estruturando a empresa \u2013\u00a024 de setembro, sexta-feira, das 17h \u00e0s 18h\u00a0    Aulas extras \u00a0  Aulas gravadas, com 1 hora de dura\u00e7\u00e3o cada uma.\u00a0  P\u00fablico-alvo\u00a0  Futuros empreendedores, gestores, propriet\u00e1rios e investidores de est\u00fadios de Pilates ativos e estudantes.\u00a0  Sobre as vagas\u00a0  Somente 200 vagas\u00a0    Conte\u00fados abordados e professores\u00a0 M\u00f3dulo 2 \u2013 Gest\u00e3o Financeira \u2013\u00a0Professora Carolina\u00a0Zaparoli\u00a0 Contadora \u2013 especialista em contabilidade para est\u00fadios de Pilates.\u00a0\u00a0  Conte\u00fados abordados\u00a0  Formaliza\u00e7\u00e3o do neg\u00f3cio\u00a0\u00a0  Modalidades \u2013 tipos de empresa\u00a0\u00a0  CNAE\u00a0\u00a0  Documenta\u00e7\u00e3o\u00a0\u00a0  Impostos\u00a0\u00a0  Alvar\u00e1s\u00a0\u00a0  Gest\u00e3o financeira (caixa para crise,\u00a0etc)\u00a0\u00a0  Aulas Extras\u00a0  Professora: Anne Rezende \u00a0-&gt; Pilates e Covid \u2013 foco em preven\u00e7\u00e3o e em reabilita\u00e7\u00e3o p\u00f3s-covid\u00a0\u00a0  Professora: Cristina Carvalho de Melo\u00a0-&gt; Pilates e aspectos psicol\u00f3gicos\u00a0\u00a0  Professor: Felipe\u00a0Alavarce\u00a0-&gt; Exerc\u00edcios de reabilita\u00e7\u00e3o p\u00f3s-covid\u00a0\u00a0  Professora: Rafaela Palmieri\u00a0-&gt; Flexibilidade no Pilates\u00a0\u00a0\" \/>\n<meta property=\"og:url\" content=\"https:\/\/projetoslayerup.com.br\/metalife\/product\/mentoria-metalife-2021-modulo-2\/\" \/>\n<meta property=\"og:site_name\" content=\"Metalife\" \/>\n<meta property=\"article:publisher\" content=\"https:\/\/www.facebook.com\/MetalifePilates\" \/>\n<meta property=\"og:image\" content=\"https:\/\/projetoslayerup.com.br\/metalife\/wp-content\/uploads\/2025\/11\/mentoria-modulo2.png\" \/>\n\t<meta property=\"og:image:width\" content=\"600\" \/>\n\t<meta property=\"og:image:height\" content=\"480\" \/>\n\t<meta property=\"og:image:type\" content=\"image\/png\" \/>\n<meta name=\"twitter:card\" content=\"summary_large_image\" \/>\n<meta name=\"twitter:label1\" content=\"Est. tempo de leitura\" \/>\n\t<meta name=\"twitter:data1\" content=\"1 minuto\" \/>\n<script type=\"application\/ld+json\" class=\"yoast-schema-graph\">{\"@context\":\"https:\/\/schema.org\",\"@graph\":[{\"@type\":\"WebPage\",\"@id\":\"https:\/\/projetoslayerup.com.br\/metalife\/product\/mentoria-metalife-2021-modulo-2\/\",\"url\":\"https:\/\/projetoslayerup.com.br\/metalife\/product\/mentoria-metalife-2021-modulo-2\/\",\"name\":\"Mentoria MetaLife 2021 - M\u00f3dulo 2 - Metalife\",\"isPartOf\":{\"@id\":\"https:\/\/projetoslayerup.com.br\/metalife\/#website\"},\"primaryImageOfPage\":{\"@id\":\"https:\/\/projetoslayerup.com.br\/metalife\/product\/mentoria-metalife-2021-modulo-2\/#primaryimage\"},\"image\":{\"@id\":\"https:\/\/projetoslayerup.com.br\/metalife\/product\/mentoria-metalife-2021-modulo-2\/#primaryimage\"},\"thumbnailUrl\":\"https:\/\/projetoslayerup.com.br\/metalife\/wp-content\/uploads\/2025\/11\/mentoria-modulo2.png\",\"datePublished\":\"2025-11-10T13:42:32+00:00\",\"breadcrumb\":{\"@id\":\"https:\/\/projetoslayerup.com.br\/metalife\/product\/mentoria-metalife-2021-modulo-2\/#breadcrumb\"},\"inLanguage\":\"pt-BR\",\"potentialAction\":[{\"@type\":\"ReadAction\",\"target\":[\"https:\/\/projetoslayerup.com.br\/metalife\/product\/mentoria-metalife-2021-modulo-2\/\"]}]},{\"@type\":\"ImageObject\",\"inLanguage\":\"pt-BR\",\"@id\":\"https:\/\/projetoslayerup.com.br\/metalife\/product\/mentoria-metalife-2021-modulo-2\/#primaryimage\",\"url\":\"https:\/\/projetoslayerup.com.br\/metalife\/wp-content\/uploads\/2025\/11\/mentoria-modulo2.png\",\"contentUrl\":\"https:\/\/projetoslayerup.com.br\/metalife\/wp-content\/uploads\/2025\/11\/mentoria-modulo2.png\",\"width\":600,\"height\":480},{\"@type\":\"BreadcrumbList\",\"@id\":\"https:\/\/projetoslayerup.com.br\/metalife\/product\/mentoria-metalife-2021-modulo-2\/#breadcrumb\",\"itemListElement\":[{\"@type\":\"ListItem\",\"position\":1,\"name\":\"In\u00edcio\",\"item\":\"https:\/\/projetoslayerup.com.br\/metalife\/\"},{\"@type\":\"ListItem\",\"position\":2,\"name\":\"Produtos\",\"item\":\"https:\/\/projetoslayerup.com.br\/metalife\/produtos\/\"},{\"@type\":\"ListItem\",\"position\":3,\"name\":\"Mentoria MetaLife 2021 &#8211; M\u00f3dulo 2\"}]},{\"@type\":\"WebSite\",\"@id\":\"https:\/\/projetoslayerup.com.br\/metalife\/#website\",\"url\":\"https:\/\/projetoslayerup.com.br\/metalife\/\",\"name\":\"MetaLife\",\"description\":\"\",\"publisher\":{\"@id\":\"https:\/\/projetoslayerup.com.br\/metalife\/#organization\"},\"potentialAction\":[{\"@type\":\"SearchAction\",\"target\":{\"@type\":\"EntryPoint\",\"urlTemplate\":\"https:\/\/projetoslayerup.com.br\/metalife\/?s={search_term_string}\"},\"query-input\":{\"@type\":\"PropertyValueSpecification\",\"valueRequired\":true,\"valueName\":\"search_term_string\"}}],\"inLanguage\":\"pt-BR\"},{\"@type\":\"Organization\",\"@id\":\"https:\/\/projetoslayerup.com.br\/metalife\/#organization\",\"name\":\"MetaLife\",\"url\":\"https:\/\/projetoslayerup.com.br\/metalife\/\",\"logo\":{\"@type\":\"ImageObject\",\"inLanguage\":\"pt-BR\",\"@id\":\"https:\/\/projetoslayerup.com.br\/metalife\/#\/schema\/logo\/image\/\",\"url\":\"https:\/\/projetoslayerup.com.br\/metalife\/wp-content\/uploads\/2025\/11\/logo-header-blog.png\",\"contentUrl\":\"https:\/\/projetoslayerup.com.br\/metalife\/wp-content\/uploads\/2025\/11\/logo-header-blog.png\",\"width\":180,\"height\":38,\"caption\":\"MetaLife\"},\"image\":{\"@id\":\"https:\/\/projetoslayerup.com.br\/metalife\/#\/schema\/logo\/image\/\"},\"sameAs\":[\"https:\/\/www.facebook.com\/MetalifePilates\",\"https:\/\/www.instagram.com\/metalifepilates\/\",\"https:\/\/br.pinterest.com\/metalifepilates\/\",\"https:\/\/www.linkedin.com\/company\/metalife\"]}]}<\/script>\n<!-- \/ Yoast SEO plugin. -->","yoast_head_json":{"title":"Mentoria MetaLife 2021 - M\u00f3dulo 2 - Metalife","robots":{"index":"noindex","follow":"follow","max-snippet":"max-snippet:-1","max-image-preview":"max-image-preview:large","max-video-preview":"max-video-preview:-1"},"og_locale":"pt_BR","og_type":"article","og_title":"Mentoria MetaLife 2021 - M\u00f3dulo 2 - Metalife","og_description":"Conte\u00fado dispon\u00edvel por 12 meses, para voc\u00ea assistir quantas vezes quiser!  Datas e hor\u00e1rios das aulas com intera\u00e7\u00e3o ao vivo (1 hora de dura\u00e7\u00e3o): \u00a0  M\u00f3dulo 2 \u2013 Estruturando a empresa \u2013\u00a024 de setembro, sexta-feira, das 17h \u00e0s 18h\u00a0    Aulas extras \u00a0  Aulas gravadas, com 1 hora de dura\u00e7\u00e3o cada uma.\u00a0  P\u00fablico-alvo\u00a0  Futuros empreendedores, gestores, propriet\u00e1rios e investidores de est\u00fadios de Pilates ativos e estudantes.\u00a0  Sobre as vagas\u00a0  Somente 200 vagas\u00a0    Conte\u00fados abordados e professores\u00a0 M\u00f3dulo 2 \u2013 Gest\u00e3o Financeira \u2013\u00a0Professora Carolina\u00a0Zaparoli\u00a0 Contadora \u2013 especialista em contabilidade para est\u00fadios de Pilates.\u00a0\u00a0  Conte\u00fados abordados\u00a0  Formaliza\u00e7\u00e3o do neg\u00f3cio\u00a0\u00a0  Modalidades \u2013 tipos de empresa\u00a0\u00a0  CNAE\u00a0\u00a0  Documenta\u00e7\u00e3o\u00a0\u00a0  Impostos\u00a0\u00a0  Alvar\u00e1s\u00a0\u00a0  Gest\u00e3o financeira (caixa para crise,\u00a0etc)\u00a0\u00a0  Aulas Extras\u00a0  Professora: Anne Rezende \u00a0-&gt; Pilates e Covid \u2013 foco em preven\u00e7\u00e3o e em reabilita\u00e7\u00e3o p\u00f3s-covid\u00a0\u00a0  Professora: Cristina Carvalho de Melo\u00a0-&gt; Pilates e aspectos psicol\u00f3gicos\u00a0\u00a0  Professor: Felipe\u00a0Alavarce\u00a0-&gt; Exerc\u00edcios de reabilita\u00e7\u00e3o p\u00f3s-covid\u00a0\u00a0  Professora: Rafaela Palmieri\u00a0-&gt; Flexibilidade no Pilates\u00a0\u00a0","og_url":"https:\/\/projetoslayerup.com.br\/metalife\/product\/mentoria-metalife-2021-modulo-2\/","og_site_name":"Metalife","article_publisher":"https:\/\/www.facebook.com\/MetalifePilates","og_image":[{"width":600,"height":480,"url":"https:\/\/projetoslayerup.com.br\/metalife\/wp-content\/uploads\/2025\/11\/mentoria-modulo2.png","type":"image\/png"}],"twitter_card":"summary_large_image","twitter_misc":{"Est. tempo de leitura":"1 minuto"},"schema":{"@context":"https:\/\/schema.org","@graph":[{"@type":"WebPage","@id":"https:\/\/projetoslayerup.com.br\/metalife\/product\/mentoria-metalife-2021-modulo-2\/","url":"https:\/\/projetoslayerup.com.br\/metalife\/product\/mentoria-metalife-2021-modulo-2\/","name":"Mentoria MetaLife 2021 - M\u00f3dulo 2 - Metalife","isPartOf":{"@id":"https:\/\/projetoslayerup.com.br\/metalife\/#website"},"primaryImageOfPage":{"@id":"https:\/\/projetoslayerup.com.br\/metalife\/product\/mentoria-metalife-2021-modulo-2\/#primaryimage"},"image":{"@id":"https:\/\/projetoslayerup.com.br\/metalife\/product\/mentoria-metalife-2021-modulo-2\/#primaryimage"},"thumbnailUrl":"https:\/\/projetoslayerup.com.br\/metalife\/wp-content\/uploads\/2025\/11\/mentoria-modulo2.png","datePublished":"2025-11-10T13:42:32+00:00","breadcrumb":{"@id":"https:\/\/projetoslayerup.com.br\/metalife\/product\/mentoria-metalife-2021-modulo-2\/#breadcrumb"},"inLanguage":"pt-BR","potentialAction":[{"@type":"ReadAction","target":["https:\/\/projetoslayerup.com.br\/metalife\/product\/mentoria-metalife-2021-modulo-2\/"]}]},{"@type":"ImageObject","inLanguage":"pt-BR","@id":"https:\/\/projetoslayerup.com.br\/metalife\/product\/mentoria-metalife-2021-modulo-2\/#primaryimage","url":"https:\/\/projetoslayerup.com.br\/metalife\/wp-content\/uploads\/2025\/11\/mentoria-modulo2.png","contentUrl":"https:\/\/projetoslayerup.com.br\/metalife\/wp-content\/uploads\/2025\/11\/mentoria-modulo2.png","width":600,"height":480},{"@type":"BreadcrumbList","@id":"https:\/\/projetoslayerup.com.br\/metalife\/product\/mentoria-metalife-2021-modulo-2\/#breadcrumb","itemListElement":[{"@type":"ListItem","position":1,"name":"In\u00edcio","item":"https:\/\/projetoslayerup.com.br\/metalife\/"},{"@type":"ListItem","position":2,"name":"Produtos","item":"https:\/\/projetoslayerup.com.br\/metalife\/produtos\/"},{"@type":"ListItem","position":3,"name":"Mentoria MetaLife 2021 &#8211; M\u00f3dulo 2"}]},{"@type":"WebSite","@id":"https:\/\/projetoslayerup.com.br\/metalife\/#website","url":"https:\/\/projetoslayerup.com.br\/metalife\/","name":"MetaLife","description":"","publisher":{"@id":"https:\/\/projetoslayerup.com.br\/metalife\/#organization"},"potentialAction":[{"@type":"SearchAction","target":{"@type":"EntryPoint","urlTemplate":"https:\/\/projetoslayerup.com.br\/metalife\/?s={search_term_string}"},"query-input":{"@type":"PropertyValueSpecification","valueRequired":true,"valueName":"search_term_string"}}],"inLanguage":"pt-BR"},{"@type":"Organization","@id":"https:\/\/projetoslayerup.com.br\/metalife\/#organization","name":"MetaLife","url":"https:\/\/projetoslayerup.com.br\/metalife\/","logo":{"@type":"ImageObject","inLanguage":"pt-BR","@id":"https:\/\/projetoslayerup.com.br\/metalife\/#\/schema\/logo\/image\/","url":"https:\/\/projetoslayerup.com.br\/metalife\/wp-content\/uploads\/2025\/11\/logo-header-blog.png","contentUrl":"https:\/\/projetoslayerup.com.br\/metalife\/wp-content\/uploads\/2025\/11\/logo-header-blog.png","width":180,"height":38,"caption":"MetaLife"},"image":{"@id":"https:\/\/projetoslayerup.com.br\/metalife\/#\/schema\/logo\/image\/"},"sameAs":["https:\/\/www.facebook.com\/MetalifePilates","https:\/\/www.instagram.com\/metalifepilates\/","https:\/\/br.pinterest.com\/metalifepilates\/","https:\/\/www.linkedin.com\/company\/metalife"]}]}},"_links":{"self":[{"href":"https:\/\/projetoslayerup.com.br\/metalife\/wp-json\/wp\/v2\/product\/940","targetHints":{"allow":["GET"]}}],"collection":[{"href":"https:\/\/projetoslayerup.com.br\/metalife\/wp-json\/wp\/v2\/product"}],"about":[{"href":"https:\/\/projetoslayerup.com.br\/metalife\/wp-json\/wp\/v2\/types\/product"}],"wp:featuredmedia":[{"embeddable":true,"href":"https:\/\/projetoslayerup.com.br\/metalife\/wp-json\/wp\/v2\/media\/1007"}],"wp:attachment":[{"href":"https:\/\/projetoslayerup.com.br\/metalife\/wp-json\/wp\/v2\/media?parent=940"}],"wp:term":[{"taxonomy":"product_brand","embeddable":true,"href":"https:\/\/projetoslayerup.com.br\/metalife\/wp-json\/wp\/v2\/product_brand?post=940"},{"taxonomy":"product_cat","embeddable":true,"href":"https:\/\/projetoslayerup.com.br\/metalife\/wp-json\/wp\/v2\/product_cat?post=940"},{"taxonomy":"product_tag","embeddable":true,"href":"https:\/\/projetoslayerup.com.br\/metalife\/wp-json\/wp\/v2\/product_tag?post=940"}],"curies":[{"name":"wp","href":"https:\/\/api.w.org\/{rel}","templated":true}]}}