{"id":951,"date":"2025-11-10T10:42:32","date_gmt":"2025-11-10T13:42:32","guid":{"rendered":"https:\/\/projetoslayerup.com.br\/metalife\/?post_type=product&#038;p=951"},"modified":"2025-11-10T10:42:32","modified_gmt":"2025-11-10T13:42:32","slug":"mentoria-metalife-2021-modulo-5","status":"publish","type":"product","link":"https:\/\/projetoslayerup.com.br\/metalife\/product\/mentoria-metalife-2021-modulo-5\/","title":{"rendered":"Mentoria MetaLife 2021 &#8211; M\u00f3dulo 5"},"content":{"rendered":"<p><strong><span class=\"TextRun Highlight BCX0 SCXW17069522\" lang=\"PT-BR\" xml:lang=\"PT-BR\" data-contrast=\"none\"><span class=\"NormalTextRun BCX0 SCXW17069522\">Conte\u00fado dispon\u00edvel por 12 meses, para voc\u00ea assistir quantas vezes quiser!<\/span><\/span><\/strong><\/p>\n<p><b><span data-contrast=\"none\">Datas e hor\u00e1rios das aulas com intera\u00e7\u00e3o ao vivo (1 hora de dura\u00e7\u00e3o):<\/span><\/b> <span data-ccp-props=\"{&quot;201341983&quot;:0,&quot;335559739&quot;:160,&quot;335559740&quot;:259}\">\u00a0<\/span><\/p>\n<p><b><span data-contrast=\"none\">M\u00f3dulo 5 \u2013 Gest\u00e3o de Vendas \u2013\u00a0<\/span><\/b><span data-contrast=\"none\">15 e 16 de outubro, sexta-feira e s\u00e1bado, das 10h35 \u00e0s 18h.<\/span><\/p>\n<p><strong>Presencial, transmitida ao vivo.\u00a0<\/strong><span data-contrast=\"none\">(Grava\u00e7\u00e3o poder\u00e1 ser acessada posteriormente<\/span><span data-ccp-props=\"{&quot;201341983&quot;:0,&quot;335559739&quot;:160,&quot;335559740&quot;:259}\">)<\/span><\/p>\n<p><strong>*OBS: apenas os 30 primeiros a comprarem a Mentoria tem direito a participar presencialmente*<\/strong><\/p>\n<hr \/>\n<p><b><span data-contrast=\"none\">Aulas extras<\/span><\/b> <span data-ccp-props=\"{&quot;201341983&quot;:0,&quot;335559739&quot;:160,&quot;335559740&quot;:259}\">\u00a0<\/span><\/p>\n<p><span data-contrast=\"none\">Aulas gravadas, com 1 hora de dura\u00e7\u00e3o cada uma.<\/span><span data-ccp-props=\"{&quot;201341983&quot;:0,&quot;335559739&quot;:160,&quot;335559740&quot;:259}\">\u00a0<\/span><\/p>\n<p><b><span data-contrast=\"none\">P\u00fablico-alvo<\/span><\/b><span data-ccp-props=\"{&quot;201341983&quot;:0,&quot;335559739&quot;:160,&quot;335559740&quot;:259}\">\u00a0<\/span><\/p>\n<p><span data-contrast=\"none\">Futuros empreendedores, gestores, propriet\u00e1rios e investidores de est\u00fadios de Pilates ativos e estudantes.<\/span><span data-ccp-props=\"{&quot;201341983&quot;:0,&quot;335559739&quot;:160,&quot;335559740&quot;:259}\">\u00a0<\/span><\/p>\n<p><b><span data-contrast=\"none\">Sobre as vagas<\/span><\/b><span data-ccp-props=\"{&quot;201341983&quot;:0,&quot;335559739&quot;:160,&quot;335559740&quot;:259}\">\u00a0<\/span><\/p>\n<p><span data-contrast=\"none\">Somente 200 vagas<\/span><span data-ccp-props=\"{&quot;201341983&quot;:0,&quot;335559739&quot;:160,&quot;335559740&quot;:259}\">\u00a0<\/span><\/p>\n<hr \/>\n<h2><b><span data-contrast=\"none\">Conte\u00fados abordados e professores<\/span><\/b><span data-ccp-props=\"{&quot;201341983&quot;:0,&quot;335559739&quot;:160,&quot;335559740&quot;:259}\">\u00a0<\/span><\/h2>\n<h3><strong>M\u00f3dulo 5 \u2013 Gest\u00e3o de Vendas \u2013 Professor\u00a0Higgor\u00a0Perez<\/strong><\/h3>\n<p><span data-contrast=\"none\">Administrador, propriet\u00e1rio de est\u00fadio e diretor comercial da maior empresa de vendas online na \u00e1rea de Pilates.<\/span><span data-ccp-props=\"{&quot;201341983&quot;:0,&quot;335559739&quot;:160,&quot;335559740&quot;:259}\">\u00a0<\/span><\/p>\n<p><span data-contrast=\"none\">Este m\u00f3dulo ocorrer\u00e1 de forma presencial (na sede da\u00a0MetaLife, em S\u00e3o Paulo). Tamb\u00e9m ser\u00e1 transmitido online e ficar\u00e1 dispon\u00edvel no ambiente do aluno por 12 meses.<\/span><span data-ccp-props=\"{&quot;201341983&quot;:0,&quot;335559739&quot;:160,&quot;335559740&quot;:259}\">\u00a0<\/span><\/p>\n<p><b><span data-contrast=\"none\">Conte\u00fados abordados<\/span><\/b><span data-ccp-props=\"{&quot;201341983&quot;:0,&quot;335559739&quot;:160,&quot;335559740&quot;:259}\">\u00a0<\/span><\/p>\n<p><span data-contrast=\"none\">Conquistando e fidelizando clientes<\/span><span data-contrast=\"none\">\u00a0<\/span><span data-ccp-props=\"{&quot;201341983&quot;:0,&quot;335559739&quot;:160,&quot;335559740&quot;:259}\">\u00a0<\/span><\/p>\n<p><span data-contrast=\"none\">Como aumentar o ticket m\u00e9dio do seu est\u00fadio de Pilates<\/span><span data-contrast=\"none\">\u00a0<\/span><span data-ccp-props=\"{&quot;201341983&quot;:0,&quot;335559739&quot;:160,&quot;335559740&quot;:259}\">\u00a0<\/span><\/p>\n<p><span data-contrast=\"none\">Como reativar clientes perdidos<\/span><span data-contrast=\"none\">\u00a0<\/span><span data-ccp-props=\"{&quot;201341983&quot;:0,&quot;335559739&quot;:160,&quot;335559740&quot;:259}\">\u00a0<\/span><\/p>\n<p><span data-contrast=\"none\">Estrat\u00e9gias de pre\u00e7o para foco em vendas de pacotes longos<\/span><span data-contrast=\"none\">\u00a0<\/span><span data-ccp-props=\"{&quot;201341983&quot;:0,&quot;335559739&quot;:160,&quot;335559740&quot;:259}\">\u00a0<\/span><\/p>\n<p><span data-contrast=\"none\">Campanhas e a\u00e7\u00f5es de vendas<\/span><span data-ccp-props=\"{&quot;201341983&quot;:0,&quot;335559739&quot;:160,&quot;335559740&quot;:259}\">\u00a0<\/span><\/p>\n<p><b><span data-contrast=\"none\">Aulas Extras<\/span><\/b><span data-ccp-props=\"{&quot;201341983&quot;:0,&quot;335559739&quot;:160,&quot;335559740&quot;:259}\">\u00a0<\/span><\/p>\n<p><strong>Professor: Dudu Netto \u2013 diretor t\u00e9cnico da\u00a0Bodytech\u00a0Company\u00a0<\/strong><span data-ccp-props=\"{&quot;201341983&quot;:0,&quot;335559739&quot;:160,&quot;335559740&quot;:259}\">\u00a0<\/span><span data-contrast=\"none\">-&gt; Perspectivas de mercado \u2013 Atualidade<\/span><span data-contrast=\"none\">\u00a0<\/span><span data-ccp-props=\"{&quot;201341983&quot;:0,&quot;335559739&quot;:160,&quot;335559740&quot;:259}\">\u00a0<\/span><\/p>\n<p><strong>Professora: Nat\u00e1lia Lima\u00a0<\/strong><span data-contrast=\"none\">-&gt; profissionaliza\u00e7\u00e3o no atendimento de gestantes<\/span><span data-contrast=\"none\">\u00a0<\/span><span data-ccp-props=\"{&quot;201341983&quot;:0,&quot;335559739&quot;:160,&quot;335559740&quot;:259}\">\u00a0<\/span><\/p>\n<p><strong>Professora: \u00c9rika Batista\u00a0<\/strong><span data-contrast=\"none\">-&gt; Cadillac na dor lombar<\/span><span data-ccp-props=\"{&quot;201341983&quot;:0,&quot;335559739&quot;:160,&quot;335559740&quot;:259}\">\u00a0<\/span><\/p>\n<p><strong>Professor: Thiago Abrahim \/ treinador Five SP\u00a0<\/strong><span data-contrast=\"none\">-&gt; Como combinar Pilates e Five\u00a0Konzept<\/span><span data-ccp-props=\"{&quot;201341983&quot;:0,&quot;335559739&quot;:160,&quot;335559740&quot;:259}\">\u00a0<\/span><\/p>\n<p><span data-ccp-props=\"{&quot;201341983&quot;:0,&quot;335559739&quot;:160,&quot;335559740&quot;:259}\">\u00a0<\/span><\/p>\n<h3><b><span data-contrast=\"none\">Aulas b\u00f4nus:<\/span><\/b><span data-ccp-props=\"{&quot;201341983&quot;:0,&quot;335559739&quot;:160,&quot;335559740&quot;:259}\">\u00a0<\/span><\/h3>\n<p><strong>Workshop de 40 minutos com Tatiana Barros (@tathidebarros_) sobre constru\u00e7\u00e3o de parcerias. Data:\u00a015\/10\/2021;\u00a0\u00a0<\/strong><\/p>\n<p><strong>Workshop de 40 minutos com Prof. Felipe\u00a0Alavarce\u00a0(<a href=\"mailto:@prof.felipealavarce\">@prof.felipealavarce<\/a>) sobre Pilates &amp; Biomec\u00e2nica- Como utilizar todo potencial do Pilates com seus pacientes \u2013 Data:\u00a016\/10\/2021.\u00a0<\/strong><\/p>\n<p><strong>Viv\u00eancia Five\u00a0<\/strong><\/p>\n","protected":false},"excerpt":{"rendered":"<p><strong><span class=\"TextRun Highlight BCX0 SCXW17069522\" lang=\"PT-BR\" xml:lang=\"PT-BR\" data-contrast=\"none\"><span class=\"NormalTextRun BCX0 SCXW17069522\">Conte\u00fado dispon\u00edvel por 12 meses, para voc\u00ea assistir quantas vezes quiser!<\/span><\/span><\/strong><\/p>\n<p><b><span data-contrast=\"none\">Datas e hor\u00e1rios das aulas com intera\u00e7\u00e3o ao vivo (1 hora de dura\u00e7\u00e3o):<\/span><\/b> <span data-ccp-props=\"{&quot;201341983&quot;:0,&quot;335559739&quot;:160,&quot;335559740&quot;:259}\">\u00a0<\/span><\/p>\n<p><b><span data-contrast=\"none\">M\u00f3dulo 5 \u2013 Gest\u00e3o de Vendas \u2013 <\/span><\/b><span data-contrast=\"none\">15 e 16<\/span><span data-contrast=\"none\"> de outubro, sexta-feira e s\u00e1bado, das 14h \u00e0s 17h.<\/span><\/p>\n<p><strong>Presencial, transmitida ao vivo<\/strong><\/p>\n<hr \/>\n<p><b><span data-contrast=\"none\">Aulas extras<\/span><\/b> <span data-ccp-props=\"{&quot;201341983&quot;:0,&quot;335559739&quot;:160,&quot;335559740&quot;:259}\">\u00a0<\/span><\/p>\n<p><span data-contrast=\"none\">Aulas gravadas, com 1 hora de dura\u00e7\u00e3o cada uma.<\/span><span data-ccp-props=\"{&quot;201341983&quot;:0,&quot;335559739&quot;:160,&quot;335559740&quot;:259}\">\u00a0<\/span><\/p>\n<p><b><span data-contrast=\"none\">P\u00fablico-alvo<\/span><\/b><span data-ccp-props=\"{&quot;201341983&quot;:0,&quot;335559739&quot;:160,&quot;335559740&quot;:259}\">\u00a0<\/span><\/p>\n<p><span data-contrast=\"none\">Futuros empreendedores, gestores, propriet\u00e1rios e investidores de est\u00fadios de Pilates ativos e estudantes.<\/span><span data-ccp-props=\"{&quot;201341983&quot;:0,&quot;335559739&quot;:160,&quot;335559740&quot;:259}\">\u00a0<\/span><\/p>\n<p><b><span data-contrast=\"none\">Sobre as vagas<\/span><\/b><span data-ccp-props=\"{&quot;201341983&quot;:0,&quot;335559739&quot;:160,&quot;335559740&quot;:259}\">\u00a0<\/span><\/p>\n<p><span data-contrast=\"none\">Somente 200 vagas<\/span><span data-ccp-props=\"{&quot;201341983&quot;:0,&quot;335559739&quot;:160,&quot;335559740&quot;:259}\">\u00a0<\/span><\/p>\n<hr \/>\n<h2><b><span data-contrast=\"none\">Conte\u00fados abordados e professores<\/span><\/b><span data-ccp-props=\"{&quot;201341983&quot;:0,&quot;335559739&quot;:160,&quot;335559740&quot;:259}\">\u00a0<\/span><\/h2>\n<h3><strong>M\u00f3dulo 4 \u2013 Gest\u00e3o de Vendas \u2013 Professor Higgor Perez<\/strong><\/h3>\n<p>Administrador, propriet\u00e1rio de est\u00fadio e diretor comercial da maior empresa de vendas online na \u00e1rea de Pilates.<\/p>\n<p><b><span data-contrast=\"none\">Conte\u00fados abordados<\/span><\/b><span data-ccp-props=\"{&quot;201341983&quot;:0,&quot;335559739&quot;:160,&quot;335559740&quot;:259}\">\u00a0<\/span><\/p>\n<p>Conquistando e fidelizando clientes<\/p>\n<p>Como aumentar o ticket m\u00e9dio do seu est\u00fadio de Pilates<\/p>\n<p>Como reativar clientes perdidos<\/p>\n<p>Estrat\u00e9gias de pre\u00e7o para foco em vendas de pacotes longos<\/p>\n<div class=\"elementor-column elementor-col-50 elementor-inner-column elementor-element elementor-element-97fc66b\" data-id=\"97fc66b\" data-element_type=\"column\" data-settings=\"{&quot;background_background&quot;:&quot;classic&quot;}\">\n<div class=\"elementor-column-wrap elementor-element-populated\">\n<div class=\"elementor-widget-wrap\">\n<div class=\"elementor-element elementor-element-d4f4b98 elementor-widget elementor-widget-heading\" data-id=\"d4f4b98\" data-element_type=\"widget\" data-widget_type=\"heading.default\">\n<div class=\"elementor-widget-container\">\n<p class=\"elementor-heading-title elementor-size-default\">Campanhas e a\u00e7\u00f5es de vendas<\/p>\n<\/div>\n<\/div>\n<\/div>\n<\/div>\n<\/div>\n<div class=\"elementor-column elementor-col-50 elementor-inner-column elementor-element elementor-element-d480be7\" data-id=\"d480be7\" data-element_type=\"column\" data-settings=\"{&quot;background_background&quot;:&quot;classic&quot;}\">\n<div class=\"elementor-column-wrap elementor-element-populated\">\n<div class=\"elementor-widget-wrap\">\n<div class=\"elementor-element elementor-element-060a926 elementor-widget elementor-widget-image\" data-id=\"060a926\" data-element_type=\"widget\" data-widget_type=\"image.default\">\n<div class=\"elementor-widget-container\"><b style=\"color: #555555; font-size: 14.4px;\"><span data-contrast=\"none\">Aulas extras<\/span><\/b><span style=\"color: #555555; font-size: 14.4px;\" data-ccp-props=\"{&quot;201341983&quot;:0,&quot;335559739&quot;:160,&quot;335559740&quot;:259}\">\u00a0<\/span><\/div>\n<\/div>\n<\/div>\n<\/div>\n<\/div>\n<p><strong>Professora: Dudu Netto <\/strong><span data-contrast=\"none\">-&gt; <\/span><span style=\"font-size: 14.4px;\">Perspectivas de mercado &#8211; Atualidade<\/span><\/p>\n<p><strong>Professor: Nat\u00e1lia Lima <\/strong><span data-contrast=\"none\">-&gt; Profissionaliza\u00e7\u00e3o no atendimento de gestantes<\/span><span data-ccp-props=\"{&quot;201341983&quot;:0,&quot;335559739&quot;:160,&quot;335559740&quot;:259}\">\u00a0<\/span><\/p>\n<p><strong>Professora: \u00c9rika Batista <\/strong><span data-contrast=\"none\">-&gt; Cadillac na dor lombar<\/span><\/p>\n<p><strong>Professor: Thiago Abrahim <\/strong><span data-contrast=\"none\">-&gt; Como combinar Pilates e Five Konzept<\/span><\/p>\n","protected":false},"featured_media":1017,"template":"","meta":{"_acf_changed":false,"inline_featured_image":false},"product_brand":[],"product_cat":[21],"product_tag":[],"class_list":{"0":"post-951","1":"product","2":"type-product","3":"status-publish","4":"has-post-thumbnail","6":"product_cat-acessorios","8":"first","9":"instock","10":"virtual","11":"purchasable","12":"product-type-simple"},"acf":[],"yoast_head":"<!-- This site is optimized with the Yoast SEO plugin v27.2 - https:\/\/yoast.com\/product\/yoast-seo-wordpress\/ -->\n<title>Mentoria MetaLife 2021 - M\u00f3dulo 5 - Metalife<\/title>\n<meta name=\"robots\" content=\"noindex, follow, max-snippet:-1, max-image-preview:large, max-video-preview:-1\" \/>\n<meta property=\"og:locale\" content=\"pt_BR\" \/>\n<meta property=\"og:type\" content=\"article\" \/>\n<meta property=\"og:title\" content=\"Mentoria MetaLife 2021 - M\u00f3dulo 5 - Metalife\" \/>\n<meta property=\"og:description\" content=\"Conte\u00fado dispon\u00edvel por 12 meses, para voc\u00ea assistir quantas vezes quiser!  Datas e hor\u00e1rios das aulas com intera\u00e7\u00e3o ao vivo (1 hora de dura\u00e7\u00e3o): \u00a0  M\u00f3dulo 5 \u2013 Gest\u00e3o de Vendas \u2013 15 e 16 de outubro, sexta-feira e s\u00e1bado, das 14h \u00e0s 17h.  Presencial, transmitida ao vivo    Aulas extras \u00a0  Aulas gravadas, com 1 hora de dura\u00e7\u00e3o cada uma.\u00a0  P\u00fablico-alvo\u00a0  Futuros empreendedores, gestores, propriet\u00e1rios e investidores de est\u00fadios de Pilates ativos e estudantes.\u00a0  Sobre as vagas\u00a0  Somente 200 vagas\u00a0    Conte\u00fados abordados e professores\u00a0 M\u00f3dulo 4 \u2013 Gest\u00e3o de Vendas \u2013 Professor Higgor Perez Administrador, propriet\u00e1rio de est\u00fadio e diretor comercial da maior empresa de vendas online na \u00e1rea de Pilates.  Conte\u00fados abordados\u00a0  Conquistando e fidelizando clientes  Como aumentar o ticket m\u00e9dio do seu est\u00fadio de Pilates  Como reativar clientes perdidos  Estrat\u00e9gias de pre\u00e7o para foco em vendas de pacotes longos      Campanhas e a\u00e7\u00f5es de vendas           Aulas extras\u00a0     Professora: Dudu Netto -&gt; Perspectivas de mercado - Atualidade  Professor: Nat\u00e1lia Lima -&gt; Profissionaliza\u00e7\u00e3o no atendimento de gestantes\u00a0  Professora: \u00c9rika Batista -&gt; Cadillac na dor lombar  Professor: Thiago Abrahim -&gt; Como combinar Pilates e Five Konzept\" \/>\n<meta property=\"og:url\" content=\"https:\/\/projetoslayerup.com.br\/metalife\/product\/mentoria-metalife-2021-modulo-5\/\" \/>\n<meta property=\"og:site_name\" content=\"Metalife\" \/>\n<meta property=\"article:publisher\" content=\"https:\/\/www.facebook.com\/MetalifePilates\" \/>\n<meta property=\"og:image\" content=\"https:\/\/projetoslayerup.com.br\/metalife\/wp-content\/uploads\/2025\/11\/mentoria-modulo5.png\" \/>\n\t<meta property=\"og:image:width\" content=\"600\" \/>\n\t<meta property=\"og:image:height\" content=\"480\" \/>\n\t<meta property=\"og:image:type\" content=\"image\/png\" \/>\n<meta name=\"twitter:card\" content=\"summary_large_image\" \/>\n<meta name=\"twitter:label1\" content=\"Est. tempo de leitura\" \/>\n\t<meta name=\"twitter:data1\" content=\"1 minuto\" \/>\n<script type=\"application\/ld+json\" class=\"yoast-schema-graph\">{\"@context\":\"https:\/\/schema.org\",\"@graph\":[{\"@type\":\"WebPage\",\"@id\":\"https:\/\/projetoslayerup.com.br\/metalife\/product\/mentoria-metalife-2021-modulo-5\/\",\"url\":\"https:\/\/projetoslayerup.com.br\/metalife\/product\/mentoria-metalife-2021-modulo-5\/\",\"name\":\"Mentoria MetaLife 2021 - M\u00f3dulo 5 - Metalife\",\"isPartOf\":{\"@id\":\"https:\/\/projetoslayerup.com.br\/metalife\/#website\"},\"primaryImageOfPage\":{\"@id\":\"https:\/\/projetoslayerup.com.br\/metalife\/product\/mentoria-metalife-2021-modulo-5\/#primaryimage\"},\"image\":{\"@id\":\"https:\/\/projetoslayerup.com.br\/metalife\/product\/mentoria-metalife-2021-modulo-5\/#primaryimage\"},\"thumbnailUrl\":\"https:\/\/projetoslayerup.com.br\/metalife\/wp-content\/uploads\/2025\/11\/mentoria-modulo5.png\",\"datePublished\":\"2025-11-10T13:42:32+00:00\",\"breadcrumb\":{\"@id\":\"https:\/\/projetoslayerup.com.br\/metalife\/product\/mentoria-metalife-2021-modulo-5\/#breadcrumb\"},\"inLanguage\":\"pt-BR\",\"potentialAction\":[{\"@type\":\"ReadAction\",\"target\":[\"https:\/\/projetoslayerup.com.br\/metalife\/product\/mentoria-metalife-2021-modulo-5\/\"]}]},{\"@type\":\"ImageObject\",\"inLanguage\":\"pt-BR\",\"@id\":\"https:\/\/projetoslayerup.com.br\/metalife\/product\/mentoria-metalife-2021-modulo-5\/#primaryimage\",\"url\":\"https:\/\/projetoslayerup.com.br\/metalife\/wp-content\/uploads\/2025\/11\/mentoria-modulo5.png\",\"contentUrl\":\"https:\/\/projetoslayerup.com.br\/metalife\/wp-content\/uploads\/2025\/11\/mentoria-modulo5.png\",\"width\":600,\"height\":480},{\"@type\":\"BreadcrumbList\",\"@id\":\"https:\/\/projetoslayerup.com.br\/metalife\/product\/mentoria-metalife-2021-modulo-5\/#breadcrumb\",\"itemListElement\":[{\"@type\":\"ListItem\",\"position\":1,\"name\":\"In\u00edcio\",\"item\":\"https:\/\/projetoslayerup.com.br\/metalife\/\"},{\"@type\":\"ListItem\",\"position\":2,\"name\":\"Produtos\",\"item\":\"https:\/\/projetoslayerup.com.br\/metalife\/produtos\/\"},{\"@type\":\"ListItem\",\"position\":3,\"name\":\"Mentoria MetaLife 2021 &#8211; M\u00f3dulo 5\"}]},{\"@type\":\"WebSite\",\"@id\":\"https:\/\/projetoslayerup.com.br\/metalife\/#website\",\"url\":\"https:\/\/projetoslayerup.com.br\/metalife\/\",\"name\":\"MetaLife\",\"description\":\"\",\"publisher\":{\"@id\":\"https:\/\/projetoslayerup.com.br\/metalife\/#organization\"},\"potentialAction\":[{\"@type\":\"SearchAction\",\"target\":{\"@type\":\"EntryPoint\",\"urlTemplate\":\"https:\/\/projetoslayerup.com.br\/metalife\/?s={search_term_string}\"},\"query-input\":{\"@type\":\"PropertyValueSpecification\",\"valueRequired\":true,\"valueName\":\"search_term_string\"}}],\"inLanguage\":\"pt-BR\"},{\"@type\":\"Organization\",\"@id\":\"https:\/\/projetoslayerup.com.br\/metalife\/#organization\",\"name\":\"MetaLife\",\"url\":\"https:\/\/projetoslayerup.com.br\/metalife\/\",\"logo\":{\"@type\":\"ImageObject\",\"inLanguage\":\"pt-BR\",\"@id\":\"https:\/\/projetoslayerup.com.br\/metalife\/#\/schema\/logo\/image\/\",\"url\":\"https:\/\/projetoslayerup.com.br\/metalife\/wp-content\/uploads\/2025\/11\/logo-header-blog.png\",\"contentUrl\":\"https:\/\/projetoslayerup.com.br\/metalife\/wp-content\/uploads\/2025\/11\/logo-header-blog.png\",\"width\":180,\"height\":38,\"caption\":\"MetaLife\"},\"image\":{\"@id\":\"https:\/\/projetoslayerup.com.br\/metalife\/#\/schema\/logo\/image\/\"},\"sameAs\":[\"https:\/\/www.facebook.com\/MetalifePilates\",\"https:\/\/www.instagram.com\/metalifepilates\/\",\"https:\/\/br.pinterest.com\/metalifepilates\/\",\"https:\/\/www.linkedin.com\/company\/metalife\"]}]}<\/script>\n<!-- \/ Yoast SEO plugin. -->","yoast_head_json":{"title":"Mentoria MetaLife 2021 - M\u00f3dulo 5 - Metalife","robots":{"index":"noindex","follow":"follow","max-snippet":"max-snippet:-1","max-image-preview":"max-image-preview:large","max-video-preview":"max-video-preview:-1"},"og_locale":"pt_BR","og_type":"article","og_title":"Mentoria MetaLife 2021 - M\u00f3dulo 5 - Metalife","og_description":"Conte\u00fado dispon\u00edvel por 12 meses, para voc\u00ea assistir quantas vezes quiser!  Datas e hor\u00e1rios das aulas com intera\u00e7\u00e3o ao vivo (1 hora de dura\u00e7\u00e3o): \u00a0  M\u00f3dulo 5 \u2013 Gest\u00e3o de Vendas \u2013 15 e 16 de outubro, sexta-feira e s\u00e1bado, das 14h \u00e0s 17h.  Presencial, transmitida ao vivo    Aulas extras \u00a0  Aulas gravadas, com 1 hora de dura\u00e7\u00e3o cada uma.\u00a0  P\u00fablico-alvo\u00a0  Futuros empreendedores, gestores, propriet\u00e1rios e investidores de est\u00fadios de Pilates ativos e estudantes.\u00a0  Sobre as vagas\u00a0  Somente 200 vagas\u00a0    Conte\u00fados abordados e professores\u00a0 M\u00f3dulo 4 \u2013 Gest\u00e3o de Vendas \u2013 Professor Higgor Perez Administrador, propriet\u00e1rio de est\u00fadio e diretor comercial da maior empresa de vendas online na \u00e1rea de Pilates.  Conte\u00fados abordados\u00a0  Conquistando e fidelizando clientes  Como aumentar o ticket m\u00e9dio do seu est\u00fadio de Pilates  Como reativar clientes perdidos  Estrat\u00e9gias de pre\u00e7o para foco em vendas de pacotes longos      Campanhas e a\u00e7\u00f5es de vendas           Aulas extras\u00a0     Professora: Dudu Netto -&gt; Perspectivas de mercado - Atualidade  Professor: Nat\u00e1lia Lima -&gt; Profissionaliza\u00e7\u00e3o no atendimento de gestantes\u00a0  Professora: \u00c9rika Batista -&gt; Cadillac na dor lombar  Professor: Thiago Abrahim -&gt; Como combinar Pilates e Five Konzept","og_url":"https:\/\/projetoslayerup.com.br\/metalife\/product\/mentoria-metalife-2021-modulo-5\/","og_site_name":"Metalife","article_publisher":"https:\/\/www.facebook.com\/MetalifePilates","og_image":[{"width":600,"height":480,"url":"https:\/\/projetoslayerup.com.br\/metalife\/wp-content\/uploads\/2025\/11\/mentoria-modulo5.png","type":"image\/png"}],"twitter_card":"summary_large_image","twitter_misc":{"Est. tempo de leitura":"1 minuto"},"schema":{"@context":"https:\/\/schema.org","@graph":[{"@type":"WebPage","@id":"https:\/\/projetoslayerup.com.br\/metalife\/product\/mentoria-metalife-2021-modulo-5\/","url":"https:\/\/projetoslayerup.com.br\/metalife\/product\/mentoria-metalife-2021-modulo-5\/","name":"Mentoria MetaLife 2021 - M\u00f3dulo 5 - Metalife","isPartOf":{"@id":"https:\/\/projetoslayerup.com.br\/metalife\/#website"},"primaryImageOfPage":{"@id":"https:\/\/projetoslayerup.com.br\/metalife\/product\/mentoria-metalife-2021-modulo-5\/#primaryimage"},"image":{"@id":"https:\/\/projetoslayerup.com.br\/metalife\/product\/mentoria-metalife-2021-modulo-5\/#primaryimage"},"thumbnailUrl":"https:\/\/projetoslayerup.com.br\/metalife\/wp-content\/uploads\/2025\/11\/mentoria-modulo5.png","datePublished":"2025-11-10T13:42:32+00:00","breadcrumb":{"@id":"https:\/\/projetoslayerup.com.br\/metalife\/product\/mentoria-metalife-2021-modulo-5\/#breadcrumb"},"inLanguage":"pt-BR","potentialAction":[{"@type":"ReadAction","target":["https:\/\/projetoslayerup.com.br\/metalife\/product\/mentoria-metalife-2021-modulo-5\/"]}]},{"@type":"ImageObject","inLanguage":"pt-BR","@id":"https:\/\/projetoslayerup.com.br\/metalife\/product\/mentoria-metalife-2021-modulo-5\/#primaryimage","url":"https:\/\/projetoslayerup.com.br\/metalife\/wp-content\/uploads\/2025\/11\/mentoria-modulo5.png","contentUrl":"https:\/\/projetoslayerup.com.br\/metalife\/wp-content\/uploads\/2025\/11\/mentoria-modulo5.png","width":600,"height":480},{"@type":"BreadcrumbList","@id":"https:\/\/projetoslayerup.com.br\/metalife\/product\/mentoria-metalife-2021-modulo-5\/#breadcrumb","itemListElement":[{"@type":"ListItem","position":1,"name":"In\u00edcio","item":"https:\/\/projetoslayerup.com.br\/metalife\/"},{"@type":"ListItem","position":2,"name":"Produtos","item":"https:\/\/projetoslayerup.com.br\/metalife\/produtos\/"},{"@type":"ListItem","position":3,"name":"Mentoria MetaLife 2021 &#8211; M\u00f3dulo 5"}]},{"@type":"WebSite","@id":"https:\/\/projetoslayerup.com.br\/metalife\/#website","url":"https:\/\/projetoslayerup.com.br\/metalife\/","name":"MetaLife","description":"","publisher":{"@id":"https:\/\/projetoslayerup.com.br\/metalife\/#organization"},"potentialAction":[{"@type":"SearchAction","target":{"@type":"EntryPoint","urlTemplate":"https:\/\/projetoslayerup.com.br\/metalife\/?s={search_term_string}"},"query-input":{"@type":"PropertyValueSpecification","valueRequired":true,"valueName":"search_term_string"}}],"inLanguage":"pt-BR"},{"@type":"Organization","@id":"https:\/\/projetoslayerup.com.br\/metalife\/#organization","name":"MetaLife","url":"https:\/\/projetoslayerup.com.br\/metalife\/","logo":{"@type":"ImageObject","inLanguage":"pt-BR","@id":"https:\/\/projetoslayerup.com.br\/metalife\/#\/schema\/logo\/image\/","url":"https:\/\/projetoslayerup.com.br\/metalife\/wp-content\/uploads\/2025\/11\/logo-header-blog.png","contentUrl":"https:\/\/projetoslayerup.com.br\/metalife\/wp-content\/uploads\/2025\/11\/logo-header-blog.png","width":180,"height":38,"caption":"MetaLife"},"image":{"@id":"https:\/\/projetoslayerup.com.br\/metalife\/#\/schema\/logo\/image\/"},"sameAs":["https:\/\/www.facebook.com\/MetalifePilates","https:\/\/www.instagram.com\/metalifepilates\/","https:\/\/br.pinterest.com\/metalifepilates\/","https:\/\/www.linkedin.com\/company\/metalife"]}]}},"_links":{"self":[{"href":"https:\/\/projetoslayerup.com.br\/metalife\/wp-json\/wp\/v2\/product\/951","targetHints":{"allow":["GET"]}}],"collection":[{"href":"https:\/\/projetoslayerup.com.br\/metalife\/wp-json\/wp\/v2\/product"}],"about":[{"href":"https:\/\/projetoslayerup.com.br\/metalife\/wp-json\/wp\/v2\/types\/product"}],"wp:featuredmedia":[{"embeddable":true,"href":"https:\/\/projetoslayerup.com.br\/metalife\/wp-json\/wp\/v2\/media\/1017"}],"wp:attachment":[{"href":"https:\/\/projetoslayerup.com.br\/metalife\/wp-json\/wp\/v2\/media?parent=951"}],"wp:term":[{"taxonomy":"product_brand","embeddable":true,"href":"https:\/\/projetoslayerup.com.br\/metalife\/wp-json\/wp\/v2\/product_brand?post=951"},{"taxonomy":"product_cat","embeddable":true,"href":"https:\/\/projetoslayerup.com.br\/metalife\/wp-json\/wp\/v2\/product_cat?post=951"},{"taxonomy":"product_tag","embeddable":true,"href":"https:\/\/projetoslayerup.com.br\/metalife\/wp-json\/wp\/v2\/product_tag?post=951"}],"curies":[{"name":"wp","href":"https:\/\/api.w.org\/{rel}","templated":true}]}}