{"id":952,"date":"2025-11-10T10:42:32","date_gmt":"2025-11-10T13:42:32","guid":{"rendered":"https:\/\/projetoslayerup.com.br\/metalife\/?post_type=product&#038;p=952"},"modified":"2025-11-10T10:42:32","modified_gmt":"2025-11-10T13:42:32","slug":"kit-metalife-se-mexe-2021-outubro-rosa","status":"publish","type":"product","link":"https:\/\/projetoslayerup.com.br\/metalife\/product\/kit-metalife-se-mexe-2021-outubro-rosa\/","title":{"rendered":"Kit MetaLife Se Mexe 2021 &#8211; Outubro Rosa"},"content":{"rendered":"<h2 style=\"font-weight: bold;\">Kit MetaLife Se Mexe 2021 &#8211; Outubro Rosa \u00e9 composto por:<\/h2>\n<h3 style=\"font-weight: bold;\">1 Copo Retr\u00e1til 150 ml<\/h3>\n<p>Copo retr\u00e1til 150ml de borracha termopl\u00e1stica, possui tampa de encaixe com argola pl\u00e1stica.<br \/>\nAltura: 7,2 cm<br \/>\nLargura: 9 cm<br \/>\nCircunfer\u00eancia: 20,5 cm<br \/>\nPeso aproximado (g): 42<\/p>\n<h3 style=\"font-weight: bold;\">1 Botton 2,5 cm Redondo &#8211; Personalizado<\/h3>\n<p>&#8211; Impress\u00e3o digital em qualidade fotogr\u00e1fica, sem limite de cores<br \/>\n&#8211; Papel fotogr\u00e1fico<br \/>\n&#8211; Base em metal<br \/>\n&#8211; Alfinete em metal<br \/>\n&#8211; Acabamento em pl\u00e1stico de poli\u00e9ster<br \/>\n&#8211; Formato Redondo<br \/>\n&#8211; Os produtos n\u00e3o s\u00e3o embalados individualmente.<\/p>\n<h3 style=\"font-weight: bold;\">1 Bolsa t\u00e9rmica dobr\u00e1vel.<\/h3>\n<p>Non-woven: 80 g\/m\u00b2. Fecha com velcro.<br \/>\nFornecida desdobrada.<br \/>\nCapacidade at\u00e9 3 litros. Food grade.<br \/>\nDobrada: 170 x 95 x 40 mm | Aberta: 170 x 265 x 110 mm<\/p>\n<h3 style=\"font-weight: bold;\">1 Frasco pl\u00e1stico para \u00e1lcool gel com capacidade de 40 ml, cont\u00e9m tampa transparente com encaixe rosque\u00e1vel e acompanha chaveiro mosquet\u00e3o com trava de press\u00e3o.<\/h3>\n<p>Altura : 9,9 cm<br \/>\nLargura : 3,9 cm<br \/>\nCircunfer\u00eancia : 2,2 cm<br \/>\nTamanho total aproximado (CxL): Mosquet\u00e3o 4,6 cm<br \/>\nPeso aproximado (g): 14<\/p>\n<h3 style=\"font-weight: bold;\">1 Porta sandu\u00edche pl\u00e1stico<\/h3>\n<p>Material: Polipropileno<br \/>\nCor: Branca com logo em Rosa<br \/>\nPeso: 30 gramas<br \/>\nDimens\u00f5es: 12,4 x 14,3 x 3,6cm<\/p>\n","protected":false},"excerpt":{"rendered":"<h2 style=\"font-weight: bold; font-size: 18px;\">Kit MetaLife Se Mexe 2021 &#8211; Outubro Rosa \u00e9 composto por:<\/h2>\n<h3 style=\"font-weight: bold; font-size: 16px;\">1 Copo Retr\u00e1til 150 ml<\/h3>\n<h3 style=\"font-weight: bold; font-size: 16px;\">1 Botton 2,5 cm Redondo &#8211; Personalizado<\/h3>\n<h3 style=\"font-weight: bold; font-size: 16px;\">1 Bolsa t\u00e9rmica dobr\u00e1vel.<\/h3>\n<h3 style=\"font-weight: bold; font-size: 16px;\">1 Frasco pl\u00e1stico para \u00e1lcool gel com capacidade de 40 ml, cont\u00e9m tampa transparente com encaixe rosque\u00e1vel e acompanha chaveiro mosquet\u00e3o com trava de press\u00e3o.<\/h3>\n<h3 style=\"font-weight: bold; font-size: 16px;\">1 Porta sandu\u00edche pl\u00e1stico<\/h3>\n<p>&nbsp;<\/p>\n","protected":false},"featured_media":1018,"template":"","meta":{"_acf_changed":false,"inline_featured_image":false},"product_brand":[],"product_cat":[21],"product_tag":[],"class_list":{"0":"post-952","1":"product","2":"type-product","3":"status-publish","4":"has-post-thumbnail","6":"product_cat-acessorios","8":"first","9":"outofstock","10":"shipping-taxable","11":"purchasable","12":"product-type-simple"},"acf":[],"yoast_head":"<!-- This site is optimized with the Yoast SEO plugin v27.2 - https:\/\/yoast.com\/product\/yoast-seo-wordpress\/ -->\n<title>Kit MetaLife Se Mexe 2021 - Outubro Rosa - Metalife<\/title>\n<meta name=\"robots\" content=\"noindex, follow, max-snippet:-1, max-image-preview:large, max-video-preview:-1\" \/>\n<meta property=\"og:locale\" content=\"pt_BR\" \/>\n<meta property=\"og:type\" content=\"article\" \/>\n<meta property=\"og:title\" content=\"Kit MetaLife Se Mexe 2021 - Outubro Rosa - Metalife\" \/>\n<meta property=\"og:description\" content=\"Kit MetaLife Se Mexe 2021 - Outubro Rosa \u00e9 composto por: 1 Copo Retr\u00e1til 150 ml 1 Botton 2,5 cm Redondo - Personalizado 1 Bolsa t\u00e9rmica dobr\u00e1vel. 1 Frasco pl\u00e1stico para \u00e1lcool gel com capacidade de 40 ml, cont\u00e9m tampa transparente com encaixe rosque\u00e1vel e acompanha chaveiro mosquet\u00e3o com trava de press\u00e3o. 1 Porta sandu\u00edche pl\u00e1stico &nbsp;\" \/>\n<meta property=\"og:url\" content=\"https:\/\/projetoslayerup.com.br\/metalife\/product\/kit-metalife-se-mexe-2021-outubro-rosa\/\" \/>\n<meta property=\"og:site_name\" content=\"Metalife\" \/>\n<meta property=\"article:publisher\" content=\"https:\/\/www.facebook.com\/MetalifePilates\" \/>\n<meta property=\"og:image\" content=\"https:\/\/projetoslayerup.com.br\/metalife\/wp-content\/uploads\/2025\/11\/kit-outubro-rosa-produto-site.png\" \/>\n\t<meta property=\"og:image:width\" content=\"600\" \/>\n\t<meta property=\"og:image:height\" content=\"480\" \/>\n\t<meta property=\"og:image:type\" content=\"image\/png\" \/>\n<meta name=\"twitter:card\" content=\"summary_large_image\" \/>\n<meta name=\"twitter:label1\" content=\"Est. tempo de leitura\" \/>\n\t<meta name=\"twitter:data1\" content=\"1 minuto\" \/>\n<script type=\"application\/ld+json\" class=\"yoast-schema-graph\">{\"@context\":\"https:\/\/schema.org\",\"@graph\":[{\"@type\":\"WebPage\",\"@id\":\"https:\/\/projetoslayerup.com.br\/metalife\/product\/kit-metalife-se-mexe-2021-outubro-rosa\/\",\"url\":\"https:\/\/projetoslayerup.com.br\/metalife\/product\/kit-metalife-se-mexe-2021-outubro-rosa\/\",\"name\":\"Kit MetaLife Se Mexe 2021 - Outubro Rosa - Metalife\",\"isPartOf\":{\"@id\":\"https:\/\/projetoslayerup.com.br\/metalife\/#website\"},\"primaryImageOfPage\":{\"@id\":\"https:\/\/projetoslayerup.com.br\/metalife\/product\/kit-metalife-se-mexe-2021-outubro-rosa\/#primaryimage\"},\"image\":{\"@id\":\"https:\/\/projetoslayerup.com.br\/metalife\/product\/kit-metalife-se-mexe-2021-outubro-rosa\/#primaryimage\"},\"thumbnailUrl\":\"https:\/\/projetoslayerup.com.br\/metalife\/wp-content\/uploads\/2025\/11\/kit-outubro-rosa-produto-site.png\",\"datePublished\":\"2025-11-10T13:42:32+00:00\",\"breadcrumb\":{\"@id\":\"https:\/\/projetoslayerup.com.br\/metalife\/product\/kit-metalife-se-mexe-2021-outubro-rosa\/#breadcrumb\"},\"inLanguage\":\"pt-BR\",\"potentialAction\":[{\"@type\":\"ReadAction\",\"target\":[\"https:\/\/projetoslayerup.com.br\/metalife\/product\/kit-metalife-se-mexe-2021-outubro-rosa\/\"]}]},{\"@type\":\"ImageObject\",\"inLanguage\":\"pt-BR\",\"@id\":\"https:\/\/projetoslayerup.com.br\/metalife\/product\/kit-metalife-se-mexe-2021-outubro-rosa\/#primaryimage\",\"url\":\"https:\/\/projetoslayerup.com.br\/metalife\/wp-content\/uploads\/2025\/11\/kit-outubro-rosa-produto-site.png\",\"contentUrl\":\"https:\/\/projetoslayerup.com.br\/metalife\/wp-content\/uploads\/2025\/11\/kit-outubro-rosa-produto-site.png\",\"width\":600,\"height\":480},{\"@type\":\"BreadcrumbList\",\"@id\":\"https:\/\/projetoslayerup.com.br\/metalife\/product\/kit-metalife-se-mexe-2021-outubro-rosa\/#breadcrumb\",\"itemListElement\":[{\"@type\":\"ListItem\",\"position\":1,\"name\":\"In\u00edcio\",\"item\":\"https:\/\/projetoslayerup.com.br\/metalife\/\"},{\"@type\":\"ListItem\",\"position\":2,\"name\":\"Produtos\",\"item\":\"https:\/\/projetoslayerup.com.br\/metalife\/produtos\/\"},{\"@type\":\"ListItem\",\"position\":3,\"name\":\"Kit MetaLife Se Mexe 2021 &#8211; Outubro Rosa\"}]},{\"@type\":\"WebSite\",\"@id\":\"https:\/\/projetoslayerup.com.br\/metalife\/#website\",\"url\":\"https:\/\/projetoslayerup.com.br\/metalife\/\",\"name\":\"MetaLife\",\"description\":\"\",\"publisher\":{\"@id\":\"https:\/\/projetoslayerup.com.br\/metalife\/#organization\"},\"potentialAction\":[{\"@type\":\"SearchAction\",\"target\":{\"@type\":\"EntryPoint\",\"urlTemplate\":\"https:\/\/projetoslayerup.com.br\/metalife\/?s={search_term_string}\"},\"query-input\":{\"@type\":\"PropertyValueSpecification\",\"valueRequired\":true,\"valueName\":\"search_term_string\"}}],\"inLanguage\":\"pt-BR\"},{\"@type\":\"Organization\",\"@id\":\"https:\/\/projetoslayerup.com.br\/metalife\/#organization\",\"name\":\"MetaLife\",\"url\":\"https:\/\/projetoslayerup.com.br\/metalife\/\",\"logo\":{\"@type\":\"ImageObject\",\"inLanguage\":\"pt-BR\",\"@id\":\"https:\/\/projetoslayerup.com.br\/metalife\/#\/schema\/logo\/image\/\",\"url\":\"https:\/\/projetoslayerup.com.br\/metalife\/wp-content\/uploads\/2025\/11\/logo-header-blog.png\",\"contentUrl\":\"https:\/\/projetoslayerup.com.br\/metalife\/wp-content\/uploads\/2025\/11\/logo-header-blog.png\",\"width\":180,\"height\":38,\"caption\":\"MetaLife\"},\"image\":{\"@id\":\"https:\/\/projetoslayerup.com.br\/metalife\/#\/schema\/logo\/image\/\"},\"sameAs\":[\"https:\/\/www.facebook.com\/MetalifePilates\",\"https:\/\/www.instagram.com\/metalifepilates\/\",\"https:\/\/br.pinterest.com\/metalifepilates\/\",\"https:\/\/www.linkedin.com\/company\/metalife\"]}]}<\/script>\n<!-- \/ Yoast SEO plugin. -->","yoast_head_json":{"title":"Kit MetaLife Se Mexe 2021 - Outubro Rosa - Metalife","robots":{"index":"noindex","follow":"follow","max-snippet":"max-snippet:-1","max-image-preview":"max-image-preview:large","max-video-preview":"max-video-preview:-1"},"og_locale":"pt_BR","og_type":"article","og_title":"Kit MetaLife Se Mexe 2021 - Outubro Rosa - Metalife","og_description":"Kit MetaLife Se Mexe 2021 - Outubro Rosa \u00e9 composto por: 1 Copo Retr\u00e1til 150 ml 1 Botton 2,5 cm Redondo - Personalizado 1 Bolsa t\u00e9rmica dobr\u00e1vel. 1 Frasco pl\u00e1stico para \u00e1lcool gel com capacidade de 40 ml, cont\u00e9m tampa transparente com encaixe rosque\u00e1vel e acompanha chaveiro mosquet\u00e3o com trava de press\u00e3o. 1 Porta sandu\u00edche pl\u00e1stico &nbsp;","og_url":"https:\/\/projetoslayerup.com.br\/metalife\/product\/kit-metalife-se-mexe-2021-outubro-rosa\/","og_site_name":"Metalife","article_publisher":"https:\/\/www.facebook.com\/MetalifePilates","og_image":[{"width":600,"height":480,"url":"https:\/\/projetoslayerup.com.br\/metalife\/wp-content\/uploads\/2025\/11\/kit-outubro-rosa-produto-site.png","type":"image\/png"}],"twitter_card":"summary_large_image","twitter_misc":{"Est. tempo de leitura":"1 minuto"},"schema":{"@context":"https:\/\/schema.org","@graph":[{"@type":"WebPage","@id":"https:\/\/projetoslayerup.com.br\/metalife\/product\/kit-metalife-se-mexe-2021-outubro-rosa\/","url":"https:\/\/projetoslayerup.com.br\/metalife\/product\/kit-metalife-se-mexe-2021-outubro-rosa\/","name":"Kit MetaLife Se Mexe 2021 - Outubro Rosa - Metalife","isPartOf":{"@id":"https:\/\/projetoslayerup.com.br\/metalife\/#website"},"primaryImageOfPage":{"@id":"https:\/\/projetoslayerup.com.br\/metalife\/product\/kit-metalife-se-mexe-2021-outubro-rosa\/#primaryimage"},"image":{"@id":"https:\/\/projetoslayerup.com.br\/metalife\/product\/kit-metalife-se-mexe-2021-outubro-rosa\/#primaryimage"},"thumbnailUrl":"https:\/\/projetoslayerup.com.br\/metalife\/wp-content\/uploads\/2025\/11\/kit-outubro-rosa-produto-site.png","datePublished":"2025-11-10T13:42:32+00:00","breadcrumb":{"@id":"https:\/\/projetoslayerup.com.br\/metalife\/product\/kit-metalife-se-mexe-2021-outubro-rosa\/#breadcrumb"},"inLanguage":"pt-BR","potentialAction":[{"@type":"ReadAction","target":["https:\/\/projetoslayerup.com.br\/metalife\/product\/kit-metalife-se-mexe-2021-outubro-rosa\/"]}]},{"@type":"ImageObject","inLanguage":"pt-BR","@id":"https:\/\/projetoslayerup.com.br\/metalife\/product\/kit-metalife-se-mexe-2021-outubro-rosa\/#primaryimage","url":"https:\/\/projetoslayerup.com.br\/metalife\/wp-content\/uploads\/2025\/11\/kit-outubro-rosa-produto-site.png","contentUrl":"https:\/\/projetoslayerup.com.br\/metalife\/wp-content\/uploads\/2025\/11\/kit-outubro-rosa-produto-site.png","width":600,"height":480},{"@type":"BreadcrumbList","@id":"https:\/\/projetoslayerup.com.br\/metalife\/product\/kit-metalife-se-mexe-2021-outubro-rosa\/#breadcrumb","itemListElement":[{"@type":"ListItem","position":1,"name":"In\u00edcio","item":"https:\/\/projetoslayerup.com.br\/metalife\/"},{"@type":"ListItem","position":2,"name":"Produtos","item":"https:\/\/projetoslayerup.com.br\/metalife\/produtos\/"},{"@type":"ListItem","position":3,"name":"Kit MetaLife Se Mexe 2021 &#8211; Outubro Rosa"}]},{"@type":"WebSite","@id":"https:\/\/projetoslayerup.com.br\/metalife\/#website","url":"https:\/\/projetoslayerup.com.br\/metalife\/","name":"MetaLife","description":"","publisher":{"@id":"https:\/\/projetoslayerup.com.br\/metalife\/#organization"},"potentialAction":[{"@type":"SearchAction","target":{"@type":"EntryPoint","urlTemplate":"https:\/\/projetoslayerup.com.br\/metalife\/?s={search_term_string}"},"query-input":{"@type":"PropertyValueSpecification","valueRequired":true,"valueName":"search_term_string"}}],"inLanguage":"pt-BR"},{"@type":"Organization","@id":"https:\/\/projetoslayerup.com.br\/metalife\/#organization","name":"MetaLife","url":"https:\/\/projetoslayerup.com.br\/metalife\/","logo":{"@type":"ImageObject","inLanguage":"pt-BR","@id":"https:\/\/projetoslayerup.com.br\/metalife\/#\/schema\/logo\/image\/","url":"https:\/\/projetoslayerup.com.br\/metalife\/wp-content\/uploads\/2025\/11\/logo-header-blog.png","contentUrl":"https:\/\/projetoslayerup.com.br\/metalife\/wp-content\/uploads\/2025\/11\/logo-header-blog.png","width":180,"height":38,"caption":"MetaLife"},"image":{"@id":"https:\/\/projetoslayerup.com.br\/metalife\/#\/schema\/logo\/image\/"},"sameAs":["https:\/\/www.facebook.com\/MetalifePilates","https:\/\/www.instagram.com\/metalifepilates\/","https:\/\/br.pinterest.com\/metalifepilates\/","https:\/\/www.linkedin.com\/company\/metalife"]}]}},"_links":{"self":[{"href":"https:\/\/projetoslayerup.com.br\/metalife\/wp-json\/wp\/v2\/product\/952","targetHints":{"allow":["GET"]}}],"collection":[{"href":"https:\/\/projetoslayerup.com.br\/metalife\/wp-json\/wp\/v2\/product"}],"about":[{"href":"https:\/\/projetoslayerup.com.br\/metalife\/wp-json\/wp\/v2\/types\/product"}],"wp:featuredmedia":[{"embeddable":true,"href":"https:\/\/projetoslayerup.com.br\/metalife\/wp-json\/wp\/v2\/media\/1018"}],"wp:attachment":[{"href":"https:\/\/projetoslayerup.com.br\/metalife\/wp-json\/wp\/v2\/media?parent=952"}],"wp:term":[{"taxonomy":"product_brand","embeddable":true,"href":"https:\/\/projetoslayerup.com.br\/metalife\/wp-json\/wp\/v2\/product_brand?post=952"},{"taxonomy":"product_cat","embeddable":true,"href":"https:\/\/projetoslayerup.com.br\/metalife\/wp-json\/wp\/v2\/product_cat?post=952"},{"taxonomy":"product_tag","embeddable":true,"href":"https:\/\/projetoslayerup.com.br\/metalife\/wp-json\/wp\/v2\/product_tag?post=952"}],"curies":[{"name":"wp","href":"https:\/\/api.w.org\/{rel}","templated":true}]}}