{"id":954,"date":"2025-11-10T10:17:36","date_gmt":"2025-11-10T13:17:36","guid":{"rendered":"https:\/\/projetoslayerup.com.br\/metalife\/?post_type=product&#038;p=954"},"modified":"2025-11-10T10:19:53","modified_gmt":"2025-11-10T13:19:53","slug":"balcao-funcional","status":"publish","type":"product","link":"https:\/\/projetoslayerup.com.br\/metalife\/product\/balcao-funcional\/","title":{"rendered":"Balc\u00e3o Funcional"},"content":{"rendered":"<p>Um dos m\u00f3veis mais vers\u00e1teis que voc\u00ea pode ter em seu est\u00fadio, com dois compartimentos extensos na horizontal para voc\u00ea utilizar com os mais diversos tipos de acess\u00f3rios.<\/p>\n<p>Dimens\u00f5es do produto:<\/p>\n<ul>\n<li>Altura: 500 mm;<\/li>\n<li>Largura: 1.071 mm;<\/li>\n<li>Profundidade: 400 mm;<\/li>\n<li>Peso: 20 kg.<\/li>\n<\/ul>\n","protected":false},"excerpt":{"rendered":"<p>Um dos m\u00f3veis mais vers\u00e1teis que voc\u00ea pode ter em seu est\u00fadio, com dois compartimentos extensos na horizontal para voc\u00ea utilizar com os mais diversos tipos de acess\u00f3rios.<\/p>\n","protected":false},"featured_media":1029,"template":"","meta":{"_acf_changed":false,"inline_featured_image":false},"product_brand":[],"product_cat":[22],"product_tag":[61,28,60],"class_list":{"0":"post-954","1":"product","2":"type-product","3":"status-publish","4":"has-post-thumbnail","6":"product_cat-moveis","7":"product_tag-balcao-funcional","8":"product_tag-cadilac","9":"product_tag-moveis","11":"first","12":"instock","13":"shipping-taxable","14":"product-type-variable"},"acf":[],"yoast_head":"<!-- This site is optimized with the Yoast SEO plugin v27.2 - https:\/\/yoast.com\/product\/yoast-seo-wordpress\/ -->\n<title>Balc\u00e3o Funcional - Metalife<\/title>\n<meta name=\"robots\" content=\"noindex, follow, max-snippet:-1, max-image-preview:large, max-video-preview:-1\" \/>\n<meta property=\"og:locale\" content=\"pt_BR\" \/>\n<meta property=\"og:type\" content=\"article\" \/>\n<meta property=\"og:title\" content=\"Balc\u00e3o Funcional - Metalife\" \/>\n<meta property=\"og:description\" content=\"Um dos m\u00f3veis mais vers\u00e1teis que voc\u00ea pode ter em seu est\u00fadio, com dois compartimentos extensos na horizontal para voc\u00ea utilizar com os mais diversos tipos de acess\u00f3rios.\" \/>\n<meta property=\"og:url\" content=\"https:\/\/projetoslayerup.com.br\/metalife\/product\/balcao-funcional\/\" \/>\n<meta property=\"og:site_name\" content=\"Metalife\" \/>\n<meta property=\"article:publisher\" content=\"https:\/\/www.facebook.com\/MetalifePilates\" \/>\n<meta property=\"article:modified_time\" content=\"2025-11-10T13:19:53+00:00\" \/>\n<meta property=\"og:image\" content=\"https:\/\/projetoslayerup.com.br\/metalife\/wp-content\/uploads\/2025\/11\/balcao-funcional-01.png\" \/>\n\t<meta property=\"og:image:width\" content=\"600\" \/>\n\t<meta property=\"og:image:height\" content=\"600\" \/>\n\t<meta property=\"og:image:type\" content=\"image\/png\" \/>\n<meta name=\"twitter:card\" content=\"summary_large_image\" \/>\n<script type=\"application\/ld+json\" class=\"yoast-schema-graph\">{\"@context\":\"https:\/\/schema.org\",\"@graph\":[{\"@type\":\"WebPage\",\"@id\":\"https:\/\/projetoslayerup.com.br\/metalife\/product\/balcao-funcional\/\",\"url\":\"https:\/\/projetoslayerup.com.br\/metalife\/product\/balcao-funcional\/\",\"name\":\"Balc\u00e3o Funcional - Metalife\",\"isPartOf\":{\"@id\":\"https:\/\/projetoslayerup.com.br\/metalife\/#website\"},\"primaryImageOfPage\":{\"@id\":\"https:\/\/projetoslayerup.com.br\/metalife\/product\/balcao-funcional\/#primaryimage\"},\"image\":{\"@id\":\"https:\/\/projetoslayerup.com.br\/metalife\/product\/balcao-funcional\/#primaryimage\"},\"thumbnailUrl\":\"https:\/\/projetoslayerup.com.br\/metalife\/wp-content\/uploads\/2025\/11\/balcao-funcional-01.png\",\"datePublished\":\"2025-11-10T13:17:36+00:00\",\"dateModified\":\"2025-11-10T13:19:53+00:00\",\"breadcrumb\":{\"@id\":\"https:\/\/projetoslayerup.com.br\/metalife\/product\/balcao-funcional\/#breadcrumb\"},\"inLanguage\":\"pt-BR\",\"potentialAction\":[{\"@type\":\"ReadAction\",\"target\":[\"https:\/\/projetoslayerup.com.br\/metalife\/product\/balcao-funcional\/\"]}]},{\"@type\":\"ImageObject\",\"inLanguage\":\"pt-BR\",\"@id\":\"https:\/\/projetoslayerup.com.br\/metalife\/product\/balcao-funcional\/#primaryimage\",\"url\":\"https:\/\/projetoslayerup.com.br\/metalife\/wp-content\/uploads\/2025\/11\/balcao-funcional-01.png\",\"contentUrl\":\"https:\/\/projetoslayerup.com.br\/metalife\/wp-content\/uploads\/2025\/11\/balcao-funcional-01.png\",\"width\":600,\"height\":600},{\"@type\":\"BreadcrumbList\",\"@id\":\"https:\/\/projetoslayerup.com.br\/metalife\/product\/balcao-funcional\/#breadcrumb\",\"itemListElement\":[{\"@type\":\"ListItem\",\"position\":1,\"name\":\"In\u00edcio\",\"item\":\"https:\/\/projetoslayerup.com.br\/metalife\/\"},{\"@type\":\"ListItem\",\"position\":2,\"name\":\"Produtos\",\"item\":\"https:\/\/projetoslayerup.com.br\/metalife\/produtos\/\"},{\"@type\":\"ListItem\",\"position\":3,\"name\":\"Balc\u00e3o Funcional\"}]},{\"@type\":\"WebSite\",\"@id\":\"https:\/\/projetoslayerup.com.br\/metalife\/#website\",\"url\":\"https:\/\/projetoslayerup.com.br\/metalife\/\",\"name\":\"MetaLife\",\"description\":\"\",\"publisher\":{\"@id\":\"https:\/\/projetoslayerup.com.br\/metalife\/#organization\"},\"potentialAction\":[{\"@type\":\"SearchAction\",\"target\":{\"@type\":\"EntryPoint\",\"urlTemplate\":\"https:\/\/projetoslayerup.com.br\/metalife\/?s={search_term_string}\"},\"query-input\":{\"@type\":\"PropertyValueSpecification\",\"valueRequired\":true,\"valueName\":\"search_term_string\"}}],\"inLanguage\":\"pt-BR\"},{\"@type\":\"Organization\",\"@id\":\"https:\/\/projetoslayerup.com.br\/metalife\/#organization\",\"name\":\"MetaLife\",\"url\":\"https:\/\/projetoslayerup.com.br\/metalife\/\",\"logo\":{\"@type\":\"ImageObject\",\"inLanguage\":\"pt-BR\",\"@id\":\"https:\/\/projetoslayerup.com.br\/metalife\/#\/schema\/logo\/image\/\",\"url\":\"https:\/\/projetoslayerup.com.br\/metalife\/wp-content\/uploads\/2025\/11\/logo-header-blog.png\",\"contentUrl\":\"https:\/\/projetoslayerup.com.br\/metalife\/wp-content\/uploads\/2025\/11\/logo-header-blog.png\",\"width\":180,\"height\":38,\"caption\":\"MetaLife\"},\"image\":{\"@id\":\"https:\/\/projetoslayerup.com.br\/metalife\/#\/schema\/logo\/image\/\"},\"sameAs\":[\"https:\/\/www.facebook.com\/MetalifePilates\",\"https:\/\/www.instagram.com\/metalifepilates\/\",\"https:\/\/br.pinterest.com\/metalifepilates\/\",\"https:\/\/www.linkedin.com\/company\/metalife\"]}]}<\/script>\n<!-- \/ Yoast SEO plugin. -->","yoast_head_json":{"title":"Balc\u00e3o Funcional - Metalife","robots":{"index":"noindex","follow":"follow","max-snippet":"max-snippet:-1","max-image-preview":"max-image-preview:large","max-video-preview":"max-video-preview:-1"},"og_locale":"pt_BR","og_type":"article","og_title":"Balc\u00e3o Funcional - Metalife","og_description":"Um dos m\u00f3veis mais vers\u00e1teis que voc\u00ea pode ter em seu est\u00fadio, com dois compartimentos extensos na horizontal para voc\u00ea utilizar com os mais diversos tipos de acess\u00f3rios.","og_url":"https:\/\/projetoslayerup.com.br\/metalife\/product\/balcao-funcional\/","og_site_name":"Metalife","article_publisher":"https:\/\/www.facebook.com\/MetalifePilates","article_modified_time":"2025-11-10T13:19:53+00:00","og_image":[{"width":600,"height":600,"url":"https:\/\/projetoslayerup.com.br\/metalife\/wp-content\/uploads\/2025\/11\/balcao-funcional-01.png","type":"image\/png"}],"twitter_card":"summary_large_image","schema":{"@context":"https:\/\/schema.org","@graph":[{"@type":"WebPage","@id":"https:\/\/projetoslayerup.com.br\/metalife\/product\/balcao-funcional\/","url":"https:\/\/projetoslayerup.com.br\/metalife\/product\/balcao-funcional\/","name":"Balc\u00e3o Funcional - Metalife","isPartOf":{"@id":"https:\/\/projetoslayerup.com.br\/metalife\/#website"},"primaryImageOfPage":{"@id":"https:\/\/projetoslayerup.com.br\/metalife\/product\/balcao-funcional\/#primaryimage"},"image":{"@id":"https:\/\/projetoslayerup.com.br\/metalife\/product\/balcao-funcional\/#primaryimage"},"thumbnailUrl":"https:\/\/projetoslayerup.com.br\/metalife\/wp-content\/uploads\/2025\/11\/balcao-funcional-01.png","datePublished":"2025-11-10T13:17:36+00:00","dateModified":"2025-11-10T13:19:53+00:00","breadcrumb":{"@id":"https:\/\/projetoslayerup.com.br\/metalife\/product\/balcao-funcional\/#breadcrumb"},"inLanguage":"pt-BR","potentialAction":[{"@type":"ReadAction","target":["https:\/\/projetoslayerup.com.br\/metalife\/product\/balcao-funcional\/"]}]},{"@type":"ImageObject","inLanguage":"pt-BR","@id":"https:\/\/projetoslayerup.com.br\/metalife\/product\/balcao-funcional\/#primaryimage","url":"https:\/\/projetoslayerup.com.br\/metalife\/wp-content\/uploads\/2025\/11\/balcao-funcional-01.png","contentUrl":"https:\/\/projetoslayerup.com.br\/metalife\/wp-content\/uploads\/2025\/11\/balcao-funcional-01.png","width":600,"height":600},{"@type":"BreadcrumbList","@id":"https:\/\/projetoslayerup.com.br\/metalife\/product\/balcao-funcional\/#breadcrumb","itemListElement":[{"@type":"ListItem","position":1,"name":"In\u00edcio","item":"https:\/\/projetoslayerup.com.br\/metalife\/"},{"@type":"ListItem","position":2,"name":"Produtos","item":"https:\/\/projetoslayerup.com.br\/metalife\/produtos\/"},{"@type":"ListItem","position":3,"name":"Balc\u00e3o Funcional"}]},{"@type":"WebSite","@id":"https:\/\/projetoslayerup.com.br\/metalife\/#website","url":"https:\/\/projetoslayerup.com.br\/metalife\/","name":"MetaLife","description":"","publisher":{"@id":"https:\/\/projetoslayerup.com.br\/metalife\/#organization"},"potentialAction":[{"@type":"SearchAction","target":{"@type":"EntryPoint","urlTemplate":"https:\/\/projetoslayerup.com.br\/metalife\/?s={search_term_string}"},"query-input":{"@type":"PropertyValueSpecification","valueRequired":true,"valueName":"search_term_string"}}],"inLanguage":"pt-BR"},{"@type":"Organization","@id":"https:\/\/projetoslayerup.com.br\/metalife\/#organization","name":"MetaLife","url":"https:\/\/projetoslayerup.com.br\/metalife\/","logo":{"@type":"ImageObject","inLanguage":"pt-BR","@id":"https:\/\/projetoslayerup.com.br\/metalife\/#\/schema\/logo\/image\/","url":"https:\/\/projetoslayerup.com.br\/metalife\/wp-content\/uploads\/2025\/11\/logo-header-blog.png","contentUrl":"https:\/\/projetoslayerup.com.br\/metalife\/wp-content\/uploads\/2025\/11\/logo-header-blog.png","width":180,"height":38,"caption":"MetaLife"},"image":{"@id":"https:\/\/projetoslayerup.com.br\/metalife\/#\/schema\/logo\/image\/"},"sameAs":["https:\/\/www.facebook.com\/MetalifePilates","https:\/\/www.instagram.com\/metalifepilates\/","https:\/\/br.pinterest.com\/metalifepilates\/","https:\/\/www.linkedin.com\/company\/metalife"]}]}},"_links":{"self":[{"href":"https:\/\/projetoslayerup.com.br\/metalife\/wp-json\/wp\/v2\/product\/954","targetHints":{"allow":["GET"]}}],"collection":[{"href":"https:\/\/projetoslayerup.com.br\/metalife\/wp-json\/wp\/v2\/product"}],"about":[{"href":"https:\/\/projetoslayerup.com.br\/metalife\/wp-json\/wp\/v2\/types\/product"}],"wp:featuredmedia":[{"embeddable":true,"href":"https:\/\/projetoslayerup.com.br\/metalife\/wp-json\/wp\/v2\/media\/1029"}],"wp:attachment":[{"href":"https:\/\/projetoslayerup.com.br\/metalife\/wp-json\/wp\/v2\/media?parent=954"}],"wp:term":[{"taxonomy":"product_brand","embeddable":true,"href":"https:\/\/projetoslayerup.com.br\/metalife\/wp-json\/wp\/v2\/product_brand?post=954"},{"taxonomy":"product_cat","embeddable":true,"href":"https:\/\/projetoslayerup.com.br\/metalife\/wp-json\/wp\/v2\/product_cat?post=954"},{"taxonomy":"product_tag","embeddable":true,"href":"https:\/\/projetoslayerup.com.br\/metalife\/wp-json\/wp\/v2\/product_tag?post=954"}],"curies":[{"name":"wp","href":"https:\/\/api.w.org\/{rel}","templated":true}]}}