{"id":970,"date":"2025-11-10T10:40:14","date_gmt":"2025-11-10T13:40:14","guid":{"rendered":"https:\/\/projetoslayerup.com.br\/metalife\/?post_type=product&#038;p=970"},"modified":"2025-11-10T10:40:14","modified_gmt":"2025-11-10T13:40:14","slug":"conjunto-completo-de-moveis-metalife","status":"publish","type":"product","link":"https:\/\/projetoslayerup.com.br\/metalife\/product\/conjunto-completo-de-moveis-metalife\/","title":{"rendered":"Conjunto completo de m\u00f3veis MetaLife"},"content":{"rendered":"<p><strong>ATEN\u00c7\u00c3O: IMAGENS MERAMENTE ILUSTRATIVAS O EQUIPAMENTO CADILLAC N\u00c3O VEM INCLUSO.<\/strong><\/p>\n<p>Conjunto completo de m\u00f3veis MetaLife, dispon\u00edveis nas cores Azul Turquesa e Preto Fosco.<\/p>\n<p>O Conjunto completo de m\u00f3veis MetaLife \u00e9 composto por:<\/p>\n<p>2 x Balc\u00e3o Aparador;<\/p>\n<p>1 x Balc\u00e3o Funcional;<\/p>\n<p>1 x Balc\u00e3o Estilo;<\/p>\n<p>1 x Display Vers\u00e1til;<\/p>\n<p>1 x Sapateira B\u00e1sica;<\/p>\n<p>1 x Sapateira Conforto.<\/p>\n<p>&nbsp;<\/p>\n<hr \/>\n<p>&nbsp;<\/p>\n<p><strong>Balc\u00e3o Aparador<\/strong><\/p>\n<p>O m\u00f3vel mais compacto e multifuncional que voc\u00ea pode ter! Com dois nichos de maior extens\u00e3o interna, pr\u00f3prio para guardar acess\u00f3rios com maior comprimento.<\/p>\n<p>Dimens\u00f5es do produto:<\/p>\n<ul>\n<li>Altura: 500 mm;<\/li>\n<li>Largura: 470 mm;<\/li>\n<li>Profundidade: 725 mm;<\/li>\n<li>Peso: 20 kg.<\/li>\n<\/ul>\n<p>&nbsp;<\/p>\n<hr \/>\n<p>&nbsp;<\/p>\n<p><strong>Balc\u00e3o Funcional<\/strong><\/p>\n<p>Um dos m\u00f3veis mais vers\u00e1teis que voc\u00ea pode ter em seu est\u00fadio, com dois compartimentos extensos na horizontal para voc\u00ea utilizar com os mais diversos tipos de acess\u00f3rios.<\/p>\n<p>Dimens\u00f5es do produto:<\/p>\n<ul>\n<li>Altura: 500 mm;<\/li>\n<li>Largura: 1.071 mm;<\/li>\n<li>Profundidade: 400 mm;<\/li>\n<li>Peso: 20 kg.<\/li>\n<\/ul>\n<p>&nbsp;<\/p>\n<hr \/>\n<p>&nbsp;<\/p>\n<p><strong>Balc\u00e3o Estilo<\/strong><\/p>\n<p>Organize seus acess\u00f3rios com o balc\u00e3o mais estiloso do universo do pilates. Com seis diferentes nichos de tamanhos diferentes, voc\u00ea tem diversas op\u00e7\u00f5es na hora de organizar seus itens.<\/p>\n<p>Dimens\u00f5es do produto:<\/p>\n<ul>\n<li>Altura: 480 mm;<\/li>\n<li>Largura: 1.065 mm;<\/li>\n<li>Profundidade: 400 mm;<\/li>\n<li>Peso: 24 kg.<\/li>\n<\/ul>\n<p>&nbsp;<\/p>\n<hr \/>\n<p>&nbsp;<\/p>\n<p><strong>Display Vers\u00e1til<\/strong><\/p>\n<p>Guarde suas Tonning Balls em um display com design sofisticado e pr\u00e1tico com tr\u00eas nichos.<\/p>\n<p>Dimens\u00f5es do produto:<\/p>\n<ul>\n<li>Altura: 780 mm;<\/li>\n<li>Largura: 575 mm;<\/li>\n<li>Profundidade: 480 mm;<\/li>\n<li>Peso: 8 kg.<\/li>\n<\/ul>\n<p>&nbsp;<\/p>\n<hr \/>\n<p>&nbsp;<\/p>\n<p><strong>Sapateira B\u00e1sica<\/strong><\/p>\n<p>O m\u00f3vel perfeito para seus alunos terem mais praticidade na hora de guardar seus cal\u00e7ados e pertences em geral.<\/p>\n<p>Dimens\u00f5es do produto:<\/p>\n<ul>\n<li>Altura: 595 mm;<\/li>\n<li>Largura: 600 mm;<\/li>\n<li>Profundidade: 465mm;<\/li>\n<li>Peso: 24 kg.<\/li>\n<\/ul>\n<p>&nbsp;<\/p>\n<hr \/>\n<p>&nbsp;<\/p>\n<p><strong>Sapateira Conforto<\/strong><\/p>\n<p>Mais do que praticidade, a MetaLife oferece conforto para voc\u00ea e seus alunos com esse m\u00f3vel que al\u00e9m de guardar cal\u00e7ados, possui estofado na parte superior.<\/p>\n<p>Dimens\u00f5es do produto:<\/p>\n<ul>\n<li>Altura: 675 mm;<\/li>\n<li>Largura: 600 mm;<\/li>\n<li>Profundidade: 480 mm;<\/li>\n<li>Peso: 25 kg.<\/li>\n<\/ul>\n","protected":false},"excerpt":{"rendered":"<p><strong>ATEN\u00c7\u00c3O: IMAGENS MERAMENTE ILUSTRATIVAS O EQUIPAMENTO CADILLAC N\u00c3O VEM INCLUSO.<\/strong><\/p>\n<p>Conjunto completo de m\u00f3veis MetaLife, dispon\u00edveis nas cores Azul Turquesa e Preto Fosco.<\/p>\n<p>O Conjunto completo de m\u00f3veis MetaLife \u00e9 composto por:<\/p>\n<p>2 x Balc\u00e3o Aparador;<\/p>\n<p>1 x Balc\u00e3o Funcional;<\/p>\n<p>1 x Balc\u00e3o Estilo;<\/p>\n<p>1 x Display Vers\u00e1til;<\/p>\n<p>1 x Sapateira B\u00e1sica;<\/p>\n<p>1 x Sapateira Conforto.<\/p>\n","protected":false},"featured_media":1044,"template":"","meta":{"_acf_changed":false,"inline_featured_image":false},"product_brand":[],"product_cat":[22],"product_tag":[66,67,60],"class_list":{"0":"post-970","1":"product","2":"type-product","3":"status-publish","4":"has-post-thumbnail","6":"product_cat-moveis","7":"product_tag-conjunto-completo","8":"product_tag-conjunto-completo-moveis-metalife","9":"product_tag-moveis","11":"first","12":"instock","13":"shipping-taxable","14":"product-type-variable"},"acf":[],"yoast_head":"<!-- This site is optimized with the Yoast SEO plugin v27.2 - https:\/\/yoast.com\/product\/yoast-seo-wordpress\/ -->\n<title>Conjunto completo de m\u00f3veis MetaLife - Metalife<\/title>\n<meta name=\"robots\" content=\"noindex, follow, max-snippet:-1, max-image-preview:large, max-video-preview:-1\" \/>\n<meta property=\"og:locale\" content=\"pt_BR\" \/>\n<meta property=\"og:type\" content=\"article\" \/>\n<meta property=\"og:title\" content=\"Conjunto completo de m\u00f3veis MetaLife - Metalife\" \/>\n<meta property=\"og:description\" content=\"ATEN\u00c7\u00c3O: IMAGENS MERAMENTE ILUSTRATIVAS O EQUIPAMENTO CADILLAC N\u00c3O VEM INCLUSO.  Conjunto completo de m\u00f3veis MetaLife, dispon\u00edveis nas cores Azul Turquesa e Preto Fosco.  O Conjunto completo de m\u00f3veis MetaLife \u00e9 composto por:  2 x Balc\u00e3o Aparador;  1 x Balc\u00e3o Funcional;  1 x Balc\u00e3o Estilo;  1 x Display Vers\u00e1til;  1 x Sapateira B\u00e1sica;  1 x Sapateira Conforto.\" \/>\n<meta property=\"og:url\" content=\"https:\/\/projetoslayerup.com.br\/metalife\/product\/conjunto-completo-de-moveis-metalife\/\" \/>\n<meta property=\"og:site_name\" content=\"Metalife\" \/>\n<meta property=\"article:publisher\" content=\"https:\/\/www.facebook.com\/MetalifePilates\" \/>\n<meta property=\"og:image\" content=\"https:\/\/projetoslayerup.com.br\/metalife\/wp-content\/uploads\/2025\/11\/conjunto-moveis-completo-azul-turquesa.png\" \/>\n\t<meta property=\"og:image:width\" content=\"600\" \/>\n\t<meta property=\"og:image:height\" content=\"600\" \/>\n\t<meta property=\"og:image:type\" content=\"image\/png\" \/>\n<meta name=\"twitter:card\" content=\"summary_large_image\" \/>\n<meta name=\"twitter:label1\" content=\"Est. tempo de leitura\" \/>\n\t<meta name=\"twitter:data1\" content=\"2 minutos\" \/>\n<script type=\"application\/ld+json\" class=\"yoast-schema-graph\">{\"@context\":\"https:\/\/schema.org\",\"@graph\":[{\"@type\":\"WebPage\",\"@id\":\"https:\/\/projetoslayerup.com.br\/metalife\/product\/conjunto-completo-de-moveis-metalife\/\",\"url\":\"https:\/\/projetoslayerup.com.br\/metalife\/product\/conjunto-completo-de-moveis-metalife\/\",\"name\":\"Conjunto completo de m\u00f3veis MetaLife - Metalife\",\"isPartOf\":{\"@id\":\"https:\/\/projetoslayerup.com.br\/metalife\/#website\"},\"primaryImageOfPage\":{\"@id\":\"https:\/\/projetoslayerup.com.br\/metalife\/product\/conjunto-completo-de-moveis-metalife\/#primaryimage\"},\"image\":{\"@id\":\"https:\/\/projetoslayerup.com.br\/metalife\/product\/conjunto-completo-de-moveis-metalife\/#primaryimage\"},\"thumbnailUrl\":\"https:\/\/projetoslayerup.com.br\/metalife\/wp-content\/uploads\/2025\/11\/conjunto-moveis-completo-azul-turquesa.png\",\"datePublished\":\"2025-11-10T13:40:14+00:00\",\"breadcrumb\":{\"@id\":\"https:\/\/projetoslayerup.com.br\/metalife\/product\/conjunto-completo-de-moveis-metalife\/#breadcrumb\"},\"inLanguage\":\"pt-BR\",\"potentialAction\":[{\"@type\":\"ReadAction\",\"target\":[\"https:\/\/projetoslayerup.com.br\/metalife\/product\/conjunto-completo-de-moveis-metalife\/\"]}]},{\"@type\":\"ImageObject\",\"inLanguage\":\"pt-BR\",\"@id\":\"https:\/\/projetoslayerup.com.br\/metalife\/product\/conjunto-completo-de-moveis-metalife\/#primaryimage\",\"url\":\"https:\/\/projetoslayerup.com.br\/metalife\/wp-content\/uploads\/2025\/11\/conjunto-moveis-completo-azul-turquesa.png\",\"contentUrl\":\"https:\/\/projetoslayerup.com.br\/metalife\/wp-content\/uploads\/2025\/11\/conjunto-moveis-completo-azul-turquesa.png\",\"width\":600,\"height\":600},{\"@type\":\"BreadcrumbList\",\"@id\":\"https:\/\/projetoslayerup.com.br\/metalife\/product\/conjunto-completo-de-moveis-metalife\/#breadcrumb\",\"itemListElement\":[{\"@type\":\"ListItem\",\"position\":1,\"name\":\"In\u00edcio\",\"item\":\"https:\/\/projetoslayerup.com.br\/metalife\/\"},{\"@type\":\"ListItem\",\"position\":2,\"name\":\"Produtos\",\"item\":\"https:\/\/projetoslayerup.com.br\/metalife\/produtos\/\"},{\"@type\":\"ListItem\",\"position\":3,\"name\":\"Conjunto completo de m\u00f3veis MetaLife\"}]},{\"@type\":\"WebSite\",\"@id\":\"https:\/\/projetoslayerup.com.br\/metalife\/#website\",\"url\":\"https:\/\/projetoslayerup.com.br\/metalife\/\",\"name\":\"MetaLife\",\"description\":\"\",\"publisher\":{\"@id\":\"https:\/\/projetoslayerup.com.br\/metalife\/#organization\"},\"potentialAction\":[{\"@type\":\"SearchAction\",\"target\":{\"@type\":\"EntryPoint\",\"urlTemplate\":\"https:\/\/projetoslayerup.com.br\/metalife\/?s={search_term_string}\"},\"query-input\":{\"@type\":\"PropertyValueSpecification\",\"valueRequired\":true,\"valueName\":\"search_term_string\"}}],\"inLanguage\":\"pt-BR\"},{\"@type\":\"Organization\",\"@id\":\"https:\/\/projetoslayerup.com.br\/metalife\/#organization\",\"name\":\"MetaLife\",\"url\":\"https:\/\/projetoslayerup.com.br\/metalife\/\",\"logo\":{\"@type\":\"ImageObject\",\"inLanguage\":\"pt-BR\",\"@id\":\"https:\/\/projetoslayerup.com.br\/metalife\/#\/schema\/logo\/image\/\",\"url\":\"https:\/\/projetoslayerup.com.br\/metalife\/wp-content\/uploads\/2025\/11\/logo-header-blog.png\",\"contentUrl\":\"https:\/\/projetoslayerup.com.br\/metalife\/wp-content\/uploads\/2025\/11\/logo-header-blog.png\",\"width\":180,\"height\":38,\"caption\":\"MetaLife\"},\"image\":{\"@id\":\"https:\/\/projetoslayerup.com.br\/metalife\/#\/schema\/logo\/image\/\"},\"sameAs\":[\"https:\/\/www.facebook.com\/MetalifePilates\",\"https:\/\/www.instagram.com\/metalifepilates\/\",\"https:\/\/br.pinterest.com\/metalifepilates\/\",\"https:\/\/www.linkedin.com\/company\/metalife\"]}]}<\/script>\n<!-- \/ Yoast SEO plugin. -->","yoast_head_json":{"title":"Conjunto completo de m\u00f3veis MetaLife - Metalife","robots":{"index":"noindex","follow":"follow","max-snippet":"max-snippet:-1","max-image-preview":"max-image-preview:large","max-video-preview":"max-video-preview:-1"},"og_locale":"pt_BR","og_type":"article","og_title":"Conjunto completo de m\u00f3veis MetaLife - Metalife","og_description":"ATEN\u00c7\u00c3O: IMAGENS MERAMENTE ILUSTRATIVAS O EQUIPAMENTO CADILLAC N\u00c3O VEM INCLUSO.  Conjunto completo de m\u00f3veis MetaLife, dispon\u00edveis nas cores Azul Turquesa e Preto Fosco.  O Conjunto completo de m\u00f3veis MetaLife \u00e9 composto por:  2 x Balc\u00e3o Aparador;  1 x Balc\u00e3o Funcional;  1 x Balc\u00e3o Estilo;  1 x Display Vers\u00e1til;  1 x Sapateira B\u00e1sica;  1 x Sapateira Conforto.","og_url":"https:\/\/projetoslayerup.com.br\/metalife\/product\/conjunto-completo-de-moveis-metalife\/","og_site_name":"Metalife","article_publisher":"https:\/\/www.facebook.com\/MetalifePilates","og_image":[{"width":600,"height":600,"url":"https:\/\/projetoslayerup.com.br\/metalife\/wp-content\/uploads\/2025\/11\/conjunto-moveis-completo-azul-turquesa.png","type":"image\/png"}],"twitter_card":"summary_large_image","twitter_misc":{"Est. tempo de leitura":"2 minutos"},"schema":{"@context":"https:\/\/schema.org","@graph":[{"@type":"WebPage","@id":"https:\/\/projetoslayerup.com.br\/metalife\/product\/conjunto-completo-de-moveis-metalife\/","url":"https:\/\/projetoslayerup.com.br\/metalife\/product\/conjunto-completo-de-moveis-metalife\/","name":"Conjunto completo de m\u00f3veis MetaLife - Metalife","isPartOf":{"@id":"https:\/\/projetoslayerup.com.br\/metalife\/#website"},"primaryImageOfPage":{"@id":"https:\/\/projetoslayerup.com.br\/metalife\/product\/conjunto-completo-de-moveis-metalife\/#primaryimage"},"image":{"@id":"https:\/\/projetoslayerup.com.br\/metalife\/product\/conjunto-completo-de-moveis-metalife\/#primaryimage"},"thumbnailUrl":"https:\/\/projetoslayerup.com.br\/metalife\/wp-content\/uploads\/2025\/11\/conjunto-moveis-completo-azul-turquesa.png","datePublished":"2025-11-10T13:40:14+00:00","breadcrumb":{"@id":"https:\/\/projetoslayerup.com.br\/metalife\/product\/conjunto-completo-de-moveis-metalife\/#breadcrumb"},"inLanguage":"pt-BR","potentialAction":[{"@type":"ReadAction","target":["https:\/\/projetoslayerup.com.br\/metalife\/product\/conjunto-completo-de-moveis-metalife\/"]}]},{"@type":"ImageObject","inLanguage":"pt-BR","@id":"https:\/\/projetoslayerup.com.br\/metalife\/product\/conjunto-completo-de-moveis-metalife\/#primaryimage","url":"https:\/\/projetoslayerup.com.br\/metalife\/wp-content\/uploads\/2025\/11\/conjunto-moveis-completo-azul-turquesa.png","contentUrl":"https:\/\/projetoslayerup.com.br\/metalife\/wp-content\/uploads\/2025\/11\/conjunto-moveis-completo-azul-turquesa.png","width":600,"height":600},{"@type":"BreadcrumbList","@id":"https:\/\/projetoslayerup.com.br\/metalife\/product\/conjunto-completo-de-moveis-metalife\/#breadcrumb","itemListElement":[{"@type":"ListItem","position":1,"name":"In\u00edcio","item":"https:\/\/projetoslayerup.com.br\/metalife\/"},{"@type":"ListItem","position":2,"name":"Produtos","item":"https:\/\/projetoslayerup.com.br\/metalife\/produtos\/"},{"@type":"ListItem","position":3,"name":"Conjunto completo de m\u00f3veis MetaLife"}]},{"@type":"WebSite","@id":"https:\/\/projetoslayerup.com.br\/metalife\/#website","url":"https:\/\/projetoslayerup.com.br\/metalife\/","name":"MetaLife","description":"","publisher":{"@id":"https:\/\/projetoslayerup.com.br\/metalife\/#organization"},"potentialAction":[{"@type":"SearchAction","target":{"@type":"EntryPoint","urlTemplate":"https:\/\/projetoslayerup.com.br\/metalife\/?s={search_term_string}"},"query-input":{"@type":"PropertyValueSpecification","valueRequired":true,"valueName":"search_term_string"}}],"inLanguage":"pt-BR"},{"@type":"Organization","@id":"https:\/\/projetoslayerup.com.br\/metalife\/#organization","name":"MetaLife","url":"https:\/\/projetoslayerup.com.br\/metalife\/","logo":{"@type":"ImageObject","inLanguage":"pt-BR","@id":"https:\/\/projetoslayerup.com.br\/metalife\/#\/schema\/logo\/image\/","url":"https:\/\/projetoslayerup.com.br\/metalife\/wp-content\/uploads\/2025\/11\/logo-header-blog.png","contentUrl":"https:\/\/projetoslayerup.com.br\/metalife\/wp-content\/uploads\/2025\/11\/logo-header-blog.png","width":180,"height":38,"caption":"MetaLife"},"image":{"@id":"https:\/\/projetoslayerup.com.br\/metalife\/#\/schema\/logo\/image\/"},"sameAs":["https:\/\/www.facebook.com\/MetalifePilates","https:\/\/www.instagram.com\/metalifepilates\/","https:\/\/br.pinterest.com\/metalifepilates\/","https:\/\/www.linkedin.com\/company\/metalife"]}]}},"_links":{"self":[{"href":"https:\/\/projetoslayerup.com.br\/metalife\/wp-json\/wp\/v2\/product\/970","targetHints":{"allow":["GET"]}}],"collection":[{"href":"https:\/\/projetoslayerup.com.br\/metalife\/wp-json\/wp\/v2\/product"}],"about":[{"href":"https:\/\/projetoslayerup.com.br\/metalife\/wp-json\/wp\/v2\/types\/product"}],"wp:featuredmedia":[{"embeddable":true,"href":"https:\/\/projetoslayerup.com.br\/metalife\/wp-json\/wp\/v2\/media\/1044"}],"wp:attachment":[{"href":"https:\/\/projetoslayerup.com.br\/metalife\/wp-json\/wp\/v2\/media?parent=970"}],"wp:term":[{"taxonomy":"product_brand","embeddable":true,"href":"https:\/\/projetoslayerup.com.br\/metalife\/wp-json\/wp\/v2\/product_brand?post=970"},{"taxonomy":"product_cat","embeddable":true,"href":"https:\/\/projetoslayerup.com.br\/metalife\/wp-json\/wp\/v2\/product_cat?post=970"},{"taxonomy":"product_tag","embeddable":true,"href":"https:\/\/projetoslayerup.com.br\/metalife\/wp-json\/wp\/v2\/product_tag?post=970"}],"curies":[{"name":"wp","href":"https:\/\/api.w.org\/{rel}","templated":true}]}}