{"id":227,"date":"2025-09-23T19:53:36","date_gmt":"2025-09-23T19:53:36","guid":{"rendered":"https:\/\/projetoslayerup.com.br\/ph\/?page_id=227"},"modified":"2025-11-21T11:17:20","modified_gmt":"2025-11-21T11:17:20","slug":"indique-uma-escola","status":"publish","type":"page","link":"https:\/\/projetoslayerup.com.br\/ph\/indique-uma-escola\/","title":{"rendered":"Indique uma escola"},"content":{"rendered":"","protected":false},"excerpt":{"rendered":"","protected":false},"author":1,"featured_media":0,"parent":0,"menu_order":0,"comment_status":"closed","ping_status":"closed","template":"pages\/page-indique.php","meta":{"_acf_changed":false,"inline_featured_image":false,"footnotes":""},"class_list":["post-227","page","type-page","status-publish","hentry"],"acf":[],"yoast_head":"<!-- This site is optimized with the Yoast SEO plugin v27.2 - https:\/\/yoast.com\/product\/yoast-seo-wordpress\/ -->\n<title>Indique uma escola | Sistema de Ensino pH<\/title>\n<meta name=\"description\" content=\"Indique uma escola para adotar o Sistema de Ensino PH e ofere\u00e7a aos seus filhos uma educa\u00e7\u00e3o inovadora e de qualidade.\" \/>\n<meta name=\"robots\" content=\"noindex, follow, max-snippet:-1, max-image-preview:large, max-video-preview:-1\" \/>\n<meta property=\"og:locale\" content=\"pt_BR\" \/>\n<meta property=\"og:type\" content=\"article\" \/>\n<meta property=\"og:title\" content=\"Indique uma escola | Sistema de Ensino pH\" \/>\n<meta property=\"og:description\" content=\"Indique uma escola para adotar o Sistema de Ensino PH e ofere\u00e7a aos seus filhos uma educa\u00e7\u00e3o inovadora e de qualidade.\" \/>\n<meta property=\"og:url\" content=\"https:\/\/projetoslayerup.com.br\/ph\/indique-uma-escola\/\" \/>\n<meta property=\"og:site_name\" content=\"Somos Educa\u00e7\u00e3o pH\" \/>\n<meta property=\"article:modified_time\" content=\"2025-11-21T11:17:20+00:00\" \/>\n<meta name=\"twitter:card\" content=\"summary_large_image\" \/>\n<script type=\"application\/ld+json\" class=\"yoast-schema-graph\">{\"@context\":\"https:\/\/schema.org\",\"@graph\":[{\"@type\":\"WebPage\",\"@id\":\"https:\/\/projetoslayerup.com.br\/ph\/indique-uma-escola\/\",\"url\":\"https:\/\/projetoslayerup.com.br\/ph\/indique-uma-escola\/\",\"name\":\"Indique uma escola | Sistema de Ensino pH\",\"isPartOf\":{\"@id\":\"https:\/\/projetoslayerup.com.br\/ph\/#website\"},\"datePublished\":\"2025-09-23T19:53:36+00:00\",\"dateModified\":\"2025-11-21T11:17:20+00:00\",\"description\":\"Indique uma escola para adotar o Sistema de Ensino PH e ofere\u00e7a aos seus filhos uma educa\u00e7\u00e3o inovadora e de qualidade.\",\"breadcrumb\":{\"@id\":\"https:\/\/projetoslayerup.com.br\/ph\/indique-uma-escola\/#breadcrumb\"},\"inLanguage\":\"pt-BR\",\"potentialAction\":[{\"@type\":\"ReadAction\",\"target\":[\"https:\/\/projetoslayerup.com.br\/ph\/indique-uma-escola\/\"]}]},{\"@type\":\"BreadcrumbList\",\"@id\":\"https:\/\/projetoslayerup.com.br\/ph\/indique-uma-escola\/#breadcrumb\",\"itemListElement\":[{\"@type\":\"ListItem\",\"position\":1,\"name\":\"In\u00edcio\",\"item\":\"https:\/\/projetoslayerup.com.br\/ph\/\"},{\"@type\":\"ListItem\",\"position\":2,\"name\":\"Indique uma escola\"}]},{\"@type\":\"WebSite\",\"@id\":\"https:\/\/projetoslayerup.com.br\/ph\/#website\",\"url\":\"https:\/\/projetoslayerup.com.br\/ph\/\",\"name\":\"Somos Educa\u00e7\u00e3o pH\",\"description\":\"\",\"potentialAction\":[{\"@type\":\"SearchAction\",\"target\":{\"@type\":\"EntryPoint\",\"urlTemplate\":\"https:\/\/projetoslayerup.com.br\/ph\/?s={search_term_string}\"},\"query-input\":{\"@type\":\"PropertyValueSpecification\",\"valueRequired\":true,\"valueName\":\"search_term_string\"}}],\"inLanguage\":\"pt-BR\"}]}<\/script>\n<!-- \/ Yoast SEO plugin. -->","yoast_head_json":{"title":"Indique uma escola | Sistema de Ensino pH","description":"Indique uma escola para adotar o Sistema de Ensino PH e ofere\u00e7a aos seus filhos uma educa\u00e7\u00e3o inovadora e de qualidade.","robots":{"index":"noindex","follow":"follow","max-snippet":"max-snippet:-1","max-image-preview":"max-image-preview:large","max-video-preview":"max-video-preview:-1"},"og_locale":"pt_BR","og_type":"article","og_title":"Indique uma escola | Sistema de Ensino pH","og_description":"Indique uma escola para adotar o Sistema de Ensino PH e ofere\u00e7a aos seus filhos uma educa\u00e7\u00e3o inovadora e de qualidade.","og_url":"https:\/\/projetoslayerup.com.br\/ph\/indique-uma-escola\/","og_site_name":"Somos Educa\u00e7\u00e3o pH","article_modified_time":"2025-11-21T11:17:20+00:00","twitter_card":"summary_large_image","schema":{"@context":"https:\/\/schema.org","@graph":[{"@type":"WebPage","@id":"https:\/\/projetoslayerup.com.br\/ph\/indique-uma-escola\/","url":"https:\/\/projetoslayerup.com.br\/ph\/indique-uma-escola\/","name":"Indique uma escola | Sistema de Ensino pH","isPartOf":{"@id":"https:\/\/projetoslayerup.com.br\/ph\/#website"},"datePublished":"2025-09-23T19:53:36+00:00","dateModified":"2025-11-21T11:17:20+00:00","description":"Indique uma escola para adotar o Sistema de Ensino PH e ofere\u00e7a aos seus filhos uma educa\u00e7\u00e3o inovadora e de qualidade.","breadcrumb":{"@id":"https:\/\/projetoslayerup.com.br\/ph\/indique-uma-escola\/#breadcrumb"},"inLanguage":"pt-BR","potentialAction":[{"@type":"ReadAction","target":["https:\/\/projetoslayerup.com.br\/ph\/indique-uma-escola\/"]}]},{"@type":"BreadcrumbList","@id":"https:\/\/projetoslayerup.com.br\/ph\/indique-uma-escola\/#breadcrumb","itemListElement":[{"@type":"ListItem","position":1,"name":"In\u00edcio","item":"https:\/\/projetoslayerup.com.br\/ph\/"},{"@type":"ListItem","position":2,"name":"Indique uma escola"}]},{"@type":"WebSite","@id":"https:\/\/projetoslayerup.com.br\/ph\/#website","url":"https:\/\/projetoslayerup.com.br\/ph\/","name":"Somos Educa\u00e7\u00e3o pH","description":"","potentialAction":[{"@type":"SearchAction","target":{"@type":"EntryPoint","urlTemplate":"https:\/\/projetoslayerup.com.br\/ph\/?s={search_term_string}"},"query-input":{"@type":"PropertyValueSpecification","valueRequired":true,"valueName":"search_term_string"}}],"inLanguage":"pt-BR"}]}},"_links":{"self":[{"href":"https:\/\/projetoslayerup.com.br\/ph\/wp-json\/wp\/v2\/pages\/227","targetHints":{"allow":["GET"]}}],"collection":[{"href":"https:\/\/projetoslayerup.com.br\/ph\/wp-json\/wp\/v2\/pages"}],"about":[{"href":"https:\/\/projetoslayerup.com.br\/ph\/wp-json\/wp\/v2\/types\/page"}],"author":[{"embeddable":true,"href":"https:\/\/projetoslayerup.com.br\/ph\/wp-json\/wp\/v2\/users\/1"}],"replies":[{"embeddable":true,"href":"https:\/\/projetoslayerup.com.br\/ph\/wp-json\/wp\/v2\/comments?post=227"}],"version-history":[{"count":17,"href":"https:\/\/projetoslayerup.com.br\/ph\/wp-json\/wp\/v2\/pages\/227\/revisions"}],"predecessor-version":[{"id":763,"href":"https:\/\/projetoslayerup.com.br\/ph\/wp-json\/wp\/v2\/pages\/227\/revisions\/763"}],"wp:attachment":[{"href":"https:\/\/projetoslayerup.com.br\/ph\/wp-json\/wp\/v2\/media?parent=227"}],"curies":[{"name":"wp","href":"https:\/\/api.w.org\/{rel}","templated":true}]}}