{"id":51,"date":"2025-09-16T12:54:02","date_gmt":"2025-09-16T12:54:02","guid":{"rendered":"https:\/\/projetoslayerup.com.br\/ph\/?page_id=51"},"modified":"2025-11-24T15:23:26","modified_gmt":"2025-11-24T15:23:26","slug":"aprovacoes","status":"publish","type":"page","link":"https:\/\/projetoslayerup.com.br\/ph\/aprovacoes\/","title":{"rendered":"Aprova\u00e7\u00f5es"},"content":{"rendered":"","protected":false},"excerpt":{"rendered":"","protected":false},"author":1,"featured_media":0,"parent":0,"menu_order":0,"comment_status":"closed","ping_status":"closed","template":"pages\/page-aprovacoes.php","meta":{"_acf_changed":false,"inline_featured_image":false,"footnotes":""},"class_list":["post-51","page","type-page","status-publish","hentry"],"acf":[],"yoast_head":"<!-- This site is optimized with the Yoast SEO plugin v27.2 - https:\/\/yoast.com\/product\/yoast-seo-wordpress\/ -->\n<title>Aprova\u00e7\u00f5es | Sistema de Ensino pH<\/title>\n<meta name=\"description\" content=\"Confira as aprova\u00e7\u00f5es do Sistema de Ensino pH, com resultados comprovados e hist\u00f3rias de sucesso de nossos alunos em todo o Brasil.\" \/>\n<meta name=\"robots\" content=\"noindex, follow, max-snippet:-1, max-image-preview:large, max-video-preview:-1\" \/>\n<meta property=\"og:locale\" content=\"pt_BR\" \/>\n<meta property=\"og:type\" content=\"article\" \/>\n<meta property=\"og:title\" content=\"Aprova\u00e7\u00f5es | Sistema de Ensino pH\" \/>\n<meta property=\"og:description\" content=\"Confira as aprova\u00e7\u00f5es do Sistema de Ensino pH, com resultados comprovados e hist\u00f3rias de sucesso de nossos alunos em todo o Brasil.\" \/>\n<meta property=\"og:url\" content=\"https:\/\/projetoslayerup.com.br\/ph\/aprovacoes\/\" \/>\n<meta property=\"og:site_name\" content=\"Somos Educa\u00e7\u00e3o pH\" \/>\n<meta property=\"article:modified_time\" content=\"2025-11-24T15:23:26+00:00\" \/>\n<meta name=\"twitter:card\" content=\"summary_large_image\" \/>\n<script type=\"application\/ld+json\" class=\"yoast-schema-graph\">{\"@context\":\"https:\/\/schema.org\",\"@graph\":[{\"@type\":\"WebPage\",\"@id\":\"https:\/\/projetoslayerup.com.br\/ph\/aprovacoes\/\",\"url\":\"https:\/\/projetoslayerup.com.br\/ph\/aprovacoes\/\",\"name\":\"Aprova\u00e7\u00f5es | Sistema de Ensino pH\",\"isPartOf\":{\"@id\":\"https:\/\/projetoslayerup.com.br\/ph\/#website\"},\"datePublished\":\"2025-09-16T12:54:02+00:00\",\"dateModified\":\"2025-11-24T15:23:26+00:00\",\"description\":\"Confira as aprova\u00e7\u00f5es do Sistema de Ensino pH, com resultados comprovados e hist\u00f3rias de sucesso de nossos alunos em todo o Brasil.\",\"breadcrumb\":{\"@id\":\"https:\/\/projetoslayerup.com.br\/ph\/aprovacoes\/#breadcrumb\"},\"inLanguage\":\"pt-BR\",\"potentialAction\":[{\"@type\":\"ReadAction\",\"target\":[\"https:\/\/projetoslayerup.com.br\/ph\/aprovacoes\/\"]}]},{\"@type\":\"BreadcrumbList\",\"@id\":\"https:\/\/projetoslayerup.com.br\/ph\/aprovacoes\/#breadcrumb\",\"itemListElement\":[{\"@type\":\"ListItem\",\"position\":1,\"name\":\"In\u00edcio\",\"item\":\"https:\/\/projetoslayerup.com.br\/ph\/\"},{\"@type\":\"ListItem\",\"position\":2,\"name\":\"Aprova\u00e7\u00f5es\"}]},{\"@type\":\"WebSite\",\"@id\":\"https:\/\/projetoslayerup.com.br\/ph\/#website\",\"url\":\"https:\/\/projetoslayerup.com.br\/ph\/\",\"name\":\"Somos Educa\u00e7\u00e3o pH\",\"description\":\"\",\"potentialAction\":[{\"@type\":\"SearchAction\",\"target\":{\"@type\":\"EntryPoint\",\"urlTemplate\":\"https:\/\/projetoslayerup.com.br\/ph\/?s={search_term_string}\"},\"query-input\":{\"@type\":\"PropertyValueSpecification\",\"valueRequired\":true,\"valueName\":\"search_term_string\"}}],\"inLanguage\":\"pt-BR\"}]}<\/script>\n<!-- \/ Yoast SEO plugin. -->","yoast_head_json":{"title":"Aprova\u00e7\u00f5es | Sistema de Ensino pH","description":"Confira as aprova\u00e7\u00f5es do Sistema de Ensino pH, com resultados comprovados e hist\u00f3rias de sucesso de nossos alunos em todo o Brasil.","robots":{"index":"noindex","follow":"follow","max-snippet":"max-snippet:-1","max-image-preview":"max-image-preview:large","max-video-preview":"max-video-preview:-1"},"og_locale":"pt_BR","og_type":"article","og_title":"Aprova\u00e7\u00f5es | Sistema de Ensino pH","og_description":"Confira as aprova\u00e7\u00f5es do Sistema de Ensino pH, com resultados comprovados e hist\u00f3rias de sucesso de nossos alunos em todo o Brasil.","og_url":"https:\/\/projetoslayerup.com.br\/ph\/aprovacoes\/","og_site_name":"Somos Educa\u00e7\u00e3o pH","article_modified_time":"2025-11-24T15:23:26+00:00","twitter_card":"summary_large_image","schema":{"@context":"https:\/\/schema.org","@graph":[{"@type":"WebPage","@id":"https:\/\/projetoslayerup.com.br\/ph\/aprovacoes\/","url":"https:\/\/projetoslayerup.com.br\/ph\/aprovacoes\/","name":"Aprova\u00e7\u00f5es | Sistema de Ensino pH","isPartOf":{"@id":"https:\/\/projetoslayerup.com.br\/ph\/#website"},"datePublished":"2025-09-16T12:54:02+00:00","dateModified":"2025-11-24T15:23:26+00:00","description":"Confira as aprova\u00e7\u00f5es do Sistema de Ensino pH, com resultados comprovados e hist\u00f3rias de sucesso de nossos alunos em todo o Brasil.","breadcrumb":{"@id":"https:\/\/projetoslayerup.com.br\/ph\/aprovacoes\/#breadcrumb"},"inLanguage":"pt-BR","potentialAction":[{"@type":"ReadAction","target":["https:\/\/projetoslayerup.com.br\/ph\/aprovacoes\/"]}]},{"@type":"BreadcrumbList","@id":"https:\/\/projetoslayerup.com.br\/ph\/aprovacoes\/#breadcrumb","itemListElement":[{"@type":"ListItem","position":1,"name":"In\u00edcio","item":"https:\/\/projetoslayerup.com.br\/ph\/"},{"@type":"ListItem","position":2,"name":"Aprova\u00e7\u00f5es"}]},{"@type":"WebSite","@id":"https:\/\/projetoslayerup.com.br\/ph\/#website","url":"https:\/\/projetoslayerup.com.br\/ph\/","name":"Somos Educa\u00e7\u00e3o pH","description":"","potentialAction":[{"@type":"SearchAction","target":{"@type":"EntryPoint","urlTemplate":"https:\/\/projetoslayerup.com.br\/ph\/?s={search_term_string}"},"query-input":{"@type":"PropertyValueSpecification","valueRequired":true,"valueName":"search_term_string"}}],"inLanguage":"pt-BR"}]}},"_links":{"self":[{"href":"https:\/\/projetoslayerup.com.br\/ph\/wp-json\/wp\/v2\/pages\/51","targetHints":{"allow":["GET"]}}],"collection":[{"href":"https:\/\/projetoslayerup.com.br\/ph\/wp-json\/wp\/v2\/pages"}],"about":[{"href":"https:\/\/projetoslayerup.com.br\/ph\/wp-json\/wp\/v2\/types\/page"}],"author":[{"embeddable":true,"href":"https:\/\/projetoslayerup.com.br\/ph\/wp-json\/wp\/v2\/users\/1"}],"replies":[{"embeddable":true,"href":"https:\/\/projetoslayerup.com.br\/ph\/wp-json\/wp\/v2\/comments?post=51"}],"version-history":[{"count":20,"href":"https:\/\/projetoslayerup.com.br\/ph\/wp-json\/wp\/v2\/pages\/51\/revisions"}],"predecessor-version":[{"id":2759,"href":"https:\/\/projetoslayerup.com.br\/ph\/wp-json\/wp\/v2\/pages\/51\/revisions\/2759"}],"wp:attachment":[{"href":"https:\/\/projetoslayerup.com.br\/ph\/wp-json\/wp\/v2\/media?parent=51"}],"curies":[{"name":"wp","href":"https:\/\/api.w.org\/{rel}","templated":true}]}}