{"id":23,"date":"2023-03-20T17:54:14","date_gmt":"2023-03-20T17:54:14","guid":{"rendered":"https:\/\/projetoslayerup.com.br\/pnld-2026\/?page_id=23"},"modified":"2026-02-06T17:55:55","modified_gmt":"2026-02-06T17:55:55","slug":"home","status":"publish","type":"page","link":"https:\/\/projetoslayerup.com.br\/pnld\/","title":{"rendered":"Home"},"content":{"rendered":"","protected":false},"excerpt":{"rendered":"","protected":false},"author":1,"featured_media":594,"parent":0,"menu_order":0,"comment_status":"closed","ping_status":"closed","template":"pages\/page-home.php","meta":{"_acf_changed":false,"inline_featured_image":false,"footnotes":""},"class_list":["post-23","page","type-page","status-publish","has-post-thumbnail","hentry"],"acf":[],"yoast_head":"<!-- This site is optimized with the Yoast SEO plugin v27.2 - https:\/\/yoast.com\/product\/yoast-seo-wordpress\/ -->\n<title>PNLD 2026 Ensino M\u00e9dio | SM Educa\u00e7\u00e3o<\/title>\n<meta name=\"description\" content=\"Escolha SM Educa\u00e7\u00e3o no PNLD 2026. Junte-se a uma hist\u00f3ria de mais de 85 anos de tradi\u00e7\u00e3o e transforme a Educa\u00e7\u00e3o P\u00fablica no Brasil.\" \/>\n<meta name=\"robots\" content=\"index, follow, max-snippet:-1, max-image-preview:large, max-video-preview:-1\" \/>\n<link rel=\"canonical\" href=\"https:\/\/projetoslayerup.com.br\/pnld\/\" \/>\n<meta property=\"og:locale\" content=\"pt_BR\" \/>\n<meta property=\"og:type\" content=\"article\" \/>\n<meta property=\"og:title\" content=\"PNLD 2026 Ensino M\u00e9dio | SM Educa\u00e7\u00e3o\" \/>\n<meta property=\"og:description\" content=\"Escolha SM Educa\u00e7\u00e3o no PNLD 2026. Junte-se a uma hist\u00f3ria de mais de 85 anos de tradi\u00e7\u00e3o e transforme a Educa\u00e7\u00e3o P\u00fablica no Brasil.\" \/>\n<meta property=\"og:url\" content=\"https:\/\/projetoslayerup.com.br\/pnld\/\" \/>\n<meta property=\"og:site_name\" content=\"PNLD 2026 Ensino M\u00e9dio\" \/>\n<meta property=\"article:modified_time\" content=\"2026-02-06T17:55:55+00:00\" \/>\n<meta property=\"og:image\" content=\"https:\/\/projetoslayerup.com.br\/pnld\/wp-content\/uploads\/2025\/02\/SM_PNLD_2026_EM.png\" \/>\n\t<meta property=\"og:image:width\" content=\"1920\" \/>\n\t<meta property=\"og:image:height\" content=\"1080\" \/>\n\t<meta property=\"og:image:type\" content=\"image\/png\" \/>\n<meta name=\"twitter:card\" content=\"summary_large_image\" \/>\n<meta name=\"twitter:label1\" content=\"Est. tempo de leitura\" \/>\n\t<meta name=\"twitter:data1\" content=\"1 minuto\" \/>\n<script type=\"application\/ld+json\" class=\"yoast-schema-graph\">{\"@context\":\"https:\/\/schema.org\",\"@graph\":[{\"@type\":\"WebPage\",\"@id\":\"https:\/\/projetoslayerup.com.br\/pnld\/\",\"url\":\"https:\/\/projetoslayerup.com.br\/pnld\/\",\"name\":\"PNLD 2026 Ensino M\u00e9dio | SM Educa\u00e7\u00e3o\",\"isPartOf\":{\"@id\":\"https:\/\/projetoslayerup.com.br\/pnld\/#website\"},\"primaryImageOfPage\":{\"@id\":\"https:\/\/projetoslayerup.com.br\/pnld\/#primaryimage\"},\"image\":{\"@id\":\"https:\/\/projetoslayerup.com.br\/pnld\/#primaryimage\"},\"thumbnailUrl\":\"https:\/\/projetoslayerup.com.br\/pnld\/wp-content\/uploads\/2023\/04\/Captura-de-Tela-2023-04-20-as-17.31.40.png\",\"datePublished\":\"2023-03-20T17:54:14+00:00\",\"dateModified\":\"2026-02-06T17:55:55+00:00\",\"description\":\"Escolha SM Educa\u00e7\u00e3o no PNLD 2026. Junte-se a uma hist\u00f3ria de mais de 85 anos de tradi\u00e7\u00e3o e transforme a Educa\u00e7\u00e3o P\u00fablica no Brasil.\",\"breadcrumb\":{\"@id\":\"https:\/\/projetoslayerup.com.br\/pnld\/#breadcrumb\"},\"inLanguage\":\"pt-BR\",\"potentialAction\":[{\"@type\":\"ReadAction\",\"target\":[\"https:\/\/projetoslayerup.com.br\/pnld\/\"]}]},{\"@type\":\"ImageObject\",\"inLanguage\":\"pt-BR\",\"@id\":\"https:\/\/projetoslayerup.com.br\/pnld\/#primaryimage\",\"url\":\"https:\/\/projetoslayerup.com.br\/pnld\/wp-content\/uploads\/2023\/04\/Captura-de-Tela-2023-04-20-as-17.31.40.png\",\"contentUrl\":\"https:\/\/projetoslayerup.com.br\/pnld\/wp-content\/uploads\/2023\/04\/Captura-de-Tela-2023-04-20-as-17.31.40.png\",\"width\":709,\"height\":312,\"caption\":\"PNLD 2024 - Anos finais | Escolha a SM Educa\u00e7\u00e3o\"},{\"@type\":\"BreadcrumbList\",\"@id\":\"https:\/\/projetoslayerup.com.br\/pnld\/#breadcrumb\",\"itemListElement\":[{\"@type\":\"ListItem\",\"position\":1,\"name\":\"In\u00edcio\",\"item\":\"https:\/\/projetoslayerup.com.br\/pnld\/\"},{\"@type\":\"ListItem\",\"position\":2,\"name\":\"Home\"}]},{\"@type\":\"WebSite\",\"@id\":\"https:\/\/projetoslayerup.com.br\/pnld\/#website\",\"url\":\"https:\/\/projetoslayerup.com.br\/pnld\/\",\"name\":\"PNLD 2026 Ensino M\u00e9dio\",\"description\":\"Quem usa, aprova!\",\"publisher\":{\"@id\":\"https:\/\/projetoslayerup.com.br\/pnld\/#organization\"},\"alternateName\":\"Quem conhece n\u00e3o troca! Escolha a SM Educa\u00e7\u00e3o no PNLD 2024\",\"potentialAction\":[{\"@type\":\"SearchAction\",\"target\":{\"@type\":\"EntryPoint\",\"urlTemplate\":\"https:\/\/projetoslayerup.com.br\/pnld\/?s={search_term_string}\"},\"query-input\":{\"@type\":\"PropertyValueSpecification\",\"valueRequired\":true,\"valueName\":\"search_term_string\"}}],\"inLanguage\":\"pt-BR\"},{\"@type\":\"Organization\",\"@id\":\"https:\/\/projetoslayerup.com.br\/pnld\/#organization\",\"name\":\"SM Educa\u00e7\u00e3o | PNLD 2024 ANOS FINAIS\",\"alternateName\":\"Quem conhece n\u00e3o troca! Escolha a SM Educa\u00e7\u00e3o\",\"url\":\"https:\/\/projetoslayerup.com.br\/pnld\/\",\"logo\":{\"@type\":\"ImageObject\",\"inLanguage\":\"pt-BR\",\"@id\":\"https:\/\/projetoslayerup.com.br\/pnld\/#\/schema\/logo\/image\/\",\"url\":\"https:\/\/projetoslayerup.com.br\/pnld-2026\/wp-content\/uploads\/2023\/04\/Captura-de-Tela-2023-04-20-as-17.26.36.png\",\"contentUrl\":\"https:\/\/projetoslayerup.com.br\/pnld-2026\/wp-content\/uploads\/2023\/04\/Captura-de-Tela-2023-04-20-as-17.26.36.png\",\"width\":177,\"height\":160,\"caption\":\"SM Educa\u00e7\u00e3o | PNLD 2024 ANOS FINAIS\"},\"image\":{\"@id\":\"https:\/\/projetoslayerup.com.br\/pnld\/#\/schema\/logo\/image\/\"}}]}<\/script>\n<!-- \/ Yoast SEO plugin. -->","yoast_head_json":{"title":"PNLD 2026 Ensino M\u00e9dio | SM Educa\u00e7\u00e3o","description":"Escolha SM Educa\u00e7\u00e3o no PNLD 2026. Junte-se a uma hist\u00f3ria de mais de 85 anos de tradi\u00e7\u00e3o e transforme a Educa\u00e7\u00e3o P\u00fablica no Brasil.","robots":{"index":"index","follow":"follow","max-snippet":"max-snippet:-1","max-image-preview":"max-image-preview:large","max-video-preview":"max-video-preview:-1"},"canonical":"https:\/\/projetoslayerup.com.br\/pnld\/","og_locale":"pt_BR","og_type":"article","og_title":"PNLD 2026 Ensino M\u00e9dio | SM Educa\u00e7\u00e3o","og_description":"Escolha SM Educa\u00e7\u00e3o no PNLD 2026. Junte-se a uma hist\u00f3ria de mais de 85 anos de tradi\u00e7\u00e3o e transforme a Educa\u00e7\u00e3o P\u00fablica no Brasil.","og_url":"https:\/\/projetoslayerup.com.br\/pnld\/","og_site_name":"PNLD 2026 Ensino M\u00e9dio","article_modified_time":"2026-02-06T17:55:55+00:00","og_image":[{"width":1920,"height":1080,"url":"https:\/\/projetoslayerup.com.br\/pnld\/wp-content\/uploads\/2025\/02\/SM_PNLD_2026_EM.png","type":"image\/png"}],"twitter_card":"summary_large_image","twitter_misc":{"Est. tempo de leitura":"1 minuto"},"schema":{"@context":"https:\/\/schema.org","@graph":[{"@type":"WebPage","@id":"https:\/\/projetoslayerup.com.br\/pnld\/","url":"https:\/\/projetoslayerup.com.br\/pnld\/","name":"PNLD 2026 Ensino M\u00e9dio | SM Educa\u00e7\u00e3o","isPartOf":{"@id":"https:\/\/projetoslayerup.com.br\/pnld\/#website"},"primaryImageOfPage":{"@id":"https:\/\/projetoslayerup.com.br\/pnld\/#primaryimage"},"image":{"@id":"https:\/\/projetoslayerup.com.br\/pnld\/#primaryimage"},"thumbnailUrl":"https:\/\/projetoslayerup.com.br\/pnld\/wp-content\/uploads\/2023\/04\/Captura-de-Tela-2023-04-20-as-17.31.40.png","datePublished":"2023-03-20T17:54:14+00:00","dateModified":"2026-02-06T17:55:55+00:00","description":"Escolha SM Educa\u00e7\u00e3o no PNLD 2026. Junte-se a uma hist\u00f3ria de mais de 85 anos de tradi\u00e7\u00e3o e transforme a Educa\u00e7\u00e3o P\u00fablica no Brasil.","breadcrumb":{"@id":"https:\/\/projetoslayerup.com.br\/pnld\/#breadcrumb"},"inLanguage":"pt-BR","potentialAction":[{"@type":"ReadAction","target":["https:\/\/projetoslayerup.com.br\/pnld\/"]}]},{"@type":"ImageObject","inLanguage":"pt-BR","@id":"https:\/\/projetoslayerup.com.br\/pnld\/#primaryimage","url":"https:\/\/projetoslayerup.com.br\/pnld\/wp-content\/uploads\/2023\/04\/Captura-de-Tela-2023-04-20-as-17.31.40.png","contentUrl":"https:\/\/projetoslayerup.com.br\/pnld\/wp-content\/uploads\/2023\/04\/Captura-de-Tela-2023-04-20-as-17.31.40.png","width":709,"height":312,"caption":"PNLD 2024 - Anos finais | Escolha a SM Educa\u00e7\u00e3o"},{"@type":"BreadcrumbList","@id":"https:\/\/projetoslayerup.com.br\/pnld\/#breadcrumb","itemListElement":[{"@type":"ListItem","position":1,"name":"In\u00edcio","item":"https:\/\/projetoslayerup.com.br\/pnld\/"},{"@type":"ListItem","position":2,"name":"Home"}]},{"@type":"WebSite","@id":"https:\/\/projetoslayerup.com.br\/pnld\/#website","url":"https:\/\/projetoslayerup.com.br\/pnld\/","name":"PNLD 2026 Ensino M\u00e9dio","description":"Quem usa, aprova!","publisher":{"@id":"https:\/\/projetoslayerup.com.br\/pnld\/#organization"},"alternateName":"Quem conhece n\u00e3o troca! Escolha a SM Educa\u00e7\u00e3o no PNLD 2024","potentialAction":[{"@type":"SearchAction","target":{"@type":"EntryPoint","urlTemplate":"https:\/\/projetoslayerup.com.br\/pnld\/?s={search_term_string}"},"query-input":{"@type":"PropertyValueSpecification","valueRequired":true,"valueName":"search_term_string"}}],"inLanguage":"pt-BR"},{"@type":"Organization","@id":"https:\/\/projetoslayerup.com.br\/pnld\/#organization","name":"SM Educa\u00e7\u00e3o | PNLD 2024 ANOS FINAIS","alternateName":"Quem conhece n\u00e3o troca! Escolha a SM Educa\u00e7\u00e3o","url":"https:\/\/projetoslayerup.com.br\/pnld\/","logo":{"@type":"ImageObject","inLanguage":"pt-BR","@id":"https:\/\/projetoslayerup.com.br\/pnld\/#\/schema\/logo\/image\/","url":"https:\/\/projetoslayerup.com.br\/pnld-2026\/wp-content\/uploads\/2023\/04\/Captura-de-Tela-2023-04-20-as-17.26.36.png","contentUrl":"https:\/\/projetoslayerup.com.br\/pnld-2026\/wp-content\/uploads\/2023\/04\/Captura-de-Tela-2023-04-20-as-17.26.36.png","width":177,"height":160,"caption":"SM Educa\u00e7\u00e3o | PNLD 2024 ANOS FINAIS"},"image":{"@id":"https:\/\/projetoslayerup.com.br\/pnld\/#\/schema\/logo\/image\/"}}]}},"_links":{"self":[{"href":"https:\/\/projetoslayerup.com.br\/pnld\/wp-json\/wp\/v2\/pages\/23","targetHints":{"allow":["GET"]}}],"collection":[{"href":"https:\/\/projetoslayerup.com.br\/pnld\/wp-json\/wp\/v2\/pages"}],"about":[{"href":"https:\/\/projetoslayerup.com.br\/pnld\/wp-json\/wp\/v2\/types\/page"}],"author":[{"embeddable":true,"href":"https:\/\/projetoslayerup.com.br\/pnld\/wp-json\/wp\/v2\/users\/1"}],"replies":[{"embeddable":true,"href":"https:\/\/projetoslayerup.com.br\/pnld\/wp-json\/wp\/v2\/comments?post=23"}],"version-history":[{"count":87,"href":"https:\/\/projetoslayerup.com.br\/pnld\/wp-json\/wp\/v2\/pages\/23\/revisions"}],"predecessor-version":[{"id":1069,"href":"https:\/\/projetoslayerup.com.br\/pnld\/wp-json\/wp\/v2\/pages\/23\/revisions\/1069"}],"wp:featuredmedia":[{"embeddable":true,"href":"https:\/\/projetoslayerup.com.br\/pnld\/wp-json\/wp\/v2\/media\/594"}],"wp:attachment":[{"href":"https:\/\/projetoslayerup.com.br\/pnld\/wp-json\/wp\/v2\/media?parent=23"}],"curies":[{"name":"wp","href":"https:\/\/api.w.org\/{rel}","templated":true}]}}