{"id":29,"date":"2023-03-22T18:30:57","date_gmt":"2023-03-22T18:30:57","guid":{"rendered":"https:\/\/projetoslayerup.com.br\/pnld-2026\/?page_id=29"},"modified":"2025-03-05T20:14:59","modified_gmt":"2025-03-05T20:14:59","slug":"faq","status":"publish","type":"page","link":"https:\/\/projetoslayerup.com.br\/pnld\/faq\/","title":{"rendered":"FAQ"},"content":{"rendered":"<p>FAQ<\/p>\n","protected":false},"excerpt":{"rendered":"<p>FAQ<\/p>\n","protected":false},"author":1,"featured_media":594,"parent":0,"menu_order":0,"comment_status":"closed","ping_status":"closed","template":"pages\/page-faq.php","meta":{"_acf_changed":false,"inline_featured_image":false,"footnotes":""},"class_list":["post-29","page","type-page","status-publish","has-post-thumbnail","hentry"],"acf":[],"yoast_head":"<!-- This site is optimized with the Yoast SEO plugin v27.2 - https:\/\/yoast.com\/product\/yoast-seo-wordpress\/ -->\n<title>FAQ - PNLD 2026 Ensino M\u00e9dio<\/title>\n<meta name=\"description\" content=\"Tire suas d\u00favidas sobre o PNLD e as diretrizes do programa para a Educa\u00e7\u00e3o Infantil, Ensino Fundamental e Ensino M\u00e9dio. Acesse o FAQ da SM.\" \/>\n<meta name=\"robots\" content=\"index, follow, max-snippet:-1, max-image-preview:large, max-video-preview:-1\" \/>\n<link rel=\"canonical\" href=\"https:\/\/projetoslayerup.com.br\/pnld\/faq\/\" \/>\n<meta property=\"og:locale\" content=\"pt_BR\" \/>\n<meta property=\"og:type\" content=\"article\" \/>\n<meta property=\"og:title\" content=\"FAQ - PNLD 2026 Ensino M\u00e9dio\" \/>\n<meta property=\"og:description\" content=\"Tire suas d\u00favidas sobre o PNLD e as diretrizes do programa para a Educa\u00e7\u00e3o Infantil, Ensino Fundamental e Ensino M\u00e9dio. Acesse o FAQ da SM.\" \/>\n<meta property=\"og:url\" content=\"https:\/\/projetoslayerup.com.br\/pnld\/faq\/\" \/>\n<meta property=\"og:site_name\" content=\"PNLD 2026 Ensino M\u00e9dio\" \/>\n<meta property=\"article:modified_time\" content=\"2025-03-05T20:14:59+00:00\" \/>\n<meta property=\"og:image\" content=\"https:\/\/projetoslayerup.com.br\/pnld\/wp-content\/uploads\/2023\/04\/Captura-de-Tela-2023-04-20-as-17.31.40.png\" \/>\n\t<meta property=\"og:image:width\" content=\"709\" \/>\n\t<meta property=\"og:image:height\" content=\"312\" \/>\n\t<meta property=\"og:image:type\" content=\"image\/png\" \/>\n<meta name=\"twitter:card\" content=\"summary_large_image\" \/>\n<meta name=\"twitter:label1\" content=\"Est. tempo de leitura\" \/>\n\t<meta name=\"twitter:data1\" content=\"1 minuto\" \/>\n<script type=\"application\/ld+json\" class=\"yoast-schema-graph\">{\"@context\":\"https:\/\/schema.org\",\"@graph\":[{\"@type\":\"WebPage\",\"@id\":\"https:\/\/projetoslayerup.com.br\/pnld\/faq\/\",\"url\":\"https:\/\/projetoslayerup.com.br\/pnld\/faq\/\",\"name\":\"FAQ - PNLD 2026 Ensino M\u00e9dio\",\"isPartOf\":{\"@id\":\"https:\/\/projetoslayerup.com.br\/pnld\/#website\"},\"primaryImageOfPage\":{\"@id\":\"https:\/\/projetoslayerup.com.br\/pnld\/faq\/#primaryimage\"},\"image\":{\"@id\":\"https:\/\/projetoslayerup.com.br\/pnld\/faq\/#primaryimage\"},\"thumbnailUrl\":\"https:\/\/projetoslayerup.com.br\/pnld\/wp-content\/uploads\/2023\/04\/Captura-de-Tela-2023-04-20-as-17.31.40.png\",\"datePublished\":\"2023-03-22T18:30:57+00:00\",\"dateModified\":\"2025-03-05T20:14:59+00:00\",\"description\":\"Tire suas d\u00favidas sobre o PNLD e as diretrizes do programa para a Educa\u00e7\u00e3o Infantil, Ensino Fundamental e Ensino M\u00e9dio. Acesse o FAQ da SM.\",\"breadcrumb\":{\"@id\":\"https:\/\/projetoslayerup.com.br\/pnld\/faq\/#breadcrumb\"},\"inLanguage\":\"pt-BR\",\"potentialAction\":[{\"@type\":\"ReadAction\",\"target\":[\"https:\/\/projetoslayerup.com.br\/pnld\/faq\/\"]}]},{\"@type\":\"ImageObject\",\"inLanguage\":\"pt-BR\",\"@id\":\"https:\/\/projetoslayerup.com.br\/pnld\/faq\/#primaryimage\",\"url\":\"https:\/\/projetoslayerup.com.br\/pnld\/wp-content\/uploads\/2023\/04\/Captura-de-Tela-2023-04-20-as-17.31.40.png\",\"contentUrl\":\"https:\/\/projetoslayerup.com.br\/pnld\/wp-content\/uploads\/2023\/04\/Captura-de-Tela-2023-04-20-as-17.31.40.png\",\"width\":709,\"height\":312,\"caption\":\"PNLD 2024 - Anos finais | Escolha a SM Educa\u00e7\u00e3o\"},{\"@type\":\"BreadcrumbList\",\"@id\":\"https:\/\/projetoslayerup.com.br\/pnld\/faq\/#breadcrumb\",\"itemListElement\":[{\"@type\":\"ListItem\",\"position\":1,\"name\":\"In\u00edcio\",\"item\":\"https:\/\/projetoslayerup.com.br\/pnld\/\"},{\"@type\":\"ListItem\",\"position\":2,\"name\":\"FAQ\"}]},{\"@type\":\"WebSite\",\"@id\":\"https:\/\/projetoslayerup.com.br\/pnld\/#website\",\"url\":\"https:\/\/projetoslayerup.com.br\/pnld\/\",\"name\":\"PNLD 2026 Ensino M\u00e9dio\",\"description\":\"Quem usa, aprova!\",\"publisher\":{\"@id\":\"https:\/\/projetoslayerup.com.br\/pnld\/#organization\"},\"alternateName\":\"Quem conhece n\u00e3o troca! Escolha a SM Educa\u00e7\u00e3o no PNLD 2024\",\"potentialAction\":[{\"@type\":\"SearchAction\",\"target\":{\"@type\":\"EntryPoint\",\"urlTemplate\":\"https:\/\/projetoslayerup.com.br\/pnld\/?s={search_term_string}\"},\"query-input\":{\"@type\":\"PropertyValueSpecification\",\"valueRequired\":true,\"valueName\":\"search_term_string\"}}],\"inLanguage\":\"pt-BR\"},{\"@type\":\"Organization\",\"@id\":\"https:\/\/projetoslayerup.com.br\/pnld\/#organization\",\"name\":\"SM Educa\u00e7\u00e3o | PNLD 2024 ANOS FINAIS\",\"alternateName\":\"Quem conhece n\u00e3o troca! Escolha a SM Educa\u00e7\u00e3o\",\"url\":\"https:\/\/projetoslayerup.com.br\/pnld\/\",\"logo\":{\"@type\":\"ImageObject\",\"inLanguage\":\"pt-BR\",\"@id\":\"https:\/\/projetoslayerup.com.br\/pnld\/#\/schema\/logo\/image\/\",\"url\":\"https:\/\/projetoslayerup.com.br\/pnld-2026\/wp-content\/uploads\/2023\/04\/Captura-de-Tela-2023-04-20-as-17.26.36.png\",\"contentUrl\":\"https:\/\/projetoslayerup.com.br\/pnld-2026\/wp-content\/uploads\/2023\/04\/Captura-de-Tela-2023-04-20-as-17.26.36.png\",\"width\":177,\"height\":160,\"caption\":\"SM Educa\u00e7\u00e3o | PNLD 2024 ANOS FINAIS\"},\"image\":{\"@id\":\"https:\/\/projetoslayerup.com.br\/pnld\/#\/schema\/logo\/image\/\"}}]}<\/script>\n<!-- \/ Yoast SEO plugin. -->","yoast_head_json":{"title":"FAQ - PNLD 2026 Ensino M\u00e9dio","description":"Tire suas d\u00favidas sobre o PNLD e as diretrizes do programa para a Educa\u00e7\u00e3o Infantil, Ensino Fundamental e Ensino M\u00e9dio. Acesse o FAQ da SM.","robots":{"index":"index","follow":"follow","max-snippet":"max-snippet:-1","max-image-preview":"max-image-preview:large","max-video-preview":"max-video-preview:-1"},"canonical":"https:\/\/projetoslayerup.com.br\/pnld\/faq\/","og_locale":"pt_BR","og_type":"article","og_title":"FAQ - PNLD 2026 Ensino M\u00e9dio","og_description":"Tire suas d\u00favidas sobre o PNLD e as diretrizes do programa para a Educa\u00e7\u00e3o Infantil, Ensino Fundamental e Ensino M\u00e9dio. Acesse o FAQ da SM.","og_url":"https:\/\/projetoslayerup.com.br\/pnld\/faq\/","og_site_name":"PNLD 2026 Ensino M\u00e9dio","article_modified_time":"2025-03-05T20:14:59+00:00","og_image":[{"width":709,"height":312,"url":"https:\/\/projetoslayerup.com.br\/pnld\/wp-content\/uploads\/2023\/04\/Captura-de-Tela-2023-04-20-as-17.31.40.png","type":"image\/png"}],"twitter_card":"summary_large_image","twitter_misc":{"Est. tempo de leitura":"1 minuto"},"schema":{"@context":"https:\/\/schema.org","@graph":[{"@type":"WebPage","@id":"https:\/\/projetoslayerup.com.br\/pnld\/faq\/","url":"https:\/\/projetoslayerup.com.br\/pnld\/faq\/","name":"FAQ - PNLD 2026 Ensino M\u00e9dio","isPartOf":{"@id":"https:\/\/projetoslayerup.com.br\/pnld\/#website"},"primaryImageOfPage":{"@id":"https:\/\/projetoslayerup.com.br\/pnld\/faq\/#primaryimage"},"image":{"@id":"https:\/\/projetoslayerup.com.br\/pnld\/faq\/#primaryimage"},"thumbnailUrl":"https:\/\/projetoslayerup.com.br\/pnld\/wp-content\/uploads\/2023\/04\/Captura-de-Tela-2023-04-20-as-17.31.40.png","datePublished":"2023-03-22T18:30:57+00:00","dateModified":"2025-03-05T20:14:59+00:00","description":"Tire suas d\u00favidas sobre o PNLD e as diretrizes do programa para a Educa\u00e7\u00e3o Infantil, Ensino Fundamental e Ensino M\u00e9dio. Acesse o FAQ da SM.","breadcrumb":{"@id":"https:\/\/projetoslayerup.com.br\/pnld\/faq\/#breadcrumb"},"inLanguage":"pt-BR","potentialAction":[{"@type":"ReadAction","target":["https:\/\/projetoslayerup.com.br\/pnld\/faq\/"]}]},{"@type":"ImageObject","inLanguage":"pt-BR","@id":"https:\/\/projetoslayerup.com.br\/pnld\/faq\/#primaryimage","url":"https:\/\/projetoslayerup.com.br\/pnld\/wp-content\/uploads\/2023\/04\/Captura-de-Tela-2023-04-20-as-17.31.40.png","contentUrl":"https:\/\/projetoslayerup.com.br\/pnld\/wp-content\/uploads\/2023\/04\/Captura-de-Tela-2023-04-20-as-17.31.40.png","width":709,"height":312,"caption":"PNLD 2024 - Anos finais | Escolha a SM Educa\u00e7\u00e3o"},{"@type":"BreadcrumbList","@id":"https:\/\/projetoslayerup.com.br\/pnld\/faq\/#breadcrumb","itemListElement":[{"@type":"ListItem","position":1,"name":"In\u00edcio","item":"https:\/\/projetoslayerup.com.br\/pnld\/"},{"@type":"ListItem","position":2,"name":"FAQ"}]},{"@type":"WebSite","@id":"https:\/\/projetoslayerup.com.br\/pnld\/#website","url":"https:\/\/projetoslayerup.com.br\/pnld\/","name":"PNLD 2026 Ensino M\u00e9dio","description":"Quem usa, aprova!","publisher":{"@id":"https:\/\/projetoslayerup.com.br\/pnld\/#organization"},"alternateName":"Quem conhece n\u00e3o troca! Escolha a SM Educa\u00e7\u00e3o no PNLD 2024","potentialAction":[{"@type":"SearchAction","target":{"@type":"EntryPoint","urlTemplate":"https:\/\/projetoslayerup.com.br\/pnld\/?s={search_term_string}"},"query-input":{"@type":"PropertyValueSpecification","valueRequired":true,"valueName":"search_term_string"}}],"inLanguage":"pt-BR"},{"@type":"Organization","@id":"https:\/\/projetoslayerup.com.br\/pnld\/#organization","name":"SM Educa\u00e7\u00e3o | PNLD 2024 ANOS FINAIS","alternateName":"Quem conhece n\u00e3o troca! Escolha a SM Educa\u00e7\u00e3o","url":"https:\/\/projetoslayerup.com.br\/pnld\/","logo":{"@type":"ImageObject","inLanguage":"pt-BR","@id":"https:\/\/projetoslayerup.com.br\/pnld\/#\/schema\/logo\/image\/","url":"https:\/\/projetoslayerup.com.br\/pnld-2026\/wp-content\/uploads\/2023\/04\/Captura-de-Tela-2023-04-20-as-17.26.36.png","contentUrl":"https:\/\/projetoslayerup.com.br\/pnld-2026\/wp-content\/uploads\/2023\/04\/Captura-de-Tela-2023-04-20-as-17.26.36.png","width":177,"height":160,"caption":"SM Educa\u00e7\u00e3o | PNLD 2024 ANOS FINAIS"},"image":{"@id":"https:\/\/projetoslayerup.com.br\/pnld\/#\/schema\/logo\/image\/"}}]}},"_links":{"self":[{"href":"https:\/\/projetoslayerup.com.br\/pnld\/wp-json\/wp\/v2\/pages\/29","targetHints":{"allow":["GET"]}}],"collection":[{"href":"https:\/\/projetoslayerup.com.br\/pnld\/wp-json\/wp\/v2\/pages"}],"about":[{"href":"https:\/\/projetoslayerup.com.br\/pnld\/wp-json\/wp\/v2\/types\/page"}],"author":[{"embeddable":true,"href":"https:\/\/projetoslayerup.com.br\/pnld\/wp-json\/wp\/v2\/users\/1"}],"replies":[{"embeddable":true,"href":"https:\/\/projetoslayerup.com.br\/pnld\/wp-json\/wp\/v2\/comments?post=29"}],"version-history":[{"count":2,"href":"https:\/\/projetoslayerup.com.br\/pnld\/wp-json\/wp\/v2\/pages\/29\/revisions"}],"predecessor-version":[{"id":743,"href":"https:\/\/projetoslayerup.com.br\/pnld\/wp-json\/wp\/v2\/pages\/29\/revisions\/743"}],"wp:featuredmedia":[{"embeddable":true,"href":"https:\/\/projetoslayerup.com.br\/pnld\/wp-json\/wp\/v2\/media\/594"}],"wp:attachment":[{"href":"https:\/\/projetoslayerup.com.br\/pnld\/wp-json\/wp\/v2\/media?parent=29"}],"curies":[{"name":"wp","href":"https:\/\/api.w.org\/{rel}","templated":true}]}}