{"id":3,"date":"2023-03-16T18:18:07","date_gmt":"2023-03-16T18:18:07","guid":{"rendered":"https:\/\/projetoslayerup.com.br\/pnld-2026\/?page_id=3"},"modified":"2023-04-18T20:51:14","modified_gmt":"2023-04-18T20:51:14","slug":"politica-de-privacidade","status":"publish","type":"page","link":"https:\/\/projetoslayerup.com.br\/pnld\/politica-de-privacidade\/","title":{"rendered":"Pol\u00edtica de privacidade"},"content":{"rendered":"<p><script id=\"admindpo\" src=\"https:\/\/admindpo.grupo-sm.com\/dpoclient_v2.min.js\"data-baseurl=\"https:\/\/admindpo.grupo-sm.com\" data-sitename=\"grupo-sm-brasil\" data-document-type=\"politica-de-privacidad\" data-language=\"pt\"><span data-mce-type=\"bookmark\" style=\"display: inline-block; width: 0px; overflow: hidden; line-height: 0;\" class=\"mce_SELRES_start\">\ufeff<\/span><\/script><\/p>\n","protected":false},"excerpt":{"rendered":"","protected":false},"author":1,"featured_media":0,"parent":0,"menu_order":0,"comment_status":"closed","ping_status":"open","template":"","meta":{"_acf_changed":false,"inline_featured_image":false,"footnotes":""},"class_list":["post-3","page","type-page","status-publish","hentry"],"acf":[],"yoast_head":"<!-- This site is optimized with the Yoast SEO plugin v27.2 - https:\/\/yoast.com\/product\/yoast-seo-wordpress\/ -->\n<title>Pol\u00edtica de privacidade - PNLD 2026 Ensino M\u00e9dio<\/title>\n<meta name=\"description\" content=\"Leia a pol\u00edtica de privacidade do site da SM Educa\u00e7\u00e3o para o PNLD 2024, destinado aos Anos Finais do Ensino Fundamental.\" \/>\n<meta name=\"robots\" content=\"index, follow, max-snippet:-1, max-image-preview:large, max-video-preview:-1\" \/>\n<link rel=\"canonical\" href=\"https:\/\/projetoslayerup.com.br\/pnld\/politica-de-privacidade\/\" \/>\n<meta property=\"og:locale\" content=\"pt_BR\" \/>\n<meta property=\"og:type\" content=\"article\" \/>\n<meta property=\"og:title\" content=\"Pol\u00edtica de privacidade - PNLD 2026 Ensino M\u00e9dio\" \/>\n<meta property=\"og:description\" content=\"Leia a pol\u00edtica de privacidade do site da SM Educa\u00e7\u00e3o para o PNLD 2024, destinado aos Anos Finais do Ensino Fundamental.\" \/>\n<meta property=\"og:url\" content=\"https:\/\/projetoslayerup.com.br\/pnld\/politica-de-privacidade\/\" \/>\n<meta property=\"og:site_name\" content=\"PNLD 2026 Ensino M\u00e9dio\" \/>\n<meta property=\"article:modified_time\" content=\"2023-04-18T20:51:14+00:00\" \/>\n<meta property=\"og:image\" content=\"https:\/\/projetoslayerup.com.br\/pnld\/wp-content\/uploads\/2023\/04\/Captura-de-Tela-2023-04-20-as-17.31.40.png\" \/>\n\t<meta property=\"og:image:width\" content=\"709\" \/>\n\t<meta property=\"og:image:height\" content=\"312\" \/>\n\t<meta property=\"og:image:type\" content=\"image\/png\" \/>\n<meta name=\"twitter:card\" content=\"summary_large_image\" \/>\n<script type=\"application\/ld+json\" class=\"yoast-schema-graph\">{\"@context\":\"https:\/\/schema.org\",\"@graph\":[{\"@type\":\"WebPage\",\"@id\":\"https:\/\/projetoslayerup.com.br\/pnld\/politica-de-privacidade\/\",\"url\":\"https:\/\/projetoslayerup.com.br\/pnld\/politica-de-privacidade\/\",\"name\":\"Pol\u00edtica de privacidade - PNLD 2026 Ensino M\u00e9dio\",\"isPartOf\":{\"@id\":\"https:\/\/projetoslayerup.com.br\/pnld\/#website\"},\"datePublished\":\"2023-03-16T18:18:07+00:00\",\"dateModified\":\"2023-04-18T20:51:14+00:00\",\"description\":\"Leia a pol\u00edtica de privacidade do site da SM Educa\u00e7\u00e3o para o PNLD 2024, destinado aos Anos Finais do Ensino Fundamental.\",\"breadcrumb\":{\"@id\":\"https:\/\/projetoslayerup.com.br\/pnld\/politica-de-privacidade\/#breadcrumb\"},\"inLanguage\":\"pt-BR\",\"potentialAction\":[{\"@type\":\"ReadAction\",\"target\":[\"https:\/\/projetoslayerup.com.br\/pnld\/politica-de-privacidade\/\"]}]},{\"@type\":\"BreadcrumbList\",\"@id\":\"https:\/\/projetoslayerup.com.br\/pnld\/politica-de-privacidade\/#breadcrumb\",\"itemListElement\":[{\"@type\":\"ListItem\",\"position\":1,\"name\":\"In\u00edcio\",\"item\":\"https:\/\/projetoslayerup.com.br\/pnld\/\"},{\"@type\":\"ListItem\",\"position\":2,\"name\":\"Pol\u00edtica de privacidade\"}]},{\"@type\":\"WebSite\",\"@id\":\"https:\/\/projetoslayerup.com.br\/pnld\/#website\",\"url\":\"https:\/\/projetoslayerup.com.br\/pnld\/\",\"name\":\"PNLD 2026 Ensino M\u00e9dio\",\"description\":\"Quem usa, aprova!\",\"publisher\":{\"@id\":\"https:\/\/projetoslayerup.com.br\/pnld\/#organization\"},\"alternateName\":\"Quem conhece n\u00e3o troca! Escolha a SM Educa\u00e7\u00e3o no PNLD 2024\",\"potentialAction\":[{\"@type\":\"SearchAction\",\"target\":{\"@type\":\"EntryPoint\",\"urlTemplate\":\"https:\/\/projetoslayerup.com.br\/pnld\/?s={search_term_string}\"},\"query-input\":{\"@type\":\"PropertyValueSpecification\",\"valueRequired\":true,\"valueName\":\"search_term_string\"}}],\"inLanguage\":\"pt-BR\"},{\"@type\":\"Organization\",\"@id\":\"https:\/\/projetoslayerup.com.br\/pnld\/#organization\",\"name\":\"SM Educa\u00e7\u00e3o | PNLD 2024 ANOS FINAIS\",\"alternateName\":\"Quem conhece n\u00e3o troca! Escolha a SM Educa\u00e7\u00e3o\",\"url\":\"https:\/\/projetoslayerup.com.br\/pnld\/\",\"logo\":{\"@type\":\"ImageObject\",\"inLanguage\":\"pt-BR\",\"@id\":\"https:\/\/projetoslayerup.com.br\/pnld\/#\/schema\/logo\/image\/\",\"url\":\"https:\/\/projetoslayerup.com.br\/pnld-2026\/wp-content\/uploads\/2023\/04\/Captura-de-Tela-2023-04-20-as-17.26.36.png\",\"contentUrl\":\"https:\/\/projetoslayerup.com.br\/pnld-2026\/wp-content\/uploads\/2023\/04\/Captura-de-Tela-2023-04-20-as-17.26.36.png\",\"width\":177,\"height\":160,\"caption\":\"SM Educa\u00e7\u00e3o | PNLD 2024 ANOS FINAIS\"},\"image\":{\"@id\":\"https:\/\/projetoslayerup.com.br\/pnld\/#\/schema\/logo\/image\/\"}}]}<\/script>\n<!-- \/ Yoast SEO plugin. -->","yoast_head_json":{"title":"Pol\u00edtica de privacidade - PNLD 2026 Ensino M\u00e9dio","description":"Leia a pol\u00edtica de privacidade do site da SM Educa\u00e7\u00e3o para o PNLD 2024, destinado aos Anos Finais do Ensino Fundamental.","robots":{"index":"index","follow":"follow","max-snippet":"max-snippet:-1","max-image-preview":"max-image-preview:large","max-video-preview":"max-video-preview:-1"},"canonical":"https:\/\/projetoslayerup.com.br\/pnld\/politica-de-privacidade\/","og_locale":"pt_BR","og_type":"article","og_title":"Pol\u00edtica de privacidade - PNLD 2026 Ensino M\u00e9dio","og_description":"Leia a pol\u00edtica de privacidade do site da SM Educa\u00e7\u00e3o para o PNLD 2024, destinado aos Anos Finais do Ensino Fundamental.","og_url":"https:\/\/projetoslayerup.com.br\/pnld\/politica-de-privacidade\/","og_site_name":"PNLD 2026 Ensino M\u00e9dio","article_modified_time":"2023-04-18T20:51:14+00:00","og_image":[{"width":709,"height":312,"url":"https:\/\/projetoslayerup.com.br\/pnld\/wp-content\/uploads\/2023\/04\/Captura-de-Tela-2023-04-20-as-17.31.40.png","type":"image\/png"}],"twitter_card":"summary_large_image","schema":{"@context":"https:\/\/schema.org","@graph":[{"@type":"WebPage","@id":"https:\/\/projetoslayerup.com.br\/pnld\/politica-de-privacidade\/","url":"https:\/\/projetoslayerup.com.br\/pnld\/politica-de-privacidade\/","name":"Pol\u00edtica de privacidade - PNLD 2026 Ensino M\u00e9dio","isPartOf":{"@id":"https:\/\/projetoslayerup.com.br\/pnld\/#website"},"datePublished":"2023-03-16T18:18:07+00:00","dateModified":"2023-04-18T20:51:14+00:00","description":"Leia a pol\u00edtica de privacidade do site da SM Educa\u00e7\u00e3o para o PNLD 2024, destinado aos Anos Finais do Ensino Fundamental.","breadcrumb":{"@id":"https:\/\/projetoslayerup.com.br\/pnld\/politica-de-privacidade\/#breadcrumb"},"inLanguage":"pt-BR","potentialAction":[{"@type":"ReadAction","target":["https:\/\/projetoslayerup.com.br\/pnld\/politica-de-privacidade\/"]}]},{"@type":"BreadcrumbList","@id":"https:\/\/projetoslayerup.com.br\/pnld\/politica-de-privacidade\/#breadcrumb","itemListElement":[{"@type":"ListItem","position":1,"name":"In\u00edcio","item":"https:\/\/projetoslayerup.com.br\/pnld\/"},{"@type":"ListItem","position":2,"name":"Pol\u00edtica de privacidade"}]},{"@type":"WebSite","@id":"https:\/\/projetoslayerup.com.br\/pnld\/#website","url":"https:\/\/projetoslayerup.com.br\/pnld\/","name":"PNLD 2026 Ensino M\u00e9dio","description":"Quem usa, aprova!","publisher":{"@id":"https:\/\/projetoslayerup.com.br\/pnld\/#organization"},"alternateName":"Quem conhece n\u00e3o troca! Escolha a SM Educa\u00e7\u00e3o no PNLD 2024","potentialAction":[{"@type":"SearchAction","target":{"@type":"EntryPoint","urlTemplate":"https:\/\/projetoslayerup.com.br\/pnld\/?s={search_term_string}"},"query-input":{"@type":"PropertyValueSpecification","valueRequired":true,"valueName":"search_term_string"}}],"inLanguage":"pt-BR"},{"@type":"Organization","@id":"https:\/\/projetoslayerup.com.br\/pnld\/#organization","name":"SM Educa\u00e7\u00e3o | PNLD 2024 ANOS FINAIS","alternateName":"Quem conhece n\u00e3o troca! Escolha a SM Educa\u00e7\u00e3o","url":"https:\/\/projetoslayerup.com.br\/pnld\/","logo":{"@type":"ImageObject","inLanguage":"pt-BR","@id":"https:\/\/projetoslayerup.com.br\/pnld\/#\/schema\/logo\/image\/","url":"https:\/\/projetoslayerup.com.br\/pnld-2026\/wp-content\/uploads\/2023\/04\/Captura-de-Tela-2023-04-20-as-17.26.36.png","contentUrl":"https:\/\/projetoslayerup.com.br\/pnld-2026\/wp-content\/uploads\/2023\/04\/Captura-de-Tela-2023-04-20-as-17.26.36.png","width":177,"height":160,"caption":"SM Educa\u00e7\u00e3o | PNLD 2024 ANOS FINAIS"},"image":{"@id":"https:\/\/projetoslayerup.com.br\/pnld\/#\/schema\/logo\/image\/"}}]}},"_links":{"self":[{"href":"https:\/\/projetoslayerup.com.br\/pnld\/wp-json\/wp\/v2\/pages\/3","targetHints":{"allow":["GET"]}}],"collection":[{"href":"https:\/\/projetoslayerup.com.br\/pnld\/wp-json\/wp\/v2\/pages"}],"about":[{"href":"https:\/\/projetoslayerup.com.br\/pnld\/wp-json\/wp\/v2\/types\/page"}],"author":[{"embeddable":true,"href":"https:\/\/projetoslayerup.com.br\/pnld\/wp-json\/wp\/v2\/users\/1"}],"replies":[{"embeddable":true,"href":"https:\/\/projetoslayerup.com.br\/pnld\/wp-json\/wp\/v2\/comments?post=3"}],"version-history":[{"count":3,"href":"https:\/\/projetoslayerup.com.br\/pnld\/wp-json\/wp\/v2\/pages\/3\/revisions"}],"predecessor-version":[{"id":307,"href":"https:\/\/projetoslayerup.com.br\/pnld\/wp-json\/wp\/v2\/pages\/3\/revisions\/307"}],"wp:attachment":[{"href":"https:\/\/projetoslayerup.com.br\/pnld\/wp-json\/wp\/v2\/media?parent=3"}],"curies":[{"name":"wp","href":"https:\/\/api.w.org\/{rel}","templated":true}]}}