{"id":141,"date":"2023-02-03T11:24:33","date_gmt":"2023-02-03T14:24:33","guid":{"rendered":"https:\/\/projetoslayerup.com.br\/saocarlos\/?page_id=141"},"modified":"2023-05-19T15:58:27","modified_gmt":"2023-05-19T18:58:27","slug":"disponibilidades","status":"publish","type":"page","link":"https:\/\/projetoslayerup.com.br\/saocarlos\/disponibilidades\/","title":{"rendered":"Disponibilidade"},"content":{"rendered":"","protected":false},"excerpt":{"rendered":"","protected":false},"author":1,"featured_media":0,"parent":0,"menu_order":0,"comment_status":"closed","ping_status":"closed","template":"","meta":{"_acf_changed":false,"inline_featured_image":false,"footnotes":""},"class_list":["post-141","page","type-page","status-publish","hentry"],"acf":[],"yoast_head":"<!-- This site is optimized with the Yoast SEO plugin v27.2 - https:\/\/yoast.com\/product\/yoast-seo-wordpress\/ -->\n<title>S\u00e3o Carlos | Empreendimentos com disponibilidade<\/title>\n<meta name=\"description\" content=\"Confira os empreendimentos da S\u00e3o Carlos com disponibilidade e encontre aquele que melhor se ad\u00e9qua ao seu neg\u00f3cio.\" \/>\n<meta name=\"robots\" content=\"noindex, follow, max-snippet:-1, max-image-preview:large, max-video-preview:-1\" \/>\n<meta property=\"og:locale\" content=\"pt_BR\" \/>\n<meta property=\"og:type\" content=\"article\" \/>\n<meta property=\"og:title\" content=\"S\u00e3o Carlos | Empreendimentos com disponibilidade\" \/>\n<meta property=\"og:description\" content=\"Confira os empreendimentos da S\u00e3o Carlos com disponibilidade e encontre aquele que melhor se ad\u00e9qua ao seu neg\u00f3cio.\" \/>\n<meta property=\"og:url\" content=\"https:\/\/projetoslayerup.com.br\/saocarlos\/disponibilidades\/\" \/>\n<meta property=\"og:site_name\" content=\"S\u00e3o Carlos\" \/>\n<meta property=\"article:modified_time\" content=\"2023-05-19T18:58:27+00:00\" \/>\n<meta name=\"twitter:card\" content=\"summary_large_image\" \/>\n<script type=\"application\/ld+json\" class=\"yoast-schema-graph\">{\"@context\":\"https:\/\/schema.org\",\"@graph\":[{\"@type\":\"WebPage\",\"@id\":\"https:\/\/projetoslayerup.com.br\/saocarlos\/disponibilidades\/\",\"url\":\"https:\/\/projetoslayerup.com.br\/saocarlos\/disponibilidades\/\",\"name\":\"S\u00e3o Carlos | Empreendimentos com disponibilidade\",\"isPartOf\":{\"@id\":\"https:\/\/projetoslayerup.com.br\/saocarlos\/#website\"},\"datePublished\":\"2023-02-03T14:24:33+00:00\",\"dateModified\":\"2023-05-19T18:58:27+00:00\",\"description\":\"Confira os empreendimentos da S\u00e3o Carlos com disponibilidade e encontre aquele que melhor se ad\u00e9qua ao seu neg\u00f3cio.\",\"inLanguage\":\"pt-BR\",\"potentialAction\":[{\"@type\":\"ReadAction\",\"target\":[\"https:\/\/projetoslayerup.com.br\/saocarlos\/disponibilidades\/\"]}]},{\"@type\":\"WebSite\",\"@id\":\"https:\/\/projetoslayerup.com.br\/saocarlos\/#website\",\"url\":\"https:\/\/projetoslayerup.com.br\/saocarlos\/\",\"name\":\"S\u00e3o Carlos\",\"description\":\"Os melhores im\u00f3veis, nas melhores localiza\u00e7\u00f5es\",\"publisher\":{\"@id\":\"https:\/\/projetoslayerup.com.br\/saocarlos\/#organization\"},\"potentialAction\":[{\"@type\":\"SearchAction\",\"target\":{\"@type\":\"EntryPoint\",\"urlTemplate\":\"https:\/\/projetoslayerup.com.br\/saocarlos\/?s={search_term_string}\"},\"query-input\":{\"@type\":\"PropertyValueSpecification\",\"valueRequired\":true,\"valueName\":\"search_term_string\"}}],\"inLanguage\":\"pt-BR\"},{\"@type\":\"Organization\",\"@id\":\"https:\/\/projetoslayerup.com.br\/saocarlos\/#organization\",\"name\":\"S\u00e3o Carlos\",\"url\":\"https:\/\/projetoslayerup.com.br\/saocarlos\/\",\"logo\":{\"@type\":\"ImageObject\",\"inLanguage\":\"pt-BR\",\"@id\":\"https:\/\/projetoslayerup.com.br\/saocarlos\/#\/schema\/logo\/image\/\",\"url\":\"https:\/\/projetoslayerup.com.br\/saocarlos\/wp-content\/uploads\/2023\/08\/equipe.jpg\",\"contentUrl\":\"https:\/\/projetoslayerup.com.br\/saocarlos\/wp-content\/uploads\/2023\/08\/equipe.jpg\",\"width\":350,\"height\":168,\"caption\":\"S\u00e3o Carlos\"},\"image\":{\"@id\":\"https:\/\/projetoslayerup.com.br\/saocarlos\/#\/schema\/logo\/image\/\"}}]}<\/script>\n<!-- \/ Yoast SEO plugin. -->","yoast_head_json":{"title":"S\u00e3o Carlos | Empreendimentos com disponibilidade","description":"Confira os empreendimentos da S\u00e3o Carlos com disponibilidade e encontre aquele que melhor se ad\u00e9qua ao seu neg\u00f3cio.","robots":{"index":"noindex","follow":"follow","max-snippet":"max-snippet:-1","max-image-preview":"max-image-preview:large","max-video-preview":"max-video-preview:-1"},"og_locale":"pt_BR","og_type":"article","og_title":"S\u00e3o Carlos | Empreendimentos com disponibilidade","og_description":"Confira os empreendimentos da S\u00e3o Carlos com disponibilidade e encontre aquele que melhor se ad\u00e9qua ao seu neg\u00f3cio.","og_url":"https:\/\/projetoslayerup.com.br\/saocarlos\/disponibilidades\/","og_site_name":"S\u00e3o Carlos","article_modified_time":"2023-05-19T18:58:27+00:00","twitter_card":"summary_large_image","schema":{"@context":"https:\/\/schema.org","@graph":[{"@type":"WebPage","@id":"https:\/\/projetoslayerup.com.br\/saocarlos\/disponibilidades\/","url":"https:\/\/projetoslayerup.com.br\/saocarlos\/disponibilidades\/","name":"S\u00e3o Carlos | Empreendimentos com disponibilidade","isPartOf":{"@id":"https:\/\/projetoslayerup.com.br\/saocarlos\/#website"},"datePublished":"2023-02-03T14:24:33+00:00","dateModified":"2023-05-19T18:58:27+00:00","description":"Confira os empreendimentos da S\u00e3o Carlos com disponibilidade e encontre aquele que melhor se ad\u00e9qua ao seu neg\u00f3cio.","inLanguage":"pt-BR","potentialAction":[{"@type":"ReadAction","target":["https:\/\/projetoslayerup.com.br\/saocarlos\/disponibilidades\/"]}]},{"@type":"WebSite","@id":"https:\/\/projetoslayerup.com.br\/saocarlos\/#website","url":"https:\/\/projetoslayerup.com.br\/saocarlos\/","name":"S\u00e3o Carlos","description":"Os melhores im\u00f3veis, nas melhores localiza\u00e7\u00f5es","publisher":{"@id":"https:\/\/projetoslayerup.com.br\/saocarlos\/#organization"},"potentialAction":[{"@type":"SearchAction","target":{"@type":"EntryPoint","urlTemplate":"https:\/\/projetoslayerup.com.br\/saocarlos\/?s={search_term_string}"},"query-input":{"@type":"PropertyValueSpecification","valueRequired":true,"valueName":"search_term_string"}}],"inLanguage":"pt-BR"},{"@type":"Organization","@id":"https:\/\/projetoslayerup.com.br\/saocarlos\/#organization","name":"S\u00e3o Carlos","url":"https:\/\/projetoslayerup.com.br\/saocarlos\/","logo":{"@type":"ImageObject","inLanguage":"pt-BR","@id":"https:\/\/projetoslayerup.com.br\/saocarlos\/#\/schema\/logo\/image\/","url":"https:\/\/projetoslayerup.com.br\/saocarlos\/wp-content\/uploads\/2023\/08\/equipe.jpg","contentUrl":"https:\/\/projetoslayerup.com.br\/saocarlos\/wp-content\/uploads\/2023\/08\/equipe.jpg","width":350,"height":168,"caption":"S\u00e3o Carlos"},"image":{"@id":"https:\/\/projetoslayerup.com.br\/saocarlos\/#\/schema\/logo\/image\/"}}]}},"_links":{"self":[{"href":"https:\/\/projetoslayerup.com.br\/saocarlos\/wp-json\/wp\/v2\/pages\/141","targetHints":{"allow":["GET"]}}],"collection":[{"href":"https:\/\/projetoslayerup.com.br\/saocarlos\/wp-json\/wp\/v2\/pages"}],"about":[{"href":"https:\/\/projetoslayerup.com.br\/saocarlos\/wp-json\/wp\/v2\/types\/page"}],"author":[{"embeddable":true,"href":"https:\/\/projetoslayerup.com.br\/saocarlos\/wp-json\/wp\/v2\/users\/1"}],"replies":[{"embeddable":true,"href":"https:\/\/projetoslayerup.com.br\/saocarlos\/wp-json\/wp\/v2\/comments?post=141"}],"version-history":[{"count":1,"href":"https:\/\/projetoslayerup.com.br\/saocarlos\/wp-json\/wp\/v2\/pages\/141\/revisions"}],"predecessor-version":[{"id":142,"href":"https:\/\/projetoslayerup.com.br\/saocarlos\/wp-json\/wp\/v2\/pages\/141\/revisions\/142"}],"wp:attachment":[{"href":"https:\/\/projetoslayerup.com.br\/saocarlos\/wp-json\/wp\/v2\/media?parent=141"}],"curies":[{"name":"wp","href":"https:\/\/api.w.org\/{rel}","templated":true}]}}