{"id":97,"date":"2023-02-02T10:13:10","date_gmt":"2023-02-02T13:13:10","guid":{"rendered":"https:\/\/projetoslayerup.com.br\/saocarlos\/?page_id=97"},"modified":"2025-09-09T10:12:05","modified_gmt":"2025-09-09T13:12:05","slug":"quem-somos","status":"publish","type":"page","link":"https:\/\/projetoslayerup.com.br\/saocarlos\/quem-somos\/","title":{"rendered":"Quem somos"},"content":{"rendered":"","protected":false},"excerpt":{"rendered":"","protected":false},"author":1,"featured_media":0,"parent":0,"menu_order":0,"comment_status":"closed","ping_status":"closed","template":"quem-somos.php","meta":{"_acf_changed":false,"inline_featured_image":false,"footnotes":""},"class_list":["post-97","page","type-page","status-publish","hentry"],"acf":[],"yoast_head":"<!-- This site is optimized with the Yoast SEO plugin v27.2 - https:\/\/yoast.com\/product\/yoast-seo-wordpress\/ -->\n<title>S\u00e3o Carlos | Conhe\u00e7a a nossa hist\u00f3ria e prop\u00f3sito<\/title>\n<meta name=\"description\" content=\"H\u00e1 mais de 20 anos proporcionamos o lugar ideal para os nossos clientes. Venha saber mais sobre o prop\u00f3sito da S\u00e3o Carlos.\" \/>\n<meta name=\"robots\" content=\"noindex, follow, max-snippet:-1, max-image-preview:large, max-video-preview:-1\" \/>\n<meta property=\"og:locale\" content=\"pt_BR\" \/>\n<meta property=\"og:type\" content=\"article\" \/>\n<meta property=\"og:title\" content=\"S\u00e3o Carlos | Conhe\u00e7a a nossa hist\u00f3ria e prop\u00f3sito\" \/>\n<meta property=\"og:description\" content=\"H\u00e1 mais de 20 anos proporcionamos o lugar ideal para os nossos clientes. Venha saber mais sobre o prop\u00f3sito da S\u00e3o Carlos.\" \/>\n<meta property=\"og:url\" content=\"https:\/\/projetoslayerup.com.br\/saocarlos\/quem-somos\/\" \/>\n<meta property=\"og:site_name\" content=\"S\u00e3o Carlos\" \/>\n<meta property=\"article:modified_time\" content=\"2025-09-09T13:12:05+00:00\" \/>\n<meta name=\"twitter:card\" content=\"summary_large_image\" \/>\n<script type=\"application\/ld+json\" class=\"yoast-schema-graph\">{\"@context\":\"https:\/\/schema.org\",\"@graph\":[{\"@type\":\"WebPage\",\"@id\":\"https:\/\/projetoslayerup.com.br\/saocarlos\/quem-somos\/\",\"url\":\"https:\/\/projetoslayerup.com.br\/saocarlos\/quem-somos\/\",\"name\":\"S\u00e3o Carlos | Conhe\u00e7a a nossa hist\u00f3ria e prop\u00f3sito\",\"isPartOf\":{\"@id\":\"https:\/\/projetoslayerup.com.br\/saocarlos\/#website\"},\"datePublished\":\"2023-02-02T13:13:10+00:00\",\"dateModified\":\"2025-09-09T13:12:05+00:00\",\"description\":\"H\u00e1 mais de 20 anos proporcionamos o lugar ideal para os nossos clientes. Venha saber mais sobre o prop\u00f3sito da S\u00e3o Carlos.\",\"inLanguage\":\"pt-BR\",\"potentialAction\":[{\"@type\":\"ReadAction\",\"target\":[\"https:\/\/projetoslayerup.com.br\/saocarlos\/quem-somos\/\"]}]},{\"@type\":\"WebSite\",\"@id\":\"https:\/\/projetoslayerup.com.br\/saocarlos\/#website\",\"url\":\"https:\/\/projetoslayerup.com.br\/saocarlos\/\",\"name\":\"S\u00e3o Carlos\",\"description\":\"Os melhores im\u00f3veis, nas melhores localiza\u00e7\u00f5es\",\"publisher\":{\"@id\":\"https:\/\/projetoslayerup.com.br\/saocarlos\/#organization\"},\"potentialAction\":[{\"@type\":\"SearchAction\",\"target\":{\"@type\":\"EntryPoint\",\"urlTemplate\":\"https:\/\/projetoslayerup.com.br\/saocarlos\/?s={search_term_string}\"},\"query-input\":{\"@type\":\"PropertyValueSpecification\",\"valueRequired\":true,\"valueName\":\"search_term_string\"}}],\"inLanguage\":\"pt-BR\"},{\"@type\":\"Organization\",\"@id\":\"https:\/\/projetoslayerup.com.br\/saocarlos\/#organization\",\"name\":\"S\u00e3o Carlos\",\"url\":\"https:\/\/projetoslayerup.com.br\/saocarlos\/\",\"logo\":{\"@type\":\"ImageObject\",\"inLanguage\":\"pt-BR\",\"@id\":\"https:\/\/projetoslayerup.com.br\/saocarlos\/#\/schema\/logo\/image\/\",\"url\":\"https:\/\/projetoslayerup.com.br\/saocarlos\/wp-content\/uploads\/2023\/08\/equipe.jpg\",\"contentUrl\":\"https:\/\/projetoslayerup.com.br\/saocarlos\/wp-content\/uploads\/2023\/08\/equipe.jpg\",\"width\":350,\"height\":168,\"caption\":\"S\u00e3o Carlos\"},\"image\":{\"@id\":\"https:\/\/projetoslayerup.com.br\/saocarlos\/#\/schema\/logo\/image\/\"}}]}<\/script>\n<!-- \/ Yoast SEO plugin. -->","yoast_head_json":{"title":"S\u00e3o Carlos | Conhe\u00e7a a nossa hist\u00f3ria e prop\u00f3sito","description":"H\u00e1 mais de 20 anos proporcionamos o lugar ideal para os nossos clientes. Venha saber mais sobre o prop\u00f3sito da S\u00e3o Carlos.","robots":{"index":"noindex","follow":"follow","max-snippet":"max-snippet:-1","max-image-preview":"max-image-preview:large","max-video-preview":"max-video-preview:-1"},"og_locale":"pt_BR","og_type":"article","og_title":"S\u00e3o Carlos | Conhe\u00e7a a nossa hist\u00f3ria e prop\u00f3sito","og_description":"H\u00e1 mais de 20 anos proporcionamos o lugar ideal para os nossos clientes. Venha saber mais sobre o prop\u00f3sito da S\u00e3o Carlos.","og_url":"https:\/\/projetoslayerup.com.br\/saocarlos\/quem-somos\/","og_site_name":"S\u00e3o Carlos","article_modified_time":"2025-09-09T13:12:05+00:00","twitter_card":"summary_large_image","schema":{"@context":"https:\/\/schema.org","@graph":[{"@type":"WebPage","@id":"https:\/\/projetoslayerup.com.br\/saocarlos\/quem-somos\/","url":"https:\/\/projetoslayerup.com.br\/saocarlos\/quem-somos\/","name":"S\u00e3o Carlos | Conhe\u00e7a a nossa hist\u00f3ria e prop\u00f3sito","isPartOf":{"@id":"https:\/\/projetoslayerup.com.br\/saocarlos\/#website"},"datePublished":"2023-02-02T13:13:10+00:00","dateModified":"2025-09-09T13:12:05+00:00","description":"H\u00e1 mais de 20 anos proporcionamos o lugar ideal para os nossos clientes. Venha saber mais sobre o prop\u00f3sito da S\u00e3o Carlos.","inLanguage":"pt-BR","potentialAction":[{"@type":"ReadAction","target":["https:\/\/projetoslayerup.com.br\/saocarlos\/quem-somos\/"]}]},{"@type":"WebSite","@id":"https:\/\/projetoslayerup.com.br\/saocarlos\/#website","url":"https:\/\/projetoslayerup.com.br\/saocarlos\/","name":"S\u00e3o Carlos","description":"Os melhores im\u00f3veis, nas melhores localiza\u00e7\u00f5es","publisher":{"@id":"https:\/\/projetoslayerup.com.br\/saocarlos\/#organization"},"potentialAction":[{"@type":"SearchAction","target":{"@type":"EntryPoint","urlTemplate":"https:\/\/projetoslayerup.com.br\/saocarlos\/?s={search_term_string}"},"query-input":{"@type":"PropertyValueSpecification","valueRequired":true,"valueName":"search_term_string"}}],"inLanguage":"pt-BR"},{"@type":"Organization","@id":"https:\/\/projetoslayerup.com.br\/saocarlos\/#organization","name":"S\u00e3o Carlos","url":"https:\/\/projetoslayerup.com.br\/saocarlos\/","logo":{"@type":"ImageObject","inLanguage":"pt-BR","@id":"https:\/\/projetoslayerup.com.br\/saocarlos\/#\/schema\/logo\/image\/","url":"https:\/\/projetoslayerup.com.br\/saocarlos\/wp-content\/uploads\/2023\/08\/equipe.jpg","contentUrl":"https:\/\/projetoslayerup.com.br\/saocarlos\/wp-content\/uploads\/2023\/08\/equipe.jpg","width":350,"height":168,"caption":"S\u00e3o Carlos"},"image":{"@id":"https:\/\/projetoslayerup.com.br\/saocarlos\/#\/schema\/logo\/image\/"}}]}},"_links":{"self":[{"href":"https:\/\/projetoslayerup.com.br\/saocarlos\/wp-json\/wp\/v2\/pages\/97","targetHints":{"allow":["GET"]}}],"collection":[{"href":"https:\/\/projetoslayerup.com.br\/saocarlos\/wp-json\/wp\/v2\/pages"}],"about":[{"href":"https:\/\/projetoslayerup.com.br\/saocarlos\/wp-json\/wp\/v2\/types\/page"}],"author":[{"embeddable":true,"href":"https:\/\/projetoslayerup.com.br\/saocarlos\/wp-json\/wp\/v2\/users\/1"}],"replies":[{"embeddable":true,"href":"https:\/\/projetoslayerup.com.br\/saocarlos\/wp-json\/wp\/v2\/comments?post=97"}],"version-history":[{"count":38,"href":"https:\/\/projetoslayerup.com.br\/saocarlos\/wp-json\/wp\/v2\/pages\/97\/revisions"}],"predecessor-version":[{"id":989,"href":"https:\/\/projetoslayerup.com.br\/saocarlos\/wp-json\/wp\/v2\/pages\/97\/revisions\/989"}],"wp:attachment":[{"href":"https:\/\/projetoslayerup.com.br\/saocarlos\/wp-json\/wp\/v2\/media?parent=97"}],"curies":[{"name":"wp","href":"https:\/\/api.w.org\/{rel}","templated":true}]}}