{"id":133,"date":"2021-05-31T11:10:18","date_gmt":"2021-05-31T14:10:18","guid":{"rendered":"https:\/\/projetoslayerup.com.br\/sm-institucional\/\/?page_id=133"},"modified":"2023-02-06T15:40:00","modified_gmt":"2023-02-06T18:40:00","slug":"gestao-escolar","status":"publish","type":"page","link":"https:\/\/projetoslayerup.com.br\/sm-institucional\/gestao-escolar\/","title":{"rendered":"Gest\u00e3o"},"content":{"rendered":"\r\n\n<div class=\"wpcf7 no-js\" id=\"wpcf7-f5439-o1\" lang=\"pt-BR\" dir=\"ltr\" data-wpcf7-id=\"5439\">\n<div class=\"screen-reader-response\"><p role=\"status\" aria-live=\"polite\" aria-atomic=\"true\"><\/p> <ul><\/ul><\/div>\n<form action=\"\/sm-institucional\/wp-json\/wp\/v2\/pages\/133#wpcf7-f5439-o1\" method=\"post\" class=\"wpcf7-form init\" name=\"emcontato-gestao-escolar-2021-smem\" aria-label=\"Formul\u00e1rios de contato\" novalidate=\"novalidate\" data-status=\"init\">\n<fieldset class=\"hidden-fields-container\"><input type=\"hidden\" name=\"_wpcf7\" value=\"5439\" \/><input type=\"hidden\" name=\"_wpcf7_version\" value=\"6.1.2\" \/><input type=\"hidden\" name=\"_wpcf7_locale\" value=\"pt_BR\" \/><input type=\"hidden\" name=\"_wpcf7_unit_tag\" value=\"wpcf7-f5439-o1\" \/><input type=\"hidden\" name=\"_wpcf7_container_post\" value=\"0\" \/><input type=\"hidden\" name=\"_wpcf7_posted_data_hash\" value=\"\" \/>\n<\/fieldset>\n<p><label><span class=\"wpcf7-form-control-wrap\" data-name=\"your-name\"><input size=\"40\" maxlength=\"400\" class=\"wpcf7-form-control wpcf7-text wpcf7-validates-as-required required\" aria-required=\"true\" aria-invalid=\"false\" placeholder=\"Nome\" value=\"\" type=\"text\" name=\"your-name\" \/><\/span><\/label><br \/>\n<label><span class=\"wpcf7-form-control-wrap\" data-name=\"your-email\"><input size=\"40\" maxlength=\"400\" class=\"wpcf7-form-control wpcf7-email wpcf7-validates-as-required wpcf7-text wpcf7-validates-as-email required\" aria-required=\"true\" aria-invalid=\"false\" placeholder=\"E-mail\" value=\"\" type=\"email\" name=\"your-email\" \/><\/span><\/label><br \/>\n<label><span class=\"wpcf7-form-control-wrap\" data-name=\"your-telefone\"><input size=\"40\" maxlength=\"400\" class=\"wpcf7-form-control wpcf7-text wpcf7-validates-as-required required\" aria-required=\"true\" aria-invalid=\"false\" placeholder=\"Telefone\" value=\"\" type=\"text\" name=\"your-telefone\" \/><\/span><\/label><br \/>\n<label><span class=\"wpcf7-form-control-wrap\" data-name=\"contato-cargo\"><select class=\"wpcf7-form-control wpcf7-select wpcf7-validates-as-required required\" aria-required=\"true\" aria-invalid=\"false\" name=\"contato-cargo\"><option value=\"Cargo\">Cargo<\/option><option value=\"Diretor e Mantenedor\">Diretor e Mantenedor<\/option><option value=\"Coordenador\">Coordenador<\/option><option value=\"Professor\">Professor<\/option><option value=\"Aluno\">Aluno<\/option><option value=\"Pai ou respons\u00e1vel\">Pai ou respons\u00e1vel<\/option><option value=\"Outro\">Outro<\/option><\/select><\/span><\/label><br \/>\n<label><span class=\"wpcf7-form-control-wrap\" data-name=\"contato-estado\"><input size=\"40\" maxlength=\"400\" class=\"wpcf7-form-control wpcf7-text wpcf7-validates-as-required required\" aria-required=\"true\" aria-invalid=\"false\" placeholder=\"Estado\" value=\"\" type=\"text\" name=\"contato-estado\" \/><\/span><\/label><br \/>\n<label><span class=\"wpcf7-form-control-wrap\" data-name=\"contato-segmento-escola\"><select class=\"wpcf7-form-control wpcf7-select wpcf7-validates-as-required required\" aria-required=\"true\" aria-invalid=\"false\" name=\"contato-segmento-escola\"><option value=\"Segmento escolar\">Segmento escolar<\/option><option value=\"Escola P\u00fablica\">Escola P\u00fablica<\/option><option value=\"Escola Particular\">Escola Particular<\/option><option value=\"Secretaria de Educa\u00e7\u00e3o\">Secretaria de Educa\u00e7\u00e3o<\/option><option value=\"Nenhuma\">Nenhuma<\/option><\/select><\/span><\/label><br \/>\n<label><span class=\"wpcf7-form-control-wrap\" data-name=\"contato-nome-instituicao\"><input size=\"40\" maxlength=\"400\" class=\"wpcf7-form-control wpcf7-text wpcf7-validates-as-required required\" aria-required=\"true\" aria-invalid=\"false\" placeholder=\"Nome da institui\u00e7\u00e3o\" value=\"\" type=\"text\" name=\"contato-nome-instituicao\" \/><\/span><\/label><br \/>\n<label><span class=\"wpcf7-form-control-wrap\" data-name=\"your-subject\"><select class=\"wpcf7-form-control wpcf7-select wpcf7-validates-as-required required\" aria-required=\"true\" aria-invalid=\"false\" name=\"your-subject\"><option value=\"Assunto\">Assunto<\/option><option value=\"Assessoria Pedag\u00f3gica\">Assessoria Pedag\u00f3gica<\/option><option value=\"Consultoria Comercial\">Consultoria Comercial<\/option><option value=\"Como comprar\">Como comprar<\/option><option value=\"Compra de livros - acessibilidade\">Compra de livros - acessibilidade<\/option><option value=\"Solicitar exemplar\">Solicitar exemplar<\/option><option value=\"Sugest\u00f5es e elogios\">Sugest\u00f5es e elogios<\/option><option value=\"Trabalhe Conosco\">Trabalhe Conosco<\/option><option value=\"Outros\">Outros<\/option><\/select><\/span><\/label><br \/>\n<label><span class=\"wpcf7-form-control-wrap\" data-name=\"your-message\"><textarea cols=\"40\" rows=\"10\" maxlength=\"2000\" class=\"wpcf7-form-control wpcf7-textarea\" aria-invalid=\"false\" placeholder=\"Mensagem\" name=\"your-message\"><\/textarea><\/span><\/label><br \/>\n<label><span class=\"wpcf7-form-control-wrap\" data-name=\"acceptance-767\"><span class=\"wpcf7-form-control wpcf7-acceptance\"><span class=\"wpcf7-list-item\"><label><input type=\"checkbox\" name=\"acceptance-767\" value=\"1\" aria-invalid=\"false\" \/><span class=\"wpcf7-list-item-label\">Declaro que li e estou de acordo com a <a href=\"https:\/\/projetoslayerup.com.br\/sm-institucional\/privacy\/PO001EDUCADORES_LRDS.pdf\" target=\"_blank\" rel=\"noopener noreferrer\">pol\u00edtica de privacidade<\/a><\/span><\/label><\/span><\/span><\/span><\/label><br \/>\n<label><span class=\"wpcf7-form-control-wrap\" data-name=\"acceptance-768\"><span class=\"wpcf7-form-control wpcf7-acceptance optional\"><span class=\"wpcf7-list-item\"><label><input type=\"checkbox\" name=\"acceptance-768\" value=\"1\" aria-invalid=\"false\" \/><span class=\"wpcf7-list-item-label\">N\u00e3o desejo receber comunica\u00e7\u00f5es comerciais do Grupo SM.<\/span><\/label><\/span><\/span><\/span><\/label><br \/>\n<label><input class=\"wpcf7-form-control wpcf7-submit has-spinner\" type=\"submit\" value=\"enviar\" \/><\/label>\n<\/p><div class=\"wpcf7-response-output\" aria-hidden=\"true\"><\/div>\n<\/form>\n<\/div>\n\r\n<div style='text-align:center' class='yasr-auto-insert-visitor'><\/div>","protected":false},"excerpt":{"rendered":"","protected":false},"author":7,"featured_media":0,"parent":0,"menu_order":0,"comment_status":"closed","ping_status":"closed","template":"page-templates\/gestao.php","meta":{"_acf_changed":false,"inline_featured_image":false,"yasr_overall_rating":0,"yasr_post_is_review":"","yasr_auto_insert_disabled":"","yasr_review_type":"BlogPosting","footnotes":""},"class_list":["post-133","page","type-page","status-publish","hentry"],"acf":[],"yoast_head":"<!-- This site is optimized with the Yoast SEO plugin v27.4 - https:\/\/yoast.com\/product\/yoast-seo-wordpress\/ -->\n<title>Gest\u00e3o - SM Educa\u00e7\u00e3o<\/title>\n<meta name=\"description\" content=\"Educamos Gest\u00e3o \u00e9 um conjunto de solu\u00e7\u00f5es digitais para todos os processos gerenciais da escola, reunidas em uma plataforma inovadora.\" \/>\n<meta name=\"robots\" content=\"index, follow, max-snippet:-1, max-image-preview:large, max-video-preview:-1\" \/>\n<link rel=\"canonical\" href=\"https:\/\/projetoslayerup.com.br\/sm-institucional\/gestao-escolar\/\" \/>\n<meta property=\"og:locale\" content=\"pt_BR\" \/>\n<meta property=\"og:type\" content=\"article\" \/>\n<meta property=\"og:title\" content=\"Gest\u00e3o - SM Educa\u00e7\u00e3o\" \/>\n<meta property=\"og:description\" content=\"Educamos Gest\u00e3o \u00e9 um conjunto de solu\u00e7\u00f5es digitais para todos os processos gerenciais da escola, reunidas em uma plataforma inovadora.\" \/>\n<meta property=\"og:url\" content=\"https:\/\/projetoslayerup.com.br\/sm-institucional\/gestao-escolar\/\" \/>\n<meta property=\"og:site_name\" content=\"SM Educa\u00e7\u00e3o\" \/>\n<meta property=\"article:publisher\" content=\"https:\/\/www.facebook.com\/SMEducacao\/\" \/>\n<meta property=\"article:modified_time\" content=\"2023-02-06T18:40:00+00:00\" \/>\n<meta property=\"og:image\" content=\"https:\/\/projetoslayerup.com.br\/sm-institucional\/wp-content\/uploads\/2022\/06\/HEADER.png\" \/>\n\t<meta property=\"og:image:width\" content=\"1200\" \/>\n\t<meta property=\"og:image:height\" content=\"803\" \/>\n\t<meta property=\"og:image:type\" content=\"image\/png\" \/>\n<meta name=\"twitter:card\" content=\"summary_large_image\" \/>\n<meta name=\"twitter:label1\" content=\"Est. tempo de leitura\" \/>\n\t<meta name=\"twitter:data1\" content=\"1 minuto\" \/>\n<script type=\"application\/ld+json\" class=\"yoast-schema-graph\">{\"@context\":\"https:\\\/\\\/schema.org\",\"@graph\":[{\"@type\":\"WebPage\",\"@id\":\"https:\\\/\\\/projetoslayerup.com.br\\\/sm-institucional\\\/gestao-escolar\\\/\",\"url\":\"https:\\\/\\\/projetoslayerup.com.br\\\/sm-institucional\\\/gestao-escolar\\\/\",\"name\":\"Gest\u00e3o - SM Educa\u00e7\u00e3o\",\"isPartOf\":{\"@id\":\"https:\\\/\\\/projetoslayerup.com.br\\\/sm-institucional\\\/#website\"},\"datePublished\":\"2021-05-31T14:10:18+00:00\",\"dateModified\":\"2023-02-06T18:40:00+00:00\",\"description\":\"Educamos Gest\u00e3o \u00e9 um conjunto de solu\u00e7\u00f5es digitais para todos os processos gerenciais da escola, reunidas em uma plataforma inovadora.\",\"inLanguage\":\"pt-BR\",\"potentialAction\":[{\"@type\":\"ReadAction\",\"target\":[\"https:\\\/\\\/projetoslayerup.com.br\\\/sm-institucional\\\/gestao-escolar\\\/\"]}]},{\"@type\":\"WebSite\",\"@id\":\"https:\\\/\\\/projetoslayerup.com.br\\\/sm-institucional\\\/#website\",\"url\":\"https:\\\/\\\/projetoslayerup.com.br\\\/sm-institucional\\\/\",\"name\":\"SM Educa\u00e7\u00e3o\",\"description\":\"Juntos cuidamos da educa\u00e7\u00e3o!\",\"publisher\":{\"@id\":\"https:\\\/\\\/projetoslayerup.com.br\\\/sm-institucional\\\/#organization\"},\"alternateName\":\"SM Educa\u00e7\u00e3o | Juntos cuidamos da Educa\u00e7\u00e3o\",\"potentialAction\":[{\"@type\":\"SearchAction\",\"target\":{\"@type\":\"EntryPoint\",\"urlTemplate\":\"https:\\\/\\\/projetoslayerup.com.br\\\/sm-institucional\\\/?s={search_term_string}\"},\"query-input\":{\"@type\":\"PropertyValueSpecification\",\"valueRequired\":true,\"valueName\":\"search_term_string\"}}],\"inLanguage\":\"pt-BR\"},{\"@type\":\"Organization\",\"@id\":\"https:\\\/\\\/projetoslayerup.com.br\\\/sm-institucional\\\/#organization\",\"name\":\"SM Educa\u00e7\u00e3o | Juntos cuidamos da Educa\u00e7\u00e3o\",\"alternateName\":\"SM Educa\u00e7\u00e3o | A Educa\u00e7\u00e3o nos Move\",\"url\":\"https:\\\/\\\/projetoslayerup.com.br\\\/sm-institucional\\\/\",\"logo\":{\"@type\":\"ImageObject\",\"inLanguage\":\"pt-BR\",\"@id\":\"https:\\\/\\\/projetoslayerup.com.br\\\/sm-institucional\\\/#\\\/schema\\\/logo\\\/image\\\/\",\"url\":\"https:\\\/\\\/projetoslayerup.com.br\\\/sm-institucional\\\/wp-content\\\/uploads\\\/2018\\\/07\\\/cropped-LogoSM_Color.png\",\"contentUrl\":\"https:\\\/\\\/projetoslayerup.com.br\\\/sm-institucional\\\/wp-content\\\/uploads\\\/2018\\\/07\\\/cropped-LogoSM_Color.png\",\"width\":512,\"height\":512,\"caption\":\"SM Educa\u00e7\u00e3o | Juntos cuidamos da Educa\u00e7\u00e3o\"},\"image\":{\"@id\":\"https:\\\/\\\/projetoslayerup.com.br\\\/sm-institucional\\\/#\\\/schema\\\/logo\\\/image\\\/\"},\"sameAs\":[\"https:\\\/\\\/www.facebook.com\\\/SMEducacao\\\/\",\"https:\\\/\\\/www.instagram.com\\\/smeducacao\\\/\",\"https:\\\/\\\/www.linkedin.com\\\/company\\\/sm-educacao\\\/\",\"https:\\\/\\\/www.youtube.com\\\/user\\\/edicoessm\"]},false]}<\/script>\n<!-- \/ Yoast SEO plugin. -->","yoast_head_json":{"title":"Gest\u00e3o - SM Educa\u00e7\u00e3o","description":"Educamos Gest\u00e3o \u00e9 um conjunto de solu\u00e7\u00f5es digitais para todos os processos gerenciais da escola, reunidas em uma plataforma inovadora.","robots":{"index":"index","follow":"follow","max-snippet":"max-snippet:-1","max-image-preview":"max-image-preview:large","max-video-preview":"max-video-preview:-1"},"canonical":"https:\/\/projetoslayerup.com.br\/sm-institucional\/gestao-escolar\/","og_locale":"pt_BR","og_type":"article","og_title":"Gest\u00e3o - SM Educa\u00e7\u00e3o","og_description":"Educamos Gest\u00e3o \u00e9 um conjunto de solu\u00e7\u00f5es digitais para todos os processos gerenciais da escola, reunidas em uma plataforma inovadora.","og_url":"https:\/\/projetoslayerup.com.br\/sm-institucional\/gestao-escolar\/","og_site_name":"SM Educa\u00e7\u00e3o","article_publisher":"https:\/\/www.facebook.com\/SMEducacao\/","article_modified_time":"2023-02-06T18:40:00+00:00","og_image":[{"width":1200,"height":803,"url":"https:\/\/projetoslayerup.com.br\/sm-institucional\/wp-content\/uploads\/2022\/06\/HEADER.png","type":"image\/png"}],"twitter_card":"summary_large_image","twitter_misc":{"Est. tempo de leitura":"1 minuto"},"schema":{"@context":"https:\/\/schema.org","@graph":[{"@type":"WebPage","@id":"https:\/\/projetoslayerup.com.br\/sm-institucional\/gestao-escolar\/","url":"https:\/\/projetoslayerup.com.br\/sm-institucional\/gestao-escolar\/","name":"Gest\u00e3o - SM Educa\u00e7\u00e3o","isPartOf":{"@id":"https:\/\/projetoslayerup.com.br\/sm-institucional\/#website"},"datePublished":"2021-05-31T14:10:18+00:00","dateModified":"2023-02-06T18:40:00+00:00","description":"Educamos Gest\u00e3o \u00e9 um conjunto de solu\u00e7\u00f5es digitais para todos os processos gerenciais da escola, reunidas em uma plataforma inovadora.","inLanguage":"pt-BR","potentialAction":[{"@type":"ReadAction","target":["https:\/\/projetoslayerup.com.br\/sm-institucional\/gestao-escolar\/"]}]},{"@type":"WebSite","@id":"https:\/\/projetoslayerup.com.br\/sm-institucional\/#website","url":"https:\/\/projetoslayerup.com.br\/sm-institucional\/","name":"SM Educa\u00e7\u00e3o","description":"Juntos cuidamos da educa\u00e7\u00e3o!","publisher":{"@id":"https:\/\/projetoslayerup.com.br\/sm-institucional\/#organization"},"alternateName":"SM Educa\u00e7\u00e3o | Juntos cuidamos da Educa\u00e7\u00e3o","potentialAction":[{"@type":"SearchAction","target":{"@type":"EntryPoint","urlTemplate":"https:\/\/projetoslayerup.com.br\/sm-institucional\/?s={search_term_string}"},"query-input":{"@type":"PropertyValueSpecification","valueRequired":true,"valueName":"search_term_string"}}],"inLanguage":"pt-BR"},{"@type":"Organization","@id":"https:\/\/projetoslayerup.com.br\/sm-institucional\/#organization","name":"SM Educa\u00e7\u00e3o | Juntos cuidamos da Educa\u00e7\u00e3o","alternateName":"SM Educa\u00e7\u00e3o | A Educa\u00e7\u00e3o nos Move","url":"https:\/\/projetoslayerup.com.br\/sm-institucional\/","logo":{"@type":"ImageObject","inLanguage":"pt-BR","@id":"https:\/\/projetoslayerup.com.br\/sm-institucional\/#\/schema\/logo\/image\/","url":"https:\/\/projetoslayerup.com.br\/sm-institucional\/wp-content\/uploads\/2018\/07\/cropped-LogoSM_Color.png","contentUrl":"https:\/\/projetoslayerup.com.br\/sm-institucional\/wp-content\/uploads\/2018\/07\/cropped-LogoSM_Color.png","width":512,"height":512,"caption":"SM Educa\u00e7\u00e3o | Juntos cuidamos da Educa\u00e7\u00e3o"},"image":{"@id":"https:\/\/projetoslayerup.com.br\/sm-institucional\/#\/schema\/logo\/image\/"},"sameAs":["https:\/\/www.facebook.com\/SMEducacao\/","https:\/\/www.instagram.com\/smeducacao\/","https:\/\/www.linkedin.com\/company\/sm-educacao\/","https:\/\/www.youtube.com\/user\/edicoessm"]},false]}},"yasr_visitor_votes":{"stars_attributes":{"read_only":false,"span_bottom":false},"number_of_votes":0,"sum_votes":0},"_links":{"self":[{"href":"https:\/\/projetoslayerup.com.br\/sm-institucional\/wp-json\/wp\/v2\/pages\/133","targetHints":{"allow":["GET"]}}],"collection":[{"href":"https:\/\/projetoslayerup.com.br\/sm-institucional\/wp-json\/wp\/v2\/pages"}],"about":[{"href":"https:\/\/projetoslayerup.com.br\/sm-institucional\/wp-json\/wp\/v2\/types\/page"}],"author":[{"embeddable":true,"href":"https:\/\/projetoslayerup.com.br\/sm-institucional\/wp-json\/wp\/v2\/users\/7"}],"replies":[{"embeddable":true,"href":"https:\/\/projetoslayerup.com.br\/sm-institucional\/wp-json\/wp\/v2\/comments?post=133"}],"version-history":[{"count":6,"href":"https:\/\/projetoslayerup.com.br\/sm-institucional\/wp-json\/wp\/v2\/pages\/133\/revisions"}],"predecessor-version":[{"id":5440,"href":"https:\/\/projetoslayerup.com.br\/sm-institucional\/wp-json\/wp\/v2\/pages\/133\/revisions\/5440"}],"wp:attachment":[{"href":"https:\/\/projetoslayerup.com.br\/sm-institucional\/wp-json\/wp\/v2\/media?parent=133"}],"curies":[{"name":"wp","href":"https:\/\/api.w.org\/{rel}","templated":true}]}}