{"id":5,"date":"2026-03-24T15:59:25","date_gmt":"2026-03-24T18:59:25","guid":{"rendered":"https:\/\/projetoslayerup.com.br\/somos-bett\/?page_id=5"},"modified":"2026-04-01T09:10:05","modified_gmt":"2026-04-01T12:10:05","slug":"festival-de-aprendizagem","status":"publish","type":"page","link":"https:\/\/projetoslayerup.com.br\/somos-bett\/","title":{"rendered":"Home"},"content":{"rendered":"","protected":false},"excerpt":{"rendered":"","protected":false},"author":1,"featured_media":303,"parent":0,"menu_order":0,"comment_status":"closed","ping_status":"closed","template":"pages\/page-home.php","meta":{"_acf_changed":false,"inline_featured_image":false,"footnotes":""},"class_list":["post-5","page","type-page","status-publish","has-post-thumbnail","hentry"],"acf":[],"yoast_head":"<!-- This site is optimized with the Yoast SEO plugin v27.2 - https:\/\/yoast.com\/product\/yoast-seo-wordpress\/ -->\n<title>Festival de Aprendizagem | SOMOS Educa\u00e7\u00e3o<\/title>\n<meta name=\"description\" content=\"O Festival de Aprendizagem \u00e9 uma realiza\u00e7\u00e3o da SOMOS Educa\u00e7\u00e3o. O evento acontecer\u00e1 em nossas arenas de conte\u00fado da Bett Brasil 2026.\" \/>\n<meta name=\"robots\" content=\"noindex, follow, max-snippet:-1, max-image-preview:large, max-video-preview:-1\" \/>\n<meta property=\"og:locale\" content=\"pt_BR\" \/>\n<meta property=\"og:type\" content=\"article\" \/>\n<meta property=\"og:title\" content=\"Festival de Aprendizagem | SOMOS Educa\u00e7\u00e3o\" \/>\n<meta property=\"og:description\" content=\"Festival de Aprendizagem: uma realiza\u00e7\u00e3o da SOMOS Educa\u00e7\u00e3o.\" \/>\n<meta property=\"og:url\" content=\"https:\/\/projetoslayerup.com.br\/somos-bett\/\" \/>\n<meta property=\"og:site_name\" content=\"Somos Bett\" \/>\n<meta property=\"article:modified_time\" content=\"2026-04-01T12:10:05+00:00\" \/>\n<meta property=\"og:image\" content=\"https:\/\/projetoslayerup.com.br\/somos-bett\/wp-content\/uploads\/2026\/03\/cropped-logo-somos-2-1.png\" \/>\n\t<meta property=\"og:image:width\" content=\"347\" \/>\n\t<meta property=\"og:image:height\" content=\"200\" \/>\n\t<meta property=\"og:image:type\" content=\"image\/png\" \/>\n<meta name=\"twitter:card\" content=\"summary_large_image\" \/>\n<meta name=\"twitter:label1\" content=\"Est. tempo de leitura\" \/>\n\t<meta name=\"twitter:data1\" content=\"1 minuto\" \/>\n<script type=\"application\/ld+json\" class=\"yoast-schema-graph\">{\"@context\":\"https:\/\/schema.org\",\"@graph\":[{\"@type\":\"WebPage\",\"@id\":\"https:\/\/projetoslayerup.com.br\/somos-bett\/\",\"url\":\"https:\/\/projetoslayerup.com.br\/somos-bett\/\",\"name\":\"Festival de Aprendizagem | SOMOS Educa\u00e7\u00e3o\",\"isPartOf\":{\"@id\":\"https:\/\/projetoslayerup.com.br\/somos-bett\/#website\"},\"primaryImageOfPage\":{\"@id\":\"https:\/\/projetoslayerup.com.br\/somos-bett\/#primaryimage\"},\"image\":{\"@id\":\"https:\/\/projetoslayerup.com.br\/somos-bett\/#primaryimage\"},\"thumbnailUrl\":\"https:\/\/projetoslayerup.com.br\/somos-bett\/wp-content\/uploads\/2026\/03\/SOMOS-Educacao.png\",\"datePublished\":\"2026-03-24T18:59:25+00:00\",\"dateModified\":\"2026-04-01T12:10:05+00:00\",\"description\":\"O Festival de Aprendizagem \u00e9 uma realiza\u00e7\u00e3o da SOMOS Educa\u00e7\u00e3o. O evento acontecer\u00e1 em nossas arenas de conte\u00fado da Bett Brasil 2026.\",\"breadcrumb\":{\"@id\":\"https:\/\/projetoslayerup.com.br\/somos-bett\/#breadcrumb\"},\"inLanguage\":\"pt-BR\",\"potentialAction\":[{\"@type\":\"ReadAction\",\"target\":[\"https:\/\/projetoslayerup.com.br\/somos-bett\/\"]}]},{\"@type\":\"ImageObject\",\"inLanguage\":\"pt-BR\",\"@id\":\"https:\/\/projetoslayerup.com.br\/somos-bett\/#primaryimage\",\"url\":\"https:\/\/projetoslayerup.com.br\/somos-bett\/wp-content\/uploads\/2026\/03\/SOMOS-Educacao.png\",\"contentUrl\":\"https:\/\/projetoslayerup.com.br\/somos-bett\/wp-content\/uploads\/2026\/03\/SOMOS-Educacao.png\",\"width\":1200,\"height\":1200,\"caption\":\"SOMOS Educa\u00e7\u00e3o\"},{\"@type\":\"BreadcrumbList\",\"@id\":\"https:\/\/projetoslayerup.com.br\/somos-bett\/#breadcrumb\",\"itemListElement\":[{\"@type\":\"ListItem\",\"position\":1,\"name\":\"In\u00edcio\",\"item\":\"https:\/\/projetoslayerup.com.br\/somos-bett\/\"},{\"@type\":\"ListItem\",\"position\":2,\"name\":\"Home\"}]},{\"@type\":\"WebSite\",\"@id\":\"https:\/\/projetoslayerup.com.br\/somos-bett\/#website\",\"url\":\"https:\/\/projetoslayerup.com.br\/somos-bett\/\",\"name\":\"Somos Bett\",\"description\":\"\",\"publisher\":{\"@id\":\"https:\/\/projetoslayerup.com.br\/somos-bett\/#organization\"},\"potentialAction\":[{\"@type\":\"SearchAction\",\"target\":{\"@type\":\"EntryPoint\",\"urlTemplate\":\"https:\/\/projetoslayerup.com.br\/somos-bett\/?s={search_term_string}\"},\"query-input\":{\"@type\":\"PropertyValueSpecification\",\"valueRequired\":true,\"valueName\":\"search_term_string\"}}],\"inLanguage\":\"pt-BR\"},{\"@type\":\"Organization\",\"@id\":\"https:\/\/projetoslayerup.com.br\/somos-bett\/#organization\",\"name\":\"Somos Bett\",\"url\":\"https:\/\/projetoslayerup.com.br\/somos-bett\/\",\"logo\":{\"@type\":\"ImageObject\",\"inLanguage\":\"pt-BR\",\"@id\":\"https:\/\/projetoslayerup.com.br\/somos-bett\/#\/schema\/logo\/image\/\",\"url\":\"https:\/\/projetoslayerup.com.br\/somos-bett\/wp-content\/uploads\/2026\/03\/cropped-logo-somos-2-1.png\",\"contentUrl\":\"https:\/\/projetoslayerup.com.br\/somos-bett\/wp-content\/uploads\/2026\/03\/cropped-logo-somos-2-1.png\",\"width\":347,\"height\":200,\"caption\":\"Somos Bett\"},\"image\":{\"@id\":\"https:\/\/projetoslayerup.com.br\/somos-bett\/#\/schema\/logo\/image\/\"}}]}<\/script>\n<!-- \/ Yoast SEO plugin. -->","yoast_head_json":{"title":"Festival de Aprendizagem | SOMOS Educa\u00e7\u00e3o","description":"O Festival de Aprendizagem \u00e9 uma realiza\u00e7\u00e3o da SOMOS Educa\u00e7\u00e3o. O evento acontecer\u00e1 em nossas arenas de conte\u00fado da Bett Brasil 2026.","robots":{"index":"noindex","follow":"follow","max-snippet":"max-snippet:-1","max-image-preview":"max-image-preview:large","max-video-preview":"max-video-preview:-1"},"og_locale":"pt_BR","og_type":"article","og_title":"Festival de Aprendizagem | SOMOS Educa\u00e7\u00e3o","og_description":"Festival de Aprendizagem: uma realiza\u00e7\u00e3o da SOMOS Educa\u00e7\u00e3o.","og_url":"https:\/\/projetoslayerup.com.br\/somos-bett\/","og_site_name":"Somos Bett","article_modified_time":"2026-04-01T12:10:05+00:00","og_image":[{"width":347,"height":200,"url":"https:\/\/projetoslayerup.com.br\/somos-bett\/wp-content\/uploads\/2026\/03\/cropped-logo-somos-2-1.png","type":"image\/png"}],"twitter_card":"summary_large_image","twitter_misc":{"Est. tempo de leitura":"1 minuto"},"schema":{"@context":"https:\/\/schema.org","@graph":[{"@type":"WebPage","@id":"https:\/\/projetoslayerup.com.br\/somos-bett\/","url":"https:\/\/projetoslayerup.com.br\/somos-bett\/","name":"Festival de Aprendizagem | SOMOS Educa\u00e7\u00e3o","isPartOf":{"@id":"https:\/\/projetoslayerup.com.br\/somos-bett\/#website"},"primaryImageOfPage":{"@id":"https:\/\/projetoslayerup.com.br\/somos-bett\/#primaryimage"},"image":{"@id":"https:\/\/projetoslayerup.com.br\/somos-bett\/#primaryimage"},"thumbnailUrl":"https:\/\/projetoslayerup.com.br\/somos-bett\/wp-content\/uploads\/2026\/03\/SOMOS-Educacao.png","datePublished":"2026-03-24T18:59:25+00:00","dateModified":"2026-04-01T12:10:05+00:00","description":"O Festival de Aprendizagem \u00e9 uma realiza\u00e7\u00e3o da SOMOS Educa\u00e7\u00e3o. O evento acontecer\u00e1 em nossas arenas de conte\u00fado da Bett Brasil 2026.","breadcrumb":{"@id":"https:\/\/projetoslayerup.com.br\/somos-bett\/#breadcrumb"},"inLanguage":"pt-BR","potentialAction":[{"@type":"ReadAction","target":["https:\/\/projetoslayerup.com.br\/somos-bett\/"]}]},{"@type":"ImageObject","inLanguage":"pt-BR","@id":"https:\/\/projetoslayerup.com.br\/somos-bett\/#primaryimage","url":"https:\/\/projetoslayerup.com.br\/somos-bett\/wp-content\/uploads\/2026\/03\/SOMOS-Educacao.png","contentUrl":"https:\/\/projetoslayerup.com.br\/somos-bett\/wp-content\/uploads\/2026\/03\/SOMOS-Educacao.png","width":1200,"height":1200,"caption":"SOMOS Educa\u00e7\u00e3o"},{"@type":"BreadcrumbList","@id":"https:\/\/projetoslayerup.com.br\/somos-bett\/#breadcrumb","itemListElement":[{"@type":"ListItem","position":1,"name":"In\u00edcio","item":"https:\/\/projetoslayerup.com.br\/somos-bett\/"},{"@type":"ListItem","position":2,"name":"Home"}]},{"@type":"WebSite","@id":"https:\/\/projetoslayerup.com.br\/somos-bett\/#website","url":"https:\/\/projetoslayerup.com.br\/somos-bett\/","name":"Somos Bett","description":"","publisher":{"@id":"https:\/\/projetoslayerup.com.br\/somos-bett\/#organization"},"potentialAction":[{"@type":"SearchAction","target":{"@type":"EntryPoint","urlTemplate":"https:\/\/projetoslayerup.com.br\/somos-bett\/?s={search_term_string}"},"query-input":{"@type":"PropertyValueSpecification","valueRequired":true,"valueName":"search_term_string"}}],"inLanguage":"pt-BR"},{"@type":"Organization","@id":"https:\/\/projetoslayerup.com.br\/somos-bett\/#organization","name":"Somos Bett","url":"https:\/\/projetoslayerup.com.br\/somos-bett\/","logo":{"@type":"ImageObject","inLanguage":"pt-BR","@id":"https:\/\/projetoslayerup.com.br\/somos-bett\/#\/schema\/logo\/image\/","url":"https:\/\/projetoslayerup.com.br\/somos-bett\/wp-content\/uploads\/2026\/03\/cropped-logo-somos-2-1.png","contentUrl":"https:\/\/projetoslayerup.com.br\/somos-bett\/wp-content\/uploads\/2026\/03\/cropped-logo-somos-2-1.png","width":347,"height":200,"caption":"Somos Bett"},"image":{"@id":"https:\/\/projetoslayerup.com.br\/somos-bett\/#\/schema\/logo\/image\/"}}]}},"_links":{"self":[{"href":"https:\/\/projetoslayerup.com.br\/somos-bett\/wp-json\/wp\/v2\/pages\/5","targetHints":{"allow":["GET"]}}],"collection":[{"href":"https:\/\/projetoslayerup.com.br\/somos-bett\/wp-json\/wp\/v2\/pages"}],"about":[{"href":"https:\/\/projetoslayerup.com.br\/somos-bett\/wp-json\/wp\/v2\/types\/page"}],"author":[{"embeddable":true,"href":"https:\/\/projetoslayerup.com.br\/somos-bett\/wp-json\/wp\/v2\/users\/1"}],"replies":[{"embeddable":true,"href":"https:\/\/projetoslayerup.com.br\/somos-bett\/wp-json\/wp\/v2\/comments?post=5"}],"version-history":[{"count":28,"href":"https:\/\/projetoslayerup.com.br\/somos-bett\/wp-json\/wp\/v2\/pages\/5\/revisions"}],"predecessor-version":[{"id":305,"href":"https:\/\/projetoslayerup.com.br\/somos-bett\/wp-json\/wp\/v2\/pages\/5\/revisions\/305"}],"wp:featuredmedia":[{"embeddable":true,"href":"https:\/\/projetoslayerup.com.br\/somos-bett\/wp-json\/wp\/v2\/media\/303"}],"wp:attachment":[{"href":"https:\/\/projetoslayerup.com.br\/somos-bett\/wp-json\/wp\/v2\/media?parent=5"}],"curies":[{"name":"wp","href":"https:\/\/api.w.org\/{rel}","templated":true}]}}