{"id":296,"date":"2025-06-20T16:30:24","date_gmt":"2025-06-20T19:30:24","guid":{"rendered":"https:\/\/projetoslayerup.com.br\/totem-sicred\/?page_id=296"},"modified":"2025-06-23T17:36:24","modified_gmt":"2025-06-23T20:36:24","slug":"nossa-filosofia","status":"publish","type":"page","link":"https:\/\/projetoslayerup.com.br\/totem-sicred\/nossa-filosofia\/","title":{"rendered":"Nossa filosofia"},"content":{"rendered":"\t\t<div data-elementor-type=\"wp-page\" data-elementor-id=\"296\" class=\"elementor elementor-296\" data-elementor-post-type=\"page\">\n\t\t\t\t<div class=\"elementor-element elementor-element-505cd87 e-con-full e-flex e-con e-parent\" data-id=\"505cd87\" data-element_type=\"container\">\n\t\t<div class=\"elementor-element elementor-element-2ea9d1a e-flex e-con-boxed e-con e-child\" data-id=\"2ea9d1a\" data-element_type=\"container\">\n\t\t\t\t\t<div class=\"e-con-inner\">\n\t\t\t\t<div class=\"elementor-element elementor-element-9cf2b6a elementor-widget elementor-widget-heading\" data-id=\"9cf2b6a\" data-element_type=\"widget\" data-widget_type=\"heading.default\">\n\t\t\t\t<div class=\"elementor-widget-container\">\n\t\t\t\t\t<h1 class=\"elementor-heading-title elementor-size-default\">Nossa Filosofia<\/h1>\t\t\t\t<\/div>\n\t\t\t\t<\/div>\n\t\t\t\t<div class=\"elementor-element elementor-element-789fab6 elementor-widget elementor-widget-text-editor\" data-id=\"789fab6\" data-element_type=\"widget\" data-widget_type=\"text-editor.default\">\n\t\t\t\t<div class=\"elementor-widget-container\">\n\t\t\t\t\t\t\t\t\t<p>Nossa filosofia de investimentos \u00e9 pautada em tr\u00eas pilares:<\/p>\t\t\t\t\t\t\t\t<\/div>\n\t\t\t\t<\/div>\n\t\t\t\t<div class=\"elementor-element elementor-element-4f9f7b9 elementor-widget elementor-widget-image\" data-id=\"4f9f7b9\" data-element_type=\"widget\" data-widget_type=\"image.default\">\n\t\t\t\t<div class=\"elementor-widget-container\">\n\t\t\t\t\t\t\t\t\t\t\t\t\t\t\t<img fetchpriority=\"high\" decoding=\"async\" width=\"810\" height=\"171\" src=\"https:\/\/projetoslayerup.com.br\/totem-sicred\/wp-content\/uploads\/2025\/06\/Frame-1000005879.jpg\" class=\"attachment-full size-full wp-image-303\" alt=\"\" srcset=\"https:\/\/projetoslayerup.com.br\/totem-sicred\/wp-content\/uploads\/2025\/06\/Frame-1000005879.jpg 810w, https:\/\/projetoslayerup.com.br\/totem-sicred\/wp-content\/uploads\/2025\/06\/Frame-1000005879-300x63.jpg 300w, https:\/\/projetoslayerup.com.br\/totem-sicred\/wp-content\/uploads\/2025\/06\/Frame-1000005879-768x162.jpg 768w\" sizes=\"(max-width: 810px) 100vw, 810px\" \/>\t\t\t\t\t\t\t\t\t\t\t\t\t\t\t<\/div>\n\t\t\t\t<\/div>\n\t\t\t\t<div class=\"elementor-element elementor-element-ebb3925 elementor-widget elementor-widget-text-editor\" data-id=\"ebb3925\" data-element_type=\"widget\" data-widget_type=\"text-editor.default\">\n\t\t\t\t<div class=\"elementor-widget-container\">\n\t\t\t\t\t\t\t\t\t<p>An\u00e1lise e Fundamento<\/p>\t\t\t\t\t\t\t\t<\/div>\n\t\t\t\t<\/div>\n\t\t\t\t<div class=\"elementor-element elementor-element-cd4d5ff elementor-widget elementor-widget-text-editor\" data-id=\"cd4d5ff\" data-element_type=\"widget\" data-widget_type=\"text-editor.default\">\n\t\t\t\t<div class=\"elementor-widget-container\">\n\t\t\t\t\t\t\t\t\t<p>Tomada de decis\u00e3o bem fundamentada, atrav\u00e9s de an\u00e1lise do cen\u00e1rio macroecon\u00f4mico e avalia\u00e7\u00e3o criteriosa dos diversos mercados.<\/p>\t\t\t\t\t\t\t\t<\/div>\n\t\t\t\t<\/div>\n\t\t\t\t<div class=\"elementor-element elementor-element-c433faf elementor-widget elementor-widget-image\" data-id=\"c433faf\" data-element_type=\"widget\" data-widget_type=\"image.default\">\n\t\t\t\t<div class=\"elementor-widget-container\">\n\t\t\t\t\t\t\t\t\t\t\t\t\t\t\t<img decoding=\"async\" width=\"800\" height=\"169\" src=\"https:\/\/projetoslayerup.com.br\/totem-sicred\/wp-content\/uploads\/2025\/06\/Frame-1000005879-1.jpg\" class=\"attachment-large size-large wp-image-310\" alt=\"\" srcset=\"https:\/\/projetoslayerup.com.br\/totem-sicred\/wp-content\/uploads\/2025\/06\/Frame-1000005879-1.jpg 810w, https:\/\/projetoslayerup.com.br\/totem-sicred\/wp-content\/uploads\/2025\/06\/Frame-1000005879-1-300x63.jpg 300w, https:\/\/projetoslayerup.com.br\/totem-sicred\/wp-content\/uploads\/2025\/06\/Frame-1000005879-1-768x162.jpg 768w\" sizes=\"(max-width: 800px) 100vw, 800px\" \/>\t\t\t\t\t\t\t\t\t\t\t\t\t\t\t<\/div>\n\t\t\t\t<\/div>\n\t\t\t\t<div class=\"elementor-element elementor-element-ddb07c3 elementor-widget elementor-widget-text-editor\" data-id=\"ddb07c3\" data-element_type=\"widget\" data-widget_type=\"text-editor.default\">\n\t\t\t\t<div class=\"elementor-widget-container\">\n\t\t\t\t\t\t\t\t\t<p>Processo bem definido<\/p>\t\t\t\t\t\t\t\t<\/div>\n\t\t\t\t<\/div>\n\t\t\t\t<div class=\"elementor-element elementor-element-d8855d1 elementor-widget elementor-widget-text-editor\" data-id=\"d8855d1\" data-element_type=\"widget\" data-widget_type=\"text-editor.default\">\n\t\t\t\t<div class=\"elementor-widget-container\">\n\t\t\t\t\t\t\t\t\t<p>Processo de investimento interativo, com decis\u00f5es consensuais de todos os membros da equipe de investimento e decis\u00f5es aut\u00f4nomas dos traders dentro de limites definidos de exposi\u00e7\u00e3o a risco.<\/p>\t\t\t\t\t\t\t\t<\/div>\n\t\t\t\t<\/div>\n\t\t\t\t<div class=\"elementor-element elementor-element-e7e3eae elementor-widget elementor-widget-image\" data-id=\"e7e3eae\" data-element_type=\"widget\" data-widget_type=\"image.default\">\n\t\t\t\t<div class=\"elementor-widget-container\">\n\t\t\t\t\t\t\t\t\t\t\t\t\t\t\t<img decoding=\"async\" width=\"800\" height=\"169\" src=\"https:\/\/projetoslayerup.com.br\/totem-sicred\/wp-content\/uploads\/2025\/06\/Frame-1000005879-2.jpg\" class=\"attachment-large size-large wp-image-312\" alt=\"\" srcset=\"https:\/\/projetoslayerup.com.br\/totem-sicred\/wp-content\/uploads\/2025\/06\/Frame-1000005879-2.jpg 810w, https:\/\/projetoslayerup.com.br\/totem-sicred\/wp-content\/uploads\/2025\/06\/Frame-1000005879-2-300x63.jpg 300w, https:\/\/projetoslayerup.com.br\/totem-sicred\/wp-content\/uploads\/2025\/06\/Frame-1000005879-2-768x162.jpg 768w\" sizes=\"(max-width: 800px) 100vw, 800px\" \/>\t\t\t\t\t\t\t\t\t\t\t\t\t\t\t<\/div>\n\t\t\t\t<\/div>\n\t\t\t\t<div class=\"elementor-element elementor-element-c4749fc elementor-widget elementor-widget-text-editor\" data-id=\"c4749fc\" data-element_type=\"widget\" data-widget_type=\"text-editor.default\">\n\t\t\t\t<div class=\"elementor-widget-container\">\n\t\t\t\t\t\t\t\t\t<p>Respeito aos mandatos<\/p>\t\t\t\t\t\t\t\t<\/div>\n\t\t\t\t<\/div>\n\t\t\t\t<div class=\"elementor-element elementor-element-756c667 elementor-widget elementor-widget-text-editor\" data-id=\"756c667\" data-element_type=\"widget\" data-widget_type=\"text-editor.default\">\n\t\t\t\t<div class=\"elementor-widget-container\">\n\t\t\t\t\t\t\t\t\t<p>Busca por retornos consistentes ao longo do tempo para os fundos e carteiras geridos, de acordo com cada mandato, alinhando o objetivo dos produtos aos interesses dos cotistas.<\/p>\t\t\t\t\t\t\t\t<\/div>\n\t\t\t\t<\/div>\n\t\t\t\t<div class=\"elementor-element elementor-element-65c37a4 elementor-widget elementor-widget-heading\" data-id=\"65c37a4\" data-element_type=\"widget\" data-widget_type=\"heading.default\">\n\t\t\t\t<div class=\"elementor-widget-container\">\n\t\t\t\t\t<h2 class=\"elementor-heading-title elementor-size-default\">Gest\u00e3o qualificada<\/h2>\t\t\t\t<\/div>\n\t\t\t\t<\/div>\n\t\t\t\t\t<\/div>\n\t\t\t\t<\/div>\n\t\t<div class=\"elementor-element elementor-element-a90f9ba e-flex e-con-boxed e-con e-child\" data-id=\"a90f9ba\" data-element_type=\"container\">\n\t\t\t\t\t<div class=\"e-con-inner\">\n\t\t<div class=\"elementor-element elementor-element-71e6bea e-con-full e-flex e-con e-child\" data-id=\"71e6bea\" data-element_type=\"container\">\n\t\t\t\t<div class=\"elementor-element elementor-element-5ceecb2 elementor-widget elementor-widget-image\" data-id=\"5ceecb2\" data-element_type=\"widget\" data-widget_type=\"image.default\">\n\t\t\t\t<div class=\"elementor-widget-container\">\n\t\t\t\t\t\t\t\t\t\t\t\t\t\t\t<img loading=\"lazy\" decoding=\"async\" width=\"56\" height=\"57\" src=\"https:\/\/projetoslayerup.com.br\/totem-sicred\/wp-content\/uploads\/2025\/06\/CurrencyCircleDollar.png\" class=\"attachment-large size-large wp-image-323\" alt=\"\" \/>\t\t\t\t\t\t\t\t\t\t\t\t\t\t\t<\/div>\n\t\t\t\t<\/div>\n\t\t\t\t<div class=\"elementor-element elementor-element-6e5d509 elementor-widget elementor-widget-text-editor\" data-id=\"6e5d509\" data-element_type=\"widget\" data-widget_type=\"text-editor.default\">\n\t\t\t\t<div class=\"elementor-widget-container\">\n\t\t\t\t\t\t\t\t\t<p>Buscamos incessantemente oferecer produtos de qualidade, consistentes e acess\u00edveis<\/p>\t\t\t\t\t\t\t\t<\/div>\n\t\t\t\t<\/div>\n\t\t\t\t<\/div>\n\t\t<div class=\"elementor-element elementor-element-35e092c e-con-full e-flex e-con e-child\" data-id=\"35e092c\" data-element_type=\"container\">\n\t\t\t\t<div class=\"elementor-element elementor-element-2498e56 elementor-widget elementor-widget-image\" data-id=\"2498e56\" data-element_type=\"widget\" data-widget_type=\"image.default\">\n\t\t\t\t<div class=\"elementor-widget-container\">\n\t\t\t\t\t\t\t\t\t\t\t\t\t\t\t<img loading=\"lazy\" decoding=\"async\" width=\"57\" height=\"57\" src=\"https:\/\/projetoslayerup.com.br\/totem-sicred\/wp-content\/uploads\/2025\/06\/CurrencyCircleDollar-1.png\" class=\"attachment-large size-large wp-image-322\" alt=\"\" \/>\t\t\t\t\t\t\t\t\t\t\t\t\t\t\t<\/div>\n\t\t\t\t<\/div>\n\t\t\t\t<div class=\"elementor-element elementor-element-3660184 elementor-widget elementor-widget-text-editor\" data-id=\"3660184\" data-element_type=\"widget\" data-widget_type=\"text-editor.default\">\n\t\t\t\t<div class=\"elementor-widget-container\">\n\t\t\t\t\t\t\t\t\t<p>Nossa equipe \u00e9 altamente concisa, estrat\u00e9gica e rigorosa nas an\u00e1lises<\/p>\t\t\t\t\t\t\t\t<\/div>\n\t\t\t\t<\/div>\n\t\t\t\t<\/div>\n\t\t<div class=\"elementor-element elementor-element-f54c958 e-con-full e-flex e-con e-child\" data-id=\"f54c958\" data-element_type=\"container\">\n\t\t\t\t<div class=\"elementor-element elementor-element-8888bcf elementor-widget elementor-widget-image\" data-id=\"8888bcf\" data-element_type=\"widget\" data-widget_type=\"image.default\">\n\t\t\t\t<div class=\"elementor-widget-container\">\n\t\t\t\t\t\t\t\t\t\t\t\t\t\t\t<img loading=\"lazy\" decoding=\"async\" width=\"57\" height=\"57\" src=\"https:\/\/projetoslayerup.com.br\/totem-sicred\/wp-content\/uploads\/2025\/06\/CurrencyCircleDollar-2.png\" class=\"attachment-large size-large wp-image-321\" alt=\"\" \/>\t\t\t\t\t\t\t\t\t\t\t\t\t\t\t<\/div>\n\t\t\t\t<\/div>\n\t\t\t\t<div class=\"elementor-element elementor-element-5f9eaa4 elementor-widget elementor-widget-text-editor\" data-id=\"5f9eaa4\" data-element_type=\"widget\" data-widget_type=\"text-editor.default\">\n\t\t\t\t<div class=\"elementor-widget-container\">\n\t\t\t\t\t\t\t\t\t<p>Aprimoramos sistemas operacionais constantemente, seguindo r\u00edgidas pol\u00edticas de seguran\u00e7a<\/p>\t\t\t\t\t\t\t\t<\/div>\n\t\t\t\t<\/div>\n\t\t\t\t<\/div>\n\t\t<div class=\"elementor-element elementor-element-3acb47c e-con-full e-flex e-con e-child\" data-id=\"3acb47c\" data-element_type=\"container\">\n\t\t\t\t<div class=\"elementor-element elementor-element-e433a4b elementor-widget elementor-widget-image\" data-id=\"e433a4b\" data-element_type=\"widget\" data-widget_type=\"image.default\">\n\t\t\t\t<div class=\"elementor-widget-container\">\n\t\t\t\t\t\t\t\t\t\t\t\t\t\t\t<img loading=\"lazy\" decoding=\"async\" width=\"56\" height=\"57\" src=\"https:\/\/projetoslayerup.com.br\/totem-sicred\/wp-content\/uploads\/2025\/06\/CurrencyCircleDollar-3.png\" class=\"attachment-large size-large wp-image-320\" alt=\"\" \/>\t\t\t\t\t\t\t\t\t\t\t\t\t\t\t<\/div>\n\t\t\t\t<\/div>\n\t\t\t\t<div class=\"elementor-element elementor-element-f3a5485 elementor-widget elementor-widget-text-editor\" data-id=\"f3a5485\" data-element_type=\"widget\" data-widget_type=\"text-editor.default\">\n\t\t\t\t<div class=\"elementor-widget-container\">\n\t\t\t\t\t\t\t\t\t<p>Valorizamos o atendimento humanizado, pr\u00f3ximo e personalizado<\/p>\t\t\t\t\t\t\t\t<\/div>\n\t\t\t\t<\/div>\n\t\t\t\t<\/div>\n\t\t\t\t\t<\/div>\n\t\t\t\t<\/div>\n\t\t<div class=\"elementor-element elementor-element-cd366a4 e-flex e-con-boxed e-con e-child\" data-id=\"cd366a4\" data-element_type=\"container\" data-settings=\"{&quot;position&quot;:&quot;fixed&quot;}\">\n\t\t\t\t\t<div class=\"e-con-inner\">\n\t\t\t\t<div class=\"elementor-element elementor-element-4546a72 elementor-align-center elementor-widget elementor-widget-button\" data-id=\"4546a72\" data-element_type=\"widget\" data-widget_type=\"button.default\">\n\t\t\t\t<div class=\"elementor-widget-container\">\n\t\t\t\t\t\t\t\t\t<div class=\"elementor-button-wrapper\">\n\t\t\t\t\t<a class=\"elementor-button elementor-button-link elementor-size-sm\" href=\"https:\/\/projetoslayerup.com.br\/totem-sicred\/sobre-a-sicredi-asset\/\">\n\t\t\t\t\t\t<span class=\"elementor-button-content-wrapper\">\n\t\t\t\t\t\t<span class=\"elementor-button-icon\">\n\t\t\t\t<svg aria-hidden=\"true\" class=\"e-font-icon-svg e-fas-angle-left\" viewBox=\"0 0 256 512\" xmlns=\"http:\/\/www.w3.org\/2000\/svg\"><path d=\"M31.7 239l136-136c9.4-9.4 24.6-9.4 33.9 0l22.6 22.6c9.4 9.4 9.4 24.6 0 33.9L127.9 256l96.4 96.4c9.4 9.4 9.4 24.6 0 33.9L201.7 409c-9.4 9.4-24.6 9.4-33.9 0l-136-136c-9.5-9.4-9.5-24.6-.1-34z\"><\/path><\/svg>\t\t\t<\/span>\n\t\t\t\t\t\t\t\t\t<span class=\"elementor-button-text\">anterior<\/span>\n\t\t\t\t\t<\/span>\n\t\t\t\t\t<\/a>\n\t\t\t\t<\/div>\n\t\t\t\t\t\t\t\t<\/div>\n\t\t\t\t<\/div>\n\t\t\t\t<div class=\"elementor-element elementor-element-0497811 elementor-widget elementor-widget-button\" data-id=\"0497811\" data-element_type=\"widget\" data-widget_type=\"button.default\">\n\t\t\t\t<div class=\"elementor-widget-container\">\n\t\t\t\t\t\t\t\t\t<div class=\"elementor-button-wrapper\">\n\t\t\t\t\t<a class=\"elementor-button elementor-button-link elementor-size-sm\" href=\"https:\/\/projetoslayerup.com.br\/totem-sicred\/produtos-e-fundos\/\">\n\t\t\t\t\t\t<span class=\"elementor-button-content-wrapper\">\n\t\t\t\t\t\t<span class=\"elementor-button-icon\">\n\t\t\t\t<svg aria-hidden=\"true\" class=\"e-font-icon-svg e-fas-angle-right\" viewBox=\"0 0 256 512\" xmlns=\"http:\/\/www.w3.org\/2000\/svg\"><path d=\"M224.3 273l-136 136c-9.4 9.4-24.6 9.4-33.9 0l-22.6-22.6c-9.4-9.4-9.4-24.6 0-33.9l96.4-96.4-96.4-96.4c-9.4-9.4-9.4-24.6 0-33.9L54.3 103c9.4-9.4 24.6-9.4 33.9 0l136 136c9.5 9.4 9.5 24.6.1 34z\"><\/path><\/svg>\t\t\t<\/span>\n\t\t\t\t\t\t\t\t\t<span class=\"elementor-button-text\">Pr\u00f3xima<\/span>\n\t\t\t\t\t<\/span>\n\t\t\t\t\t<\/a>\n\t\t\t\t<\/div>\n\t\t\t\t\t\t\t\t<\/div>\n\t\t\t\t<\/div>\n\t\t\t\t\t<\/div>\n\t\t\t\t<\/div>\n\t\t\t\t<\/div>\n\t\t\t\t<\/div>\n\t\t","protected":false},"excerpt":{"rendered":"<p>Nossa Filosofia Nossa filosofia de investimentos \u00e9 pautada em tr\u00eas pilares: An\u00e1lise e Fundamento Tomada de decis\u00e3o bem fundamentada, atrav\u00e9s de an\u00e1lise do cen\u00e1rio macroecon\u00f4mico e avalia\u00e7\u00e3o criteriosa dos diversos mercados. Processo bem definido Processo de investimento interativo, com decis\u00f5es consensuais de todos os membros da equipe de investimento e decis\u00f5es aut\u00f4nomas dos traders dentro [&hellip;]<\/p>\n","protected":false},"author":1,"featured_media":0,"parent":0,"menu_order":0,"comment_status":"closed","ping_status":"closed","template":"","meta":{"footnotes":""},"class_list":["post-296","page","type-page","status-publish","hentry"],"_links":{"self":[{"href":"https:\/\/projetoslayerup.com.br\/totem-sicred\/wp-json\/wp\/v2\/pages\/296","targetHints":{"allow":["GET"]}}],"collection":[{"href":"https:\/\/projetoslayerup.com.br\/totem-sicred\/wp-json\/wp\/v2\/pages"}],"about":[{"href":"https:\/\/projetoslayerup.com.br\/totem-sicred\/wp-json\/wp\/v2\/types\/page"}],"author":[{"embeddable":true,"href":"https:\/\/projetoslayerup.com.br\/totem-sicred\/wp-json\/wp\/v2\/users\/1"}],"replies":[{"embeddable":true,"href":"https:\/\/projetoslayerup.com.br\/totem-sicred\/wp-json\/wp\/v2\/comments?post=296"}],"version-history":[{"count":25,"href":"https:\/\/projetoslayerup.com.br\/totem-sicred\/wp-json\/wp\/v2\/pages\/296\/revisions"}],"predecessor-version":[{"id":566,"href":"https:\/\/projetoslayerup.com.br\/totem-sicred\/wp-json\/wp\/v2\/pages\/296\/revisions\/566"}],"wp:attachment":[{"href":"https:\/\/projetoslayerup.com.br\/totem-sicred\/wp-json\/wp\/v2\/media?parent=296"}],"curies":[{"name":"wp","href":"https:\/\/api.w.org\/{rel}","templated":true}]}}