{"id":40,"date":"2025-06-17T13:11:33","date_gmt":"2025-06-17T16:11:33","guid":{"rendered":"https:\/\/projetoslayerup.com.br\/totem-sicred\/?page_id=40"},"modified":"2025-06-23T15:55:34","modified_gmt":"2025-06-23T18:55:34","slug":"menu-principal","status":"publish","type":"page","link":"https:\/\/projetoslayerup.com.br\/totem-sicred\/menu-principal\/","title":{"rendered":"Menu principal"},"content":{"rendered":"\t\t<div data-elementor-type=\"wp-page\" data-elementor-id=\"40\" class=\"elementor elementor-40\" data-elementor-post-type=\"page\">\n\t\t\t\t<div class=\"elementor-element elementor-element-d2f6041 e-flex e-con-boxed e-con e-parent\" data-id=\"d2f6041\" data-element_type=\"container\" data-settings=\"{&quot;background_background&quot;:&quot;classic&quot;}\">\n\t\t\t\t\t<div class=\"e-con-inner\">\n\t\t<div class=\"elementor-element elementor-element-f35f838 e-flex e-con-boxed e-con e-child\" data-id=\"f35f838\" data-element_type=\"container\">\n\t\t\t\t\t<div class=\"e-con-inner\">\n\t\t\t\t<div class=\"elementor-element elementor-element-04a7259 elementor-widget elementor-widget-text-editor\" data-id=\"04a7259\" data-element_type=\"widget\" data-widget_type=\"text-editor.default\">\n\t\t\t\t<div class=\"elementor-widget-container\">\n\t\t\t\t\t\t\t\t\t<p>Escolha o que deseja explorar<\/p>\t\t\t\t\t\t\t\t<\/div>\n\t\t\t\t<\/div>\n\t\t<div class=\"elementor-element elementor-element-ab865b0 e-con-full e-flex e-con e-child\" data-id=\"ab865b0\" data-element_type=\"container\">\n\t\t<div class=\"elementor-element elementor-element-c5d1bc0 e-con-full e-flex e-con e-child\" data-id=\"c5d1bc0\" data-element_type=\"container\">\n\t\t<a class=\"elementor-element elementor-element-84f2fb3 e-con-full e-flex e-con e-child\" data-id=\"84f2fb3\" data-element_type=\"container\" data-settings=\"{&quot;background_background&quot;:&quot;classic&quot;}\" href=\"https:\/\/projetoslayerup.com.br\/totem-sicred\/sobre-a-sicredi-asset\/\">\n\t\t\t\t<div class=\"elementor-element elementor-element-c1dcff1 elementor-widget elementor-widget-heading\" data-id=\"c1dcff1\" data-element_type=\"widget\" data-widget_type=\"heading.default\">\n\t\t\t\t<div class=\"elementor-widget-container\">\n\t\t\t\t\t<h2 class=\"elementor-heading-title elementor-size-default\">Sobre a<br> Sicredi Asset<\/h2>\t\t\t\t<\/div>\n\t\t\t\t<\/div>\n\t\t\t\t<div class=\"elementor-element elementor-element-5c27671 elementor-widget elementor-widget-text-editor\" data-id=\"5c27671\" data-element_type=\"widget\" data-widget_type=\"text-editor.default\">\n\t\t\t\t<div class=\"elementor-widget-container\">\n\t\t\t\t\t\t\t\t\t<p>Conhe\u00e7a a gestora de<br \/>recursos do Sicredi<\/p>\t\t\t\t\t\t\t\t<\/div>\n\t\t\t\t<\/div>\n\t\t\t\t<\/a>\n\t\t\t\t<\/div>\n\t\t<div class=\"elementor-element elementor-element-0ce956c e-con-full e-flex e-con e-child\" data-id=\"0ce956c\" data-element_type=\"container\">\n\t\t<a class=\"elementor-element elementor-element-a5a32ae e-con-full e-flex e-con e-child\" data-id=\"a5a32ae\" data-element_type=\"container\" data-settings=\"{&quot;background_background&quot;:&quot;classic&quot;}\" href=\"https:\/\/projetoslayerup.com.br\/totem-sicred\/nossa-filosofia\/\">\n\t\t\t\t<div class=\"elementor-element elementor-element-7586a5b elementor-widget elementor-widget-heading\" data-id=\"7586a5b\" data-element_type=\"widget\" data-widget_type=\"heading.default\">\n\t\t\t\t<div class=\"elementor-widget-container\">\n\t\t\t\t\t<h2 class=\"elementor-heading-title elementor-size-default\">Nossa<br> Filosofia<\/h2>\t\t\t\t<\/div>\n\t\t\t\t<\/div>\n\t\t\t\t<div class=\"elementor-element elementor-element-ce6a503 elementor-widget elementor-widget-text-editor\" data-id=\"ce6a503\" data-element_type=\"widget\" data-widget_type=\"text-editor.default\">\n\t\t\t\t<div class=\"elementor-widget-container\">\n\t\t\t\t\t\t\t\t\t<p>Entenda nossa filosofia de<br \/>investimentos e gest\u00e3o<\/p>\t\t\t\t\t\t\t\t<\/div>\n\t\t\t\t<\/div>\n\t\t\t\t<\/a>\n\t\t\t\t<\/div>\n\t\t\t\t<\/div>\n\t\t<div class=\"elementor-element elementor-element-45a7e25 e-con-full e-flex e-con e-child\" data-id=\"45a7e25\" data-element_type=\"container\">\n\t\t<div class=\"elementor-element elementor-element-dce5909 e-con-full e-flex e-con e-child\" data-id=\"dce5909\" data-element_type=\"container\">\n\t\t<a class=\"elementor-element elementor-element-9af7677 e-con-full e-flex e-con e-child\" data-id=\"9af7677\" data-element_type=\"container\" data-settings=\"{&quot;background_background&quot;:&quot;classic&quot;}\" href=\"https:\/\/projetoslayerup.com.br\/totem-sicred\/produtos-e-fundos\/\">\n\t\t\t\t<div class=\"elementor-element elementor-element-597b449 elementor-widget elementor-widget-heading\" data-id=\"597b449\" data-element_type=\"widget\" data-widget_type=\"heading.default\">\n\t\t\t\t<div class=\"elementor-widget-container\">\n\t\t\t\t\t<h2 class=\"elementor-heading-title elementor-size-default\">Nossos Fundos<br>\nde Investimento<\/h2>\t\t\t\t<\/div>\n\t\t\t\t<\/div>\n\t\t\t\t<div class=\"elementor-element elementor-element-84fbac8 elementor-widget elementor-widget-text-editor\" data-id=\"84fbac8\" data-element_type=\"widget\" data-widget_type=\"text-editor.default\">\n\t\t\t\t<div class=\"elementor-widget-container\">\n\t\t\t\t\t\t\t\t\t<p>Confira op\u00e7\u00f5es para diferentes p\u00fablicos e segmentos<\/p>\t\t\t\t\t\t\t\t<\/div>\n\t\t\t\t<\/div>\n\t\t\t\t<\/a>\n\t\t\t\t<\/div>\n\t\t<div class=\"elementor-element elementor-element-d75e2e9 e-con-full e-flex e-con e-child\" data-id=\"d75e2e9\" data-element_type=\"container\">\n\t\t<a class=\"elementor-element elementor-element-5cb4a71 e-con-full e-flex e-con e-child\" data-id=\"5cb4a71\" data-element_type=\"container\" data-settings=\"{&quot;background_background&quot;:&quot;classic&quot;}\" href=\"https:\/\/projetoslayerup.com.br\/totem-sicred\/esg\/\">\n\t\t\t\t<div class=\"elementor-element elementor-element-20a8e25 elementor-widget elementor-widget-heading\" data-id=\"20a8e25\" data-element_type=\"widget\" data-widget_type=\"heading.default\">\n\t\t\t\t<div class=\"elementor-widget-container\">\n\t\t\t\t\t<h2 class=\"elementor-heading-title elementor-size-default\">ESG<\/h2>\t\t\t\t<\/div>\n\t\t\t\t<\/div>\n\t\t\t\t<div class=\"elementor-element elementor-element-547a965 elementor-widget elementor-widget-text-editor\" data-id=\"547a965\" data-element_type=\"widget\" data-widget_type=\"text-editor.default\">\n\t\t\t\t<div class=\"elementor-widget-container\">\n\t\t\t\t\t\t\t\t\t<p>Saiba como geramos<br \/>impacto econ\u00f4mico, social<br \/>e ambiental positivo<\/p>\t\t\t\t\t\t\t\t<\/div>\n\t\t\t\t<\/div>\n\t\t\t\t<\/a>\n\t\t\t\t<\/div>\n\t\t\t\t<\/div>\n\t\t\t\t\t<\/div>\n\t\t\t\t<\/div>\n\t\t\t\t<div class=\"elementor-element elementor-element-fda604a elementor-align-center elementor-widget elementor-widget-button\" data-id=\"fda604a\" data-element_type=\"widget\" data-widget_type=\"button.default\">\n\t\t\t\t<div class=\"elementor-widget-container\">\n\t\t\t\t\t\t\t\t\t<div class=\"elementor-button-wrapper\">\n\t\t\t\t\t<a class=\"elementor-button elementor-button-link elementor-size-sm\" href=\"https:\/\/projetoslayerup.com.br\/totem-sicred\/sobre-a-sicred\/\">\n\t\t\t\t\t\t<span class=\"elementor-button-content-wrapper\">\n\t\t\t\t\t\t\t\t\t<span class=\"elementor-button-text\">Quer conhecer mais sobre o Sicredi? Clique aqui.<\/span>\n\t\t\t\t\t<\/span>\n\t\t\t\t\t<\/a>\n\t\t\t\t<\/div>\n\t\t\t\t\t\t\t\t<\/div>\n\t\t\t\t<\/div>\n\t\t\t\t<div class=\"elementor-element elementor-element-932a101 elementor-widget elementor-widget-image\" data-id=\"932a101\" data-element_type=\"widget\" data-widget_type=\"image.default\">\n\t\t\t\t<div class=\"elementor-widget-container\">\n\t\t\t\t\t\t\t\t\t\t\t\t\t\t\t<img decoding=\"async\" width=\"305\" height=\"75\" src=\"https:\/\/projetoslayerup.com.br\/totem-sicred\/wp-content\/uploads\/2025\/06\/LOGO-1.png\" class=\"attachment-large size-large wp-image-21\" alt=\"\" srcset=\"https:\/\/projetoslayerup.com.br\/totem-sicred\/wp-content\/uploads\/2025\/06\/LOGO-1.png 305w, https:\/\/projetoslayerup.com.br\/totem-sicred\/wp-content\/uploads\/2025\/06\/LOGO-1-300x74.png 300w\" sizes=\"(max-width: 305px) 100vw, 305px\" \/>\t\t\t\t\t\t\t\t\t\t\t\t\t\t\t<\/div>\n\t\t\t\t<\/div>\n\t\t\t\t\t<\/div>\n\t\t\t\t<\/div>\n\t\t\t\t<\/div>\n\t\t","protected":false},"excerpt":{"rendered":"<p>Escolha o que deseja explorar Sobre a Sicredi Asset Conhe\u00e7a a gestora derecursos do Sicredi Nossa Filosofia Entenda nossa filosofia deinvestimentos e gest\u00e3o Nossos Fundos de Investimento Confira op\u00e7\u00f5es para diferentes p\u00fablicos e segmentos ESG Saiba como geramosimpacto econ\u00f4mico, sociale ambiental positivo Quer conhecer mais sobre o Sicredi? Clique aqui.<\/p>\n","protected":false},"author":1,"featured_media":0,"parent":0,"menu_order":0,"comment_status":"closed","ping_status":"closed","template":"","meta":{"footnotes":""},"class_list":["post-40","page","type-page","status-publish","hentry"],"_links":{"self":[{"href":"https:\/\/projetoslayerup.com.br\/totem-sicred\/wp-json\/wp\/v2\/pages\/40","targetHints":{"allow":["GET"]}}],"collection":[{"href":"https:\/\/projetoslayerup.com.br\/totem-sicred\/wp-json\/wp\/v2\/pages"}],"about":[{"href":"https:\/\/projetoslayerup.com.br\/totem-sicred\/wp-json\/wp\/v2\/types\/page"}],"author":[{"embeddable":true,"href":"https:\/\/projetoslayerup.com.br\/totem-sicred\/wp-json\/wp\/v2\/users\/1"}],"replies":[{"embeddable":true,"href":"https:\/\/projetoslayerup.com.br\/totem-sicred\/wp-json\/wp\/v2\/comments?post=40"}],"version-history":[{"count":55,"href":"https:\/\/projetoslayerup.com.br\/totem-sicred\/wp-json\/wp\/v2\/pages\/40\/revisions"}],"predecessor-version":[{"id":540,"href":"https:\/\/projetoslayerup.com.br\/totem-sicred\/wp-json\/wp\/v2\/pages\/40\/revisions\/540"}],"wp:attachment":[{"href":"https:\/\/projetoslayerup.com.br\/totem-sicred\/wp-json\/wp\/v2\/media?parent=40"}],"curies":[{"name":"wp","href":"https:\/\/api.w.org\/{rel}","templated":true}]}}