{"id":426,"date":"2025-06-23T11:49:03","date_gmt":"2025-06-23T14:49:03","guid":{"rendered":"https:\/\/projetoslayerup.com.br\/totem-sicred\/?page_id=426"},"modified":"2025-06-24T11:58:02","modified_gmt":"2025-06-24T14:58:02","slug":"esg","status":"publish","type":"page","link":"https:\/\/projetoslayerup.com.br\/totem-sicred\/esg\/","title":{"rendered":"ESG"},"content":{"rendered":"\t\t<div data-elementor-type=\"wp-page\" data-elementor-id=\"426\" class=\"elementor elementor-426\" data-elementor-post-type=\"page\">\n\t\t\t\t<div class=\"elementor-element elementor-element-5d6095d e-flex e-con-boxed e-con e-parent\" data-id=\"5d6095d\" data-element_type=\"container\">\n\t\t\t\t\t<div class=\"e-con-inner\">\n\t\t\t\t<div class=\"elementor-element elementor-element-e92c852 elementor-widget elementor-widget-heading\" data-id=\"e92c852\" data-element_type=\"widget\" data-widget_type=\"heading.default\">\n\t\t\t\t<div class=\"elementor-widget-container\">\n\t\t\t\t\t<h2 class=\"elementor-heading-title elementor-size-default\">ESG tem tudo a ver com<br>investimentos<\/h2>\t\t\t\t<\/div>\n\t\t\t\t<\/div>\n\t\t\t\t<div class=\"elementor-element elementor-element-34edba1 elementor-widget elementor-widget-text-editor\" data-id=\"34edba1\" data-element_type=\"widget\" data-widget_type=\"text-editor.default\">\n\t\t\t\t<div class=\"elementor-widget-container\">\n\t\t\t\t\t\t\t\t\t<p>Para o Sicredi, ESG \u00e9 a gest\u00e3o do neg\u00f3cio com foco na amplia\u00e7\u00e3o do nosso impacto positivo econ\u00f4mico, social e ambiental. Acreditamos que a integra\u00e7\u00e3o desses temas faz parte do nosso dever e refor\u00e7a nossa miss\u00e3o. \u00c9 claro que isso se reflete na Sicredi Asset.\u00a0<\/p>\t\t\t\t\t\t\t\t<\/div>\n\t\t\t\t<\/div>\n\t\t<div class=\"elementor-element elementor-element-55ccfa5 e-con-full e-flex e-con e-child\" data-id=\"55ccfa5\" data-element_type=\"container\" data-settings=\"{&quot;background_background&quot;:&quot;classic&quot;}\">\n\t\t\t\t<div class=\"elementor-element elementor-element-da55ea9 elementor-widget elementor-widget-heading\" data-id=\"da55ea9\" data-element_type=\"widget\" data-widget_type=\"heading.default\">\n\t\t\t\t<div class=\"elementor-widget-container\">\n\t\t\t\t\t<h2 class=\"elementor-heading-title elementor-size-default\">Sicredi Asset:<\/h2>\t\t\t\t<\/div>\n\t\t\t\t<\/div>\n\t\t\t\t<div class=\"elementor-element elementor-element-0008a25 elementor-widget elementor-widget-text-editor\" data-id=\"0008a25\" data-element_type=\"widget\" data-widget_type=\"text-editor.default\">\n\t\t\t\t<div class=\"elementor-widget-container\">\n\t\t\t\t\t\t\t\t\t<p>um dos primeiros gestores a ter produtos 100% IS validados pela ANBIMA<\/p>\t\t\t\t\t\t\t\t<\/div>\n\t\t\t\t<\/div>\n\t\t\t\t<\/div>\n\t\t<div class=\"elementor-element elementor-element-93295c1 e-con-full e-flex e-con e-child\" data-id=\"93295c1\" data-element_type=\"container\">\n\t\t\t\t<div class=\"elementor-element elementor-element-578e0d0 e-n-tabs-mobile elementor-widget elementor-widget-n-tabs\" data-id=\"578e0d0\" data-element_type=\"widget\" data-settings=\"{&quot;tabs_justify_horizontal&quot;:&quot;center&quot;,&quot;horizontal_scroll&quot;:&quot;disable&quot;}\" data-widget_type=\"nested-tabs.default\">\n\t\t\t\t<div class=\"elementor-widget-container\">\n\t\t\t\t\t\t\t<div class=\"e-n-tabs\" data-widget-number=\"91807952\" aria-label=\"Abas. Abra itens com &quot;Enter&quot; ou &quot;Espa\u00e7o&quot;, feche com &quot;Escape&quot; e navegue usando as teclas de &quot;Seta&quot;.\">\n\t\t\t<div class=\"e-n-tabs-heading\" role=\"tablist\">\n\t\t\t\t\t<button id=\"e-n-tab-title-918079521\" data-tab-title-id=\"e-n-tab-title-918079521\" class=\"e-n-tab-title\" aria-selected=\"true\" data-tab-index=\"1\" role=\"tab\" tabindex=\"0\" aria-controls=\"e-n-tab-content-918079521\" style=\"--n-tabs-title-order: 1;\">\n\t\t\t\t\t\t<span class=\"e-n-tab-title-text\">\n\t\t\t\tSicredi A\u00e7\u00f5es Sustent\u00e1veis<br>ESG IS\t\t\t<\/span>\n\t\t<\/button>\n\t\t\t\t<button id=\"e-n-tab-title-918079522\" data-tab-title-id=\"e-n-tab-title-918079522\" class=\"e-n-tab-title\" aria-selected=\"false\" data-tab-index=\"2\" role=\"tab\" tabindex=\"-1\" aria-controls=\"e-n-tab-content-918079522\" style=\"--n-tabs-title-order: 2;\">\n\t\t\t\t\t\t<span class=\"e-n-tab-title-text\">\n\t\t\t\tSicredi Multimercado ESG<br>Prev\t\t\t<\/span>\n\t\t<\/button>\n\t\t\t\t\t<\/div>\n\t\t\t<div class=\"e-n-tabs-content\">\n\t\t\t\t<div id=\"e-n-tab-content-918079521\" role=\"tabpanel\" aria-labelledby=\"e-n-tab-title-918079521\" data-tab-index=\"1\" style=\"--n-tabs-title-order: 1;\" class=\"e-active elementor-element elementor-element-200c2e6 e-con-full e-flex e-con e-child\" data-id=\"200c2e6\" data-element_type=\"container\">\n\t\t<div class=\"elementor-element elementor-element-6b418b6 e-flex e-con-boxed e-con e-child\" data-id=\"6b418b6\" data-element_type=\"container\">\n\t\t\t\t\t<div class=\"e-con-inner\">\n\t\t\t\t<div class=\"elementor-element elementor-element-6c719b6 elementor-widget elementor-widget-heading\" data-id=\"6c719b6\" data-element_type=\"widget\" data-widget_type=\"heading.default\">\n\t\t\t\t<div class=\"elementor-widget-container\">\n\t\t\t\t\t<h2 class=\"elementor-heading-title elementor-size-default\">Sicredi A\u00e7\u00f5es Sustent\u00e1veis ESG IS<\/h2>\t\t\t\t<\/div>\n\t\t\t\t<\/div>\n\t\t\t\t<div class=\"elementor-element elementor-element-2653cb0 elementor-widget elementor-widget-text-editor\" data-id=\"2653cb0\" data-element_type=\"widget\" data-widget_type=\"text-editor.default\">\n\t\t\t\t<div class=\"elementor-widget-container\">\n\t\t\t\t\t\t\t\t\t<p>Invista em um mundo melhor alinhando rentabilidade e prop\u00f3sito. Este fundo busca retorno superior ao \u00edndice S&amp;P\/B3 BRAZIL ESG, divulgado pela S&amp;P Dow Jones.<\/p>\t\t\t\t\t\t\t\t<\/div>\n\t\t\t\t<\/div>\n\t\t\t\t<div class=\"elementor-element elementor-element-54a6305 elementor-widget elementor-widget-image\" data-id=\"54a6305\" data-element_type=\"widget\" data-widget_type=\"image.default\">\n\t\t\t\t<div class=\"elementor-widget-container\">\n\t\t\t\t\t\t\t\t\t\t\t\t\t\t\t<img fetchpriority=\"high\" decoding=\"async\" width=\"978\" height=\"401\" src=\"https:\/\/projetoslayerup.com.br\/totem-sicred\/wp-content\/uploads\/2025\/06\/Background.png\" class=\"attachment-full size-full wp-image-440\" alt=\"\" srcset=\"https:\/\/projetoslayerup.com.br\/totem-sicred\/wp-content\/uploads\/2025\/06\/Background.png 978w, https:\/\/projetoslayerup.com.br\/totem-sicred\/wp-content\/uploads\/2025\/06\/Background-300x123.png 300w, https:\/\/projetoslayerup.com.br\/totem-sicred\/wp-content\/uploads\/2025\/06\/Background-768x315.png 768w\" sizes=\"(max-width: 978px) 100vw, 978px\" \/>\t\t\t\t\t\t\t\t\t\t\t\t\t\t\t<\/div>\n\t\t\t\t<\/div>\n\t\t\t\t\t<\/div>\n\t\t\t\t<\/div>\n\t\t\t\t<\/div>\n\t\t<div id=\"e-n-tab-content-918079522\" role=\"tabpanel\" aria-labelledby=\"e-n-tab-title-918079522\" data-tab-index=\"2\" style=\"--n-tabs-title-order: 2;\" class=\" elementor-element elementor-element-3dc0a69 e-con-full e-flex e-con e-child\" data-id=\"3dc0a69\" data-element_type=\"container\">\n\t\t<div class=\"elementor-element elementor-element-351ab33 e-flex e-con-boxed e-con e-child\" data-id=\"351ab33\" data-element_type=\"container\">\n\t\t\t\t\t<div class=\"e-con-inner\">\n\t\t\t\t<div class=\"elementor-element elementor-element-bc9e87d elementor-widget elementor-widget-heading\" data-id=\"bc9e87d\" data-element_type=\"widget\" data-widget_type=\"heading.default\">\n\t\t\t\t<div class=\"elementor-widget-container\">\n\t\t\t\t\t<h2 class=\"elementor-heading-title elementor-size-default\">Sicredi Multimercado ESG Prev<\/h2>\t\t\t\t<\/div>\n\t\t\t\t<\/div>\n\t\t\t\t<div class=\"elementor-element elementor-element-277bfd5 elementor-widget elementor-widget-text-editor\" data-id=\"277bfd5\" data-element_type=\"widget\" data-widget_type=\"text-editor.default\">\n\t\t\t\t<div class=\"elementor-widget-container\">\n\t\t\t\t\t\t\t\t\t<p>Escolha ideal para quem deseja aplicar em previd\u00eancia privada, e tem apetite e horizonte de investimento para alocar parte do capital em bolsa, por meio de a\u00e7\u00f5es ESG.<\/p>\t\t\t\t\t\t\t\t<\/div>\n\t\t\t\t<\/div>\n\t\t\t\t<div class=\"elementor-element elementor-element-f9ac610 elementor-widget elementor-widget-image\" data-id=\"f9ac610\" data-element_type=\"widget\" data-widget_type=\"image.default\">\n\t\t\t\t<div class=\"elementor-widget-container\">\n\t\t\t\t\t\t\t\t\t\t\t\t\t\t\t<img decoding=\"async\" width=\"978\" height=\"401\" src=\"https:\/\/projetoslayerup.com.br\/totem-sicred\/wp-content\/uploads\/2025\/06\/Background-1.png\" class=\"attachment-full size-full wp-image-441\" alt=\"\" srcset=\"https:\/\/projetoslayerup.com.br\/totem-sicred\/wp-content\/uploads\/2025\/06\/Background-1.png 978w, https:\/\/projetoslayerup.com.br\/totem-sicred\/wp-content\/uploads\/2025\/06\/Background-1-300x123.png 300w, https:\/\/projetoslayerup.com.br\/totem-sicred\/wp-content\/uploads\/2025\/06\/Background-1-768x315.png 768w\" sizes=\"(max-width: 978px) 100vw, 978px\" \/>\t\t\t\t\t\t\t\t\t\t\t\t\t\t\t<\/div>\n\t\t\t\t<\/div>\n\t\t\t\t\t<\/div>\n\t\t\t\t<\/div>\n\t\t\t\t<\/div>\n\t\t\t\t\t<\/div>\n\t\t<\/div>\n\t\t\t\t\t\t<\/div>\n\t\t\t\t<\/div>\n\t\t\t\t<\/div>\n\t\t<div class=\"elementor-element elementor-element-29d055a e-con-full e-flex e-con e-child\" data-id=\"29d055a\" data-element_type=\"container\" data-settings=\"{&quot;background_background&quot;:&quot;classic&quot;}\">\n\t\t\t\t<div class=\"elementor-element elementor-element-56c4840 elementor-widget elementor-widget-image\" data-id=\"56c4840\" data-element_type=\"widget\" data-widget_type=\"image.default\">\n\t\t\t\t<div class=\"elementor-widget-container\">\n\t\t\t\t\t\t\t\t\t\t\t\t\t\t\t<img decoding=\"async\" width=\"187\" height=\"46\" src=\"https:\/\/projetoslayerup.com.br\/totem-sicred\/wp-content\/uploads\/2025\/06\/LOGO-2.png\" class=\"attachment-large size-large wp-image-454\" alt=\"\" \/>\t\t\t\t\t\t\t\t\t\t\t\t\t\t\t<\/div>\n\t\t\t\t<\/div>\n\t\t\t\t<div class=\"elementor-element elementor-element-231c051 elementor-widget elementor-widget-text-editor\" data-id=\"231c051\" data-element_type=\"widget\" data-widget_type=\"text-editor.default\">\n\t\t\t\t<div class=\"elementor-widget-container\">\n\t\t\t\t\t\t\t\t\t<p>Confira nossas Cartas de Gest\u00e3o ESG em nosso site e no LinkedIn.<\/p>\t\t\t\t\t\t\t\t<\/div>\n\t\t\t\t<\/div>\n\t\t\t\t<\/div>\n\t\t<div class=\"elementor-element elementor-element-ad1ad33 e-flex e-con-boxed e-con e-child\" data-id=\"ad1ad33\" data-element_type=\"container\" data-settings=\"{&quot;position&quot;:&quot;fixed&quot;}\">\n\t\t\t\t\t<div class=\"e-con-inner\">\n\t\t\t\t<div class=\"elementor-element elementor-element-986f82a elementor-align-center elementor-widget elementor-widget-button\" data-id=\"986f82a\" data-element_type=\"widget\" data-widget_type=\"button.default\">\n\t\t\t\t<div class=\"elementor-widget-container\">\n\t\t\t\t\t\t\t\t\t<div class=\"elementor-button-wrapper\">\n\t\t\t\t\t<a class=\"elementor-button elementor-button-link elementor-size-sm\" href=\"https:\/\/projetoslayerup.com.br\/totem-sicred\/produtos-e-fundos\/\">\n\t\t\t\t\t\t<span class=\"elementor-button-content-wrapper\">\n\t\t\t\t\t\t<span class=\"elementor-button-icon\">\n\t\t\t\t<svg aria-hidden=\"true\" class=\"e-font-icon-svg e-fas-angle-left\" viewBox=\"0 0 256 512\" xmlns=\"http:\/\/www.w3.org\/2000\/svg\"><path d=\"M31.7 239l136-136c9.4-9.4 24.6-9.4 33.9 0l22.6 22.6c9.4 9.4 9.4 24.6 0 33.9L127.9 256l96.4 96.4c9.4 9.4 9.4 24.6 0 33.9L201.7 409c-9.4 9.4-24.6 9.4-33.9 0l-136-136c-9.5-9.4-9.5-24.6-.1-34z\"><\/path><\/svg>\t\t\t<\/span>\n\t\t\t\t\t\t\t\t\t<span class=\"elementor-button-text\">anterior<\/span>\n\t\t\t\t\t<\/span>\n\t\t\t\t\t<\/a>\n\t\t\t\t<\/div>\n\t\t\t\t\t\t\t\t<\/div>\n\t\t\t\t<\/div>\n\t\t\t\t\t<\/div>\n\t\t\t\t<\/div>\n\t\t\t\t\t<\/div>\n\t\t\t\t<\/div>\n\t\t\t\t<\/div>\n\t\t","protected":false},"excerpt":{"rendered":"<p>ESG tem tudo a ver cominvestimentos Para o Sicredi, ESG \u00e9 a gest\u00e3o do neg\u00f3cio com foco na amplia\u00e7\u00e3o do nosso impacto positivo econ\u00f4mico, social e ambiental. Acreditamos que a integra\u00e7\u00e3o desses temas faz parte do nosso dever e refor\u00e7a nossa miss\u00e3o. \u00c9 claro que isso se reflete na Sicredi Asset.\u00a0 Sicredi Asset: um dos [&hellip;]<\/p>\n","protected":false},"author":1,"featured_media":0,"parent":0,"menu_order":0,"comment_status":"closed","ping_status":"closed","template":"","meta":{"footnotes":""},"class_list":["post-426","page","type-page","status-publish","hentry"],"_links":{"self":[{"href":"https:\/\/projetoslayerup.com.br\/totem-sicred\/wp-json\/wp\/v2\/pages\/426","targetHints":{"allow":["GET"]}}],"collection":[{"href":"https:\/\/projetoslayerup.com.br\/totem-sicred\/wp-json\/wp\/v2\/pages"}],"about":[{"href":"https:\/\/projetoslayerup.com.br\/totem-sicred\/wp-json\/wp\/v2\/types\/page"}],"author":[{"embeddable":true,"href":"https:\/\/projetoslayerup.com.br\/totem-sicred\/wp-json\/wp\/v2\/users\/1"}],"replies":[{"embeddable":true,"href":"https:\/\/projetoslayerup.com.br\/totem-sicred\/wp-json\/wp\/v2\/comments?post=426"}],"version-history":[{"count":52,"href":"https:\/\/projetoslayerup.com.br\/totem-sicred\/wp-json\/wp\/v2\/pages\/426\/revisions"}],"predecessor-version":[{"id":662,"href":"https:\/\/projetoslayerup.com.br\/totem-sicred\/wp-json\/wp\/v2\/pages\/426\/revisions\/662"}],"wp:attachment":[{"href":"https:\/\/projetoslayerup.com.br\/totem-sicred\/wp-json\/wp\/v2\/media?parent=426"}],"curies":[{"name":"wp","href":"https:\/\/api.w.org\/{rel}","templated":true}]}}