{"id":92,"date":"2025-06-17T17:50:42","date_gmt":"2025-06-17T20:50:42","guid":{"rendered":"https:\/\/projetoslayerup.com.br\/totem-sicred\/?page_id=92"},"modified":"2025-06-24T10:39:01","modified_gmt":"2025-06-24T13:39:01","slug":"contato","status":"publish","type":"page","link":"https:\/\/projetoslayerup.com.br\/totem-sicred\/contato\/","title":{"rendered":"Contato"},"content":{"rendered":"\t\t<div data-elementor-type=\"wp-page\" data-elementor-id=\"92\" class=\"elementor elementor-92\" data-elementor-post-type=\"page\">\n\t\t\t\t<div class=\"elementor-element elementor-element-9f681d8 e-flex e-con-boxed e-con e-parent\" data-id=\"9f681d8\" data-element_type=\"container\" data-settings=\"{&quot;background_background&quot;:&quot;classic&quot;}\">\n\t\t\t\t\t<div class=\"e-con-inner\">\n\t\t\t\t<div class=\"elementor-element elementor-element-4786c42 elementor-widget elementor-widget-heading\" data-id=\"4786c42\" data-element_type=\"widget\" data-widget_type=\"heading.default\">\n\t\t\t\t<div class=\"elementor-widget-container\">\n\t\t\t\t\t<h1 class=\"elementor-heading-title elementor-size-default\">Conte com uma<br>\ngest\u00e3o de recursos<br>\ns\u00f3lida e inovadora<\/h1>\t\t\t\t<\/div>\n\t\t\t\t<\/div>\n\t\t\t\t<div class=\"elementor-element elementor-element-4a708e6 elementor-widget elementor-widget-text-editor\" data-id=\"4a708e6\" data-element_type=\"widget\" data-widget_type=\"text-editor.default\">\n\t\t\t\t<div class=\"elementor-widget-container\">\n\t\t\t\t\t\t\t\t\t<p>Nossa expertise de mercado nos permite inovar com seguran\u00e7a,<br \/>integrando as tend\u00eancias mais relevantes, como o ESG, em<br \/>nossas solu\u00e7\u00f5es. Acreditamos que podemos construir juntos<br \/>uma sociedade mais pr\u00f3spera.<\/p>\t\t\t\t\t\t\t\t<\/div>\n\t\t\t\t<\/div>\n\t\t<div class=\"elementor-element elementor-element-0cabafc e-con-full e-flex e-con e-child\" data-id=\"0cabafc\" data-element_type=\"container\" data-settings=\"{&quot;background_background&quot;:&quot;classic&quot;}\">\n\t\t<div class=\"elementor-element elementor-element-5f273e3 e-con-full e-flex e-con e-child\" data-id=\"5f273e3\" data-element_type=\"container\">\n\t\t\t\t<div class=\"elementor-element elementor-element-68f22fb elementor-widget elementor-widget-heading\" data-id=\"68f22fb\" data-element_type=\"widget\" data-widget_type=\"heading.default\">\n\t\t\t\t<div class=\"elementor-widget-container\">\n\t\t\t\t\t<h1 class=\"elementor-heading-title elementor-size-default\">Saiba mais sobre<br>\na Sicredi Asset<\/h1>\t\t\t\t<\/div>\n\t\t\t\t<\/div>\n\t\t\t\t<div class=\"elementor-element elementor-element-392c256 elementor-widget elementor-widget-text-editor\" data-id=\"392c256\" data-element_type=\"widget\" data-widget_type=\"text-editor.default\">\n\t\t\t\t<div class=\"elementor-widget-container\">\n\t\t\t\t\t\t\t\t\t<p>Aponte a c\u00e2mera do seu celular\u2028<br>para o QR Code e acesse nosso site.<\/p>\t\t\t\t\t\t\t\t<\/div>\n\t\t\t\t<\/div>\n\t\t\t\t<\/div>\n\t\t<div class=\"elementor-element elementor-element-aa2d8df e-con-full e-flex e-con e-child\" data-id=\"aa2d8df\" data-element_type=\"container\">\n\t\t\t\t<div class=\"elementor-element elementor-element-9e4d44a elementor-widget elementor-widget-image\" data-id=\"9e4d44a\" data-element_type=\"widget\" data-widget_type=\"image.default\">\n\t\t\t\t<div class=\"elementor-widget-container\">\n\t\t\t\t\t\t\t\t\t\t\t\t\t\t\t<img fetchpriority=\"high\" decoding=\"async\" width=\"300\" height=\"300\" src=\"https:\/\/projetoslayerup.com.br\/totem-sicred\/wp-content\/uploads\/2025\/06\/qr-code-sicredi-1.png\" class=\"attachment-large size-large wp-image-650\" alt=\"\" srcset=\"https:\/\/projetoslayerup.com.br\/totem-sicred\/wp-content\/uploads\/2025\/06\/qr-code-sicredi-1.png 300w, https:\/\/projetoslayerup.com.br\/totem-sicred\/wp-content\/uploads\/2025\/06\/qr-code-sicredi-1-150x150.png 150w\" sizes=\"(max-width: 300px) 100vw, 300px\" \/>\t\t\t\t\t\t\t\t\t\t\t\t\t\t\t<\/div>\n\t\t\t\t<\/div>\n\t\t\t\t<\/div>\n\t\t\t\t<\/div>\n\t\t\t\t\t<\/div>\n\t\t\t\t<\/div>\n\t\t\t\t<\/div>\n\t\t","protected":false},"excerpt":{"rendered":"<p>Conte com uma gest\u00e3o de recursos s\u00f3lida e inovadora Nossa expertise de mercado nos permite inovar com seguran\u00e7a,integrando as tend\u00eancias mais relevantes, como o ESG, emnossas solu\u00e7\u00f5es. Acreditamos que podemos construir juntosuma sociedade mais pr\u00f3spera. Saiba mais sobre a Sicredi Asset Aponte a c\u00e2mera do seu celular\u2028para o QR Code e acesse nosso site.<\/p>\n","protected":false},"author":1,"featured_media":0,"parent":0,"menu_order":0,"comment_status":"closed","ping_status":"closed","template":"","meta":{"footnotes":""},"class_list":["post-92","page","type-page","status-publish","hentry"],"_links":{"self":[{"href":"https:\/\/projetoslayerup.com.br\/totem-sicred\/wp-json\/wp\/v2\/pages\/92","targetHints":{"allow":["GET"]}}],"collection":[{"href":"https:\/\/projetoslayerup.com.br\/totem-sicred\/wp-json\/wp\/v2\/pages"}],"about":[{"href":"https:\/\/projetoslayerup.com.br\/totem-sicred\/wp-json\/wp\/v2\/types\/page"}],"author":[{"embeddable":true,"href":"https:\/\/projetoslayerup.com.br\/totem-sicred\/wp-json\/wp\/v2\/users\/1"}],"replies":[{"embeddable":true,"href":"https:\/\/projetoslayerup.com.br\/totem-sicred\/wp-json\/wp\/v2\/comments?post=92"}],"version-history":[{"count":22,"href":"https:\/\/projetoslayerup.com.br\/totem-sicred\/wp-json\/wp\/v2\/pages\/92\/revisions"}],"predecessor-version":[{"id":653,"href":"https:\/\/projetoslayerup.com.br\/totem-sicred\/wp-json\/wp\/v2\/pages\/92\/revisions\/653"}],"wp:attachment":[{"href":"https:\/\/projetoslayerup.com.br\/totem-sicred\/wp-json\/wp\/v2\/media?parent=92"}],"curies":[{"name":"wp","href":"https:\/\/api.w.org\/{rel}","templated":true}]}}